{"id":8739,"date":"2025-01-28T20:32:19","date_gmt":"2025-01-28T19:32:19","guid":{"rendered":"http:\/\/zko-litomerice.cz\/?page_id=8739"},"modified":"2025-02-08T19:14:15","modified_gmt":"2025-02-08T18:14:15","slug":"aktuality-5","status":"publish","type":"page","link":"https:\/\/zko-litomerice.cz\/index.php\/aktuality-5\/","title":{"rendered":"Aktuality"},"content":{"rendered":"\n<p><strong>Dne 24. 11. 2024 prob\u011bhla tento rok druh\u00e1 bonitace S-\u010cKNO.<\/strong><br>Na akci bylo hl\u00e1\u0161eno 15 \u00fa\u010dastn\u00edk\u016f, akce se z\u00fa\u010dastnilo nakonec pouze 12 psovod\u016f. T\u0159i \u00fa\u010dastn\u00edci se z akce omluvili.<br>Bonitaci posuzovala dle platn\u00e9ho bonita\u010dn\u00edho \u0159\u00e1du bonita\u010dn\u00ed komise ve slo\u017een\u00ed: hlavn\u00ed rozhod\u010d\u00ed pan Ji\u0159\u00ed Zavadil\u00edk, krajsk\u00fd poradce chovu pan Josef Pr\u00e1\u0161il a svazov\u00fd figurant pan V\u00e1clav Kuncl.<br>V\u0161ech 12 \u00fa\u010dastn\u00edk\u016f splnilo podm\u00ednky pro za\u0159azen\u00ed do v\u00fdb\u011brov\u00e9ho chovu.<\/p>\n\n\n\n<div class=\"wp-block-buttons is-content-justification-center is-layout-flex wp-container-core-buttons-is-layout-1 wp-block-buttons-is-layout-flex\">\n<div class=\"wp-block-button\"><a class=\"wp-block-button__link wp-element-button\" href=\"https:\/\/zko-litomerice.cz\/wp-content\/uploads\/2025\/01\/SKM_C257i24112911040.pdf\">V\u00fdsledky bonitace NO<\/a><\/div>\n<\/div>\n\n\n\n<p><\/p>\n\n\n\n<p class=\"has-text-align-left\"><strong>Dne 23. 06. 2024 prob\u011bhla na na\u0161em cvi\u010di\u0161ti Oblastn\u00ed v\u00fdstava n\u011bmeck\u00fdch ov\u010d\u00e1k\u016f.<\/strong><br>Na tuto v\u00fdstavu byl v&nbsp;tomto roce pozv\u00e1n op\u011bt zahrani\u010dn\u00ed rozhod\u010d\u00ed SV z&nbsp;N\u011bmecka pan Rainer Mast.<br>Na v\u00fdstav\u011b bylo posouzeno 57 jedinc\u016f ve t\u0159\u00edd\u00e1ch dorostu, mlad\u00fdch, dosp\u00edvaj\u00edc\u00edch, ve t\u0159\u00edd\u011b pracovn\u00ed a t\u0159\u00edd\u00e1ch veter\u00e1n\u016f.<br>Hlavn\u00edmi sponzory akce byla firma Euroben s.r.o., v\u00fdhradn\u00ed dovozce krmiva Happy dog, firma Hotov\u00fd, kter\u00e1 dodala poukazy na zakoupen\u00ed kynologick\u00fdch pot\u0159eb, firma SE-BA man\u017eel\u016f Baborovsk\u00fdch, kter\u00e1 dodala do tomboly boudu pro psa, \u010cesk\u00e9 \u0161t\u011brkop\u00edsky Tr\u00e1v\u010dice, pan Pt\u00e1\u010dek Ladislav, Huml n\u00e1poje a Sempra Litom\u011b\u0159ice. T\u011bmto v\u0161em sponzor\u016fm chceme touto cestou moc pod\u011bkovat.<br>Po ukon\u010den\u00ed v\u00fdstavy byla ji\u017e tradi\u010dn\u011b losov\u00e1na bohat\u00e1 tombola, ve kter\u00e9 bylo p\u0159ipraveno pro \u00fa\u010dastn\u00edky akce t\u00e9\u017e mnoho kr\u00e1sn\u00fdch cen. Hlavn\u00ed cenou byla kr\u00e1sn\u00e1 zateplen\u00e1 bouda pro psa od na\u0161eho sponzora.<br>Na\u0161e organizace v&nbsp;r\u00e1mci podpory ml\u00e1de\u017ee tak\u00e9 odm\u011bnila kr\u00e1sn\u00fdmi poh\u00e1ry v\u0161echny ml\u00e1de\u017en\u00edky, kte\u0159\u00ed zvl\u00e1dli p\u0159edv\u00e9st na v\u00fdstav\u011b psa od statick\u00e9ho posouzen\u00ed a\u017e po kone\u010dn\u00e9 p\u0159edveden\u00ed psa v&nbsp;pohybu.<\/p>\n\n\n\n<div class=\"wp-block-buttons is-content-justification-center is-layout-flex wp-container-core-buttons-is-layout-2 wp-block-buttons-is-layout-flex\">\n<div class=\"wp-block-button\"><a class=\"wp-block-button__link has-text-align-center wp-element-button\" href=\"https:\/\/zko-litomerice.cz\/wp-content\/uploads\/2025\/01\/365_formular_vysledky_vystavy-Litomerice-23-6-2024.pdf\">V\u00fdsledky Oblastn\u00ed v\u00fdstavy NO<\/a><\/div>\n<\/div>\n\n\n\n<p><\/p>\n\n\n\n<div class=\"wp-block-columns is-layout-flex wp-container-core-columns-is-layout-1 wp-block-columns-is-layout-flex\">\n<div class=\"wp-block-column is-layout-flow wp-block-column-is-layout-flow\">\n<figure class=\"wp-block-image size-large\"><img loading=\"lazy\" decoding=\"async\" width=\"1024\" height=\"681\" src=\"http:\/\/zko-litomerice.cz\/wp-content\/uploads\/2025\/01\/vystava-ilustracni1-1024x681.jpg\" alt=\"\" class=\"wp-image-8744\" srcset=\"https:\/\/zko-litomerice.cz\/wp-content\/uploads\/2025\/01\/vystava-ilustracni1-1024x681.jpg 1024w, https:\/\/zko-litomerice.cz\/wp-content\/uploads\/2025\/01\/vystava-ilustracni1-300x200.jpg 300w, https:\/\/zko-litomerice.cz\/wp-content\/uploads\/2025\/01\/vystava-ilustracni1-768x511.jpg 768w, https:\/\/zko-litomerice.cz\/wp-content\/uploads\/2025\/01\/vystava-ilustracni1-1536x1022.jpg 1536w, https:\/\/zko-litomerice.cz\/wp-content\/uploads\/2025\/01\/vystava-ilustracni1.jpg 2048w\" sizes=\"(max-width: 767px) 89vw, (max-width: 1000px) 54vw, (max-width: 1071px) 543px, 580px\" \/><\/figure>\n<\/div>\n\n\n\n<div class=\"wp-block-column is-layout-flow wp-block-column-is-layout-flow\">\n<figure class=\"wp-block-image size-large\"><img loading=\"lazy\" decoding=\"async\" width=\"1024\" height=\"681\" src=\"http:\/\/zko-litomerice.cz\/wp-content\/uploads\/2025\/01\/vystava-ilustracni5-1024x681.jpg\" alt=\"\" class=\"wp-image-8740\" srcset=\"https:\/\/zko-litomerice.cz\/wp-content\/uploads\/2025\/01\/vystava-ilustracni5-1024x681.jpg 1024w, https:\/\/zko-litomerice.cz\/wp-content\/uploads\/2025\/01\/vystava-ilustracni5-300x200.jpg 300w, https:\/\/zko-litomerice.cz\/wp-content\/uploads\/2025\/01\/vystava-ilustracni5-768x511.jpg 768w, https:\/\/zko-litomerice.cz\/wp-content\/uploads\/2025\/01\/vystava-ilustracni5-1536x1022.jpg 1536w, https:\/\/zko-litomerice.cz\/wp-content\/uploads\/2025\/01\/vystava-ilustracni5.jpg 2048w\" sizes=\"(max-width: 767px) 89vw, (max-width: 1000px) 54vw, (max-width: 1071px) 543px, 580px\" \/><\/figure>\n<\/div>\n<\/div>\n\n\n\n<div class=\"wp-block-columns is-layout-flex wp-container-core-columns-is-layout-2 wp-block-columns-is-layout-flex\">\n<div class=\"wp-block-column is-layout-flow wp-block-column-is-layout-flow\">\n<figure class=\"wp-block-image size-large\"><img loading=\"lazy\" decoding=\"async\" width=\"1024\" height=\"681\" src=\"http:\/\/zko-litomerice.cz\/wp-content\/uploads\/2025\/01\/vystava-ilustracni2-1024x681.jpg\" alt=\"\" class=\"wp-image-8743\" srcset=\"https:\/\/zko-litomerice.cz\/wp-content\/uploads\/2025\/01\/vystava-ilustracni2-1024x681.jpg 1024w, https:\/\/zko-litomerice.cz\/wp-content\/uploads\/2025\/01\/vystava-ilustracni2-300x200.jpg 300w, https:\/\/zko-litomerice.cz\/wp-content\/uploads\/2025\/01\/vystava-ilustracni2-768x511.jpg 768w, https:\/\/zko-litomerice.cz\/wp-content\/uploads\/2025\/01\/vystava-ilustracni2-1536x1022.jpg 1536w, https:\/\/zko-litomerice.cz\/wp-content\/uploads\/2025\/01\/vystava-ilustracni2.jpg 2048w\" sizes=\"(max-width: 767px) 89vw, (max-width: 1000px) 54vw, (max-width: 1071px) 543px, 580px\" \/><\/figure>\n<\/div>\n\n\n\n<div class=\"wp-block-column is-layout-flow wp-block-column-is-layout-flow\">\n<figure class=\"wp-block-image size-large\"><img loading=\"lazy\" decoding=\"async\" width=\"1024\" height=\"681\" src=\"http:\/\/zko-litomerice.cz\/wp-content\/uploads\/2025\/01\/vystava-ilustracni3-1024x681.jpg\" alt=\"\" class=\"wp-image-8742\" srcset=\"https:\/\/zko-litomerice.cz\/wp-content\/uploads\/2025\/01\/vystava-ilustracni3-1024x681.jpg 1024w, https:\/\/zko-litomerice.cz\/wp-content\/uploads\/2025\/01\/vystava-ilustracni3-300x200.jpg 300w, https:\/\/zko-litomerice.cz\/wp-content\/uploads\/2025\/01\/vystava-ilustracni3-768x511.jpg 768w, https:\/\/zko-litomerice.cz\/wp-content\/uploads\/2025\/01\/vystava-ilustracni3-1536x1022.jpg 1536w, https:\/\/zko-litomerice.cz\/wp-content\/uploads\/2025\/01\/vystava-ilustracni3.jpg 2048w\" sizes=\"(max-width: 767px) 89vw, (max-width: 1000px) 54vw, (max-width: 1071px) 543px, 580px\" \/><\/figure>\n<\/div>\n\n\n\n<div class=\"wp-block-column is-layout-flow wp-block-column-is-layout-flow\">\n<figure class=\"wp-block-image size-large is-resized\"><img loading=\"lazy\" decoding=\"async\" width=\"1024\" height=\"681\" src=\"http:\/\/zko-litomerice.cz\/wp-content\/uploads\/2025\/01\/vystava-ilustracni4-1024x681.jpg\" alt=\"\" class=\"wp-image-8741\" style=\"width:203px;height:auto\" srcset=\"https:\/\/zko-litomerice.cz\/wp-content\/uploads\/2025\/01\/vystava-ilustracni4-1024x681.jpg 1024w, https:\/\/zko-litomerice.cz\/wp-content\/uploads\/2025\/01\/vystava-ilustracni4-300x200.jpg 300w, https:\/\/zko-litomerice.cz\/wp-content\/uploads\/2025\/01\/vystava-ilustracni4-768x511.jpg 768w, https:\/\/zko-litomerice.cz\/wp-content\/uploads\/2025\/01\/vystava-ilustracni4-1536x1022.jpg 1536w, https:\/\/zko-litomerice.cz\/wp-content\/uploads\/2025\/01\/vystava-ilustracni4.jpg 2048w\" sizes=\"(max-width: 767px) 89vw, (max-width: 1000px) 54vw, (max-width: 1071px) 543px, 580px\" \/><\/figure>\n<\/div>\n<\/div>\n","protected":false},"excerpt":{"rendered":"<p>Dne 24. 11. 2024 prob\u011bhla tento rok druh\u00e1 bonitace S-\u010cKNO.Na akci bylo hl\u00e1\u0161eno 15 \u00fa\u010dastn\u00edk\u016f, akce se z\u00fa\u010dastnilo nakonec pouze 12 psovod\u016f. T\u0159i \u00fa\u010dastn\u00edci se z akce omluvili.Bonitaci posuzovala dle platn\u00e9ho bonita\u010dn\u00edho \u0159\u00e1du bonita\u010dn\u00ed komise ve slo\u017een\u00ed: hlavn\u00ed rozhod\u010d\u00ed pan Ji\u0159\u00ed Zavadil\u00edk, krajsk\u00fd poradce chovu pan Josef Pr\u00e1\u0161il a svazov\u00fd figurant pan V\u00e1clav Kuncl.V\u0161ech 12 &hellip; <\/p>\n<p class=\"link-more\"><a href=\"https:\/\/zko-litomerice.cz\/index.php\/aktuality-5\/\" class=\"more-link\">Pokra\u010dovat ve \u010dten\u00ed<span class=\"screen-reader-text\"> &#8222;Aktuality&#8220;<\/span><\/a><\/p>\n","protected":false},"author":1,"featured_media":0,"parent":0,"menu_order":0,"comment_status":"closed","ping_status":"closed","template":"","meta":{"footnotes":""},"class_list":["post-8739","page","type-page","status-publish","hentry"],"_links":{"self":[{"href":"https:\/\/zko-litomerice.cz\/index.php\/wp-json\/wp\/v2\/pages\/8739"}],"collection":[{"href":"https:\/\/zko-litomerice.cz\/index.php\/wp-json\/wp\/v2\/pages"}],"about":[{"href":"https:\/\/zko-litomerice.cz\/index.php\/wp-json\/wp\/v2\/types\/page"}],"author":[{"embeddable":true,"href":"https:\/\/zko-litomerice.cz\/index.php\/wp-json\/wp\/v2\/users\/1"}],"replies":[{"embeddable":true,"href":"https:\/\/zko-litomerice.cz\/index.php\/wp-json\/wp\/v2\/comments?post=8739"}],"version-history":[{"count":4,"href":"https:\/\/zko-litomerice.cz\/index.php\/wp-json\/wp\/v2\/pages\/8739\/revisions"}],"predecessor-version":[{"id":8754,"href":"https:\/\/zko-litomerice.cz\/index.php\/wp-json\/wp\/v2\/pages\/8739\/revisions\/8754"}],"wp:attachment":[{"href":"https:\/\/zko-litomerice.cz\/index.php\/wp-json\/wp\/v2\/media?parent=8739"}],"curies":[{"name":"wp","href":"https:\/\/api.w.org\/{rel}","templated":true}]}}