{"id":8692,"date":"2024-06-27T14:56:26","date_gmt":"2024-06-27T12:56:26","guid":{"rendered":"http:\/\/zko-litomerice.cz\/?page_id=8692"},"modified":"2025-01-28T20:18:32","modified_gmt":"2025-01-28T19:18:32","slug":"aktuality-4","status":"publish","type":"page","link":"https:\/\/zko-litomerice.cz\/index.php\/aktuality-4\/","title":{"rendered":"Obran\u00e1\u0159sk\u00fd z\u00e1vod a 1. Bonitace 2024"},"content":{"rendered":"\n<h2 class=\"wp-block-heading\"><\/h2>\n\n\n\n<p><strong>Dne 2. 3. 2024 prob\u011bhl na na\u0161em cvi\u010di\u0161ti ji\u017e 19. ro\u010dn\u00edk obran\u00e1\u0159sk\u00e9ho z\u00e1vodu.<\/strong><\/p>\n\n\n\n<p>V&nbsp;leto\u0161n\u00edm roce se z\u00e1vodu z\u00fa\u010dastnilo 29 z\u00e1vodn\u00edk\u016f z&nbsp;r\u016fzn\u00fdch klub\u016f za\u010dlen\u011bn\u00fdch v&nbsp;\u010cKS. Z\u00e1vod posuzovali dva rozhod\u010d\u00ed 1. t\u0159\u00eddy: pan\u00ed Eva Karv\u00e1nkov\u00e1 a pan Karel Nedv\u011bd. Z\u00e1vodn\u00edci sout\u011b\u017eili se sv\u00fdmi psy ve \u010dty\u0159ech kategori\u00edch: ZZO bez speci\u00e1ln\u00edch discipl\u00edn, ZVV1, IGP1 a IGP3 beze stop. Pr\u00e1ce figuranta vykon\u00e1val ji\u017e tradi\u010dn\u011b svazov\u00fd figurant pan V\u00e1clav Kuncl a s&nbsp;figurov\u00e1n\u00edm mu letos t\u00e9\u017e pom\u00e1hal mlad\u00fd za\u010d\u00ednaj\u00edc\u00ed a velmi nad\u011bjn\u00fd figurant pan Tom\u00e1\u0161 Mach. Oba figuranti svou pr\u00e1ci odvedli excelentn\u011b. Sponzory z\u00e1vodu byly firma Euroben, s.r.o., dovozce krmiva Happy dog a firma Od\u011bvy Hotov\u00fd. Na\u0161e organizace dodala na z\u00e1vod kr\u00e1sn\u00e9 poh\u00e1ry pro prvn\u00ed t\u0159i um\u00edstn\u011bn\u00e9 ve v\u0161ech kategori\u00edch. \u00da\u010dastn\u00edci na prvn\u00edch t\u0159ech m\u00edstech tak byli odm\u011bn\u011bni poh\u00e1ry, v\u011bcn\u00fdmi cenami a diplomy a v\u0161ichni ostatn\u00ed z\u00e1vodn\u00edci byli odm\u011bn\u011bni diplomy a mal\u00fdm d\u00e1rkem. Nejlep\u0161\u00edm obran\u00e1\u0159em leto\u0161n\u00edho z\u00e1vodu se stala pan\u00ed Vale\u0161ov\u00e1 Ivana, kter\u00e1 z\u00edskala v&nbsp;kategorii ZVV1 na obran\u011b se svou fenou 96 bod\u016f.<br>Fotogalerie ze z\u00e1vodu na na\u0161em Facebooku <a href=\"https:\/\/www.facebook.com\/media\/set\/?set=a.994000585659832&amp;type=3\" data-type=\"URL\" data-id=\"https:\/\/www.facebook.com\/media\/set\/?set=a.994000585659832&amp;type=3\">zde<\/a>.<\/p>\n\n\n\n<div class=\"wp-block-columns is-layout-flex wp-container-core-columns-is-layout-1 wp-block-columns-is-layout-flex\">\n<div class=\"wp-block-column is-layout-flow wp-block-column-is-layout-flow\">\n<div class=\"wp-block-buttons is-layout-flex wp-block-buttons-is-layout-flex\">\n<div class=\"wp-block-button\"><a class=\"wp-block-button__link wp-element-button\" href=\"http:\/\/zko-litomerice.cz\/wp-content\/uploads\/2024\/06\/Vysledky-ZZO-2024-rotated.jpg\">V\u00fdsledky ZZO<\/a><\/div>\n<\/div>\n<\/div>\n\n\n\n<div class=\"wp-block-column is-layout-flow wp-block-column-is-layout-flow\">\n<div class=\"wp-block-buttons is-layout-flex wp-block-buttons-is-layout-flex\">\n<div class=\"wp-block-button\"><a class=\"wp-block-button__link wp-element-button\" href=\"http:\/\/zko-litomerice.cz\/wp-content\/uploads\/2024\/06\/Vysledky-ZVV1-2024-rotated.jpg\">V\u00fdsledky ZVV1<\/a><\/div>\n<\/div>\n<\/div>\n\n\n\n<div class=\"wp-block-column is-layout-flow wp-block-column-is-layout-flow\">\n<div class=\"wp-block-buttons is-layout-flex wp-block-buttons-is-layout-flex\">\n<div class=\"wp-block-button\"><a class=\"wp-block-button__link wp-element-button\" href=\"http:\/\/zko-litomerice.cz\/wp-content\/uploads\/2024\/06\/Vysledky-IGP1-2024-rotated.jpg\">V\u00fdsledky IGP1<\/a><\/div>\n<\/div>\n<\/div>\n<\/div>\n\n\n\n<div class=\"wp-block-columns is-layout-flex wp-container-core-columns-is-layout-3 wp-block-columns-is-layout-flex\">\n<div class=\"wp-block-column is-layout-flow wp-block-column-is-layout-flow\">\n<div class=\"wp-block-buttons is-layout-flex wp-block-buttons-is-layout-flex\"><\/div>\n\n\n\n<div class=\"wp-block-columns is-layout-flex wp-container-core-columns-is-layout-2 wp-block-columns-is-layout-flex\">\n<div class=\"wp-block-column is-layout-flow wp-block-column-is-layout-flow\">\n<div class=\"wp-block-buttons is-layout-flex wp-block-buttons-is-layout-flex\">\n<div class=\"wp-block-button\"><a class=\"wp-block-button__link wp-element-button\" href=\"http:\/\/zko-litomerice.cz\/wp-content\/uploads\/2024\/06\/Vysledky-IGP3-2024-rotated.jpg\">V\u00fdsledky IGP3<\/a><\/div>\n<\/div>\n<\/div>\n\n\n\n<div class=\"wp-block-column is-layout-flow wp-block-column-is-layout-flow\">\n<figure class=\"wp-block-image size-large\"><img loading=\"lazy\" decoding=\"async\" width=\"1024\" height=\"683\" src=\"http:\/\/zko-litomerice.cz\/wp-content\/uploads\/2024\/06\/ilistracni-zavod2-1024x683.jpg\" alt=\"\" class=\"wp-image-8697\" srcset=\"https:\/\/zko-litomerice.cz\/wp-content\/uploads\/2024\/06\/ilistracni-zavod2-1024x683.jpg 1024w, https:\/\/zko-litomerice.cz\/wp-content\/uploads\/2024\/06\/ilistracni-zavod2-300x200.jpg 300w, https:\/\/zko-litomerice.cz\/wp-content\/uploads\/2024\/06\/ilistracni-zavod2-768x512.jpg 768w, https:\/\/zko-litomerice.cz\/wp-content\/uploads\/2024\/06\/ilistracni-zavod2-1536x1024.jpg 1536w, https:\/\/zko-litomerice.cz\/wp-content\/uploads\/2024\/06\/ilistracni-zavod2.jpg 2048w\" sizes=\"(max-width: 767px) 89vw, (max-width: 1000px) 54vw, (max-width: 1071px) 543px, 580px\" \/><\/figure>\n<\/div>\n\n\n\n<div class=\"wp-block-column is-layout-flow wp-block-column-is-layout-flow\">\n<figure class=\"wp-block-image size-large\"><img loading=\"lazy\" decoding=\"async\" width=\"1024\" height=\"683\" src=\"http:\/\/zko-litomerice.cz\/wp-content\/uploads\/2024\/06\/ilistracni-zavod3-1024x683.jpg\" alt=\"\" class=\"wp-image-8698\" srcset=\"https:\/\/zko-litomerice.cz\/wp-content\/uploads\/2024\/06\/ilistracni-zavod3-1024x683.jpg 1024w, https:\/\/zko-litomerice.cz\/wp-content\/uploads\/2024\/06\/ilistracni-zavod3-300x200.jpg 300w, https:\/\/zko-litomerice.cz\/wp-content\/uploads\/2024\/06\/ilistracni-zavod3-768x512.jpg 768w, https:\/\/zko-litomerice.cz\/wp-content\/uploads\/2024\/06\/ilistracni-zavod3-1536x1024.jpg 1536w, https:\/\/zko-litomerice.cz\/wp-content\/uploads\/2024\/06\/ilistracni-zavod3.jpg 2048w\" sizes=\"(max-width: 767px) 89vw, (max-width: 1000px) 54vw, (max-width: 1071px) 543px, 580px\" \/><\/figure>\n<\/div>\n<\/div>\n<\/div>\n<\/div>\n\n\n\n<div class=\"wp-block-columns is-layout-flex wp-container-core-columns-is-layout-5 wp-block-columns-is-layout-flex\">\n<div class=\"wp-block-column is-layout-flow wp-block-column-is-layout-flow\">\n<div class=\"wp-block-columns is-layout-flex wp-container-core-columns-is-layout-4 wp-block-columns-is-layout-flex\">\n<div class=\"wp-block-column is-layout-flow wp-block-column-is-layout-flow\">\n<figure class=\"wp-block-image size-large\"><img loading=\"lazy\" decoding=\"async\" width=\"1024\" height=\"683\" src=\"http:\/\/zko-litomerice.cz\/wp-content\/uploads\/2024\/06\/ilistracni-zavod-1024x683.jpg\" alt=\"\" class=\"wp-image-8704\" srcset=\"https:\/\/zko-litomerice.cz\/wp-content\/uploads\/2024\/06\/ilistracni-zavod-1024x683.jpg 1024w, https:\/\/zko-litomerice.cz\/wp-content\/uploads\/2024\/06\/ilistracni-zavod-300x200.jpg 300w, https:\/\/zko-litomerice.cz\/wp-content\/uploads\/2024\/06\/ilistracni-zavod-768x512.jpg 768w, https:\/\/zko-litomerice.cz\/wp-content\/uploads\/2024\/06\/ilistracni-zavod-1536x1024.jpg 1536w, https:\/\/zko-litomerice.cz\/wp-content\/uploads\/2024\/06\/ilistracni-zavod.jpg 2048w\" sizes=\"(max-width: 767px) 89vw, (max-width: 1000px) 54vw, (max-width: 1071px) 543px, 580px\" \/><\/figure>\n<\/div>\n\n\n\n<div class=\"wp-block-column is-layout-flow wp-block-column-is-layout-flow\">\n<figure class=\"wp-block-image size-large is-resized\"><img loading=\"lazy\" decoding=\"async\" width=\"683\" height=\"1024\" src=\"http:\/\/zko-litomerice.cz\/wp-content\/uploads\/2024\/06\/ilistracni-zavod1-683x1024.jpg\" alt=\"\" class=\"wp-image-8699\" style=\"width:158px;height:238px\" srcset=\"https:\/\/zko-litomerice.cz\/wp-content\/uploads\/2024\/06\/ilistracni-zavod1-683x1024.jpg 683w, https:\/\/zko-litomerice.cz\/wp-content\/uploads\/2024\/06\/ilistracni-zavod1-200x300.jpg 200w, https:\/\/zko-litomerice.cz\/wp-content\/uploads\/2024\/06\/ilistracni-zavod1-768x1152.jpg 768w, https:\/\/zko-litomerice.cz\/wp-content\/uploads\/2024\/06\/ilistracni-zavod1-1024x1536.jpg 1024w, https:\/\/zko-litomerice.cz\/wp-content\/uploads\/2024\/06\/ilistracni-zavod1.jpg 1365w\" sizes=\"(max-width: 683px) 100vw, 683px\" \/><\/figure>\n<\/div>\n<\/div>\n<\/div>\n<\/div>\n\n\n\n<p><strong>Dne 25.5.2024 prob\u011bhla na na\u0161em cvi\u010di\u0161ti v leto\u0161n\u00edm roce prvn\u00ed bonitace S-\u010cKNO.<\/strong><\/p>\n\n\n\n<p><br>Bonitace se z\u00fa\u010dastnilo 14 ps\u016f a fen a v\u0161ichni splnili podm\u00ednky k za\u0159azen\u00ed do v\u00fdb\u011brov\u00e9ho chovu. Bonita\u010dn\u00ed komisi tvo\u0159ili: hlavn\u00ed rozhod\u010d\u00ed pan Ji\u0159\u00ed Zavadil\u00edk, krajsk\u00fd poradce chovu pan Josef Pr\u00e1\u0161il a svazov\u00fd figurant pan V\u00e1clav Kuncl.<\/p>\n\n\n\n<div class=\"wp-block-buttons is-layout-flex wp-block-buttons-is-layout-flex\">\n<div class=\"wp-block-button\"><a class=\"wp-block-button__link wp-element-button\" href=\"http:\/\/zko-litomerice.cz\/wp-content\/uploads\/2024\/06\/364_formular_vysledky_bonitace-Litomerice-25.5.2024.pdf\">V\u00fdsledky bonitace<\/a><\/div>\n<\/div>\n","protected":false},"excerpt":{"rendered":"<p>Dne 2. 3. 2024 prob\u011bhl na na\u0161em cvi\u010di\u0161ti ji\u017e 19. ro\u010dn\u00edk obran\u00e1\u0159sk\u00e9ho z\u00e1vodu. V&nbsp;leto\u0161n\u00edm roce se z\u00e1vodu z\u00fa\u010dastnilo 29 z\u00e1vodn\u00edk\u016f z&nbsp;r\u016fzn\u00fdch klub\u016f za\u010dlen\u011bn\u00fdch v&nbsp;\u010cKS. Z\u00e1vod posuzovali dva rozhod\u010d\u00ed 1. t\u0159\u00eddy: pan\u00ed Eva Karv\u00e1nkov\u00e1 a pan Karel Nedv\u011bd. Z\u00e1vodn\u00edci sout\u011b\u017eili se sv\u00fdmi psy ve \u010dty\u0159ech kategori\u00edch: ZZO bez speci\u00e1ln\u00edch discipl\u00edn, ZVV1, IGP1 a IGP3 beze stop. &hellip; <\/p>\n<p class=\"link-more\"><a href=\"https:\/\/zko-litomerice.cz\/index.php\/aktuality-4\/\" class=\"more-link\">Pokra\u010dovat ve \u010dten\u00ed<span class=\"screen-reader-text\"> &#8222;Obran\u00e1\u0159sk\u00fd z\u00e1vod a 1. Bonitace 2024&#8220;<\/span><\/a><\/p>\n","protected":false},"author":1,"featured_media":0,"parent":0,"menu_order":0,"comment_status":"closed","ping_status":"closed","template":"","meta":{"footnotes":""},"class_list":["post-8692","page","type-page","status-publish","hentry"],"_links":{"self":[{"href":"https:\/\/zko-litomerice.cz\/index.php\/wp-json\/wp\/v2\/pages\/8692"}],"collection":[{"href":"https:\/\/zko-litomerice.cz\/index.php\/wp-json\/wp\/v2\/pages"}],"about":[{"href":"https:\/\/zko-litomerice.cz\/index.php\/wp-json\/wp\/v2\/types\/page"}],"author":[{"embeddable":true,"href":"https:\/\/zko-litomerice.cz\/index.php\/wp-json\/wp\/v2\/users\/1"}],"replies":[{"embeddable":true,"href":"https:\/\/zko-litomerice.cz\/index.php\/wp-json\/wp\/v2\/comments?post=8692"}],"version-history":[{"count":6,"href":"https:\/\/zko-litomerice.cz\/index.php\/wp-json\/wp\/v2\/pages\/8692\/revisions"}],"predecessor-version":[{"id":8737,"href":"https:\/\/zko-litomerice.cz\/index.php\/wp-json\/wp\/v2\/pages\/8692\/revisions\/8737"}],"wp:attachment":[{"href":"https:\/\/zko-litomerice.cz\/index.php\/wp-json\/wp\/v2\/media?parent=8692"}],"curies":[{"name":"wp","href":"https:\/\/api.w.org\/{rel}","templated":true}]}}