{"id":8666,"date":"2024-02-26T10:22:55","date_gmt":"2024-02-26T09:22:55","guid":{"rendered":"http:\/\/zko-litomerice.cz\/?page_id=8666"},"modified":"2024-06-27T14:45:29","modified_gmt":"2024-06-27T12:45:29","slug":"aktuality-3","status":"publish","type":"page","link":"https:\/\/zko-litomerice.cz\/index.php\/aktuality-3\/","title":{"rendered":"2. Bonitace NO 2023"},"content":{"rendered":"\n<p><strong>Dne 26.11.2023 prob\u011bhla na na\u0161em cvi\u010di\u0161ti v tomto roce druh\u00e1 bonitace S-\u010cKNO.<\/strong><\/p>\n\n\n\n<p>Bonita\u010dn\u00ed komisi tvo\u0159ili: hlavn\u00ed rozhod\u010d\u00ed pan Ji\u0159\u00ed Zavadil\u00edk, KPCH pan Josef Pr\u00e1\u0161il a figurant pan V\u00e1clav Kuncl.<br>Na akci bylo hl\u00e1\u0161eno 25 \u00fa\u010dastn\u00edk\u016f, t\u0159i p\u0159ihl\u00e1\u0161en\u00ed v den akce nenastoupili, tak\u017ee akce se nakonec z\u00fa\u010dastnilo 22 ps\u016f i fen NO.<br>Jedna fena byla za\u0159azena z d\u016fvodu nespln\u011bn\u00ed testu povahy do kontrolovan\u00e9ho chovu, ostatn\u00ed jedinci byli za\u0159azeni do chovu v\u00fdb\u011brov\u00e9ho.<\/p>\n\n\n\n<div class=\"wp-block-buttons is-layout-flex wp-block-buttons-is-layout-flex\">\n<div class=\"wp-block-button\"><a class=\"wp-block-button__link wp-element-button\" href=\"http:\/\/zko-litomerice.cz\/wp-content\/uploads\/2024\/02\/Bonitace-NO-26.11.2023-vysledky.pdf\">V\u00fdsledky bonitace<\/a><\/div>\n<\/div>\n","protected":false},"excerpt":{"rendered":"<p>Dne 26.11.2023 prob\u011bhla na na\u0161em cvi\u010di\u0161ti v tomto roce druh\u00e1 bonitace S-\u010cKNO. Bonita\u010dn\u00ed komisi tvo\u0159ili: hlavn\u00ed rozhod\u010d\u00ed pan Ji\u0159\u00ed Zavadil\u00edk, KPCH pan Josef Pr\u00e1\u0161il a figurant pan V\u00e1clav Kuncl.Na akci bylo hl\u00e1\u0161eno 25 \u00fa\u010dastn\u00edk\u016f, t\u0159i p\u0159ihl\u00e1\u0161en\u00ed v den akce nenastoupili, tak\u017ee akce se nakonec z\u00fa\u010dastnilo 22 ps\u016f i fen NO.Jedna fena byla za\u0159azena z d\u016fvodu &hellip; <\/p>\n<p class=\"link-more\"><a href=\"https:\/\/zko-litomerice.cz\/index.php\/aktuality-3\/\" class=\"more-link\">Pokra\u010dovat ve \u010dten\u00ed<span class=\"screen-reader-text\"> &#8222;2. Bonitace NO 2023&#8220;<\/span><\/a><\/p>\n","protected":false},"author":1,"featured_media":0,"parent":0,"menu_order":0,"comment_status":"closed","ping_status":"closed","template":"","meta":{"footnotes":""},"class_list":["post-8666","page","type-page","status-publish","hentry"],"_links":{"self":[{"href":"https:\/\/zko-litomerice.cz\/index.php\/wp-json\/wp\/v2\/pages\/8666"}],"collection":[{"href":"https:\/\/zko-litomerice.cz\/index.php\/wp-json\/wp\/v2\/pages"}],"about":[{"href":"https:\/\/zko-litomerice.cz\/index.php\/wp-json\/wp\/v2\/types\/page"}],"author":[{"embeddable":true,"href":"https:\/\/zko-litomerice.cz\/index.php\/wp-json\/wp\/v2\/users\/1"}],"replies":[{"embeddable":true,"href":"https:\/\/zko-litomerice.cz\/index.php\/wp-json\/wp\/v2\/comments?post=8666"}],"version-history":[{"count":2,"href":"https:\/\/zko-litomerice.cz\/index.php\/wp-json\/wp\/v2\/pages\/8666\/revisions"}],"predecessor-version":[{"id":8689,"href":"https:\/\/zko-litomerice.cz\/index.php\/wp-json\/wp\/v2\/pages\/8666\/revisions\/8689"}],"wp:attachment":[{"href":"https:\/\/zko-litomerice.cz\/index.php\/wp-json\/wp\/v2\/media?parent=8666"}],"curies":[{"name":"wp","href":"https:\/\/api.w.org\/{rel}","templated":true}]}}