{"id":8558,"date":"2023-04-20T10:04:48","date_gmt":"2023-04-20T08:04:48","guid":{"rendered":"http:\/\/zko-litomerice.cz\/?page_id=8558"},"modified":"2023-04-20T10:04:48","modified_gmt":"2023-04-20T08:04:48","slug":"6-rocnik-obranarskeho-zavodu-2010","status":"publish","type":"page","link":"https:\/\/zko-litomerice.cz\/index.php\/6-rocnik-obranarskeho-zavodu-2010\/","title":{"rendered":"6. ro\u010dn\u00edk obran\u00e1\u0159sk\u00e9ho z\u00e1vodu 2010"},"content":{"rendered":"\n<p><strong>\u00a0Dne 6. 3. 2010 prob\u011bhl na na\u0161em kynologick\u00e9m cvi\u010di\u0161ti ji\u017e 6. ro\u010dn\u00edk obran\u00e1\u0159sk\u00e9ho z\u00e1vodu<\/strong><\/p>\n\n\n\n<p><strong> <\/strong>ve \u010dty\u0159ech kategori\u00edch dle NZ\u0158. P\u0159esto\u017ee po\u010das\u00ed leto\u0161n\u00edmu ro\u010dn\u00edku v\u016fbec nep\u0159\u00e1lo, od r\u00e1na padal sn\u00edh doprov\u00e1zen\u00fd siln\u00fdm v\u011btrem, dostavilo se na z\u00e1vod 28 z\u00e1vodn\u00edk\u016f z 30-ti p\u0159ihl\u00e1\u0161en\u00fdch.\u00a0\u00a0 <\/p>\n\n\n\n<p>Ve velk\u00e9 klubovn\u011b ZKO se zatopilo\u00a0 a tak mohl z\u00e1vod prob\u00edhat v p\u0159\u00edjemn\u00e9 pohod\u011b a teplou\u010dku i p\u0159es nep\u0159\u00edze\u0148 posledn\u00edho z\u00e1chv\u011bvu leto\u0161n\u00ed dlouh\u00e9 zimy. N\u00e1stup v\u0161ech \u00fa\u010dastn\u00edk\u016f i vyhodnocen\u00ed z\u00e1vodu se letos poprv\u00e9 p\u0159esunulo do tepl\u00e9ho z\u00e1zem\u00ed klubovny, kde \u00fa\u010dastn\u00edk\u016fm k p\u0159\u00edjemn\u00e9 pohod\u011b p\u0159isp\u011bla i kant\u00fdna z\u00e1soben\u00e1 dobr\u00fdm j\u00eddlem. Z\u00e1vodn\u00edci tedy str\u00e1vili v nepohod\u011b zimy jen nezbytn\u00fd \u010das, kdy museli se sv\u00fdm pejskem p\u0159edv\u00e9st sv\u00e9 povinn\u00e9 discipl\u00edny dle ur\u010den\u00fdch kategori\u00ed, a tak si nejv\u00edce zimy u\u017eil\u00a0 rozhod\u010d\u00ed z v\u00fdkonu pan Ji\u0159\u00ed Pru\u017eina, kter\u00fd cel\u00fd z\u00e1vod posuzoval a figuranti 1. t\u0159\u00eddy Radim Je\u017eek a David Plicka, kte\u0159\u00ed z\u00e1vod figurovali.\u00a0\u00a0 Sponzorem cel\u00e9ho z\u00e1vodu byla firma Euroben, v\u00fdhradn\u00ed dovozce krmiva Happy dog, kter\u00e1 dodala na akci mnoho kr\u00e1sn\u00fdch cen.<\/p>\n\n\n\n<p><strong>V\u00fdsledky v jednotliv\u00fdch kategori\u00edch<\/strong>: ( um\u00edstn\u011bn\u00ed na prvn\u00edch p\u011bti m\u00edstech)<\/p>\n\n\n\n<div class=\"wp-block-columns is-layout-flex wp-container-core-columns-is-layout-1 wp-block-columns-is-layout-flex\">\n<div class=\"wp-block-column is-layout-flow wp-block-column-is-layout-flow\">\n<p><strong>ZZO<\/strong>:<br>1. m\u00edsto &#8211; Proch\u00e1zkov\u00e1 Ivana<br>2. m\u00edsto &#8211; Balogov\u00e1 Jitka<br>3. m\u00edsto &#8211; Bro\u017ekov\u00e1 Jana<br>4. m\u00edsto &#8211; Bej\u010dkov\u00e1 Veronika<br>5. m\u00edsto &#8211; Langerov\u00e1 Sabina<\/p>\n\n\n\n<p><strong>ZVV1<\/strong>:<br>1. m\u00edsto &#8211; Macha\u010dov\u00e1 Helena<br>2. m\u00edsto &#8211; Satranov\u00e1 V\u011bra <br>3. m\u00edsto &#8211; N\u011bme\u010dkov\u00e1 Ji\u0159ina <br>4. m\u00edsto &#8211; Smetana Vojta <br>5. m\u00edsto &#8211; Kuklov\u00e1 Iva <\/p>\n<\/div>\n\n\n\n<div class=\"wp-block-column is-layout-flow wp-block-column-is-layout-flow\">\n<p><strong>ZM<\/strong>:<br>1. m\u00edsto &#8211; Adamcov\u00e1 Petra <br>2. m\u00edsto &#8211; Macha\u010dov\u00e1 Helena<br>3. m\u00edsto &#8211; Hrom\u00e1dka Ji\u0159\u00ed<br>4. m\u00edsto &#8211; \u0160pa\u010dek V\u00e1clav<br>5. m\u00edsto &#8211; Domeck\u00fd Stanislav<\/p>\n\n\n\n<p><strong>ZVV2<\/strong>:<br>1. m\u00edsto &#8211; Rupert Tom\u00e1\u0161<br>2. m\u00edsto &#8211; R\u00fdslerov\u00e1 R\u016f\u017eena<br>3. m\u00edsto &#8211; Jane\u010dkov\u00e1 Alena<br>4. m\u00edsto &#8211; Hus\u00e1k Denis <\/p>\n<\/div>\n<\/div>\n\n\n\n<figure class=\"wp-block-gallery has-nested-images columns-default is-cropped wp-block-gallery-1 is-layout-flex wp-block-gallery-is-layout-flex\">\n<figure class=\"wp-block-image size-large\"><a href=\"http:\/\/zko-litomerice.cz\/wp-content\/uploads\/2023\/04\/zavod2010_3.jpg\"><img loading=\"lazy\" decoding=\"async\" width=\"533\" height=\"400\" data-id=\"8559\" src=\"http:\/\/zko-litomerice.cz\/wp-content\/uploads\/2023\/04\/zavod2010_3.jpg\" alt=\"\" class=\"wp-image-8559\" srcset=\"https:\/\/zko-litomerice.cz\/wp-content\/uploads\/2023\/04\/zavod2010_3.jpg 533w, https:\/\/zko-litomerice.cz\/wp-content\/uploads\/2023\/04\/zavod2010_3-300x225.jpg 300w\" sizes=\"(max-width: 533px) 100vw, 533px\" \/><\/a><\/figure>\n\n\n\n<figure class=\"wp-block-image size-large\"><a href=\"http:\/\/zko-litomerice.cz\/wp-content\/uploads\/2023\/04\/zavod2010_2.jpg\"><img loading=\"lazy\" decoding=\"async\" width=\"598\" height=\"400\" data-id=\"8560\" src=\"http:\/\/zko-litomerice.cz\/wp-content\/uploads\/2023\/04\/zavod2010_2.jpg\" alt=\"\" class=\"wp-image-8560\" srcset=\"https:\/\/zko-litomerice.cz\/wp-content\/uploads\/2023\/04\/zavod2010_2.jpg 598w, https:\/\/zko-litomerice.cz\/wp-content\/uploads\/2023\/04\/zavod2010_2-300x201.jpg 300w\" sizes=\"(max-width: 598px) 100vw, 598px\" \/><\/a><\/figure>\n\n\n\n<figure class=\"wp-block-image size-large\"><a href=\"http:\/\/zko-litomerice.cz\/wp-content\/uploads\/2023\/04\/zavod2010_1.jpg\"><img loading=\"lazy\" decoding=\"async\" width=\"598\" height=\"400\" data-id=\"8561\" src=\"http:\/\/zko-litomerice.cz\/wp-content\/uploads\/2023\/04\/zavod2010_1.jpg\" alt=\"\" class=\"wp-image-8561\" srcset=\"https:\/\/zko-litomerice.cz\/wp-content\/uploads\/2023\/04\/zavod2010_1.jpg 598w, https:\/\/zko-litomerice.cz\/wp-content\/uploads\/2023\/04\/zavod2010_1-300x201.jpg 300w\" sizes=\"(max-width: 598px) 100vw, 598px\" \/><\/a><\/figure>\n<\/figure>\n","protected":false},"excerpt":{"rendered":"<p>\u00a0Dne 6. 3. 2010 prob\u011bhl na na\u0161em kynologick\u00e9m cvi\u010di\u0161ti ji\u017e 6. ro\u010dn\u00edk obran\u00e1\u0159sk\u00e9ho z\u00e1vodu ve \u010dty\u0159ech kategori\u00edch dle NZ\u0158. P\u0159esto\u017ee po\u010das\u00ed leto\u0161n\u00edmu ro\u010dn\u00edku v\u016fbec nep\u0159\u00e1lo, od r\u00e1na padal sn\u00edh doprov\u00e1zen\u00fd siln\u00fdm v\u011btrem, dostavilo se na z\u00e1vod 28 z\u00e1vodn\u00edk\u016f z 30-ti p\u0159ihl\u00e1\u0161en\u00fdch.\u00a0\u00a0 Ve velk\u00e9 klubovn\u011b ZKO se zatopilo\u00a0 a tak mohl z\u00e1vod prob\u00edhat v p\u0159\u00edjemn\u00e9 pohod\u011b &hellip; <\/p>\n<p class=\"link-more\"><a href=\"https:\/\/zko-litomerice.cz\/index.php\/6-rocnik-obranarskeho-zavodu-2010\/\" class=\"more-link\">Pokra\u010dovat ve \u010dten\u00ed<span class=\"screen-reader-text\"> &#8222;6. ro\u010dn\u00edk obran\u00e1\u0159sk\u00e9ho z\u00e1vodu 2010&#8220;<\/span><\/a><\/p>\n","protected":false},"author":1,"featured_media":0,"parent":0,"menu_order":0,"comment_status":"closed","ping_status":"closed","template":"","meta":{"footnotes":""},"class_list":["post-8558","page","type-page","status-publish","hentry"],"_links":{"self":[{"href":"https:\/\/zko-litomerice.cz\/index.php\/wp-json\/wp\/v2\/pages\/8558"}],"collection":[{"href":"https:\/\/zko-litomerice.cz\/index.php\/wp-json\/wp\/v2\/pages"}],"about":[{"href":"https:\/\/zko-litomerice.cz\/index.php\/wp-json\/wp\/v2\/types\/page"}],"author":[{"embeddable":true,"href":"https:\/\/zko-litomerice.cz\/index.php\/wp-json\/wp\/v2\/users\/1"}],"replies":[{"embeddable":true,"href":"https:\/\/zko-litomerice.cz\/index.php\/wp-json\/wp\/v2\/comments?post=8558"}],"version-history":[{"count":1,"href":"https:\/\/zko-litomerice.cz\/index.php\/wp-json\/wp\/v2\/pages\/8558\/revisions"}],"predecessor-version":[{"id":8562,"href":"https:\/\/zko-litomerice.cz\/index.php\/wp-json\/wp\/v2\/pages\/8558\/revisions\/8562"}],"wp:attachment":[{"href":"https:\/\/zko-litomerice.cz\/index.php\/wp-json\/wp\/v2\/media?parent=8558"}],"curies":[{"name":"wp","href":"https:\/\/api.w.org\/{rel}","templated":true}]}}