{"id":8555,"date":"2023-04-20T09:53:52","date_gmt":"2023-04-20T07:53:52","guid":{"rendered":"http:\/\/zko-litomerice.cz\/?page_id=8555"},"modified":"2023-04-20T09:53:52","modified_gmt":"2023-04-20T07:53:52","slug":"bonitace-nemeckych-ovcaku-2010","status":"publish","type":"page","link":"https:\/\/zko-litomerice.cz\/index.php\/bonitace-nemeckych-ovcaku-2010\/","title":{"rendered":"Bonitace n\u011bmeck\u00fdch ov\u010d\u00e1k\u016f 2010"},"content":{"rendered":"\n<p>\u00a0<strong>V ned\u011bli 23. 5. 2010 prob\u011bhla na na\u0161em cvi\u010di\u0161ti bonitace n\u011bmeck\u00fdch ov\u010d\u00e1k\u016f, <\/strong><\/p>\n\n\n\n<p>kter\u00e9 se z\u00fa\u010dastnilo 11 jedinc\u016f tohoto velmi roz\u0161\u00ed\u0159en\u00e9ho plemene. Jednotliv\u00ed psi a feny byli po \u00fasp\u011b\u0161n\u00e9m spln\u011bn\u00ed zkou\u0161ky povahov\u00fdch vlastnost\u00ed a posouzen\u00ed exteri\u00e9ru za\u0159azov\u00e1ni do t\u0159\u00edd chovnosti. Hlavn\u00edm rozhod\u010d\u00edm byl pan Ji\u0159\u00ed \u0160i\u0161ka, d\u00e1le bonita\u010dn\u00ed komisi tvo\u0159ili krajsk\u00fd poradce chovu pan Josef Pr\u00e1\u0161il a figurant Ivo Valach. Z 11-ti p\u0159edveden\u00fdch jedinc\u016f nesplnila podm\u00ednky (zkou\u0161ku povahy) pro za\u0159azen\u00ed do v\u00fdb\u011brov\u00e9ho chovu jedna fena. Ostatn\u00ed podm\u00ednky splnili a byli za\u0159azeni do jednotliv\u00fdch t\u0159\u00edd v\u00fdb\u011brov\u00e9ho chovu.<\/p>\n\n\n\n<div class=\"wp-block-buttons is-layout-flex wp-block-buttons-is-layout-flex\">\n<div class=\"wp-block-button\"><a class=\"wp-block-button__link wp-element-button\" href=\"http:\/\/zko-litomerice.cz\/wp-content\/uploads\/2023\/04\/bonitace10.doc\">V\u00fdsledky<\/a><\/div>\n<\/div>\n","protected":false},"excerpt":{"rendered":"<p>\u00a0V ned\u011bli 23. 5. 2010 prob\u011bhla na na\u0161em cvi\u010di\u0161ti bonitace n\u011bmeck\u00fdch ov\u010d\u00e1k\u016f, kter\u00e9 se z\u00fa\u010dastnilo 11 jedinc\u016f tohoto velmi roz\u0161\u00ed\u0159en\u00e9ho plemene. Jednotliv\u00ed psi a feny byli po \u00fasp\u011b\u0161n\u00e9m spln\u011bn\u00ed zkou\u0161ky povahov\u00fdch vlastnost\u00ed a posouzen\u00ed exteri\u00e9ru za\u0159azov\u00e1ni do t\u0159\u00edd chovnosti. Hlavn\u00edm rozhod\u010d\u00edm byl pan Ji\u0159\u00ed \u0160i\u0161ka, d\u00e1le bonita\u010dn\u00ed komisi tvo\u0159ili krajsk\u00fd poradce chovu pan Josef Pr\u00e1\u0161il &hellip; <\/p>\n<p class=\"link-more\"><a href=\"https:\/\/zko-litomerice.cz\/index.php\/bonitace-nemeckych-ovcaku-2010\/\" class=\"more-link\">Pokra\u010dovat ve \u010dten\u00ed<span class=\"screen-reader-text\"> &#8222;Bonitace n\u011bmeck\u00fdch ov\u010d\u00e1k\u016f 2010&#8220;<\/span><\/a><\/p>\n","protected":false},"author":1,"featured_media":0,"parent":0,"menu_order":0,"comment_status":"closed","ping_status":"closed","template":"","meta":{"footnotes":""},"class_list":["post-8555","page","type-page","status-publish","hentry"],"_links":{"self":[{"href":"https:\/\/zko-litomerice.cz\/index.php\/wp-json\/wp\/v2\/pages\/8555"}],"collection":[{"href":"https:\/\/zko-litomerice.cz\/index.php\/wp-json\/wp\/v2\/pages"}],"about":[{"href":"https:\/\/zko-litomerice.cz\/index.php\/wp-json\/wp\/v2\/types\/page"}],"author":[{"embeddable":true,"href":"https:\/\/zko-litomerice.cz\/index.php\/wp-json\/wp\/v2\/users\/1"}],"replies":[{"embeddable":true,"href":"https:\/\/zko-litomerice.cz\/index.php\/wp-json\/wp\/v2\/comments?post=8555"}],"version-history":[{"count":1,"href":"https:\/\/zko-litomerice.cz\/index.php\/wp-json\/wp\/v2\/pages\/8555\/revisions"}],"predecessor-version":[{"id":8557,"href":"https:\/\/zko-litomerice.cz\/index.php\/wp-json\/wp\/v2\/pages\/8555\/revisions\/8557"}],"wp:attachment":[{"href":"https:\/\/zko-litomerice.cz\/index.php\/wp-json\/wp\/v2\/media?parent=8555"}],"curies":[{"name":"wp","href":"https:\/\/api.w.org\/{rel}","templated":true}]}}