{"id":8547,"date":"2023-04-20T09:51:26","date_gmt":"2023-04-20T07:51:26","guid":{"rendered":"http:\/\/zko-litomerice.cz\/?page_id=8547"},"modified":"2023-04-20T09:51:26","modified_gmt":"2023-04-20T07:51:26","slug":"specialni-oblastni-vystava-nemeckych-ovcaku-2010","status":"publish","type":"page","link":"https:\/\/zko-litomerice.cz\/index.php\/specialni-oblastni-vystava-nemeckych-ovcaku-2010\/","title":{"rendered":"Speci\u00e1ln\u00ed oblastn\u00ed v\u00fdstava n\u011bmeck\u00fdch ov\u010d\u00e1k\u016f 2010"},"content":{"rendered":"\n<p><strong>Dne 20. 6. 2010 prob\u011bhla na na\u0161em cvi\u010di\u0161ti Speci\u00e1ln\u00ed oblastn\u00ed v\u00fdstava n\u011bmeck\u00fdch ov\u010d\u00e1k\u016f. <\/strong><\/p>\n\n\n\n<p>V\u00fdstavu posuzoval rozhod\u010d\u00ed z exteri\u00e9ru pan Ji\u0159\u00ed \u0160i\u0161ka. P\u0159ihl\u00e1\u0161eno bylo 46 jedinc\u016f, posouzeno 41. Hlavn\u00edm sponzorem v\u00fdstavy byla firma <strong>Euroben<\/strong>, dovozce krmiva Happy dog, kter\u00e1 na v\u00fdstavu dodala kvalitn\u00ed krmivo pro psy v\u0161ech v\u011bkov\u00fdch kategori\u00ed a t\u00e9\u017e se pod\u00edlela na sponzorov\u00e1n\u00ed kr\u00e1sn\u00fdch poh\u00e1r\u016f, jimi\u017e byli odm\u011b\u0148ov\u00e1ni jedinci v jednotliv\u00fdch t\u0159\u00edd\u00e1ch od prvn\u00edho a\u017e do p\u00e1t\u00e9ho m\u00edsta. Jak b\u00fdv\u00e1 ji\u017e tradic\u00ed na t\u00e9to v\u00fdstav\u011b, byla po skon\u010den\u00ed posouzen\u00ed v\u0161ech t\u0159\u00edd losov\u00e1na bohat\u00e1 tombola ze v\u0161ech katalogov\u00fdch \u010d\u00edsel vystavovatel\u016f, kte\u0159\u00ed se z\u00fa\u010dastnili t\u00e9to akce. Pro \u00fa\u010dastn\u00edky v\u00fdstavy tak bylo p\u0159ipraveno 40 kr\u00e1sn\u00fdch cen, v\u010detn\u011b hlavn\u00ed ceny &#8211; zateplen\u00e9 boudy. V\u00fdstava byla mnoha \u00fa\u010dastn\u00edky hodnocena velmi kladn\u011b, co\u017e bylo nejv\u011bt\u0161\u00ed odm\u011bnou po\u0159adateli v\u00fdstavy.<\/p>\n\n\n\n<div class=\"wp-block-buttons is-layout-flex wp-block-buttons-is-layout-flex\">\n<div class=\"wp-block-button\"><a class=\"wp-block-button__link wp-element-button\" href=\"http:\/\/zko-litomerice.cz\/wp-content\/uploads\/2023\/04\/povkat2010.doc\">Pov\u00fdstavn\u00ed katalog<\/a><\/div>\n\n\n\n<div class=\"wp-block-button\"><a class=\"wp-block-button__link wp-element-button\" href=\"https:\/\/ajpe.rajce.idnes.cz\/OV_Litomerice_20.6.2010\">Fotogalerie<\/a><\/div>\n<\/div>\n\n\n\n<p><\/p>\n\n\n\n<figure class=\"wp-block-gallery has-nested-images columns-default is-cropped wp-block-gallery-1 is-layout-flex wp-block-gallery-is-layout-flex\">\n<figure class=\"wp-block-image size-large\"><img loading=\"lazy\" decoding=\"async\" width=\"627\" height=\"470\" data-id=\"8550\" src=\"http:\/\/zko-litomerice.cz\/wp-content\/uploads\/2023\/04\/4v2010.jpg\" alt=\"\" class=\"wp-image-8550\" srcset=\"https:\/\/zko-litomerice.cz\/wp-content\/uploads\/2023\/04\/4v2010.jpg 627w, https:\/\/zko-litomerice.cz\/wp-content\/uploads\/2023\/04\/4v2010-300x225.jpg 300w\" sizes=\"(max-width: 627px) 100vw, 627px\" \/><\/figure>\n\n\n\n<figure class=\"wp-block-image size-large\"><img loading=\"lazy\" decoding=\"async\" width=\"627\" height=\"470\" data-id=\"8552\" src=\"http:\/\/zko-litomerice.cz\/wp-content\/uploads\/2023\/04\/2v2010.jpg\" alt=\"\" class=\"wp-image-8552\" srcset=\"https:\/\/zko-litomerice.cz\/wp-content\/uploads\/2023\/04\/2v2010.jpg 627w, https:\/\/zko-litomerice.cz\/wp-content\/uploads\/2023\/04\/2v2010-300x225.jpg 300w\" sizes=\"(max-width: 627px) 100vw, 627px\" \/><\/figure>\n\n\n\n<figure class=\"wp-block-image size-large\"><img loading=\"lazy\" decoding=\"async\" width=\"700\" height=\"470\" data-id=\"8553\" src=\"http:\/\/zko-litomerice.cz\/wp-content\/uploads\/2023\/04\/1v2010.jpg\" alt=\"\" class=\"wp-image-8553\" srcset=\"https:\/\/zko-litomerice.cz\/wp-content\/uploads\/2023\/04\/1v2010.jpg 700w, https:\/\/zko-litomerice.cz\/wp-content\/uploads\/2023\/04\/1v2010-300x201.jpg 300w\" sizes=\"(max-width: 700px) 100vw, 700px\" \/><\/figure>\n\n\n\n<figure class=\"wp-block-image size-large\"><img loading=\"lazy\" decoding=\"async\" width=\"700\" height=\"470\" data-id=\"8551\" src=\"http:\/\/zko-litomerice.cz\/wp-content\/uploads\/2023\/04\/3v2010.jpg\" alt=\"\" class=\"wp-image-8551\" srcset=\"https:\/\/zko-litomerice.cz\/wp-content\/uploads\/2023\/04\/3v2010.jpg 700w, https:\/\/zko-litomerice.cz\/wp-content\/uploads\/2023\/04\/3v2010-300x201.jpg 300w\" sizes=\"(max-width: 700px) 100vw, 700px\" \/><\/figure>\n\n\n\n<figure class=\"wp-block-image size-large\"><img loading=\"lazy\" decoding=\"async\" width=\"700\" height=\"470\" data-id=\"8549\" src=\"http:\/\/zko-litomerice.cz\/wp-content\/uploads\/2023\/04\/5v2010.jpg\" alt=\"\" class=\"wp-image-8549\" srcset=\"https:\/\/zko-litomerice.cz\/wp-content\/uploads\/2023\/04\/5v2010.jpg 700w, https:\/\/zko-litomerice.cz\/wp-content\/uploads\/2023\/04\/5v2010-300x201.jpg 300w\" sizes=\"(max-width: 700px) 100vw, 700px\" \/><\/figure>\n<\/figure>\n\n\n\n<p><\/p>\n","protected":false},"excerpt":{"rendered":"<p>Dne 20. 6. 2010 prob\u011bhla na na\u0161em cvi\u010di\u0161ti Speci\u00e1ln\u00ed oblastn\u00ed v\u00fdstava n\u011bmeck\u00fdch ov\u010d\u00e1k\u016f. V\u00fdstavu posuzoval rozhod\u010d\u00ed z exteri\u00e9ru pan Ji\u0159\u00ed \u0160i\u0161ka. P\u0159ihl\u00e1\u0161eno bylo 46 jedinc\u016f, posouzeno 41. Hlavn\u00edm sponzorem v\u00fdstavy byla firma Euroben, dovozce krmiva Happy dog, kter\u00e1 na v\u00fdstavu dodala kvalitn\u00ed krmivo pro psy v\u0161ech v\u011bkov\u00fdch kategori\u00ed a t\u00e9\u017e se pod\u00edlela na sponzorov\u00e1n\u00ed kr\u00e1sn\u00fdch &hellip; <\/p>\n<p class=\"link-more\"><a href=\"https:\/\/zko-litomerice.cz\/index.php\/specialni-oblastni-vystava-nemeckych-ovcaku-2010\/\" class=\"more-link\">Pokra\u010dovat ve \u010dten\u00ed<span class=\"screen-reader-text\"> &#8222;Speci\u00e1ln\u00ed oblastn\u00ed v\u00fdstava n\u011bmeck\u00fdch ov\u010d\u00e1k\u016f 2010&#8220;<\/span><\/a><\/p>\n","protected":false},"author":1,"featured_media":0,"parent":0,"menu_order":0,"comment_status":"closed","ping_status":"closed","template":"","meta":{"footnotes":""},"class_list":["post-8547","page","type-page","status-publish","hentry"],"_links":{"self":[{"href":"https:\/\/zko-litomerice.cz\/index.php\/wp-json\/wp\/v2\/pages\/8547"}],"collection":[{"href":"https:\/\/zko-litomerice.cz\/index.php\/wp-json\/wp\/v2\/pages"}],"about":[{"href":"https:\/\/zko-litomerice.cz\/index.php\/wp-json\/wp\/v2\/types\/page"}],"author":[{"embeddable":true,"href":"https:\/\/zko-litomerice.cz\/index.php\/wp-json\/wp\/v2\/users\/1"}],"replies":[{"embeddable":true,"href":"https:\/\/zko-litomerice.cz\/index.php\/wp-json\/wp\/v2\/comments?post=8547"}],"version-history":[{"count":1,"href":"https:\/\/zko-litomerice.cz\/index.php\/wp-json\/wp\/v2\/pages\/8547\/revisions"}],"predecessor-version":[{"id":8554,"href":"https:\/\/zko-litomerice.cz\/index.php\/wp-json\/wp\/v2\/pages\/8547\/revisions\/8554"}],"wp:attachment":[{"href":"https:\/\/zko-litomerice.cz\/index.php\/wp-json\/wp\/v2\/media?parent=8547"}],"curies":[{"name":"wp","href":"https:\/\/api.w.org\/{rel}","templated":true}]}}