{"id":8538,"date":"2023-04-20T09:36:16","date_gmt":"2023-04-20T07:36:16","guid":{"rendered":"http:\/\/zko-litomerice.cz\/?page_id=8538"},"modified":"2023-04-20T09:36:16","modified_gmt":"2023-04-20T07:36:16","slug":"2-bonitace-nemeckych-ovcaku-2010","status":"publish","type":"page","link":"https:\/\/zko-litomerice.cz\/index.php\/2-bonitace-nemeckych-ovcaku-2010\/","title":{"rendered":"2. bonitace n\u011bmeck\u00fdch ov\u010d\u00e1k\u016f 2010"},"content":{"rendered":"\n<p><strong>Dne 6. 11. 2010 prob\u011bhla na na\u0161em cvi\u010di\u0161ti letos ji\u017e druh\u00e1 bonitace n\u011bmeck\u00fdch ov\u010d\u00e1k\u016f, <\/strong><\/p>\n\n\n\n<p>kter\u00e9 se z\u00fa\u010dastnilo rekordn\u00edch 30 ps\u016f. P\u0159esto, \u017ee jako po\u0159adatel\u00e9 bonitace jsme m\u011bli trochu obavy o \u010dasov\u00e9m zvl\u00e1dnut\u00ed akce p\u0159i tolika \u00fa\u010dastn\u00edc\u00edch, zku\u0161en\u00e1 bonita\u010dn\u00ed komise zvl\u00e1dla sv\u016fj \u00fakol na jedni\u010dku a to i p\u0159es fakt, \u017ee jejich pr\u00e1ci zt\u011b\u017eovalo pom\u011brn\u011b v\u011btrn\u00e9 po\u010das\u00ed. Akce tak byla ukon\u010dena cca ve 14. hod vyhl\u00e1\u0161en\u00edm v\u00fdsledk\u016f v klubovn\u011b ZKO. Bonita\u010dn\u00ed komisi tvo\u0159ili: hlavn\u00ed rozhod\u010d\u00ed Ji\u0159\u00ed \u0160i\u0161ka, okresn\u00ed poradce chovu Pavel V\u00e1pen\u00edk, figurant Ivo<\/p>\n\n\n\n<div class=\"wp-block-buttons is-layout-flex wp-block-buttons-is-layout-flex\">\n<div class=\"wp-block-button\"><a class=\"wp-block-button__link wp-element-button\" href=\"http:\/\/zko-litomerice.cz\/wp-content\/uploads\/2023\/04\/bonitace_061110.doc\">V\u00fdsledky<\/a><\/div>\n<\/div>\n","protected":false},"excerpt":{"rendered":"<p>Dne 6. 11. 2010 prob\u011bhla na na\u0161em cvi\u010di\u0161ti letos ji\u017e druh\u00e1 bonitace n\u011bmeck\u00fdch ov\u010d\u00e1k\u016f, kter\u00e9 se z\u00fa\u010dastnilo rekordn\u00edch 30 ps\u016f. P\u0159esto, \u017ee jako po\u0159adatel\u00e9 bonitace jsme m\u011bli trochu obavy o \u010dasov\u00e9m zvl\u00e1dnut\u00ed akce p\u0159i tolika \u00fa\u010dastn\u00edc\u00edch, zku\u0161en\u00e1 bonita\u010dn\u00ed komise zvl\u00e1dla sv\u016fj \u00fakol na jedni\u010dku a to i p\u0159es fakt, \u017ee jejich pr\u00e1ci zt\u011b\u017eovalo pom\u011brn\u011b v\u011btrn\u00e9 &hellip; <\/p>\n<p class=\"link-more\"><a href=\"https:\/\/zko-litomerice.cz\/index.php\/2-bonitace-nemeckych-ovcaku-2010\/\" class=\"more-link\">Pokra\u010dovat ve \u010dten\u00ed<span class=\"screen-reader-text\"> &#8222;2. bonitace n\u011bmeck\u00fdch ov\u010d\u00e1k\u016f 2010&#8220;<\/span><\/a><\/p>\n","protected":false},"author":1,"featured_media":0,"parent":0,"menu_order":0,"comment_status":"closed","ping_status":"closed","template":"","meta":{"footnotes":""},"class_list":["post-8538","page","type-page","status-publish","hentry"],"_links":{"self":[{"href":"https:\/\/zko-litomerice.cz\/index.php\/wp-json\/wp\/v2\/pages\/8538"}],"collection":[{"href":"https:\/\/zko-litomerice.cz\/index.php\/wp-json\/wp\/v2\/pages"}],"about":[{"href":"https:\/\/zko-litomerice.cz\/index.php\/wp-json\/wp\/v2\/types\/page"}],"author":[{"embeddable":true,"href":"https:\/\/zko-litomerice.cz\/index.php\/wp-json\/wp\/v2\/users\/1"}],"replies":[{"embeddable":true,"href":"https:\/\/zko-litomerice.cz\/index.php\/wp-json\/wp\/v2\/comments?post=8538"}],"version-history":[{"count":1,"href":"https:\/\/zko-litomerice.cz\/index.php\/wp-json\/wp\/v2\/pages\/8538\/revisions"}],"predecessor-version":[{"id":8540,"href":"https:\/\/zko-litomerice.cz\/index.php\/wp-json\/wp\/v2\/pages\/8538\/revisions\/8540"}],"wp:attachment":[{"href":"https:\/\/zko-litomerice.cz\/index.php\/wp-json\/wp\/v2\/media?parent=8538"}],"curies":[{"name":"wp","href":"https:\/\/api.w.org\/{rel}","templated":true}]}}