{"id":8530,"date":"2023-04-20T09:25:59","date_gmt":"2023-04-20T07:25:59","guid":{"rendered":"http:\/\/zko-litomerice.cz\/?page_id=8530"},"modified":"2023-04-20T09:25:59","modified_gmt":"2023-04-20T07:25:59","slug":"vystava-2011","status":"publish","type":"page","link":"https:\/\/zko-litomerice.cz\/index.php\/vystava-2011\/","title":{"rendered":"V\u00fdstava 2011"},"content":{"rendered":"\n<p><strong>Dne 19. 6. 2011 prob\u011bhla na na\u0161em cvi\u010di\u0161ti speci\u00e1ln\u00ed Oblastn\u00ed v\u00fdstava\u00a0n\u011bmeck\u00fdch ov\u010d\u00e1k\u016f. <\/strong><\/p>\n\n\n\n<p>Na v\u00fdstavu bylo p\u0159ihl\u00e1\u0161eno 53 jedinc\u016f tohoto velmi roz\u0161\u00ed\u0159en\u00e9ho plemene, posouzeno bylo nakonec 44 jedinc\u016f. V\u00fdstava letos prob\u011bhla s mezin\u00e1rodn\u00ed \u00fa\u010dastn\u00ed, krom\u011b vystavovatel\u016f z \u010cesk\u00e9 republiky se z\u00fa\u010dastnili i vystavovatel\u00e9 ze SRN. V\u0161echny t\u0159\u00eddy ps\u016f i fen posuzoval rozhod\u010d\u00ed z exteri\u00e9ru pan Ji\u0159\u00ed \u0160i\u0161ka. Hlavn\u00edm sponzorem cel\u00e9 akce byla jako v letech minul\u00fdch firma <strong>Euroben<\/strong>, v\u00fdhradn\u00ed dovozce krmiva Happy dog, kter\u00e1 na akci poskytla 40 pytl\u016f krmiva pro psy a pod\u00edlela se t\u00e9\u017e na sponzorov\u00e1n\u00ed kr\u00e1sn\u00fdch poh\u00e1r\u016f. Jedinci ve v\u0161ech t\u0159\u00edd\u00e1ch byli tak odm\u011b\u0148ov\u00e1ni kr\u00e1sn\u00fdmi cenami od prvn\u00edho a\u017e do p\u00e1t\u00e9ho m\u00edsta. Na konci cel\u00e9 akce prob\u011bhlo losov\u00e1n\u00ed bohat\u00e9 tomboly, ve kter\u00e9 hlavn\u00ed cenou byla ji\u017e tradi\u010dn\u011b bouda pro psa a dal\u0161\u00edch 40 kr\u00e1sn\u00fdch cen, tak\u017ee nakonec z t\u00e9to akce nikdo neodjel s pr\u00e1zdnou.<\/p>\n\n\n\n<div class=\"wp-block-buttons is-layout-flex wp-block-buttons-is-layout-flex\">\n<div class=\"wp-block-button\"><a class=\"wp-block-button__link wp-element-button\" href=\"http:\/\/zko-litomerice.cz\/wp-content\/uploads\/2023\/04\/ov_no_19062011.doc\">V\u00fdsledky<\/a><\/div>\n<\/div>\n\n\n\n<p><\/p>\n\n\n\n<p><\/p>\n\n\n\n<figure class=\"wp-block-gallery has-nested-images columns-default is-cropped wp-block-gallery-1 is-layout-flex wp-block-gallery-is-layout-flex\">\n<figure class=\"wp-block-image size-large\"><a href=\"http:\/\/zko-litomerice.cz\/wp-content\/uploads\/2023\/04\/3vystava_ltm_2011.jpg\"><img loading=\"lazy\" decoding=\"async\" width=\"700\" height=\"470\" data-id=\"8534\" src=\"http:\/\/zko-litomerice.cz\/wp-content\/uploads\/2023\/04\/3vystava_ltm_2011.jpg\" alt=\"\" class=\"wp-image-8534\" srcset=\"https:\/\/zko-litomerice.cz\/wp-content\/uploads\/2023\/04\/3vystava_ltm_2011.jpg 700w, https:\/\/zko-litomerice.cz\/wp-content\/uploads\/2023\/04\/3vystava_ltm_2011-300x201.jpg 300w\" sizes=\"(max-width: 700px) 100vw, 700px\" \/><\/a><\/figure>\n\n\n\n<figure class=\"wp-block-image size-large\"><a href=\"http:\/\/zko-litomerice.cz\/wp-content\/uploads\/2023\/04\/2vystava_ltm_2011.jpg\"><img loading=\"lazy\" decoding=\"async\" width=\"700\" height=\"470\" data-id=\"8532\" src=\"http:\/\/zko-litomerice.cz\/wp-content\/uploads\/2023\/04\/2vystava_ltm_2011.jpg\" alt=\"\" class=\"wp-image-8532\" srcset=\"https:\/\/zko-litomerice.cz\/wp-content\/uploads\/2023\/04\/2vystava_ltm_2011.jpg 700w, https:\/\/zko-litomerice.cz\/wp-content\/uploads\/2023\/04\/2vystava_ltm_2011-300x201.jpg 300w\" sizes=\"(max-width: 700px) 100vw, 700px\" \/><\/a><\/figure>\n\n\n\n<figure class=\"wp-block-image size-large\"><a href=\"http:\/\/zko-litomerice.cz\/wp-content\/uploads\/2023\/04\/5vystava_ltm_2011.jpg\"><img loading=\"lazy\" decoding=\"async\" width=\"700\" height=\"470\" data-id=\"8535\" src=\"http:\/\/zko-litomerice.cz\/wp-content\/uploads\/2023\/04\/5vystava_ltm_2011.jpg\" alt=\"\" class=\"wp-image-8535\" srcset=\"https:\/\/zko-litomerice.cz\/wp-content\/uploads\/2023\/04\/5vystava_ltm_2011.jpg 700w, https:\/\/zko-litomerice.cz\/wp-content\/uploads\/2023\/04\/5vystava_ltm_2011-300x201.jpg 300w\" sizes=\"(max-width: 700px) 100vw, 700px\" \/><\/a><\/figure>\n\n\n\n<figure class=\"wp-block-image size-large\"><a href=\"http:\/\/zko-litomerice.cz\/wp-content\/uploads\/2023\/04\/4vystava_ltm_2011.jpg\"><img loading=\"lazy\" decoding=\"async\" width=\"700\" height=\"470\" data-id=\"8533\" src=\"http:\/\/zko-litomerice.cz\/wp-content\/uploads\/2023\/04\/4vystava_ltm_2011.jpg\" alt=\"\" class=\"wp-image-8533\" srcset=\"https:\/\/zko-litomerice.cz\/wp-content\/uploads\/2023\/04\/4vystava_ltm_2011.jpg 700w, https:\/\/zko-litomerice.cz\/wp-content\/uploads\/2023\/04\/4vystava_ltm_2011-300x201.jpg 300w\" sizes=\"(max-width: 700px) 100vw, 700px\" \/><\/a><\/figure>\n\n\n\n<figure class=\"wp-block-image size-large\"><a href=\"http:\/\/zko-litomerice.cz\/wp-content\/uploads\/2023\/04\/1vystava_ltm_2011-1.jpg\"><img loading=\"lazy\" decoding=\"async\" width=\"700\" height=\"470\" data-id=\"8536\" src=\"http:\/\/zko-litomerice.cz\/wp-content\/uploads\/2023\/04\/1vystava_ltm_2011-1.jpg\" alt=\"\" class=\"wp-image-8536\" srcset=\"https:\/\/zko-litomerice.cz\/wp-content\/uploads\/2023\/04\/1vystava_ltm_2011-1.jpg 700w, https:\/\/zko-litomerice.cz\/wp-content\/uploads\/2023\/04\/1vystava_ltm_2011-1-300x201.jpg 300w\" sizes=\"(max-width: 700px) 100vw, 700px\" \/><\/a><\/figure>\n<\/figure>\n\n\n\n<p>Fotky z v\u00fdstavy <a href=\"https:\/\/ajpe.rajce.idnes.cz\/OV_Litomerice_19.6.2011\/\" data-type=\"URL\" data-id=\"https:\/\/ajpe.rajce.idnes.cz\/OV_Litomerice_19.6.2011\/\">zde <\/a>a v na\u0161\u00ed fotogalerii <a href=\"http:\/\/zko-litomerice.cz\/index.php\/oblastni-vystava-2011\/\" data-type=\"URL\" data-id=\"http:\/\/zko-litomerice.cz\/index.php\/oblastni-vystava-2011\/\">zde <\/a><\/p>\n","protected":false},"excerpt":{"rendered":"<p>Dne 19. 6. 2011 prob\u011bhla na na\u0161em cvi\u010di\u0161ti speci\u00e1ln\u00ed Oblastn\u00ed v\u00fdstava\u00a0n\u011bmeck\u00fdch ov\u010d\u00e1k\u016f. Na v\u00fdstavu bylo p\u0159ihl\u00e1\u0161eno 53 jedinc\u016f tohoto velmi roz\u0161\u00ed\u0159en\u00e9ho plemene, posouzeno bylo nakonec 44 jedinc\u016f. V\u00fdstava letos prob\u011bhla s mezin\u00e1rodn\u00ed \u00fa\u010dastn\u00ed, krom\u011b vystavovatel\u016f z \u010cesk\u00e9 republiky se z\u00fa\u010dastnili i vystavovatel\u00e9 ze SRN. V\u0161echny t\u0159\u00eddy ps\u016f i fen posuzoval rozhod\u010d\u00ed z exteri\u00e9ru pan Ji\u0159\u00ed &hellip; <\/p>\n<p class=\"link-more\"><a href=\"https:\/\/zko-litomerice.cz\/index.php\/vystava-2011\/\" class=\"more-link\">Pokra\u010dovat ve \u010dten\u00ed<span class=\"screen-reader-text\"> &#8222;V\u00fdstava 2011&#8220;<\/span><\/a><\/p>\n","protected":false},"author":1,"featured_media":0,"parent":0,"menu_order":0,"comment_status":"closed","ping_status":"closed","template":"","meta":{"footnotes":""},"class_list":["post-8530","page","type-page","status-publish","hentry"],"_links":{"self":[{"href":"https:\/\/zko-litomerice.cz\/index.php\/wp-json\/wp\/v2\/pages\/8530"}],"collection":[{"href":"https:\/\/zko-litomerice.cz\/index.php\/wp-json\/wp\/v2\/pages"}],"about":[{"href":"https:\/\/zko-litomerice.cz\/index.php\/wp-json\/wp\/v2\/types\/page"}],"author":[{"embeddable":true,"href":"https:\/\/zko-litomerice.cz\/index.php\/wp-json\/wp\/v2\/users\/1"}],"replies":[{"embeddable":true,"href":"https:\/\/zko-litomerice.cz\/index.php\/wp-json\/wp\/v2\/comments?post=8530"}],"version-history":[{"count":1,"href":"https:\/\/zko-litomerice.cz\/index.php\/wp-json\/wp\/v2\/pages\/8530\/revisions"}],"predecessor-version":[{"id":8537,"href":"https:\/\/zko-litomerice.cz\/index.php\/wp-json\/wp\/v2\/pages\/8530\/revisions\/8537"}],"wp:attachment":[{"href":"https:\/\/zko-litomerice.cz\/index.php\/wp-json\/wp\/v2\/media?parent=8530"}],"curies":[{"name":"wp","href":"https:\/\/api.w.org\/{rel}","templated":true}]}}