{"id":8522,"date":"2023-04-20T08:58:12","date_gmt":"2023-04-20T06:58:12","guid":{"rendered":"http:\/\/zko-litomerice.cz\/?page_id=8522"},"modified":"2023-04-20T08:58:12","modified_gmt":"2023-04-20T06:58:12","slug":"bonitace-nemeckych-ovcaku-2011","status":"publish","type":"page","link":"https:\/\/zko-litomerice.cz\/index.php\/bonitace-nemeckych-ovcaku-2011\/","title":{"rendered":"Bonitace n\u011bmeck\u00fdch ov\u010d\u00e1k\u016f 2011"},"content":{"rendered":"\n<p><strong>Dne 7. 5. 2011 prob\u011bhla na na\u0161em cvi\u010di\u0161ti prvn\u00ed leto\u0161n\u00ed pl\u00e1novan\u00e1 bonitace n\u011bmeck\u00fdch ov\u010d\u00e1k\u016f.<\/strong> <\/p>\n\n\n\n<p>Na bonitaci bylo p\u0159ihl\u00e1\u0161eno 19 jedinc\u016f ,kte\u0159\u00ed cht\u011bli splnit podm\u00ednky za\u0159azen\u00ed do v\u00fdb\u011brov\u00e9ho chovu, ke spln\u011bn\u00ed t\u00e9to zkou\u0161ky nakonec nastoupilo 17 jedinc\u016f. Bonita\u010dn\u00ed komisi tvo\u0159ili: hlavn\u00ed rozhod\u010d\u00ed pan Ji\u0159\u00ed \u0160i\u0161ka, krajsk\u00fd poradce chovu pan Josef Pr\u00e1\u0161il a figurant pan Ivo Valach. V\u0161ichni p\u0159edveden\u00ed jedinci splnili podm\u00ednky pro za\u0159azen\u00ed do v\u00fdb\u011brov\u00e9ho chovu:<\/p>\n\n\n\n<div class=\"wp-block-buttons is-layout-flex wp-block-buttons-is-layout-flex\">\n<div class=\"wp-block-button\"><a class=\"wp-block-button__link wp-element-button\" href=\"http:\/\/zko-litomerice.cz\/wp-content\/uploads\/2023\/04\/bonitace_no_kveten_2011.doc\">V\u00fdsledky bonitace<\/a><\/div>\n<\/div>\n","protected":false},"excerpt":{"rendered":"<p>Dne 7. 5. 2011 prob\u011bhla na na\u0161em cvi\u010di\u0161ti prvn\u00ed leto\u0161n\u00ed pl\u00e1novan\u00e1 bonitace n\u011bmeck\u00fdch ov\u010d\u00e1k\u016f. Na bonitaci bylo p\u0159ihl\u00e1\u0161eno 19 jedinc\u016f ,kte\u0159\u00ed cht\u011bli splnit podm\u00ednky za\u0159azen\u00ed do v\u00fdb\u011brov\u00e9ho chovu, ke spln\u011bn\u00ed t\u00e9to zkou\u0161ky nakonec nastoupilo 17 jedinc\u016f. Bonita\u010dn\u00ed komisi tvo\u0159ili: hlavn\u00ed rozhod\u010d\u00ed pan Ji\u0159\u00ed \u0160i\u0161ka, krajsk\u00fd poradce chovu pan Josef Pr\u00e1\u0161il a figurant pan Ivo Valach. &hellip; <\/p>\n<p class=\"link-more\"><a href=\"https:\/\/zko-litomerice.cz\/index.php\/bonitace-nemeckych-ovcaku-2011\/\" class=\"more-link\">Pokra\u010dovat ve \u010dten\u00ed<span class=\"screen-reader-text\"> &#8222;Bonitace n\u011bmeck\u00fdch ov\u010d\u00e1k\u016f 2011&#8220;<\/span><\/a><\/p>\n","protected":false},"author":1,"featured_media":0,"parent":0,"menu_order":0,"comment_status":"closed","ping_status":"closed","template":"","meta":{"footnotes":""},"class_list":["post-8522","page","type-page","status-publish","hentry"],"_links":{"self":[{"href":"https:\/\/zko-litomerice.cz\/index.php\/wp-json\/wp\/v2\/pages\/8522"}],"collection":[{"href":"https:\/\/zko-litomerice.cz\/index.php\/wp-json\/wp\/v2\/pages"}],"about":[{"href":"https:\/\/zko-litomerice.cz\/index.php\/wp-json\/wp\/v2\/types\/page"}],"author":[{"embeddable":true,"href":"https:\/\/zko-litomerice.cz\/index.php\/wp-json\/wp\/v2\/users\/1"}],"replies":[{"embeddable":true,"href":"https:\/\/zko-litomerice.cz\/index.php\/wp-json\/wp\/v2\/comments?post=8522"}],"version-history":[{"count":1,"href":"https:\/\/zko-litomerice.cz\/index.php\/wp-json\/wp\/v2\/pages\/8522\/revisions"}],"predecessor-version":[{"id":8524,"href":"https:\/\/zko-litomerice.cz\/index.php\/wp-json\/wp\/v2\/pages\/8522\/revisions\/8524"}],"wp:attachment":[{"href":"https:\/\/zko-litomerice.cz\/index.php\/wp-json\/wp\/v2\/media?parent=8522"}],"curies":[{"name":"wp","href":"https:\/\/api.w.org\/{rel}","templated":true}]}}