{"id":8517,"date":"2023-04-20T08:53:46","date_gmt":"2023-04-20T06:53:46","guid":{"rendered":"http:\/\/zko-litomerice.cz\/?page_id=8517"},"modified":"2023-04-20T08:53:46","modified_gmt":"2023-04-20T06:53:46","slug":"letni-vycvikovy-tabor-2011-2","status":"publish","type":"page","link":"https:\/\/zko-litomerice.cz\/index.php\/letni-vycvikovy-tabor-2011-2\/","title":{"rendered":"Letn\u00ed v\u00fdcvikov\u00fd t\u00e1bor 2011"},"content":{"rendered":"\n<p>\u00a0<strong>V \u010dervenci 2011 prob\u011bhl ji\u017e pot\u0159in\u00e1ct\u00e9 letn\u00ed v\u00fdcvikov\u00fd t\u00e1bor<\/strong>,<\/p>\n\n\n\n<p> a to jako v\u017edy ve dvou 14-ti denn\u00edch turnusech. V prvn\u00edm turnuse, kter\u00e9ho se z\u00fa\u010dastnilo 28 psovod\u016f, prob\u00edhal v\u00fdcvik sportovn\u00ed kynologie spole\u010dn\u011b s v\u00fdcvikem agility. Ve druh\u00e9m term\u00ednu, jeho\u017e se z\u00fa\u010dastnilo 22 psovod\u016f,\u00a0 prob\u00edhal ji\u017e jen v\u00fdcvik sportovn\u00ed kynologie.\u00a0\u00a0 Oba turnusy byly jako ka\u017ed\u00fd rok zakon\u010deny zkou\u0161kami z v\u00fdkonu dle mezin\u00e1rodn\u00edho i n\u00e1rodn\u00edho zku\u0161ebn\u00edho \u0159\u00e1du. V obou term\u00ednech byly zkou\u0161ky dle NZ\u0158 napln\u011bny na maximum, zkou\u0161ky IPO, SchH cca ze 70 procent. O spln\u011bn\u00ed zkou\u0161ek byl tak v r\u00e1mci LVT velk\u00fd z\u00e1jem a mnoho \u00fa\u010dastn\u00edk\u016f t\u00e1bora tak vyu\u017eilo mo\u017enost si se sv\u00fdm psem zkou\u0161ku slo\u017eit.\u00a0\u00a0 <\/p>\n\n\n\n<p>Po\u010das\u00ed \u00fa\u010dastn\u00edk\u016fm prvn\u00edho turnusu celkem p\u0159\u00e1lo, a tak do\u0161lo i na koup\u00e1n\u00ed v nedalek\u00e9 \u0159ece Oh\u0159i, kterou \u00fa\u010dastn\u00edci pravideln\u011b ka\u017ed\u00fd rok vyu\u017e\u00edvaj\u00ed k letn\u00edm hr\u00e1tk\u00e1m. K \u00fa\u010dastn\u00edk\u016fm druh\u00e9ho turnusu ji\u017e po\u010das\u00ed tak p\u0159\u00edzniv\u00e9 nebylo, \u010dast\u00e9 sr\u00e1\u017eky i chladn\u00e9 po\u010das\u00ed nakonec donutily po\u0159adatele i k zatopen\u00ed v klubovn\u011b, aby si \u00fa\u010dastn\u00edci mohli usu\u0161it sv\u00e9 v\u011bci. V p\u0159\u00edjemn\u00e9m tepl\u00ed\u010dku pak u\u017e snad nikomu nep\u0159\u00edzniv\u00e9 po\u010das\u00ed nevadilo a do\u0161lo i na zp\u011bv, pivko a kytaru.\u00a0\u00a0 Dob\u0159e z\u00e1soben\u00e1 kant\u00fdna byla otev\u0159en\u00e1 do pozdn\u00edch no\u010dn\u00edch hodin, a tak dobr\u00e1 pohoda panovala i v takto nep\u0159\u00edzniv\u00e9m po\u010das\u00ed.<\/p>\n\n\n\n<figure class=\"wp-block-gallery has-nested-images columns-default is-cropped wp-block-gallery-1 is-layout-flex wp-block-gallery-is-layout-flex\">\n<figure class=\"wp-block-image size-large\"><a href=\"http:\/\/zko-litomerice.cz\/wp-content\/uploads\/2023\/04\/1lvt_2011.jpg\"><img loading=\"lazy\" decoding=\"async\" width=\"801\" height=\"450\" data-id=\"8518\" src=\"http:\/\/zko-litomerice.cz\/wp-content\/uploads\/2023\/04\/1lvt_2011.jpg\" alt=\"\" class=\"wp-image-8518\" srcset=\"https:\/\/zko-litomerice.cz\/wp-content\/uploads\/2023\/04\/1lvt_2011.jpg 801w, https:\/\/zko-litomerice.cz\/wp-content\/uploads\/2023\/04\/1lvt_2011-300x169.jpg 300w, https:\/\/zko-litomerice.cz\/wp-content\/uploads\/2023\/04\/1lvt_2011-768x431.jpg 768w\" sizes=\"(max-width: 767px) 89vw, (max-width: 1000px) 54vw, (max-width: 1071px) 543px, 580px\" \/><\/a><\/figure>\n\n\n\n<figure class=\"wp-block-image size-large\"><a href=\"http:\/\/zko-litomerice.cz\/wp-content\/uploads\/2023\/04\/3ltv_2011.jpg\"><img loading=\"lazy\" decoding=\"async\" width=\"675\" height=\"450\" data-id=\"8519\" src=\"http:\/\/zko-litomerice.cz\/wp-content\/uploads\/2023\/04\/3ltv_2011.jpg\" alt=\"\" class=\"wp-image-8519\" srcset=\"https:\/\/zko-litomerice.cz\/wp-content\/uploads\/2023\/04\/3ltv_2011.jpg 675w, https:\/\/zko-litomerice.cz\/wp-content\/uploads\/2023\/04\/3ltv_2011-300x200.jpg 300w\" sizes=\"(max-width: 675px) 100vw, 675px\" \/><\/a><\/figure>\n\n\n\n<figure class=\"wp-block-image size-large\"><a href=\"http:\/\/zko-litomerice.cz\/wp-content\/uploads\/2023\/04\/2ltv_2011.jpg\"><img loading=\"lazy\" decoding=\"async\" width=\"675\" height=\"450\" data-id=\"8520\" src=\"http:\/\/zko-litomerice.cz\/wp-content\/uploads\/2023\/04\/2ltv_2011.jpg\" alt=\"\" class=\"wp-image-8520\" srcset=\"https:\/\/zko-litomerice.cz\/wp-content\/uploads\/2023\/04\/2ltv_2011.jpg 675w, https:\/\/zko-litomerice.cz\/wp-content\/uploads\/2023\/04\/2ltv_2011-300x200.jpg 300w\" sizes=\"(max-width: 675px) 100vw, 675px\" \/><\/a><\/figure>\n<\/figure>\n","protected":false},"excerpt":{"rendered":"<p>\u00a0V \u010dervenci 2011 prob\u011bhl ji\u017e pot\u0159in\u00e1ct\u00e9 letn\u00ed v\u00fdcvikov\u00fd t\u00e1bor, a to jako v\u017edy ve dvou 14-ti denn\u00edch turnusech. V prvn\u00edm turnuse, kter\u00e9ho se z\u00fa\u010dastnilo 28 psovod\u016f, prob\u00edhal v\u00fdcvik sportovn\u00ed kynologie spole\u010dn\u011b s v\u00fdcvikem agility. Ve druh\u00e9m term\u00ednu, jeho\u017e se z\u00fa\u010dastnilo 22 psovod\u016f,\u00a0 prob\u00edhal ji\u017e jen v\u00fdcvik sportovn\u00ed kynologie.\u00a0\u00a0 Oba turnusy byly jako ka\u017ed\u00fd rok zakon\u010deny &hellip; <\/p>\n<p class=\"link-more\"><a href=\"https:\/\/zko-litomerice.cz\/index.php\/letni-vycvikovy-tabor-2011-2\/\" class=\"more-link\">Pokra\u010dovat ve \u010dten\u00ed<span class=\"screen-reader-text\"> &#8222;Letn\u00ed v\u00fdcvikov\u00fd t\u00e1bor 2011&#8220;<\/span><\/a><\/p>\n","protected":false},"author":1,"featured_media":0,"parent":0,"menu_order":0,"comment_status":"closed","ping_status":"closed","template":"","meta":{"footnotes":""},"class_list":["post-8517","page","type-page","status-publish","hentry"],"_links":{"self":[{"href":"https:\/\/zko-litomerice.cz\/index.php\/wp-json\/wp\/v2\/pages\/8517"}],"collection":[{"href":"https:\/\/zko-litomerice.cz\/index.php\/wp-json\/wp\/v2\/pages"}],"about":[{"href":"https:\/\/zko-litomerice.cz\/index.php\/wp-json\/wp\/v2\/types\/page"}],"author":[{"embeddable":true,"href":"https:\/\/zko-litomerice.cz\/index.php\/wp-json\/wp\/v2\/users\/1"}],"replies":[{"embeddable":true,"href":"https:\/\/zko-litomerice.cz\/index.php\/wp-json\/wp\/v2\/comments?post=8517"}],"version-history":[{"count":1,"href":"https:\/\/zko-litomerice.cz\/index.php\/wp-json\/wp\/v2\/pages\/8517\/revisions"}],"predecessor-version":[{"id":8521,"href":"https:\/\/zko-litomerice.cz\/index.php\/wp-json\/wp\/v2\/pages\/8517\/revisions\/8521"}],"wp:attachment":[{"href":"https:\/\/zko-litomerice.cz\/index.php\/wp-json\/wp\/v2\/media?parent=8517"}],"curies":[{"name":"wp","href":"https:\/\/api.w.org\/{rel}","templated":true}]}}