{"id":8513,"date":"2023-04-20T08:49:50","date_gmt":"2023-04-20T06:49:50","guid":{"rendered":"http:\/\/zko-litomerice.cz\/?page_id=8513"},"modified":"2023-04-20T08:49:50","modified_gmt":"2023-04-20T06:49:50","slug":"obranarsky-zavod-2012-2","status":"publish","type":"page","link":"https:\/\/zko-litomerice.cz\/index.php\/obranarsky-zavod-2012-2\/","title":{"rendered":"Obran\u00e1\u0159sk\u00fd z\u00e1vod 2012"},"content":{"rendered":"\n<p><strong>V sobotu 25. 2. 2012 prob\u011bhl na cvi\u010di\u0161ti ji\u017e 8. ro\u010dn\u00edk obran\u00e1\u0159sk\u00e9ho z\u00e1vodu.<\/strong> <\/p>\n\n\n\n<p>I kdy\u017e bylo po oblev\u011b\u00a0 cvi\u010di\u0161t\u011b pon\u011bkud bl\u00e1tiv\u00e9, po\u010das\u00ed z\u00e1vodn\u00edk\u016fm celkem p\u0159\u00e1lo, vydr\u017eelo cel\u00fd den bez de\u0161t\u011b a ob\u010das vykouklo i slun\u00ed\u010dko. Studen\u00fd v\u00edtr byl sice nep\u0159\u00edjemn\u00fd, ale ve velk\u00e9 a prostorn\u00e9 klubovn\u011b ZKO bylo p\u0159\u00edjemn\u011b vytopeno, tak\u017ee se ka\u017ed\u00fd mohl b\u011bhem z\u00e1vodu zah\u0159\u00e1t. Pro z\u00e1vodn\u00edky organizace zajistila i dostatek ob\u010derstven\u00ed, kant\u00fdna byla otev\u0159ena po celou dobu prob\u00edhaj\u00edc\u00edho z\u00e1vodu, ka\u017ed\u00fd z\u00e1vodn\u00edk si tak mohl krom\u011b sva\u010dinky d\u00e1t i tepl\u00fd ob\u011bd a v\u011bt\u0161ina jich tuto mo\u017enost vyu\u017eila, nebo\u0165 kant\u00fdna nab\u00edzela mo\u017enost v\u00fdb\u011bru t\u0159\u00ed dom\u00e1c\u00edch\u00a0 \u010desk\u00fdch j\u00eddel. D\u00edky dobr\u00e9 organizaci z\u00e1vodu, se kterou ji\u017e maj\u00ed po\u0159adatel\u00e9 akce mnohalet\u00e9 zku\u0161enosti a tak\u00e9 d\u00edky dobr\u00e9mu z\u00e1zem\u00ed, je tento z\u00e1vod ve st\u00e1le v\u011bt\u0161\u00ed oblib\u011b, co\u017e dokazuje i \u00fa\u010dast z\u00e1vodn\u00edk\u016f.\u00a0\u00a0 V leto\u0161n\u00edm roce se z\u00e1vodu z\u00fa\u010dastnilo rekordn\u00edch 44 z\u00e1vodn\u00edk\u016f z r\u016fzn\u00fdch klub\u016f nebo jin\u00fdch subjekt\u016f za\u010dlen\u011bn\u00fdch v \u010cKS, a to ve \u010dty\u0159ech kategori\u00edch dle zku\u0161ebn\u00edho \u0159\u00e1du NZ\u0158: ZZO, ZM, ZVV1 a ZVV2 beze stop a speci\u00e1ln\u00edch cvik\u016f. Cel\u00fd z\u00e1vod posuzoval rozhod\u010d\u00ed z v\u00fdkonu 1. t\u0159\u00eddy pan Ji\u0159\u00ed Pru\u017eina, funkce pomocn\u00edka p\u0159i obran\u00e1ch se zhostil jako v lo\u0148sk\u00e9m roce figurant prvn\u00ed t\u0159\u00eddy pan David Plicka.\u00a0\u00a0 Hlavn\u00edm sponzorem z\u00e1vodu byla jako v p\u0159ede\u0161l\u00fdch letech firma <strong>Euroben<\/strong>, dodavatel krmiva Happy dog, kter\u00e1 p\u0159ipravila pro z\u00e1vodn\u00edky mnoho kr\u00e1sn\u00fdch a hodnotn\u00fdch cen. V\u0161ichni z\u00e1vodn\u00edci tak obdr\u017eeli n\u011bjakou tu mali\u010dkost. Z\u00e1vodn\u00edci na p\u0159edn\u00edch m\u00edstech\u00a0 byli ocen\u011bni poh\u00e1ry, krmivem pro psy, konzervami pro psy a \u0159adou dal\u0161\u00edch hodnotn\u00fdch cen. Vzhledem k tomu, \u017ee se jednalo o z\u00e1vod obran\u00e1\u0159sk\u00fd, byl vyhl\u00e1\u0161en t\u00e9\u017e nejlep\u0161\u00ed obran\u00e1\u0159 z\u00e1vodu, j\u00edm\u017e se stal pan Schieferdecker Nikola se psem Incidentem. I pro tohoto z\u00e1vodn\u00edka byla p\u0159ipravena speci\u00e1ln\u00ed cena pro nejlep\u0161\u00edho obran\u00e1\u0159e.\u00a0\u00a0 Z\u00e1vod byl tak ukon\u010den v odpoledn\u00edch hodin\u00e1ch vyhl\u00e1\u0161en\u00edm v\u00fdsledk\u016f a pod\u011bkov\u00e1n\u00edm v\u0161em z\u00e1vodn\u00edk\u016fm za bohatou \u00fa\u010dast.<\/p>\n\n\n\n<div class=\"wp-block-buttons is-layout-flex wp-block-buttons-is-layout-flex\">\n<div class=\"wp-block-button\"><a class=\"wp-block-button__link wp-element-button\" href=\"http:\/\/zko-litomerice.cz\/wp-content\/uploads\/2023\/04\/vysledky_25022012.doc\">V\u00fdsledky z\u00e1vodu<\/a><\/div>\n<\/div>\n\n\n\n<p><\/p>\n\n\n\n<figure class=\"wp-block-image size-large\"><a href=\"http:\/\/zko-litomerice.cz\/wp-content\/uploads\/2023\/04\/foto_zavod_2012.jpg\"><img loading=\"lazy\" decoding=\"async\" width=\"1024\" height=\"683\" src=\"http:\/\/zko-litomerice.cz\/wp-content\/uploads\/2023\/04\/foto_zavod_2012-1024x683.jpg\" alt=\"\" class=\"wp-image-8514\" srcset=\"https:\/\/zko-litomerice.cz\/wp-content\/uploads\/2023\/04\/foto_zavod_2012-1024x683.jpg 1024w, https:\/\/zko-litomerice.cz\/wp-content\/uploads\/2023\/04\/foto_zavod_2012-300x200.jpg 300w, https:\/\/zko-litomerice.cz\/wp-content\/uploads\/2023\/04\/foto_zavod_2012-768x512.jpg 768w, https:\/\/zko-litomerice.cz\/wp-content\/uploads\/2023\/04\/foto_zavod_2012.jpg 1200w\" sizes=\"(max-width: 767px) 89vw, (max-width: 1000px) 54vw, (max-width: 1071px) 543px, 580px\" \/><\/a><\/figure>\n\n\n\n<div class=\"wp-block-buttons is-layout-flex wp-block-buttons-is-layout-flex\">\n<div class=\"wp-block-button\"><a class=\"wp-block-button__link wp-element-button\" href=\"http:\/\/zko-litomerice.cz\/index.php\/obranarsky-zavod-2012\/\">Fotogalerie z\u00e1vodu<\/a><\/div>\n<\/div>\n","protected":false},"excerpt":{"rendered":"<p>V sobotu 25. 2. 2012 prob\u011bhl na cvi\u010di\u0161ti ji\u017e 8. ro\u010dn\u00edk obran\u00e1\u0159sk\u00e9ho z\u00e1vodu. I kdy\u017e bylo po oblev\u011b\u00a0 cvi\u010di\u0161t\u011b pon\u011bkud bl\u00e1tiv\u00e9, po\u010das\u00ed z\u00e1vodn\u00edk\u016fm celkem p\u0159\u00e1lo, vydr\u017eelo cel\u00fd den bez de\u0161t\u011b a ob\u010das vykouklo i slun\u00ed\u010dko. Studen\u00fd v\u00edtr byl sice nep\u0159\u00edjemn\u00fd, ale ve velk\u00e9 a prostorn\u00e9 klubovn\u011b ZKO bylo p\u0159\u00edjemn\u011b vytopeno, tak\u017ee se ka\u017ed\u00fd mohl b\u011bhem &hellip; <\/p>\n<p class=\"link-more\"><a href=\"https:\/\/zko-litomerice.cz\/index.php\/obranarsky-zavod-2012-2\/\" class=\"more-link\">Pokra\u010dovat ve \u010dten\u00ed<span class=\"screen-reader-text\"> &#8222;Obran\u00e1\u0159sk\u00fd z\u00e1vod 2012&#8220;<\/span><\/a><\/p>\n","protected":false},"author":1,"featured_media":0,"parent":0,"menu_order":0,"comment_status":"closed","ping_status":"closed","template":"","meta":{"footnotes":""},"class_list":["post-8513","page","type-page","status-publish","hentry"],"_links":{"self":[{"href":"https:\/\/zko-litomerice.cz\/index.php\/wp-json\/wp\/v2\/pages\/8513"}],"collection":[{"href":"https:\/\/zko-litomerice.cz\/index.php\/wp-json\/wp\/v2\/pages"}],"about":[{"href":"https:\/\/zko-litomerice.cz\/index.php\/wp-json\/wp\/v2\/types\/page"}],"author":[{"embeddable":true,"href":"https:\/\/zko-litomerice.cz\/index.php\/wp-json\/wp\/v2\/users\/1"}],"replies":[{"embeddable":true,"href":"https:\/\/zko-litomerice.cz\/index.php\/wp-json\/wp\/v2\/comments?post=8513"}],"version-history":[{"count":1,"href":"https:\/\/zko-litomerice.cz\/index.php\/wp-json\/wp\/v2\/pages\/8513\/revisions"}],"predecessor-version":[{"id":8516,"href":"https:\/\/zko-litomerice.cz\/index.php\/wp-json\/wp\/v2\/pages\/8513\/revisions\/8516"}],"wp:attachment":[{"href":"https:\/\/zko-litomerice.cz\/index.php\/wp-json\/wp\/v2\/media?parent=8513"}],"curies":[{"name":"wp","href":"https:\/\/api.w.org\/{rel}","templated":true}]}}