{"id":8505,"date":"2023-04-20T08:44:14","date_gmt":"2023-04-20T06:44:14","guid":{"rendered":"http:\/\/zko-litomerice.cz\/?page_id=8505"},"modified":"2023-04-20T08:44:14","modified_gmt":"2023-04-20T06:44:14","slug":"vystava-2012","status":"publish","type":"page","link":"https:\/\/zko-litomerice.cz\/index.php\/vystava-2012\/","title":{"rendered":"V\u00fdstava 2012"},"content":{"rendered":"\n<p><strong>Dne 17. 6. 2012 prob\u011bhla na na\u0161em cvi\u010di\u0161ti\u00a0 Oblastn\u00ed v\u00fdstava n\u011bmeck\u00fdch ov\u010d\u00e1k\u016f.<\/strong>\u00a0<\/p>\n\n\n\n<p>Na akci bylo p\u0159ihl\u00e1\u0161eno 42 jedinc\u016f tohoto roz\u0161\u00ed\u0159en\u00e9ho plemene, posouzeno bylo 40 ps\u016f i fen.\u00a0\u00a0 Posuzov\u00e1n\u00ed prob\u011bhlo dle nov\u00fdch normativ \u010cKNO a jednotliv\u00ed jedinci tak byli rozd\u011bleni do t\u0159\u00edd kr\u00e1tkosrst\u00fdch a dlouhosrst\u00fdch zv\u00ed\u0159at. Dle p\u0159ihl\u00e1\u0161ek bylo otev\u0159eno 10 t\u0159\u00edd pro jedince kr\u00e1tkosrst\u00e9 a pouze jedna t\u0159\u00edda pro jedince dlouhosrst\u00e9, celkem bylo tedy posouzeno 11 t\u0159\u00edd.\u00a0\u00a0 V\u00fdstavu posuzoval rozhod\u010d\u00ed exteri\u00e9ru pan Ji\u0159\u00ed \u0160i\u0161ka.\u00a0\u00a0 Hlavn\u00edm sponzorem v\u00fdstavy byla jako ka\u017edoro\u010dn\u011b firma <strong>Euroben<\/strong>, v\u00fdhradn\u00ed dovozce krmiva pro psy Happy dog, kter\u00e1 p\u0159ipravila pro z\u00fa\u010dastn\u011bn\u00e9 mnoho kr\u00e1sn\u00fdch cen. Odm\u011bn\u011bni byli tak jedinci ve v\u0161ech t\u0159\u00edd\u00e1ch od prvn\u00edho do t\u0159et\u00edho m\u00edsta, ve t\u0159\u00edd\u00e1ch dosp\u011bl\u00fdch ps\u016f i fen dokonce a\u017e do m\u00edsta p\u00e1t\u00e9ho.\u00a0\u00a0 Po ukon\u010den\u00ed v\u00fdstavy byla ji\u017e tradi\u010dn\u011b losov\u00e1na bohat\u00e1 tombola, ve kter\u00e9 bylo p\u0159ipraveno t\u00e9\u017e mnoho p\u011bkn\u00fdch cen, hlavn\u00ed cenou byla\u00a0 bouda pro psa.\u00a0\u00a0 Po\u010das\u00ed bylo n\u00e1dhern\u00e9, ob\u010derstven\u00ed\u00a0 pro v\u0161echny bylo zaji\u0161t\u011bno po cel\u00fd den v m\u00edstn\u00ed kant\u00fdn\u011b, akce prob\u011bhla bez nejmen\u0161\u00edch chybi\u010dek.\u00a0 Jako po\u0159adatel\u00e9 tak douf\u00e1me, \u017ee se v\u0161em z\u00fa\u010dastn\u011bn\u00fdm v\u00fdstava NO l\u00edbila.<\/p>\n\n\n\n<div class=\"wp-block-buttons is-layout-flex wp-block-buttons-is-layout-flex\">\n<div class=\"wp-block-button\"><a class=\"wp-block-button__link wp-element-button\" href=\"http:\/\/zko-litomerice.cz\/wp-content\/uploads\/2023\/04\/vysledky_ov2012.pdf\">V\u00fdsledky<\/a><\/div>\n<\/div>\n\n\n\n<p><\/p>\n\n\n\n<figure class=\"wp-block-gallery has-nested-images columns-default is-cropped wp-block-gallery-1 is-layout-flex wp-block-gallery-is-layout-flex\">\n<figure class=\"wp-block-image size-large\"><a href=\"http:\/\/zko-litomerice.cz\/wp-content\/uploads\/2023\/04\/ov_ltm20124.jpg\"><img loading=\"lazy\" decoding=\"async\" width=\"800\" height=\"537\" data-id=\"8509\" src=\"http:\/\/zko-litomerice.cz\/wp-content\/uploads\/2023\/04\/ov_ltm20124.jpg\" alt=\"\" class=\"wp-image-8509\" srcset=\"https:\/\/zko-litomerice.cz\/wp-content\/uploads\/2023\/04\/ov_ltm20124.jpg 800w, https:\/\/zko-litomerice.cz\/wp-content\/uploads\/2023\/04\/ov_ltm20124-300x201.jpg 300w, https:\/\/zko-litomerice.cz\/wp-content\/uploads\/2023\/04\/ov_ltm20124-768x516.jpg 768w\" sizes=\"(max-width: 767px) 89vw, (max-width: 1000px) 54vw, (max-width: 1071px) 543px, 580px\" \/><\/a><\/figure>\n\n\n\n<figure class=\"wp-block-image size-large\"><a href=\"http:\/\/zko-litomerice.cz\/wp-content\/uploads\/2023\/04\/ov_ltm20122.jpg\"><img loading=\"lazy\" decoding=\"async\" width=\"800\" height=\"537\" data-id=\"8510\" src=\"http:\/\/zko-litomerice.cz\/wp-content\/uploads\/2023\/04\/ov_ltm20122.jpg\" alt=\"\" class=\"wp-image-8510\" srcset=\"https:\/\/zko-litomerice.cz\/wp-content\/uploads\/2023\/04\/ov_ltm20122.jpg 800w, https:\/\/zko-litomerice.cz\/wp-content\/uploads\/2023\/04\/ov_ltm20122-300x201.jpg 300w, https:\/\/zko-litomerice.cz\/wp-content\/uploads\/2023\/04\/ov_ltm20122-768x516.jpg 768w\" sizes=\"(max-width: 767px) 89vw, (max-width: 1000px) 54vw, (max-width: 1071px) 543px, 580px\" \/><\/a><\/figure>\n\n\n\n<figure class=\"wp-block-image size-large\"><a href=\"http:\/\/zko-litomerice.cz\/wp-content\/uploads\/2023\/04\/ov_ltm20123.jpg\"><img loading=\"lazy\" decoding=\"async\" width=\"800\" height=\"537\" data-id=\"8507\" src=\"http:\/\/zko-litomerice.cz\/wp-content\/uploads\/2023\/04\/ov_ltm20123.jpg\" alt=\"\" class=\"wp-image-8507\" srcset=\"https:\/\/zko-litomerice.cz\/wp-content\/uploads\/2023\/04\/ov_ltm20123.jpg 800w, https:\/\/zko-litomerice.cz\/wp-content\/uploads\/2023\/04\/ov_ltm20123-300x201.jpg 300w, https:\/\/zko-litomerice.cz\/wp-content\/uploads\/2023\/04\/ov_ltm20123-768x516.jpg 768w\" sizes=\"(max-width: 767px) 89vw, (max-width: 1000px) 54vw, (max-width: 1071px) 543px, 580px\" \/><\/a><\/figure>\n\n\n\n<figure class=\"wp-block-image size-large\"><a href=\"http:\/\/zko-litomerice.cz\/wp-content\/uploads\/2023\/04\/ov_ltm20121.jpg\"><img loading=\"lazy\" decoding=\"async\" width=\"800\" height=\"537\" data-id=\"8508\" src=\"http:\/\/zko-litomerice.cz\/wp-content\/uploads\/2023\/04\/ov_ltm20121.jpg\" alt=\"\" class=\"wp-image-8508\" srcset=\"https:\/\/zko-litomerice.cz\/wp-content\/uploads\/2023\/04\/ov_ltm20121.jpg 800w, https:\/\/zko-litomerice.cz\/wp-content\/uploads\/2023\/04\/ov_ltm20121-300x201.jpg 300w, https:\/\/zko-litomerice.cz\/wp-content\/uploads\/2023\/04\/ov_ltm20121-768x516.jpg 768w\" sizes=\"(max-width: 767px) 89vw, (max-width: 1000px) 54vw, (max-width: 1071px) 543px, 580px\" \/><\/a><\/figure>\n<\/figure>\n\n\n\n<p>V\u00edce fotografii z v\u00fdstavy <a href=\"https:\/\/ajpe.rajce.idnes.cz\/OV_Litomerice_17.6._2012\/\" data-type=\"URL\" data-id=\"https:\/\/ajpe.rajce.idnes.cz\/OV_Litomerice_17.6._2012\/\">zde<\/a> a v na\u0161\u00ed fotogalerii <a href=\"http:\/\/zko-litomerice.cz\/index.php\/oblastni-vystava-2012\/\" data-type=\"URL\" data-id=\"http:\/\/zko-litomerice.cz\/index.php\/oblastni-vystava-2012\/\">zde<\/a><\/p>\n","protected":false},"excerpt":{"rendered":"<p>Dne 17. 6. 2012 prob\u011bhla na na\u0161em cvi\u010di\u0161ti\u00a0 Oblastn\u00ed v\u00fdstava n\u011bmeck\u00fdch ov\u010d\u00e1k\u016f.\u00a0 Na akci bylo p\u0159ihl\u00e1\u0161eno 42 jedinc\u016f tohoto roz\u0161\u00ed\u0159en\u00e9ho plemene, posouzeno bylo 40 ps\u016f i fen.\u00a0\u00a0 Posuzov\u00e1n\u00ed prob\u011bhlo dle nov\u00fdch normativ \u010cKNO a jednotliv\u00ed jedinci tak byli rozd\u011bleni do t\u0159\u00edd kr\u00e1tkosrst\u00fdch a dlouhosrst\u00fdch zv\u00ed\u0159at. Dle p\u0159ihl\u00e1\u0161ek bylo otev\u0159eno 10 t\u0159\u00edd pro jedince kr\u00e1tkosrst\u00e9 a &hellip; <\/p>\n<p class=\"link-more\"><a href=\"https:\/\/zko-litomerice.cz\/index.php\/vystava-2012\/\" class=\"more-link\">Pokra\u010dovat ve \u010dten\u00ed<span class=\"screen-reader-text\"> &#8222;V\u00fdstava 2012&#8220;<\/span><\/a><\/p>\n","protected":false},"author":1,"featured_media":0,"parent":0,"menu_order":0,"comment_status":"closed","ping_status":"closed","template":"","meta":{"footnotes":""},"class_list":["post-8505","page","type-page","status-publish","hentry"],"_links":{"self":[{"href":"https:\/\/zko-litomerice.cz\/index.php\/wp-json\/wp\/v2\/pages\/8505"}],"collection":[{"href":"https:\/\/zko-litomerice.cz\/index.php\/wp-json\/wp\/v2\/pages"}],"about":[{"href":"https:\/\/zko-litomerice.cz\/index.php\/wp-json\/wp\/v2\/types\/page"}],"author":[{"embeddable":true,"href":"https:\/\/zko-litomerice.cz\/index.php\/wp-json\/wp\/v2\/users\/1"}],"replies":[{"embeddable":true,"href":"https:\/\/zko-litomerice.cz\/index.php\/wp-json\/wp\/v2\/comments?post=8505"}],"version-history":[{"count":1,"href":"https:\/\/zko-litomerice.cz\/index.php\/wp-json\/wp\/v2\/pages\/8505\/revisions"}],"predecessor-version":[{"id":8511,"href":"https:\/\/zko-litomerice.cz\/index.php\/wp-json\/wp\/v2\/pages\/8505\/revisions\/8511"}],"wp:attachment":[{"href":"https:\/\/zko-litomerice.cz\/index.php\/wp-json\/wp\/v2\/media?parent=8505"}],"curies":[{"name":"wp","href":"https:\/\/api.w.org\/{rel}","templated":true}]}}