{"id":8501,"date":"2023-04-20T08:36:06","date_gmt":"2023-04-20T06:36:06","guid":{"rendered":"http:\/\/zko-litomerice.cz\/?page_id=8501"},"modified":"2023-04-20T08:36:06","modified_gmt":"2023-04-20T06:36:06","slug":"letni-vycvikovy-tabor-2012-2","status":"publish","type":"page","link":"https:\/\/zko-litomerice.cz\/index.php\/letni-vycvikovy-tabor-2012-2\/","title":{"rendered":"Letn\u00ed v\u00fdcvikov\u00fd t\u00e1bor 2012"},"content":{"rendered":"\n<p><strong>V m\u011bs\u00edci \u010dervenci prob\u011bhl ji\u017e tradi\u010dn\u011b jako ka\u017ed\u00fd rok 14. ro\u010dn\u00edk letn\u00edho v\u00fdcvikov\u00e9ho t\u00e1bora. <\/strong><\/p>\n\n\n\n<p>T\u00e1bor prob\u011bhl ve dvou14-ti denn\u00edch turnusech. V leto\u0161n\u00edm roce byl t\u00e1bor zam\u011b\u0159en pouze na sportovn\u00ed kynologii, co\u017e \u00fa\u010dastn\u00edci velmi uv\u00edtali. V minul\u00fdch letech, kdy se prol\u00ednal v\u00fdcvik sportovn\u00ed kynologie a agility, voln\u011b pob\u00edhaj\u00edc\u00ed psi \u010dasto naru\u0161ovali sportovn\u00ed v\u00fdcvik. T\u00e1bora se z\u00fa\u010dastnilo 29 psovod\u016f z r\u016fzn\u00fdch kout\u016f na\u0161\u00ed republiky. Psovod\u016fm se po celou dobu pobytu v\u011bnovali dva zku\u0161en\u00ed v\u00fdcvik\u00e1\u0159i a figuranti 1. t\u0159\u00eddy. Oba turnusy byly jako v\u017edy zakon\u010deny zkou\u0161kami z v\u00fdkonu dle n\u00e1rodn\u00edho i mezin\u00e1rodn\u00edho zku\u0161ebn\u00edho \u0159\u00e1du, o n\u011b\u017e byl v r\u00e1mci t\u00e1bora velk\u00fd z\u00e1jem a zkou\u0161ky byly zcela napln\u011bny. \u00da\u010dastn\u00edci t\u00e1bora nastoupili ve \u010dty\u0159ech term\u00ednech na 43 zkou\u0161ek z v\u00fdkonu. <\/p>\n\n\n\n<p>Prvn\u00ed turnus LVT za\u010dal bohu\u017eel velmi nep\u0159\u00edzniv\u011b. Prudk\u00e9 bou\u0159ky zp\u016fsobily n\u011bkolik \u0161kod : poni\u010den\u00ed stanu, poni\u010den\u00ed chatky spadl\u00fdm stromem. Po skon\u010den\u00ed \u0159\u00e1d\u011bn\u00ed p\u0159\u00edrodn\u00edch \u017eivl\u016f si tak v\u0161ichni \u00fa\u010dastn\u00edci t\u00e1bora oddychli, \u017ee se nikomu nic nestalo, to bylo hlavn\u00ed. Jen\u017ee nejhor\u0161\u00ed r\u00e1na na \u00fa\u010dastn\u00edky prvn\u00edho turnusu teprve \u010dekala. Druh\u00fd den po zah\u00e1jen\u00ed turnusu do\u0161lo k tragick\u00e9 ud\u00e1losti, kdy \u00fa\u010dastnice t\u00e1bora Iva Kuklov\u00e1 z Liberce, kter\u00e1 se t\u00e1bora z\u00fa\u010dastnila ji\u017e \u010dtvrt\u00fdm rokem, zkolabovala p\u0159i v\u00fdkonu obran. I p\u0159es okam\u017eit\u00fd z\u00e1sah l\u00e9ka\u0159\u016f se ji\u017e bohu\u017eel nepoda\u0159ilo Ivu vr\u00e1tit zp\u011bt mezi n\u00e1s. Turnus byl tak touto smutnou ud\u00e1lost\u00ed poznamen\u00e1n, \u00fa\u010dastn\u00edci t\u00e1bora zapalovali sv\u00ed\u010dky na m\u00edst\u011b, kde k ne\u0161t\u011bst\u00ed do\u0161lo. Na n\u00e1st\u011bnce byla um\u00edst\u011bna fotografie pan\u00ed Kuklov\u00e9 s textem :\u201cIvo bude\u0161 tu st\u00e1le s n\u00e1mi\u201c a pod fotografi\u00ed se hromadily zap\u00e1len\u00e9 sv\u00ed\u010dky a \u010derstv\u00e9 kv\u011btiny. I p\u0159es tyto velmi nep\u0159\u00edzniv\u00e9 ud\u00e1losti se pokra\u010dovalo ve v\u00fdcviku a povedlo se tak naplnit a uskute\u010dnit oboje zkou\u0161ky z v\u00fdkonu. <\/p>\n\n\n\n<p>Druh\u00fd turnus pak prob\u011bhl zcela v poklidu, po\u010das\u00ed \u00fa\u010dastn\u00edk\u016fm celkem p\u0159\u00e1lo, n\u00e1lada byla ji\u017e lep\u0161\u00ed, a tak do\u0161lo i na zp\u011bv p\u0159i kyta\u0159e, na koup\u00e1n\u00ed v nedalek\u00e9 \u0159ece i na v\u00fdlety do bl\u00edzk\u00e9ho okol\u00ed \u010cesk\u00e9ho st\u0159edoho\u0159\u00ed.<\/p>\n\n\n\n<div class=\"wp-block-media-text alignwide is-stacked-on-mobile\"><figure class=\"wp-block-media-text__media\"><img loading=\"lazy\" decoding=\"async\" width=\"251\" height=\"200\" src=\"http:\/\/zko-litomerice.cz\/wp-content\/uploads\/2023\/04\/iva_kuklova.jpg\" alt=\"\" class=\"wp-image-8502 size-full\"\/><\/figure><div class=\"wp-block-media-text__content\">\n<p class=\"has-text-align-center\"><strong>\u017divot mus\u00ed j\u00edt d\u00e1l &#8211; Ivo, nezapomeneme!<\/strong><\/p>\n<\/div><\/div>\n","protected":false},"excerpt":{"rendered":"<p>V m\u011bs\u00edci \u010dervenci prob\u011bhl ji\u017e tradi\u010dn\u011b jako ka\u017ed\u00fd rok 14. ro\u010dn\u00edk letn\u00edho v\u00fdcvikov\u00e9ho t\u00e1bora. T\u00e1bor prob\u011bhl ve dvou14-ti denn\u00edch turnusech. V leto\u0161n\u00edm roce byl t\u00e1bor zam\u011b\u0159en pouze na sportovn\u00ed kynologii, co\u017e \u00fa\u010dastn\u00edci velmi uv\u00edtali. V minul\u00fdch letech, kdy se prol\u00ednal v\u00fdcvik sportovn\u00ed kynologie a agility, voln\u011b pob\u00edhaj\u00edc\u00ed psi \u010dasto naru\u0161ovali sportovn\u00ed v\u00fdcvik. T\u00e1bora se z\u00fa\u010dastnilo &hellip; <\/p>\n<p class=\"link-more\"><a href=\"https:\/\/zko-litomerice.cz\/index.php\/letni-vycvikovy-tabor-2012-2\/\" class=\"more-link\">Pokra\u010dovat ve \u010dten\u00ed<span class=\"screen-reader-text\"> &#8222;Letn\u00ed v\u00fdcvikov\u00fd t\u00e1bor 2012&#8220;<\/span><\/a><\/p>\n","protected":false},"author":1,"featured_media":0,"parent":0,"menu_order":0,"comment_status":"closed","ping_status":"closed","template":"","meta":{"footnotes":""},"class_list":["post-8501","page","type-page","status-publish","hentry"],"_links":{"self":[{"href":"https:\/\/zko-litomerice.cz\/index.php\/wp-json\/wp\/v2\/pages\/8501"}],"collection":[{"href":"https:\/\/zko-litomerice.cz\/index.php\/wp-json\/wp\/v2\/pages"}],"about":[{"href":"https:\/\/zko-litomerice.cz\/index.php\/wp-json\/wp\/v2\/types\/page"}],"author":[{"embeddable":true,"href":"https:\/\/zko-litomerice.cz\/index.php\/wp-json\/wp\/v2\/users\/1"}],"replies":[{"embeddable":true,"href":"https:\/\/zko-litomerice.cz\/index.php\/wp-json\/wp\/v2\/comments?post=8501"}],"version-history":[{"count":1,"href":"https:\/\/zko-litomerice.cz\/index.php\/wp-json\/wp\/v2\/pages\/8501\/revisions"}],"predecessor-version":[{"id":8503,"href":"https:\/\/zko-litomerice.cz\/index.php\/wp-json\/wp\/v2\/pages\/8501\/revisions\/8503"}],"wp:attachment":[{"href":"https:\/\/zko-litomerice.cz\/index.php\/wp-json\/wp\/v2\/media?parent=8501"}],"curies":[{"name":"wp","href":"https:\/\/api.w.org\/{rel}","templated":true}]}}