{"id":8495,"date":"2023-04-20T08:30:29","date_gmt":"2023-04-20T06:30:29","guid":{"rendered":"http:\/\/zko-litomerice.cz\/?page_id=8495"},"modified":"2023-04-20T08:30:29","modified_gmt":"2023-04-20T06:30:29","slug":"2-bonitace-2012","status":"publish","type":"page","link":"https:\/\/zko-litomerice.cz\/index.php\/2-bonitace-2012\/","title":{"rendered":"2. bonitace 2012"},"content":{"rendered":"\n<p><strong>Dne 17. 11. 2012 prob\u011bhla na na\u0161em cvi\u010di\u0161ti v leto\u0161n\u00edm roce ji\u017e druh\u00e1 bonitace n\u011bmeck\u00fdch ov\u010d\u00e1k\u016f.<\/strong><\/p>\n\n\n\n<p> Akce se z\u00fa\u010dastnilo 9 jedinc\u016f tohoto obl\u00edben\u00e9ho plemene.<br>Z dev\u00edti nastoupen\u00fdch jedinc\u016f splnilo osm podm\u00ednky pro za\u0159azen\u00ed do v\u00fdb\u011brov\u00e9ho chovu a jedna fena byla za\u0159azena do chovu kontrolovan\u00e9ho z d\u016fvodu nespln\u011bn\u00ed zkou\u0161ky povahy.<br>Bonita\u010dn\u00ed komisi tvo\u0159ili: hlavn\u00ed rozhod\u010d\u00ed Ji\u0159\u00ed \u0160i\u0161ka, krajsk\u00fd poradce chovu Josef Pr\u00e1\u0161il a figurant Ivo Valach<\/p>\n\n\n\n<p><strong>V\u00fdsledky:<\/strong><\/p>\n\n\n\n<figure class=\"wp-block-gallery has-nested-images columns-default is-cropped wp-block-gallery-1 is-layout-flex wp-block-gallery-is-layout-flex\">\n<figure class=\"wp-block-image size-large\"><a href=\"http:\/\/zko-litomerice.cz\/wp-content\/uploads\/2023\/04\/1boni_podzim2012.jpg\"><img loading=\"lazy\" decoding=\"async\" width=\"1024\" height=\"723\" data-id=\"8497\" src=\"http:\/\/zko-litomerice.cz\/wp-content\/uploads\/2023\/04\/1boni_podzim2012-1024x723.jpg\" alt=\"\" class=\"wp-image-8497\" srcset=\"https:\/\/zko-litomerice.cz\/wp-content\/uploads\/2023\/04\/1boni_podzim2012-1024x723.jpg 1024w, https:\/\/zko-litomerice.cz\/wp-content\/uploads\/2023\/04\/1boni_podzim2012-300x212.jpg 300w, https:\/\/zko-litomerice.cz\/wp-content\/uploads\/2023\/04\/1boni_podzim2012-768x542.jpg 768w, https:\/\/zko-litomerice.cz\/wp-content\/uploads\/2023\/04\/1boni_podzim2012.jpg 1511w\" sizes=\"(max-width: 767px) 89vw, (max-width: 1000px) 54vw, (max-width: 1071px) 543px, 580px\" \/><\/a><\/figure>\n\n\n\n<figure class=\"wp-block-image size-large\"><a href=\"http:\/\/zko-litomerice.cz\/wp-content\/uploads\/2023\/04\/2boni_podzim2012.jpg\"><img loading=\"lazy\" decoding=\"async\" width=\"1024\" height=\"691\" data-id=\"8496\" src=\"http:\/\/zko-litomerice.cz\/wp-content\/uploads\/2023\/04\/2boni_podzim2012-1024x691.jpg\" alt=\"\" class=\"wp-image-8496\" srcset=\"https:\/\/zko-litomerice.cz\/wp-content\/uploads\/2023\/04\/2boni_podzim2012-1024x691.jpg 1024w, https:\/\/zko-litomerice.cz\/wp-content\/uploads\/2023\/04\/2boni_podzim2012-300x202.jpg 300w, https:\/\/zko-litomerice.cz\/wp-content\/uploads\/2023\/04\/2boni_podzim2012-768x518.jpg 768w, https:\/\/zko-litomerice.cz\/wp-content\/uploads\/2023\/04\/2boni_podzim2012-1536x1037.jpg 1536w, https:\/\/zko-litomerice.cz\/wp-content\/uploads\/2023\/04\/2boni_podzim2012.jpg 1547w\" sizes=\"(max-width: 767px) 89vw, (max-width: 1000px) 54vw, (max-width: 1071px) 543px, 580px\" \/><\/a><\/figure>\n<\/figure>\n","protected":false},"excerpt":{"rendered":"<p>Dne 17. 11. 2012 prob\u011bhla na na\u0161em cvi\u010di\u0161ti v leto\u0161n\u00edm roce ji\u017e druh\u00e1 bonitace n\u011bmeck\u00fdch ov\u010d\u00e1k\u016f. Akce se z\u00fa\u010dastnilo 9 jedinc\u016f tohoto obl\u00edben\u00e9ho plemene.Z dev\u00edti nastoupen\u00fdch jedinc\u016f splnilo osm podm\u00ednky pro za\u0159azen\u00ed do v\u00fdb\u011brov\u00e9ho chovu a jedna fena byla za\u0159azena do chovu kontrolovan\u00e9ho z d\u016fvodu nespln\u011bn\u00ed zkou\u0161ky povahy.Bonita\u010dn\u00ed komisi tvo\u0159ili: hlavn\u00ed rozhod\u010d\u00ed Ji\u0159\u00ed \u0160i\u0161ka, krajsk\u00fd &hellip; <\/p>\n<p class=\"link-more\"><a href=\"https:\/\/zko-litomerice.cz\/index.php\/2-bonitace-2012\/\" class=\"more-link\">Pokra\u010dovat ve \u010dten\u00ed<span class=\"screen-reader-text\"> &#8222;2. bonitace 2012&#8220;<\/span><\/a><\/p>\n","protected":false},"author":1,"featured_media":0,"parent":0,"menu_order":0,"comment_status":"closed","ping_status":"closed","template":"","meta":{"footnotes":""},"class_list":["post-8495","page","type-page","status-publish","hentry"],"_links":{"self":[{"href":"https:\/\/zko-litomerice.cz\/index.php\/wp-json\/wp\/v2\/pages\/8495"}],"collection":[{"href":"https:\/\/zko-litomerice.cz\/index.php\/wp-json\/wp\/v2\/pages"}],"about":[{"href":"https:\/\/zko-litomerice.cz\/index.php\/wp-json\/wp\/v2\/types\/page"}],"author":[{"embeddable":true,"href":"https:\/\/zko-litomerice.cz\/index.php\/wp-json\/wp\/v2\/users\/1"}],"replies":[{"embeddable":true,"href":"https:\/\/zko-litomerice.cz\/index.php\/wp-json\/wp\/v2\/comments?post=8495"}],"version-history":[{"count":1,"href":"https:\/\/zko-litomerice.cz\/index.php\/wp-json\/wp\/v2\/pages\/8495\/revisions"}],"predecessor-version":[{"id":8498,"href":"https:\/\/zko-litomerice.cz\/index.php\/wp-json\/wp\/v2\/pages\/8495\/revisions\/8498"}],"wp:attachment":[{"href":"https:\/\/zko-litomerice.cz\/index.php\/wp-json\/wp\/v2\/media?parent=8495"}],"curies":[{"name":"wp","href":"https:\/\/api.w.org\/{rel}","templated":true}]}}