{"id":8485,"date":"2023-04-19T20:21:35","date_gmt":"2023-04-19T18:21:35","guid":{"rendered":"http:\/\/zko-litomerice.cz\/?page_id=8485"},"modified":"2023-04-19T20:21:35","modified_gmt":"2023-04-19T18:21:35","slug":"bonitace-2013","status":"publish","type":"page","link":"https:\/\/zko-litomerice.cz\/index.php\/bonitace-2013\/","title":{"rendered":"Bonitace 2013"},"content":{"rendered":"\n<p><strong>Dne 19. 5. 2013 prob\u011bhla na cvi\u010di\u0161ti prvn\u00ed leto\u0161n\u00ed bonitace n\u011bmeck\u00fdch ov\u010d\u00e1k\u016f.<\/strong><\/p>\n\n\n\n<p>Hlavn\u00edm rozhod\u010d\u00edm akce byl pan Ji\u0159\u00ed \u0160i\u0161ka, d\u00e1le bonita\u010dn\u00ed komisi tvo\u0159ili krajsk\u00fd poradce chovu pan Josef Pr\u00e1\u0161il a figurant Ivo Valach.<br>Akce se z\u00fa\u010dastnilo 9 ps\u016f NO, podm\u00ednky pro za\u0159azen\u00ed do v\u00fdb\u011brov\u00e9ho chovu splnilo 8 jedinc\u016f. Jedna fena nebyla za\u0159azena do v\u00fdb\u011brov\u00e9ho chovu z d\u016fvodu nespln\u011bn\u00ed zkou\u0161ky povahy.<\/p>\n\n\n\n<div class=\"wp-block-buttons is-layout-flex wp-block-buttons-is-layout-flex\">\n<div class=\"wp-block-button\"><a class=\"wp-block-button__link wp-element-button\" href=\"http:\/\/zko-litomerice.cz\/wp-content\/uploads\/2023\/04\/vysledky_bonitace_kveten2013.docx\">V\u00fdsledky bonitace<\/a><\/div>\n<\/div>\n","protected":false},"excerpt":{"rendered":"<p>Dne 19. 5. 2013 prob\u011bhla na cvi\u010di\u0161ti prvn\u00ed leto\u0161n\u00ed bonitace n\u011bmeck\u00fdch ov\u010d\u00e1k\u016f. Hlavn\u00edm rozhod\u010d\u00edm akce byl pan Ji\u0159\u00ed \u0160i\u0161ka, d\u00e1le bonita\u010dn\u00ed komisi tvo\u0159ili krajsk\u00fd poradce chovu pan Josef Pr\u00e1\u0161il a figurant Ivo Valach.Akce se z\u00fa\u010dastnilo 9 ps\u016f NO, podm\u00ednky pro za\u0159azen\u00ed do v\u00fdb\u011brov\u00e9ho chovu splnilo 8 jedinc\u016f. Jedna fena nebyla za\u0159azena do v\u00fdb\u011brov\u00e9ho chovu z &hellip; <\/p>\n<p class=\"link-more\"><a href=\"https:\/\/zko-litomerice.cz\/index.php\/bonitace-2013\/\" class=\"more-link\">Pokra\u010dovat ve \u010dten\u00ed<span class=\"screen-reader-text\"> &#8222;Bonitace 2013&#8220;<\/span><\/a><\/p>\n","protected":false},"author":1,"featured_media":0,"parent":0,"menu_order":0,"comment_status":"closed","ping_status":"closed","template":"","meta":{"footnotes":""},"class_list":["post-8485","page","type-page","status-publish","hentry"],"_links":{"self":[{"href":"https:\/\/zko-litomerice.cz\/index.php\/wp-json\/wp\/v2\/pages\/8485"}],"collection":[{"href":"https:\/\/zko-litomerice.cz\/index.php\/wp-json\/wp\/v2\/pages"}],"about":[{"href":"https:\/\/zko-litomerice.cz\/index.php\/wp-json\/wp\/v2\/types\/page"}],"author":[{"embeddable":true,"href":"https:\/\/zko-litomerice.cz\/index.php\/wp-json\/wp\/v2\/users\/1"}],"replies":[{"embeddable":true,"href":"https:\/\/zko-litomerice.cz\/index.php\/wp-json\/wp\/v2\/comments?post=8485"}],"version-history":[{"count":1,"href":"https:\/\/zko-litomerice.cz\/index.php\/wp-json\/wp\/v2\/pages\/8485\/revisions"}],"predecessor-version":[{"id":8487,"href":"https:\/\/zko-litomerice.cz\/index.php\/wp-json\/wp\/v2\/pages\/8485\/revisions\/8487"}],"wp:attachment":[{"href":"https:\/\/zko-litomerice.cz\/index.php\/wp-json\/wp\/v2\/media?parent=8485"}],"curies":[{"name":"wp","href":"https:\/\/api.w.org\/{rel}","templated":true}]}}