{"id":8470,"date":"2023-04-19T20:07:09","date_gmt":"2023-04-19T18:07:09","guid":{"rendered":"http:\/\/zko-litomerice.cz\/?page_id=8470"},"modified":"2023-04-19T20:07:09","modified_gmt":"2023-04-19T18:07:09","slug":"letni-vycvikovy-tabor-2013","status":"publish","type":"page","link":"https:\/\/zko-litomerice.cz\/index.php\/letni-vycvikovy-tabor-2013\/","title":{"rendered":"Letn\u00ed v\u00fdcvikov\u00fd t\u00e1bor 2013"},"content":{"rendered":"\n<p><strong>V m\u011bs\u00edci \u010dervenci\u00a0 prob\u011bhl\u00a0 ji\u017e 15-t\u00fd ro\u010dn\u00edk letn\u00edho v\u00fdcvikov\u00e9ho t\u00e1bora.\u00a0<\/strong> <\/p>\n\n\n\n<p>\u00da\u010dast na t\u00e1bo\u0159e byla zpo\u010d\u00e1tku jen velmi mal\u00e1, t\u00e1bor za\u010d\u00ednal prvn\u00ed t\u00fdden jen se t\u0159eni psovody.\u00a0 N\u00edzkou\u00a0 \u00fa\u010dast\u00a0 poznamenaly povodn\u011b, kter\u00e9 prob\u011bhly jen necel\u00fd m\u011bs\u00edc p\u0159ed kon\u00e1n\u00edm t\u00e1bora\u00a0 a\u00a0 zaplavily cvi\u010di\u0161t\u011b v\u010detn\u011b v\u0161eho p\u0159\u00edslu\u0161enstv\u00ed do v\u00fd\u0161e cca 4-5 metr\u016f. Mnoho potenci\u00e1ln\u00edch \u00fa\u010dastn\u00edk\u016f si tak myslelo, \u017ee t\u00e1bor bude zru\u0161en. Organizace v\u0161ak sta\u010dila za pouh\u00fdch 14 dn\u00ed s pomoc\u00ed mnoha p\u0159\u00e1tel klubu d\u00e1t v\u0161e do po\u0159\u00e1dku a akci tak nakonec uspo\u0159\u00e1dala. Po trochu rozpa\u010dit\u00fdch za\u010d\u00e1tc\u00edch se pak t\u00e1bor postupn\u011b plnil dal\u0161\u00edmi psovody, a i\u00a0 kdy\u017e \u00fa\u010dast nebyla takov\u00e1 jako v letech minul\u00fdch,\u00a0 prob\u011bhl\u00a0 t\u00e1bor\u00a0 jako ka\u017ed\u00fd rok ve dvou\u00a0 14- ti denn\u00edch\u00a0 turnusech.\u00a0 T\u00e9\u017e byly\u00a0 uskute\u010dn\u011bny v\u0161echny napl\u00e1novan\u00e9 zkou\u0161ky z v\u00fdkonu ps\u016f\u00a0 s maxim\u00e1ln\u00ed \u00fa\u010dastn\u00ed psovod\u016f. V r\u00e1mci t\u00e1bora tak prob\u011bhly dvoje zkou\u0161ky dle MZ\u0158\u00a0 IPO , dvoje zkou\u0161ky dle NZ\u0158 a jedny zkou\u0161ky dle zku\u0161ebn\u00edho \u0159\u00e1du Kynologick\u00e9 jednoty \u010cR\u00a0 Brno ZOP,ZPU.\u00a0 Psovodi\u00a0\u00a0 tak\u00a0 b\u011bhem\u00a0 t\u00e1bora\u00a0 nastoupili\u00a0 na\u00a0 \u00factyhodn\u00fdch\u00a0 63 zkou\u0161ek z v\u00fdkonu ps\u016f.\u00a0\u00a0 Po\u010das\u00ed \u00fa\u010dastn\u00edk\u016fm t\u00e1bora p\u0159\u00e1lo, po celou dobu nepr\u0161elo, naopak tepl\u00e9 po\u010das\u00ed vyb\u00edzelo t\u00e1born\u00edky ke koup\u00e1n\u00ed v nedalek\u00e9 \u0159ece Oh\u0159i. Po celou dobu pobytu fungovala pro \u00fa\u010dastn\u00edky t\u00e9\u017e\u00a0 kant\u00fdna s kompletn\u00ed mo\u017enost\u00ed stravov\u00e1n\u00ed.\u00a0\u00a0 Jedin\u00fdm tr\u00e1pen\u00edm pro t\u00e1born\u00edky oproti let\u016fm minul\u00fdm tak bylo pom\u011brn\u011b velk\u00e9 mno\u017estv\u00ed kom\u00e1r\u016f, kte\u0159\u00ed\u00a0\u00a0 znep\u0159\u00edjem\u0148ovali\u00a0\u00a0 pobyt zejm\u00e9na ve ve\u010dern\u00edch hodin\u00e1ch. V okol\u00ed cvi\u010di\u0161t\u011b byly po povodn\u00edch\u00a0 je\u0161t\u011b st\u00e1le nevyschnut\u00e9 laguny, kde se kom\u00e1\u0159i mno\u017eili.\u00a0 Nakonec\u00a0 v\u0161e napravily repelentn\u00ed prost\u0159edky a tak do\u0161lo ka\u017ed\u00fd ve\u010der i k p\u0159\u00edjemn\u00e9mu\u00a0 posezen\u00ed\u00a0 u pive\u010dka na verand\u011b, hran\u00ed kostek a karet.\u00a0\u00a0 I p\u0159es v\u0161echny nesn\u00e1ze, kter\u00e9 prov\u00e1zely za\u010d\u00e1tek t\u00e1bora, se jednalo nakonec o velmi p\u0159\u00edjemnou, t\u00e9m\u011b\u0159 rodinnou se\u0161lost milovn\u00edk\u016f ps\u016f.<\/p>\n\n\n\n<figure class=\"wp-block-gallery has-nested-images columns-default is-cropped wp-block-gallery-1 is-layout-flex wp-block-gallery-is-layout-flex\">\n<figure class=\"wp-block-image size-large\"><a href=\"http:\/\/zko-litomerice.cz\/wp-content\/uploads\/2023\/04\/2tabor2013.jpg\"><img loading=\"lazy\" decoding=\"async\" width=\"800\" height=\"536\" data-id=\"8471\" src=\"http:\/\/zko-litomerice.cz\/wp-content\/uploads\/2023\/04\/2tabor2013.jpg\" alt=\"\" class=\"wp-image-8471\" srcset=\"https:\/\/zko-litomerice.cz\/wp-content\/uploads\/2023\/04\/2tabor2013.jpg 800w, https:\/\/zko-litomerice.cz\/wp-content\/uploads\/2023\/04\/2tabor2013-300x201.jpg 300w, https:\/\/zko-litomerice.cz\/wp-content\/uploads\/2023\/04\/2tabor2013-768x515.jpg 768w\" sizes=\"(max-width: 767px) 89vw, (max-width: 1000px) 54vw, (max-width: 1071px) 543px, 580px\" \/><\/a><\/figure>\n\n\n\n<figure class=\"wp-block-image size-large\"><a href=\"http:\/\/zko-litomerice.cz\/wp-content\/uploads\/2023\/04\/1tabor2013.jpg\"><img loading=\"lazy\" decoding=\"async\" width=\"800\" height=\"518\" data-id=\"8473\" src=\"http:\/\/zko-litomerice.cz\/wp-content\/uploads\/2023\/04\/1tabor2013.jpg\" alt=\"\" class=\"wp-image-8473\" srcset=\"https:\/\/zko-litomerice.cz\/wp-content\/uploads\/2023\/04\/1tabor2013.jpg 800w, https:\/\/zko-litomerice.cz\/wp-content\/uploads\/2023\/04\/1tabor2013-300x194.jpg 300w, https:\/\/zko-litomerice.cz\/wp-content\/uploads\/2023\/04\/1tabor2013-768x497.jpg 768w\" sizes=\"(max-width: 767px) 89vw, (max-width: 1000px) 54vw, (max-width: 1071px) 543px, 580px\" \/><\/a><\/figure>\n\n\n\n<figure class=\"wp-block-image size-large\"><a href=\"http:\/\/zko-litomerice.cz\/wp-content\/uploads\/2023\/04\/4tabor2013.jpg\"><img loading=\"lazy\" decoding=\"async\" width=\"800\" height=\"536\" data-id=\"8472\" src=\"http:\/\/zko-litomerice.cz\/wp-content\/uploads\/2023\/04\/4tabor2013.jpg\" alt=\"\" class=\"wp-image-8472\" srcset=\"https:\/\/zko-litomerice.cz\/wp-content\/uploads\/2023\/04\/4tabor2013.jpg 800w, https:\/\/zko-litomerice.cz\/wp-content\/uploads\/2023\/04\/4tabor2013-300x201.jpg 300w, https:\/\/zko-litomerice.cz\/wp-content\/uploads\/2023\/04\/4tabor2013-768x515.jpg 768w\" sizes=\"(max-width: 767px) 89vw, (max-width: 1000px) 54vw, (max-width: 1071px) 543px, 580px\" \/><\/a><\/figure>\n<\/figure>\n\n\n\n<p><strong>Fotogalerie: <\/strong><\/p>\n\n\n\n<p><a href=\"https:\/\/zef.rajce.idnes.cz\/15_07_2013-Vycvikovy_tabor_ZKO_Litomerice_533\/\">https:\/\/zef.rajce.idnes.cz\/15_07_2013-Vycvikovy_tabor_ZKO_Litomerice_533\/<\/a><\/p>\n\n\n\n<p><a href=\"https:\/\/zef.rajce.idnes.cz\/16_07_2013-Vycvikovy_tabor_ZKO_Litomerice_533\/\">https:\/\/zef.rajce.idnes.cz\/16_07_2013-Vycvikovy_tabor_ZKO_Litomerice_533\/<\/a><\/p>\n\n\n\n<p><a href=\"https:\/\/zef.rajce.idnes.cz\/07_2013-Vycvikovy_tabor_ZKO_Litomerice_533_HUGO_ZEF\/\">https:\/\/zef.rajce.idnes.cz\/07_2013-Vycvikovy_tabor_ZKO_Litomerice_533_HUGO_ZEF\/<\/a><\/p>\n","protected":false},"excerpt":{"rendered":"<p>V m\u011bs\u00edci \u010dervenci\u00a0 prob\u011bhl\u00a0 ji\u017e 15-t\u00fd ro\u010dn\u00edk letn\u00edho v\u00fdcvikov\u00e9ho t\u00e1bora.\u00a0 \u00da\u010dast na t\u00e1bo\u0159e byla zpo\u010d\u00e1tku jen velmi mal\u00e1, t\u00e1bor za\u010d\u00ednal prvn\u00ed t\u00fdden jen se t\u0159eni psovody.\u00a0 N\u00edzkou\u00a0 \u00fa\u010dast\u00a0 poznamenaly povodn\u011b, kter\u00e9 prob\u011bhly jen necel\u00fd m\u011bs\u00edc p\u0159ed kon\u00e1n\u00edm t\u00e1bora\u00a0 a\u00a0 zaplavily cvi\u010di\u0161t\u011b v\u010detn\u011b v\u0161eho p\u0159\u00edslu\u0161enstv\u00ed do v\u00fd\u0161e cca 4-5 metr\u016f. Mnoho potenci\u00e1ln\u00edch \u00fa\u010dastn\u00edk\u016f si tak myslelo, &hellip; <\/p>\n<p class=\"link-more\"><a href=\"https:\/\/zko-litomerice.cz\/index.php\/letni-vycvikovy-tabor-2013\/\" class=\"more-link\">Pokra\u010dovat ve \u010dten\u00ed<span class=\"screen-reader-text\"> &#8222;Letn\u00ed v\u00fdcvikov\u00fd t\u00e1bor 2013&#8220;<\/span><\/a><\/p>\n","protected":false},"author":1,"featured_media":0,"parent":0,"menu_order":0,"comment_status":"closed","ping_status":"closed","template":"","meta":{"footnotes":""},"class_list":["post-8470","page","type-page","status-publish","hentry"],"_links":{"self":[{"href":"https:\/\/zko-litomerice.cz\/index.php\/wp-json\/wp\/v2\/pages\/8470"}],"collection":[{"href":"https:\/\/zko-litomerice.cz\/index.php\/wp-json\/wp\/v2\/pages"}],"about":[{"href":"https:\/\/zko-litomerice.cz\/index.php\/wp-json\/wp\/v2\/types\/page"}],"author":[{"embeddable":true,"href":"https:\/\/zko-litomerice.cz\/index.php\/wp-json\/wp\/v2\/users\/1"}],"replies":[{"embeddable":true,"href":"https:\/\/zko-litomerice.cz\/index.php\/wp-json\/wp\/v2\/comments?post=8470"}],"version-history":[{"count":1,"href":"https:\/\/zko-litomerice.cz\/index.php\/wp-json\/wp\/v2\/pages\/8470\/revisions"}],"predecessor-version":[{"id":8474,"href":"https:\/\/zko-litomerice.cz\/index.php\/wp-json\/wp\/v2\/pages\/8470\/revisions\/8474"}],"wp:attachment":[{"href":"https:\/\/zko-litomerice.cz\/index.php\/wp-json\/wp\/v2\/media?parent=8470"}],"curies":[{"name":"wp","href":"https:\/\/api.w.org\/{rel}","templated":true}]}}