{"id":8466,"date":"2023-04-19T19:57:54","date_gmt":"2023-04-19T17:57:54","guid":{"rendered":"http:\/\/zko-litomerice.cz\/?page_id=8466"},"modified":"2023-04-19T19:57:54","modified_gmt":"2023-04-19T17:57:54","slug":"2-bonitace-2013","status":"publish","type":"page","link":"https:\/\/zko-litomerice.cz\/index.php\/2-bonitace-2013\/","title":{"rendered":"2. bonitace 2013"},"content":{"rendered":"\n<p><strong>Dne 16. 11. 2013 prob\u011bhla na cvi\u010di\u0161ti leto\u0161n\u00ed druh\u00e1 bonitace n\u011bmeck\u00fdch ov\u010d\u00e1k\u016f.<\/strong><\/p>\n\n\n\n<p>Akce se z\u00fa\u010dastnilo 19 ps\u016f. Bonita\u010dn\u00ed komise pracovala ve slo\u017een\u00ed pan Ji\u0159\u00ed \u0160i\u0161ka &#8211; hlavn\u00ed rozhod\u010d\u00ed, pan Pavel V\u00e1pen\u00edk &#8211; okresn\u00ed poradce chovu a pan Ivo Valach &#8211; figurant. Z 19-ti nastoupen\u00fdch ps\u016f dva nesplnili zkou\u0161ku povahy a byli tak za\u0159azeni do chovu kontrolovan\u00e9ho. Ostatn\u00ed jedinci splnili krit\u00e9ria za\u0159azen\u00ed do chovu v\u00fdb\u011brov\u00e9ho.<\/p>\n\n\n\n<div class=\"wp-block-buttons is-layout-flex wp-block-buttons-is-layout-flex\">\n<div class=\"wp-block-button\"><a class=\"wp-block-button__link wp-element-button\" href=\"http:\/\/zko-litomerice.cz\/wp-content\/uploads\/2023\/04\/bonitace16112013_vysledky.docx\">V\u00fdsledky bonitace<\/a><\/div>\n<\/div>\n","protected":false},"excerpt":{"rendered":"<p>Dne 16. 11. 2013 prob\u011bhla na cvi\u010di\u0161ti leto\u0161n\u00ed druh\u00e1 bonitace n\u011bmeck\u00fdch ov\u010d\u00e1k\u016f. Akce se z\u00fa\u010dastnilo 19 ps\u016f. Bonita\u010dn\u00ed komise pracovala ve slo\u017een\u00ed pan Ji\u0159\u00ed \u0160i\u0161ka &#8211; hlavn\u00ed rozhod\u010d\u00ed, pan Pavel V\u00e1pen\u00edk &#8211; okresn\u00ed poradce chovu a pan Ivo Valach &#8211; figurant. Z 19-ti nastoupen\u00fdch ps\u016f dva nesplnili zkou\u0161ku povahy a byli tak za\u0159azeni do chovu &hellip; <\/p>\n<p class=\"link-more\"><a href=\"https:\/\/zko-litomerice.cz\/index.php\/2-bonitace-2013\/\" class=\"more-link\">Pokra\u010dovat ve \u010dten\u00ed<span class=\"screen-reader-text\"> &#8222;2. bonitace 2013&#8220;<\/span><\/a><\/p>\n","protected":false},"author":1,"featured_media":0,"parent":0,"menu_order":0,"comment_status":"closed","ping_status":"closed","template":"","meta":{"footnotes":""},"class_list":["post-8466","page","type-page","status-publish","hentry"],"_links":{"self":[{"href":"https:\/\/zko-litomerice.cz\/index.php\/wp-json\/wp\/v2\/pages\/8466"}],"collection":[{"href":"https:\/\/zko-litomerice.cz\/index.php\/wp-json\/wp\/v2\/pages"}],"about":[{"href":"https:\/\/zko-litomerice.cz\/index.php\/wp-json\/wp\/v2\/types\/page"}],"author":[{"embeddable":true,"href":"https:\/\/zko-litomerice.cz\/index.php\/wp-json\/wp\/v2\/users\/1"}],"replies":[{"embeddable":true,"href":"https:\/\/zko-litomerice.cz\/index.php\/wp-json\/wp\/v2\/comments?post=8466"}],"version-history":[{"count":1,"href":"https:\/\/zko-litomerice.cz\/index.php\/wp-json\/wp\/v2\/pages\/8466\/revisions"}],"predecessor-version":[{"id":8468,"href":"https:\/\/zko-litomerice.cz\/index.php\/wp-json\/wp\/v2\/pages\/8466\/revisions\/8468"}],"wp:attachment":[{"href":"https:\/\/zko-litomerice.cz\/index.php\/wp-json\/wp\/v2\/media?parent=8466"}],"curies":[{"name":"wp","href":"https:\/\/api.w.org\/{rel}","templated":true}]}}