{"id":8461,"date":"2023-04-19T19:55:07","date_gmt":"2023-04-19T17:55:07","guid":{"rendered":"http:\/\/zko-litomerice.cz\/?page_id=8461"},"modified":"2023-04-19T19:55:07","modified_gmt":"2023-04-19T17:55:07","slug":"obranarsky-zavod-2014-2","status":"publish","type":"page","link":"https:\/\/zko-litomerice.cz\/index.php\/obranarsky-zavod-2014-2\/","title":{"rendered":"Obran\u00e1\u0159sk\u00fd z\u00e1vod 2014"},"content":{"rendered":"\n<p><strong>Dne 8. 3. 2014 prob\u011bhl na na\u0161em cvi\u010di\u0161ti jubilejn\u00ed ji\u017e 10. ro\u010dn\u00edk obran\u00e1\u0159sk\u00e9ho z\u00e1vodu. <\/strong><\/p>\n\n\n\n<p>Z\u00e1vodu se z\u00fa\u010dastnilo 37 z\u00e1vodn\u00edk\u016f z r\u016fzn\u00fdch ZKO. Posouzen\u00ed z\u00e1vodu se ujal, jako roky p\u0159ede\u0161l\u00e9, rozhod\u010d\u00ed 1. t\u0159\u00eddy pan Ji\u0159\u00ed Pru\u017eina. Funkce figuranta se v leto\u0161n\u00edm roce zhostil pan Roman \u010cerm\u00e1k.\u00a0 Sout\u011b\u017eilo se v kategori\u00edch dle zku\u0161ebn\u00edho \u0159\u00e1du NZ\u0158:\u00a0 ZZO,ZM,ZVV 1 a ZVV2 beze stop a speci\u00e1ln\u00edch discipl\u00edn.\u00a0\u00a0 Cel\u00fd z\u00e1vod prob\u00edhal v dobr\u00e9 pohod\u011b d\u00edky dobr\u00e9 organizaci a profesion\u00e1ln\u00edmu ozvu\u010den\u00ed, kter\u00e9 velmi usnadnilo komunikaci mezi z\u00e1vodn\u00edky a organiz\u00e1tory. K dobr\u00e9 n\u00e1lad\u011b t\u00e9\u017e p\u0159isp\u011blo n\u00e1dhern\u00e9 po\u010das\u00ed a bohat\u011b z\u00e1soben\u00e1 kant\u00fdna.\u00a0\u00a0 I p\u0159es pom\u011brn\u011b velkou \u00fa\u010dast z\u00e1vodn\u00edk\u016f byl z\u00e1vod ukon\u010den kolem 16. hodiny vyhl\u00e1\u0161en\u00edm v\u00fdsledk\u016f. Pro\u00a0 z\u00e1vodn\u00edky\u00a0 bylo p\u0159ipraveno mnoho kr\u00e1sn\u00fdch cen od firmy Euroben, dovozce \u0161pi\u010dkov\u00e9ho krmiva Happy dog, kter\u00e1 byla hlavn\u00edm sponzorem z\u00e1vodu. Pro ka\u017ed\u00e9ho z\u00e1vodn\u00edka byla tak p\u0159ipravena ta\u0161ka s drobn\u00fdmi dary, prvn\u00edch p\u011bt z\u00e1vodn\u00edk\u016f v ka\u017ed\u00e9 kategorii obdr\u017eelo krmivo pro psy a prvn\u00ed t\u0159i z\u00e1vodn\u00edci v ka\u017ed\u00e9 kategorii byli odm\u011bn\u011bni t\u00e9\u017e p\u011bkn\u00fdmi poh\u00e1ry.\u00a0\u00a0 Poh\u00e1rem a krmivem byl ocen\u011bn na z\u00e1v\u011br z\u00e1vodu t\u00e9\u017e nejlep\u0161\u00ed obran\u00e1\u0159 z\u00e1vodu, kter\u00fdm se pro leto\u0161n\u00ed rok stala Petra Adamcov\u00e1 se sv\u00fdm pejskem Max\u00edkem.<\/p>\n\n\n\n<div class=\"wp-block-buttons is-layout-flex wp-block-buttons-is-layout-flex\">\n<div class=\"wp-block-button\"><a class=\"wp-block-button__link wp-element-button\" href=\"http:\/\/zko-litomerice.cz\/wp-content\/uploads\/2023\/04\/zavod2014.docx\">V\u00fdsledky z\u00e1vodu<\/a><\/div>\n<\/div>\n\n\n\n<p><\/p>\n\n\n\n<figure class=\"wp-block-image size-large\"><img loading=\"lazy\" decoding=\"async\" width=\"1024\" height=\"642\" src=\"http:\/\/zko-litomerice.cz\/wp-content\/uploads\/2023\/04\/zavod_foto-1024x642.jpg\" alt=\"\" class=\"wp-image-8462\" srcset=\"https:\/\/zko-litomerice.cz\/wp-content\/uploads\/2023\/04\/zavod_foto-1024x642.jpg 1024w, https:\/\/zko-litomerice.cz\/wp-content\/uploads\/2023\/04\/zavod_foto-300x188.jpg 300w, https:\/\/zko-litomerice.cz\/wp-content\/uploads\/2023\/04\/zavod_foto-768x481.jpg 768w, https:\/\/zko-litomerice.cz\/wp-content\/uploads\/2023\/04\/zavod_foto.jpg 1465w\" sizes=\"(max-width: 767px) 89vw, (max-width: 1000px) 54vw, (max-width: 1071px) 543px, 580px\" \/><\/figure>\n","protected":false},"excerpt":{"rendered":"<p>Dne 8. 3. 2014 prob\u011bhl na na\u0161em cvi\u010di\u0161ti jubilejn\u00ed ji\u017e 10. ro\u010dn\u00edk obran\u00e1\u0159sk\u00e9ho z\u00e1vodu. Z\u00e1vodu se z\u00fa\u010dastnilo 37 z\u00e1vodn\u00edk\u016f z r\u016fzn\u00fdch ZKO. Posouzen\u00ed z\u00e1vodu se ujal, jako roky p\u0159ede\u0161l\u00e9, rozhod\u010d\u00ed 1. t\u0159\u00eddy pan Ji\u0159\u00ed Pru\u017eina. Funkce figuranta se v leto\u0161n\u00edm roce zhostil pan Roman \u010cerm\u00e1k.\u00a0 Sout\u011b\u017eilo se v kategori\u00edch dle zku\u0161ebn\u00edho \u0159\u00e1du NZ\u0158:\u00a0 ZZO,ZM,ZVV 1 &hellip; <\/p>\n<p class=\"link-more\"><a href=\"https:\/\/zko-litomerice.cz\/index.php\/obranarsky-zavod-2014-2\/\" class=\"more-link\">Pokra\u010dovat ve \u010dten\u00ed<span class=\"screen-reader-text\"> &#8222;Obran\u00e1\u0159sk\u00fd z\u00e1vod 2014&#8220;<\/span><\/a><\/p>\n","protected":false},"author":1,"featured_media":0,"parent":0,"menu_order":0,"comment_status":"closed","ping_status":"closed","template":"","meta":{"footnotes":""},"class_list":["post-8461","page","type-page","status-publish","hentry"],"_links":{"self":[{"href":"https:\/\/zko-litomerice.cz\/index.php\/wp-json\/wp\/v2\/pages\/8461"}],"collection":[{"href":"https:\/\/zko-litomerice.cz\/index.php\/wp-json\/wp\/v2\/pages"}],"about":[{"href":"https:\/\/zko-litomerice.cz\/index.php\/wp-json\/wp\/v2\/types\/page"}],"author":[{"embeddable":true,"href":"https:\/\/zko-litomerice.cz\/index.php\/wp-json\/wp\/v2\/users\/1"}],"replies":[{"embeddable":true,"href":"https:\/\/zko-litomerice.cz\/index.php\/wp-json\/wp\/v2\/comments?post=8461"}],"version-history":[{"count":1,"href":"https:\/\/zko-litomerice.cz\/index.php\/wp-json\/wp\/v2\/pages\/8461\/revisions"}],"predecessor-version":[{"id":8464,"href":"https:\/\/zko-litomerice.cz\/index.php\/wp-json\/wp\/v2\/pages\/8461\/revisions\/8464"}],"wp:attachment":[{"href":"https:\/\/zko-litomerice.cz\/index.php\/wp-json\/wp\/v2\/media?parent=8461"}],"curies":[{"name":"wp","href":"https:\/\/api.w.org\/{rel}","templated":true}]}}