{"id":8443,"date":"2023-04-19T19:35:40","date_gmt":"2023-04-19T17:35:40","guid":{"rendered":"http:\/\/zko-litomerice.cz\/?page_id=8443"},"modified":"2023-04-19T19:37:20","modified_gmt":"2023-04-19T17:37:20","slug":"lvt-2014-a-2-bonitace-no","status":"publish","type":"page","link":"https:\/\/zko-litomerice.cz\/index.php\/lvt-2014-a-2-bonitace-no\/","title":{"rendered":"Letn\u00ed v\u00fdcvikov\u00fd t\u00e1bor 2014 a 2. bonitace NO"},"content":{"rendered":"\n<p><strong>V m\u011bs\u00edci \u010dervenci 2014 prob\u011bhl na na\u0161em kynologick\u00e9m cvi\u010di\u0161ti ji\u017e \u0161estn\u00e1ct\u00fd ro\u010dn\u00edk tradi\u010dn\u00edho letn\u00edho v\u00fdcvikov\u00e9ho t\u00e1bora<\/strong>\u00a0<\/p>\n\n\n\n<p>zam\u011b\u0159en\u00e9ho na sportovn\u00ed kynologii. T\u00e1bor v leto\u0161n\u00edm roce prob\u011bhl poprv\u00e9 pouze v jednom \u010dtrn\u00e1ctidenn\u00edm turnuse z d\u016fvodu zm\u011bny zam\u011bstn\u00e1n\u00ed hlavn\u00edho v\u00fdcvik\u00e1\u0159e, kter\u00fd tak nem\u011bl v nov\u00e9m zam\u011bstn\u00e1n\u00ed n\u00e1rok na dostate\u010dnou \u010d\u00e1st dovolen\u00e9. Z tohoto d\u016fvodu byla v leto\u0161n\u00edm roce i ni\u017e\u0161\u00ed \u00fa\u010dast psovod\u016f na akci, nebo\u0165 v\u0161em psovod\u016fm jen jeden term\u00edn nevyhovoval. N\u011bkter\u00fdm st\u00e1l\u00fdm klient\u016fm na\u0161\u00ed organizace tak byl umo\u017en\u011bn pobyt na cvi\u010di\u0161ti i ve druh\u00e9m turnuse, kter\u00fd prob\u011bhl bez v\u00fdcvik\u00e1\u0159e. Z\u00fa\u010dastn\u011bn\u00ed si tak mohli b\u011bhem dopoledne cvi\u010dit sv\u00e9 pejsky sami nebo si u\u017e\u00edvat jin\u00fdch aktivit zcela dle vlastn\u00edho uv\u00e1\u017een\u00ed a odpoledne pak n\u00e1sledn\u011b prob\u00edhala obrana. V\u00fdcvik sportovn\u00ed kynologie byl rozd\u011blen na \u00fapln\u011b za\u010d\u00ednaj\u00edc\u00ed psovody a pokro\u010dil\u00e9 psovody. Ob\u011bma skupin\u00e1m se v\u011bnovali v\u00fdcvik\u00e1\u0159i individueln\u011b. Pokro\u010dil\u00ed psovodi si pak mohli v pr\u016fb\u011bhu letn\u00edho v\u00fdcvikov\u00e9ho t\u00e1bora slo\u017eit se sv\u00fdm pejskem zkou\u0161ku z v\u00fdkonu dle n\u00e1rodn\u00edho nebo mezin\u00e1rodn\u00edho zku\u0161ebn\u00edho \u0159\u00e1du. Zkou\u0161ky byly nakonec uspo\u0159\u00e1d\u00e1ny jak na konci 1. ofici\u00e1ln\u00edho turnusu, tak i na konci 2. neofici\u00e1ln\u00edho turnusu, s pom\u011brn\u011b vysokou \u00fa\u010dast\u00ed psovod\u016f. Zkou\u0161ek se z\u00fa\u010dastnilo v pr\u016fb\u011bhu \u010dervence 39 psovod\u016f. Po celou dobu ofici\u00e1ln\u00edho turnusu byla v\u0161em z\u00fa\u010dastn\u011bn\u00fdm dostupn\u00e1 kant\u00fdna, kter\u00e1 zaji\u0161\u0165ovala po cel\u00fd den dostatek j\u00eddla, v\u010detn\u011b dovozu ob\u011bd\u016f. Ve druh\u00e9m neofici\u00e1ln\u00edm term\u00ednu pak byl z\u00fa\u010dastn\u011bn\u00fdm umo\u017en\u011bn p\u0159\u00edstup do kuchy\u0148ky, kde si mohli v\u0161e pot\u0159ebn\u00e9 uva\u0159it sami. Po\u010das\u00ed z\u00fa\u010dastn\u011bn\u00fdm p\u0159\u00e1lo a tak se jednalo op\u011bt o p\u0159\u00edjemn\u00e9 setk\u00e1n\u00ed psovod\u016f a jejich mil\u00e1\u010dk\u016f.<\/p>\n\n\n\n<figure class=\"wp-block-gallery has-nested-images columns-default is-cropped wp-block-gallery-1 is-layout-flex wp-block-gallery-is-layout-flex\">\n<figure class=\"wp-block-image size-large\"><a href=\"http:\/\/zko-litomerice.cz\/wp-content\/uploads\/2023\/04\/20140711_084627-1.jpg\"><img loading=\"lazy\" decoding=\"async\" width=\"900\" height=\"432\" data-id=\"8445\" src=\"http:\/\/zko-litomerice.cz\/wp-content\/uploads\/2023\/04\/20140711_084627-1.jpg\" alt=\"\" class=\"wp-image-8445\" srcset=\"https:\/\/zko-litomerice.cz\/wp-content\/uploads\/2023\/04\/20140711_084627-1.jpg 900w, https:\/\/zko-litomerice.cz\/wp-content\/uploads\/2023\/04\/20140711_084627-1-300x144.jpg 300w, https:\/\/zko-litomerice.cz\/wp-content\/uploads\/2023\/04\/20140711_084627-1-768x369.jpg 768w\" sizes=\"(max-width: 767px) 89vw, (max-width: 1000px) 54vw, (max-width: 1071px) 543px, 580px\" \/><\/a><\/figure>\n\n\n\n<figure class=\"wp-block-image size-large\"><a href=\"http:\/\/zko-litomerice.cz\/wp-content\/uploads\/2023\/04\/20140711_084733.jpg\"><img loading=\"lazy\" decoding=\"async\" width=\"899\" height=\"409\" data-id=\"8444\" src=\"http:\/\/zko-litomerice.cz\/wp-content\/uploads\/2023\/04\/20140711_084733.jpg\" alt=\"\" class=\"wp-image-8444\" srcset=\"https:\/\/zko-litomerice.cz\/wp-content\/uploads\/2023\/04\/20140711_084733.jpg 899w, https:\/\/zko-litomerice.cz\/wp-content\/uploads\/2023\/04\/20140711_084733-300x136.jpg 300w, https:\/\/zko-litomerice.cz\/wp-content\/uploads\/2023\/04\/20140711_084733-768x349.jpg 768w\" sizes=\"(max-width: 767px) 89vw, (max-width: 1000px) 54vw, (max-width: 1071px) 543px, 580px\" \/><\/a><\/figure>\n<\/figure>\n\n\n\n<p><strong>Dne 15. 11. 2014 prob\u011bhla letos ji\u017e druh\u00e1 bonitace n\u011bmeck\u00fdch ov\u010d\u00e1k\u016f.<\/strong><\/p>\n\n\n\n<p>\u00da\u010dast byla oproti prvn\u00ed leto\u0161n\u00ed bonitaci (\u00fa\u010dast jen 6 psovod\u016f) daleko vy\u0161\u0161\u00ed. Bonitace se z\u00fa\u010dastnilo 18 p\u0159ihl\u00e1\u0161en\u00fdch, v\u0161ichni jedinci splnili podm\u00ednky pro za\u0159azen\u00ed do v\u00fdb\u011brov\u00e9ho chovu, z toho 17 jedinc\u016f bylo za\u0159azeno do 1. t\u0159\u00eddy chovnosti a pouze jeden jedinec do 2. t\u0159\u00eddy chovnosti.<br>Bonita\u010dn\u00ed komisi tvo\u0159ili ji\u017e tradi\u010dn\u011b rozhod\u010d\u00ed Ji\u0159\u00ed \u0160i\u0161ka, KPCH Josef Pr\u00e1\u0161il a figurant Ivo Valach.<\/p>\n\n\n\n<div class=\"wp-block-buttons is-layout-flex wp-block-buttons-is-layout-flex\">\n<div class=\"wp-block-button\"><a class=\"wp-block-button__link wp-element-button\" href=\"http:\/\/zko-litomerice.cz\/wp-content\/uploads\/2023\/04\/Bonitace-15-11-2014.jpg\" target=\"_blank\" rel=\"noreferrer noopener\">V\u00fdsledky bonitace<\/a><\/div>\n<\/div>\n\n\n\n<p><\/p>\n\n\n\n<figure class=\"wp-block-image size-full\"><a href=\"http:\/\/zko-litomerice.cz\/wp-content\/uploads\/2023\/04\/20140710_190906.jpg\"><img loading=\"lazy\" decoding=\"async\" width=\"1000\" height=\"379\" src=\"http:\/\/zko-litomerice.cz\/wp-content\/uploads\/2023\/04\/20140710_190906.jpg\" alt=\"\" class=\"wp-image-8447\" srcset=\"https:\/\/zko-litomerice.cz\/wp-content\/uploads\/2023\/04\/20140710_190906.jpg 1000w, https:\/\/zko-litomerice.cz\/wp-content\/uploads\/2023\/04\/20140710_190906-300x114.jpg 300w, https:\/\/zko-litomerice.cz\/wp-content\/uploads\/2023\/04\/20140710_190906-768x291.jpg 768w\" sizes=\"(max-width: 767px) 89vw, (max-width: 1000px) 54vw, (max-width: 1071px) 543px, 580px\" \/><\/a><\/figure>\n","protected":false},"excerpt":{"rendered":"<p>V m\u011bs\u00edci \u010dervenci 2014 prob\u011bhl na na\u0161em kynologick\u00e9m cvi\u010di\u0161ti ji\u017e \u0161estn\u00e1ct\u00fd ro\u010dn\u00edk tradi\u010dn\u00edho letn\u00edho v\u00fdcvikov\u00e9ho t\u00e1bora\u00a0 zam\u011b\u0159en\u00e9ho na sportovn\u00ed kynologii. T\u00e1bor v leto\u0161n\u00edm roce prob\u011bhl poprv\u00e9 pouze v jednom \u010dtrn\u00e1ctidenn\u00edm turnuse z d\u016fvodu zm\u011bny zam\u011bstn\u00e1n\u00ed hlavn\u00edho v\u00fdcvik\u00e1\u0159e, kter\u00fd tak nem\u011bl v nov\u00e9m zam\u011bstn\u00e1n\u00ed n\u00e1rok na dostate\u010dnou \u010d\u00e1st dovolen\u00e9. Z tohoto d\u016fvodu byla v leto\u0161n\u00edm roce &hellip; <\/p>\n<p class=\"link-more\"><a href=\"https:\/\/zko-litomerice.cz\/index.php\/lvt-2014-a-2-bonitace-no\/\" class=\"more-link\">Pokra\u010dovat ve \u010dten\u00ed<span class=\"screen-reader-text\"> &#8222;Letn\u00ed v\u00fdcvikov\u00fd t\u00e1bor 2014 a 2. bonitace NO&#8220;<\/span><\/a><\/p>\n","protected":false},"author":1,"featured_media":0,"parent":0,"menu_order":0,"comment_status":"closed","ping_status":"closed","template":"","meta":{"footnotes":""},"class_list":["post-8443","page","type-page","status-publish","hentry"],"_links":{"self":[{"href":"https:\/\/zko-litomerice.cz\/index.php\/wp-json\/wp\/v2\/pages\/8443"}],"collection":[{"href":"https:\/\/zko-litomerice.cz\/index.php\/wp-json\/wp\/v2\/pages"}],"about":[{"href":"https:\/\/zko-litomerice.cz\/index.php\/wp-json\/wp\/v2\/types\/page"}],"author":[{"embeddable":true,"href":"https:\/\/zko-litomerice.cz\/index.php\/wp-json\/wp\/v2\/users\/1"}],"replies":[{"embeddable":true,"href":"https:\/\/zko-litomerice.cz\/index.php\/wp-json\/wp\/v2\/comments?post=8443"}],"version-history":[{"count":3,"href":"https:\/\/zko-litomerice.cz\/index.php\/wp-json\/wp\/v2\/pages\/8443\/revisions"}],"predecessor-version":[{"id":8451,"href":"https:\/\/zko-litomerice.cz\/index.php\/wp-json\/wp\/v2\/pages\/8443\/revisions\/8451"}],"wp:attachment":[{"href":"https:\/\/zko-litomerice.cz\/index.php\/wp-json\/wp\/v2\/media?parent=8443"}],"curies":[{"name":"wp","href":"https:\/\/api.w.org\/{rel}","templated":true}]}}