{"id":8427,"date":"2023-04-19T18:59:27","date_gmt":"2023-04-19T16:59:27","guid":{"rendered":"http:\/\/zko-litomerice.cz\/?page_id=8427"},"modified":"2023-04-19T18:59:27","modified_gmt":"2023-04-19T16:59:27","slug":"obranarsky-zavod-2015-2","status":"publish","type":"page","link":"https:\/\/zko-litomerice.cz\/index.php\/obranarsky-zavod-2015-2\/","title":{"rendered":"Obran\u00e1\u0159sk\u00fd z\u00e1vod 2015"},"content":{"rendered":"\n<p>\u00a0<strong>Dne 1. 3. 2015 prob\u011bhl na cvi\u010di\u0161ti ZKO Litom\u011b\u0159ice ji\u017e 11. ro\u010dn\u00edk velmi obl\u00edben\u00e9ho Obran\u00e1\u0159sk\u00e9ho z\u00e1vodu.<\/strong> <\/p>\n\n\n\n<p>V leto\u0161n\u00edm roce organizace roz\u0161\u00ed\u0159ila ji\u017e tradi\u010dn\u00ed kategorie z\u00e1vodu ZZO,ZM,ZVV1 a ZVV2 o dal\u0161\u00ed novou kategorii RINGO. Z\u00e1vodu se letos z\u00fa\u010dastnilo rekordn\u00edch 53 z\u00e1vodn\u00edk\u016f, kte\u0159\u00ed z\u00e1vodili ve v\u00fd\u0161e uveden\u00fdch 5- ti kategori\u00edch.\u00a0\u00a0 Z\u00e1vod jako minul\u00e9 roky posuzoval rozhod\u010d\u00ed 1. t\u0159\u00eddy pan Ji\u0159\u00ed Pru\u017eina, funkce figuranta se zhostil pan David Plicka. Z d\u016fvodu velk\u00e9ho po\u010dtu z\u00e1vodn\u00edk\u016f byl na pomoc p\u0159izv\u00e1n dal\u0161\u00ed figurant pan Ivo Valach, kter\u00fd pomohl delegovan\u00e9mu pomocn\u00edkovi s figurov\u00e1n\u00edm alespo\u0148 jedn\u00e9 kategorie &#8211; ZM.\u00a0\u00a0 Po\u010das\u00ed v leto\u0161n\u00edm roce z\u00e1vodn\u00edk\u016fm p\u0159\u00edli\u0161 nep\u0159\u00e1lo, cel\u00e1 druh\u00e1 polovina dne propr\u0161ela, ale nikterak to nepokazilo dobrou n\u00e1ladu. V prostorn\u00e9 klubovn\u011b ZKO bylo vytvo\u0159eno pro z\u00fa\u010dastn\u011bn\u00e9 p\u011bkn\u00e9 z\u00e1zem\u00ed, v \u010dasn\u00fdch rann\u00edch hodin\u00e1ch po\u0159adatel\u00e9 zatopili, tak\u017ee se \u00fa\u010dastn\u00edci z\u00e1vodu m\u011bli kde oh\u0159\u00e1t a p\u0159\u00edpadn\u011b usu\u0161it si sv\u00e9 v\u011bci. K dobr\u00e9 pohod\u011b p\u0159isp\u011bla takt\u00e9\u017e i dob\u0159e z\u00e1soben\u00e1 kant\u00fdna.\u00a0\u00a0 Akce byla profesion\u00e1ln\u011b ozvu\u010dena, co\u017e p\u0159i takto velk\u00e9m po\u010dtu z\u00e1vodn\u00edk\u016f p\u0159isp\u011blo k velmi dobr\u00e9 komunikaci mezi po\u0159adateli a \u00fa\u010dastn\u00edky akce. Za nezi\u0161tn\u00e9 ozvu\u010den\u00ed akce organizace d\u011bkuje man\u017eel\u016fm Todtov\u00fdm.\u00a0\u00a0 Ceny jako ka\u017ed\u00fd rok zajistila firma Euroben, v\u00fdhradn\u00ed dovozce krmiva Happy dog, kter\u00e1 pro \u00fa\u010dastn\u00edky p\u0159ipravila mnoho kr\u00e1sn\u00fdch cen: krmivo pro psy, barely na krmivo, misky pro psy, masov\u00e9 konzervy a dal\u0161\u00ed ceny. V\u0161ichni z\u00fa\u010dastn\u011bn\u00ed tak byli odm\u011bn\u011bni alespo\u0148 n\u011bjakou mali\u010dkost\u00ed a diplomem. \u00da\u010dastn\u00edci na prvn\u00edch p\u011bti m\u00edstech a nejlep\u0161\u00ed obran\u00e1\u0159 z\u00e1vodu byli odm\u011bn\u011bni v\u011bcn\u00fdmi cenami, poh\u00e1ry a takt\u00e9\u017e diplomy.\u00a0\u00a0\u00a0 Akce byla ukon\u010dena kolem 16. hodiny vyhl\u00e1\u0161en\u00edm v\u00fdsledk\u016f tentokr\u00e1t v\u00fdjime\u010dn\u011b v klubovn\u011b ZKO z d\u016fvodu nep\u0159\u00edzn\u011b po\u010das\u00ed.<\/p>\n\n\n\n<p><strong>V\u00fdsledky: <\/strong><\/p>\n\n\n\n<div class=\"wp-block-buttons is-layout-flex wp-block-buttons-is-layout-flex\">\n<div class=\"wp-block-button\"><a class=\"wp-block-button__link wp-element-button\" href=\"http:\/\/zko-litomerice.cz\/wp-content\/uploads\/2023\/04\/vysledky_zzo.jpg\">ZZO<\/a><\/div>\n\n\n\n<div class=\"wp-block-button\"><a class=\"wp-block-button__link wp-element-button\" href=\"http:\/\/zko-litomerice.cz\/wp-content\/uploads\/2023\/04\/vysledky_zm.jpg\">ZM<\/a><\/div>\n\n\n\n<div class=\"wp-block-button\"><a class=\"wp-block-button__link wp-element-button\" href=\"http:\/\/zko-litomerice.cz\/wp-content\/uploads\/2023\/04\/vysledky_zvv1.jpg\">ZVV1<\/a><\/div>\n\n\n\n<div class=\"wp-block-button\"><a class=\"wp-block-button__link wp-element-button\" href=\"http:\/\/zko-litomerice.cz\/wp-content\/uploads\/2023\/04\/vysledky_zvv2.jpg\">ZVV2<\/a><\/div>\n\n\n\n<div class=\"wp-block-button\"><a class=\"wp-block-button__link wp-element-button\" href=\"http:\/\/zko-litomerice.cz\/wp-content\/uploads\/2023\/04\/vysledky_ringo.jpg\">RINGO<\/a><\/div>\n<\/div>\n\n\n\n<p><\/p>\n\n\n\n<figure class=\"wp-block-gallery has-nested-images columns-default is-cropped wp-block-gallery-1 is-layout-flex wp-block-gallery-is-layout-flex\">\n<figure class=\"wp-block-image size-large\"><a href=\"http:\/\/zko-litomerice.cz\/wp-content\/uploads\/2023\/04\/zavod_pred_cen.jpg\"><img loading=\"lazy\" decoding=\"async\" width=\"900\" height=\"675\" data-id=\"8428\" src=\"http:\/\/zko-litomerice.cz\/wp-content\/uploads\/2023\/04\/zavod_pred_cen.jpg\" alt=\"\" class=\"wp-image-8428\" srcset=\"https:\/\/zko-litomerice.cz\/wp-content\/uploads\/2023\/04\/zavod_pred_cen.jpg 900w, https:\/\/zko-litomerice.cz\/wp-content\/uploads\/2023\/04\/zavod_pred_cen-300x225.jpg 300w, https:\/\/zko-litomerice.cz\/wp-content\/uploads\/2023\/04\/zavod_pred_cen-768x576.jpg 768w\" sizes=\"(max-width: 767px) 89vw, (max-width: 1000px) 54vw, (max-width: 1071px) 543px, 580px\" \/><\/a><\/figure>\n\n\n\n<figure class=\"wp-block-image size-large\"><a href=\"http:\/\/zko-litomerice.cz\/wp-content\/uploads\/2023\/04\/zavod_pred_cen1.jpg\"><img loading=\"lazy\" decoding=\"async\" width=\"900\" height=\"675\" data-id=\"8430\" src=\"http:\/\/zko-litomerice.cz\/wp-content\/uploads\/2023\/04\/zavod_pred_cen1.jpg\" alt=\"\" class=\"wp-image-8430\" srcset=\"https:\/\/zko-litomerice.cz\/wp-content\/uploads\/2023\/04\/zavod_pred_cen1.jpg 900w, https:\/\/zko-litomerice.cz\/wp-content\/uploads\/2023\/04\/zavod_pred_cen1-300x225.jpg 300w, https:\/\/zko-litomerice.cz\/wp-content\/uploads\/2023\/04\/zavod_pred_cen1-768x576.jpg 768w\" sizes=\"(max-width: 767px) 89vw, (max-width: 1000px) 54vw, (max-width: 1071px) 543px, 580px\" \/><\/a><\/figure>\n\n\n\n<figure class=\"wp-block-image size-large\"><a href=\"http:\/\/zko-litomerice.cz\/wp-content\/uploads\/2023\/04\/zavod_ceny.jpg\"><img loading=\"lazy\" decoding=\"async\" width=\"1024\" height=\"382\" data-id=\"8429\" src=\"http:\/\/zko-litomerice.cz\/wp-content\/uploads\/2023\/04\/zavod_ceny-1024x382.jpg\" alt=\"\" class=\"wp-image-8429\" srcset=\"https:\/\/zko-litomerice.cz\/wp-content\/uploads\/2023\/04\/zavod_ceny-1024x382.jpg 1024w, https:\/\/zko-litomerice.cz\/wp-content\/uploads\/2023\/04\/zavod_ceny-300x112.jpg 300w, https:\/\/zko-litomerice.cz\/wp-content\/uploads\/2023\/04\/zavod_ceny-768x287.jpg 768w, https:\/\/zko-litomerice.cz\/wp-content\/uploads\/2023\/04\/zavod_ceny.jpg 1200w\" sizes=\"(max-width: 767px) 89vw, (max-width: 1000px) 54vw, (max-width: 1071px) 543px, 580px\" \/><\/a><\/figure>\n\n\n\n<figure class=\"wp-block-image size-large\"><a href=\"http:\/\/zko-litomerice.cz\/wp-content\/uploads\/2023\/04\/zavod_nastup.jpg\"><img loading=\"lazy\" decoding=\"async\" width=\"1024\" height=\"425\" data-id=\"8431\" src=\"http:\/\/zko-litomerice.cz\/wp-content\/uploads\/2023\/04\/zavod_nastup-1024x425.jpg\" alt=\"\" class=\"wp-image-8431\" srcset=\"https:\/\/zko-litomerice.cz\/wp-content\/uploads\/2023\/04\/zavod_nastup-1024x425.jpg 1024w, https:\/\/zko-litomerice.cz\/wp-content\/uploads\/2023\/04\/zavod_nastup-300x125.jpg 300w, https:\/\/zko-litomerice.cz\/wp-content\/uploads\/2023\/04\/zavod_nastup-768x319.jpg 768w, https:\/\/zko-litomerice.cz\/wp-content\/uploads\/2023\/04\/zavod_nastup.jpg 1200w\" sizes=\"(max-width: 767px) 89vw, (max-width: 1000px) 54vw, (max-width: 1071px) 543px, 580px\" \/><\/a><\/figure>\n<\/figure>\n","protected":false},"excerpt":{"rendered":"<p>\u00a0Dne 1. 3. 2015 prob\u011bhl na cvi\u010di\u0161ti ZKO Litom\u011b\u0159ice ji\u017e 11. ro\u010dn\u00edk velmi obl\u00edben\u00e9ho Obran\u00e1\u0159sk\u00e9ho z\u00e1vodu. V leto\u0161n\u00edm roce organizace roz\u0161\u00ed\u0159ila ji\u017e tradi\u010dn\u00ed kategorie z\u00e1vodu ZZO,ZM,ZVV1 a ZVV2 o dal\u0161\u00ed novou kategorii RINGO. Z\u00e1vodu se letos z\u00fa\u010dastnilo rekordn\u00edch 53 z\u00e1vodn\u00edk\u016f, kte\u0159\u00ed z\u00e1vodili ve v\u00fd\u0161e uveden\u00fdch 5- ti kategori\u00edch.\u00a0\u00a0 Z\u00e1vod jako minul\u00e9 roky posuzoval rozhod\u010d\u00ed 1. &hellip; <\/p>\n<p class=\"link-more\"><a href=\"https:\/\/zko-litomerice.cz\/index.php\/obranarsky-zavod-2015-2\/\" class=\"more-link\">Pokra\u010dovat ve \u010dten\u00ed<span class=\"screen-reader-text\"> &#8222;Obran\u00e1\u0159sk\u00fd z\u00e1vod 2015&#8220;<\/span><\/a><\/p>\n","protected":false},"author":1,"featured_media":0,"parent":0,"menu_order":0,"comment_status":"closed","ping_status":"closed","template":"","meta":{"footnotes":""},"class_list":["post-8427","page","type-page","status-publish","hentry"],"_links":{"self":[{"href":"https:\/\/zko-litomerice.cz\/index.php\/wp-json\/wp\/v2\/pages\/8427"}],"collection":[{"href":"https:\/\/zko-litomerice.cz\/index.php\/wp-json\/wp\/v2\/pages"}],"about":[{"href":"https:\/\/zko-litomerice.cz\/index.php\/wp-json\/wp\/v2\/types\/page"}],"author":[{"embeddable":true,"href":"https:\/\/zko-litomerice.cz\/index.php\/wp-json\/wp\/v2\/users\/1"}],"replies":[{"embeddable":true,"href":"https:\/\/zko-litomerice.cz\/index.php\/wp-json\/wp\/v2\/comments?post=8427"}],"version-history":[{"count":1,"href":"https:\/\/zko-litomerice.cz\/index.php\/wp-json\/wp\/v2\/pages\/8427\/revisions"}],"predecessor-version":[{"id":8437,"href":"https:\/\/zko-litomerice.cz\/index.php\/wp-json\/wp\/v2\/pages\/8427\/revisions\/8437"}],"wp:attachment":[{"href":"https:\/\/zko-litomerice.cz\/index.php\/wp-json\/wp\/v2\/media?parent=8427"}],"curies":[{"name":"wp","href":"https:\/\/api.w.org\/{rel}","templated":true}]}}