{"id":8370,"date":"2023-04-19T18:15:07","date_gmt":"2023-04-19T16:15:07","guid":{"rendered":"http:\/\/zko-litomerice.cz\/?page_id=8370"},"modified":"2023-04-19T18:15:07","modified_gmt":"2023-04-19T16:15:07","slug":"letni-vycvikovy-tabor-2015-a-podzimni-bonitace-no","status":"publish","type":"page","link":"https:\/\/zko-litomerice.cz\/index.php\/letni-vycvikovy-tabor-2015-a-podzimni-bonitace-no\/","title":{"rendered":"Letn\u00ed v\u00fdcvikov\u00fd t\u00e1bor 2015 a podzimn\u00ed bonitace NO"},"content":{"rendered":"\n<p><strong>V m\u011bs\u00edci \u010dervenci 2015 prob\u011bhl ji\u017e po sedmn\u00e1ct\u00e9 letn\u00ed v\u00fdcvikov\u00fd t\u00e1bor<\/strong>.<\/p>\n\n\n\n<p>T\u00e1bor prob\u011bhl ve dvou turnusech, prvn\u00ed turnus byl 14-ti denn\u00ed a druh\u00fd pouze t\u00fddenn\u00ed. Po celou dobu pobytu se v\u011bnoval \u00fa\u010dastn\u00edk\u016fm ka\u017ed\u00fd den kvalifikovan\u00fd v\u00fdcvik\u00e1\u0159 a figuranti. Ti psovodi, kte\u0159\u00ed m\u011bli z\u00e1jem svou poctivou pr\u00e1ci se sv\u00fdmi mil\u00e1\u010dky z\u00faro\u010dit, tak mohli u\u010dinit na pl\u00e1novan\u00fdch zkou\u0161k\u00e1ch. Na konci obou turnus\u016f byly po\u0159\u00e1d\u00e1ny v\u017edy dvoje zkou\u0161ky dle n\u00e1rodn\u00edho i mezin\u00e1rodn\u00edho zku\u0161ebn\u00edho \u0159\u00e1du. Ve \u010dty\u0159ech term\u00ednech tak psovodi nastoupili ke spln\u011bn\u00ed 37 zkou\u0161ek z v\u00fdkonu r\u016fzn\u00fdch druh\u016f.<br>Po\u010das\u00ed v leto\u0161n\u00edm roce \u00fa\u010dastn\u00edk\u016fm p\u0159\u00e1lo, teploty se v n\u011bkter\u00fdch dnech \u0161plhaly p\u0159es 30 stup\u0148\u016f a tak t\u00e1born\u00edk\u016fm p\u0159i\u0161el velmi vhod i nov\u00fd baz\u00e9n, kter\u00fd organizace letos poprv\u00e9 pro \u00fa\u010dastn\u00edky t\u00e1bora zajistila. Tak jako ka\u017ed\u00fd rok psovodi vyu\u017eili i mo\u017enost koup\u00e1n\u00ed v nedalek\u00e9 \u0159ece Oh\u0159i, kde se mohli osv\u011b\u017eit i jejich \u010dty\u0159noz\u00ed kamar\u00e1di. Pro d\u011bti \u00fa\u010dastn\u00edk\u016f t\u00e1bora, ale i pro jejich rodi\u010de byla p\u0159ipravena t\u00e9\u017e no\u010dn\u00ed stezka odvahy s p\u0159\u00ed\u0161erami a stra\u0161en\u00edm, kter\u00e9 se po\u0159adatel\u016fm letos opravdu povedlo. Po celou dobu pobytu fungovala pro \u00fa\u010dastn\u00edky samoz\u0159ejm\u011b jako v letech minul\u00fdch t\u00e9\u017e kant\u00fdna s kompletn\u00ed mo\u017enost\u00ed stravov\u00e1n\u00ed.<\/p>\n\n\n\n<figure class=\"wp-block-gallery has-nested-images columns-default is-cropped wp-block-gallery-1 is-layout-flex wp-block-gallery-is-layout-flex\">\n<figure class=\"wp-block-image size-large\"><img loading=\"lazy\" decoding=\"async\" width=\"1024\" height=\"681\" data-id=\"8376\" src=\"http:\/\/zko-litomerice.cz\/wp-content\/uploads\/2023\/04\/2015lvt11-1024x681.jpg\" alt=\"\" class=\"wp-image-8376\" srcset=\"https:\/\/zko-litomerice.cz\/wp-content\/uploads\/2023\/04\/2015lvt11-1024x681.jpg 1024w, https:\/\/zko-litomerice.cz\/wp-content\/uploads\/2023\/04\/2015lvt11-300x200.jpg 300w, https:\/\/zko-litomerice.cz\/wp-content\/uploads\/2023\/04\/2015lvt11-768x511.jpg 768w, https:\/\/zko-litomerice.cz\/wp-content\/uploads\/2023\/04\/2015lvt11.jpg 1200w\" sizes=\"(max-width: 767px) 89vw, (max-width: 1000px) 54vw, (max-width: 1071px) 543px, 580px\" \/><\/figure>\n\n\n\n<figure class=\"wp-block-image size-large\"><img loading=\"lazy\" decoding=\"async\" width=\"1024\" height=\"681\" data-id=\"8375\" src=\"http:\/\/zko-litomerice.cz\/wp-content\/uploads\/2023\/04\/2015lvt10-1024x681.jpg\" alt=\"\" class=\"wp-image-8375\" srcset=\"https:\/\/zko-litomerice.cz\/wp-content\/uploads\/2023\/04\/2015lvt10-1024x681.jpg 1024w, https:\/\/zko-litomerice.cz\/wp-content\/uploads\/2023\/04\/2015lvt10-300x200.jpg 300w, https:\/\/zko-litomerice.cz\/wp-content\/uploads\/2023\/04\/2015lvt10-768x511.jpg 768w, https:\/\/zko-litomerice.cz\/wp-content\/uploads\/2023\/04\/2015lvt10.jpg 1200w\" sizes=\"(max-width: 767px) 89vw, (max-width: 1000px) 54vw, (max-width: 1071px) 543px, 580px\" \/><\/figure>\n\n\n\n<figure class=\"wp-block-image size-large\"><img loading=\"lazy\" decoding=\"async\" width=\"1024\" height=\"681\" data-id=\"8372\" src=\"http:\/\/zko-litomerice.cz\/wp-content\/uploads\/2023\/04\/2015lvt7-1024x681.jpg\" alt=\"\" class=\"wp-image-8372\" srcset=\"https:\/\/zko-litomerice.cz\/wp-content\/uploads\/2023\/04\/2015lvt7-1024x681.jpg 1024w, https:\/\/zko-litomerice.cz\/wp-content\/uploads\/2023\/04\/2015lvt7-300x200.jpg 300w, https:\/\/zko-litomerice.cz\/wp-content\/uploads\/2023\/04\/2015lvt7-768x511.jpg 768w, https:\/\/zko-litomerice.cz\/wp-content\/uploads\/2023\/04\/2015lvt7.jpg 1200w\" sizes=\"(max-width: 767px) 89vw, (max-width: 1000px) 54vw, (max-width: 1071px) 543px, 580px\" \/><\/figure>\n\n\n\n<figure class=\"wp-block-image size-large\"><img loading=\"lazy\" decoding=\"async\" width=\"1024\" height=\"681\" data-id=\"8373\" src=\"http:\/\/zko-litomerice.cz\/wp-content\/uploads\/2023\/04\/2015lvt6-1024x681.jpg\" alt=\"\" class=\"wp-image-8373\" srcset=\"https:\/\/zko-litomerice.cz\/wp-content\/uploads\/2023\/04\/2015lvt6-1024x681.jpg 1024w, https:\/\/zko-litomerice.cz\/wp-content\/uploads\/2023\/04\/2015lvt6-300x200.jpg 300w, https:\/\/zko-litomerice.cz\/wp-content\/uploads\/2023\/04\/2015lvt6-768x511.jpg 768w, https:\/\/zko-litomerice.cz\/wp-content\/uploads\/2023\/04\/2015lvt6.jpg 1200w\" sizes=\"(max-width: 767px) 89vw, (max-width: 1000px) 54vw, (max-width: 1071px) 543px, 580px\" \/><\/figure>\n\n\n\n<figure class=\"wp-block-image size-large\"><img loading=\"lazy\" decoding=\"async\" width=\"1024\" height=\"681\" data-id=\"8371\" src=\"http:\/\/zko-litomerice.cz\/wp-content\/uploads\/2023\/04\/2015lvt1-1024x681.jpg\" alt=\"\" class=\"wp-image-8371\" srcset=\"https:\/\/zko-litomerice.cz\/wp-content\/uploads\/2023\/04\/2015lvt1-1024x681.jpg 1024w, https:\/\/zko-litomerice.cz\/wp-content\/uploads\/2023\/04\/2015lvt1-300x200.jpg 300w, https:\/\/zko-litomerice.cz\/wp-content\/uploads\/2023\/04\/2015lvt1-768x511.jpg 768w, https:\/\/zko-litomerice.cz\/wp-content\/uploads\/2023\/04\/2015lvt1.jpg 1200w\" sizes=\"(max-width: 767px) 89vw, (max-width: 1000px) 54vw, (max-width: 1071px) 543px, 580px\" \/><\/figure>\n\n\n\n<figure class=\"wp-block-image size-large\"><img loading=\"lazy\" decoding=\"async\" width=\"1024\" height=\"681\" data-id=\"8374\" src=\"http:\/\/zko-litomerice.cz\/wp-content\/uploads\/2023\/04\/2015lvt8-1024x681.jpg\" alt=\"\" class=\"wp-image-8374\" srcset=\"https:\/\/zko-litomerice.cz\/wp-content\/uploads\/2023\/04\/2015lvt8-1024x681.jpg 1024w, https:\/\/zko-litomerice.cz\/wp-content\/uploads\/2023\/04\/2015lvt8-300x200.jpg 300w, https:\/\/zko-litomerice.cz\/wp-content\/uploads\/2023\/04\/2015lvt8-768x511.jpg 768w, https:\/\/zko-litomerice.cz\/wp-content\/uploads\/2023\/04\/2015lvt8.jpg 1200w\" sizes=\"(max-width: 767px) 89vw, (max-width: 1000px) 54vw, (max-width: 1071px) 543px, 580px\" \/><\/figure>\n\n\n\n<figure class=\"wp-block-image size-large\"><img loading=\"lazy\" decoding=\"async\" width=\"1024\" height=\"681\" data-id=\"8377\" src=\"http:\/\/zko-litomerice.cz\/wp-content\/uploads\/2023\/04\/2015lvt4-1024x681.jpg\" alt=\"\" class=\"wp-image-8377\" srcset=\"https:\/\/zko-litomerice.cz\/wp-content\/uploads\/2023\/04\/2015lvt4-1024x681.jpg 1024w, https:\/\/zko-litomerice.cz\/wp-content\/uploads\/2023\/04\/2015lvt4-300x200.jpg 300w, https:\/\/zko-litomerice.cz\/wp-content\/uploads\/2023\/04\/2015lvt4-768x511.jpg 768w, https:\/\/zko-litomerice.cz\/wp-content\/uploads\/2023\/04\/2015lvt4.jpg 1200w\" sizes=\"(max-width: 767px) 89vw, (max-width: 1000px) 54vw, (max-width: 1071px) 543px, 580px\" \/><\/figure>\n\n\n\n<figure class=\"wp-block-image size-large\"><img loading=\"lazy\" decoding=\"async\" width=\"1024\" height=\"681\" data-id=\"8379\" src=\"http:\/\/zko-litomerice.cz\/wp-content\/uploads\/2023\/04\/2015lvt3-1024x681.jpg\" alt=\"\" class=\"wp-image-8379\" srcset=\"https:\/\/zko-litomerice.cz\/wp-content\/uploads\/2023\/04\/2015lvt3-1024x681.jpg 1024w, https:\/\/zko-litomerice.cz\/wp-content\/uploads\/2023\/04\/2015lvt3-300x200.jpg 300w, https:\/\/zko-litomerice.cz\/wp-content\/uploads\/2023\/04\/2015lvt3-768x511.jpg 768w, https:\/\/zko-litomerice.cz\/wp-content\/uploads\/2023\/04\/2015lvt3.jpg 1200w\" sizes=\"(max-width: 767px) 89vw, (max-width: 1000px) 54vw, (max-width: 1071px) 543px, 580px\" \/><\/figure>\n\n\n\n<figure class=\"wp-block-image size-large\"><img loading=\"lazy\" decoding=\"async\" width=\"1024\" height=\"681\" data-id=\"8380\" src=\"http:\/\/zko-litomerice.cz\/wp-content\/uploads\/2023\/04\/2015lvt2-1024x681.jpg\" alt=\"\" class=\"wp-image-8380\" srcset=\"https:\/\/zko-litomerice.cz\/wp-content\/uploads\/2023\/04\/2015lvt2-1024x681.jpg 1024w, https:\/\/zko-litomerice.cz\/wp-content\/uploads\/2023\/04\/2015lvt2-300x200.jpg 300w, https:\/\/zko-litomerice.cz\/wp-content\/uploads\/2023\/04\/2015lvt2-768x511.jpg 768w, https:\/\/zko-litomerice.cz\/wp-content\/uploads\/2023\/04\/2015lvt2.jpg 1200w\" sizes=\"(max-width: 767px) 89vw, (max-width: 1000px) 54vw, (max-width: 1071px) 543px, 580px\" \/><\/figure>\n\n\n\n<figure class=\"wp-block-image size-large\"><img loading=\"lazy\" decoding=\"async\" width=\"1024\" height=\"681\" data-id=\"8378\" src=\"http:\/\/zko-litomerice.cz\/wp-content\/uploads\/2023\/04\/2015lvt5-1024x681.jpg\" alt=\"\" class=\"wp-image-8378\" srcset=\"https:\/\/zko-litomerice.cz\/wp-content\/uploads\/2023\/04\/2015lvt5-1024x681.jpg 1024w, https:\/\/zko-litomerice.cz\/wp-content\/uploads\/2023\/04\/2015lvt5-300x200.jpg 300w, https:\/\/zko-litomerice.cz\/wp-content\/uploads\/2023\/04\/2015lvt5-768x511.jpg 768w, https:\/\/zko-litomerice.cz\/wp-content\/uploads\/2023\/04\/2015lvt5.jpg 1200w\" sizes=\"(max-width: 767px) 89vw, (max-width: 1000px) 54vw, (max-width: 1071px) 543px, 580px\" \/><\/figure>\n<\/figure>\n\n\n\n<p><strong>Dne 14. 11. 2015 prob\u011bhla v leto\u0161n\u00edm roce druh\u00e1 bonitace n\u011bmeck\u00fdch ov\u010d\u00e1k\u016f<\/strong>,<\/p>\n\n\n\n<p>kter\u00e9 se z\u00fa\u010dastnilo 18 jedinc\u016f. Podm\u00ednky pro za\u0159azen\u00ed do v\u00fdb\u011brov\u00e9ho chovu splnilo 17 ps\u016f, jedna fena bohu\u017eel nesplnila zkou\u0161ku povahy a tak byla za\u0159azena do chovu kontrolovan\u00e9ho. Bonita\u010dn\u00ed komisi tvo\u0159ili: hlavn\u00ed rozhod\u010d\u00ed pan Ji\u0159\u00ed \u0160i\u0161ka, krajsk\u00fd poradce chovu pan Josef Pr\u00e1\u0161il a figurant Ivo Valach.<\/p>\n\n\n\n<div class=\"wp-block-buttons is-layout-flex wp-block-buttons-is-layout-flex\">\n<div class=\"wp-block-button\"><a class=\"wp-block-button__link wp-element-button\" href=\"http:\/\/zko-litomerice.cz\/wp-content\/uploads\/2023\/04\/vysledky_bonitace_podzim2015.jpg\">V\u00fdsledky bonitace<\/a><\/div>\n<\/div>\n","protected":false},"excerpt":{"rendered":"<p>V m\u011bs\u00edci \u010dervenci 2015 prob\u011bhl ji\u017e po sedmn\u00e1ct\u00e9 letn\u00ed v\u00fdcvikov\u00fd t\u00e1bor. T\u00e1bor prob\u011bhl ve dvou turnusech, prvn\u00ed turnus byl 14-ti denn\u00ed a druh\u00fd pouze t\u00fddenn\u00ed. Po celou dobu pobytu se v\u011bnoval \u00fa\u010dastn\u00edk\u016fm ka\u017ed\u00fd den kvalifikovan\u00fd v\u00fdcvik\u00e1\u0159 a figuranti. Ti psovodi, kte\u0159\u00ed m\u011bli z\u00e1jem svou poctivou pr\u00e1ci se sv\u00fdmi mil\u00e1\u010dky z\u00faro\u010dit, tak mohli u\u010dinit na pl\u00e1novan\u00fdch &hellip; <\/p>\n<p class=\"link-more\"><a href=\"https:\/\/zko-litomerice.cz\/index.php\/letni-vycvikovy-tabor-2015-a-podzimni-bonitace-no\/\" class=\"more-link\">Pokra\u010dovat ve \u010dten\u00ed<span class=\"screen-reader-text\"> &#8222;Letn\u00ed v\u00fdcvikov\u00fd t\u00e1bor 2015 a podzimn\u00ed bonitace NO&#8220;<\/span><\/a><\/p>\n","protected":false},"author":1,"featured_media":0,"parent":0,"menu_order":0,"comment_status":"closed","ping_status":"closed","template":"","meta":{"footnotes":""},"class_list":["post-8370","page","type-page","status-publish","hentry"],"_links":{"self":[{"href":"https:\/\/zko-litomerice.cz\/index.php\/wp-json\/wp\/v2\/pages\/8370"}],"collection":[{"href":"https:\/\/zko-litomerice.cz\/index.php\/wp-json\/wp\/v2\/pages"}],"about":[{"href":"https:\/\/zko-litomerice.cz\/index.php\/wp-json\/wp\/v2\/types\/page"}],"author":[{"embeddable":true,"href":"https:\/\/zko-litomerice.cz\/index.php\/wp-json\/wp\/v2\/users\/1"}],"replies":[{"embeddable":true,"href":"https:\/\/zko-litomerice.cz\/index.php\/wp-json\/wp\/v2\/comments?post=8370"}],"version-history":[{"count":1,"href":"https:\/\/zko-litomerice.cz\/index.php\/wp-json\/wp\/v2\/pages\/8370\/revisions"}],"predecessor-version":[{"id":8382,"href":"https:\/\/zko-litomerice.cz\/index.php\/wp-json\/wp\/v2\/pages\/8370\/revisions\/8382"}],"wp:attachment":[{"href":"https:\/\/zko-litomerice.cz\/index.php\/wp-json\/wp\/v2\/media?parent=8370"}],"curies":[{"name":"wp","href":"https:\/\/api.w.org\/{rel}","templated":true}]}}