{"id":8357,"date":"2023-04-19T18:01:55","date_gmt":"2023-04-19T16:01:55","guid":{"rendered":"http:\/\/zko-litomerice.cz\/?page_id=8357"},"modified":"2023-04-19T18:01:55","modified_gmt":"2023-04-19T16:01:55","slug":"1-bonitace-a-vystava-no-2016","status":"publish","type":"page","link":"https:\/\/zko-litomerice.cz\/index.php\/1-bonitace-a-vystava-no-2016\/","title":{"rendered":"1. bonitace a v\u00fdstava NO 2016"},"content":{"rendered":"\n<p><strong>Dne 14. 5. 2016 se uskute\u010dnila prvn\u00ed bonitace NO.\u00a0<\/strong><br>Byla po\u0159\u00e1d\u00e1na i p\u0159es n\u00edzk\u00fd po\u010det \u00fa\u010dastn\u00edk\u016f, kter\u00fd byl zap\u0159\u00ed\u010din\u011bn hlavn\u011b novou zm\u011bnou chovatelsk\u00fdch normativ \u010cKNO. Nov\u011b ji\u017e feny nemus\u00ed absolvovat druhou (do\u017eivotn\u00ed) bonitaci, z \u010deho\u017e vypl\u00fdv\u00e1 v\u0161eobecn\u011b ni\u017e\u0161\u00ed po\u010det \u00fa\u010dastn\u00edk\u016f na bonitac\u00edch. Bonitace se z\u00fa\u010dastnili t\u0159i jedinci, v\u0161ichni splnili podm\u00ednky pro za\u0159azen\u00ed do v\u00fdb\u011brov\u00e9ho chovu. Bonita\u010dn\u00ed komisi tvo\u0159ili: Ji\u0159\u00ed \u0160i\u0161ka-rozhod\u010d\u00ed, Josef Pr\u00e1\u0161il-poradce chovu a Ivo Valach-figurant<\/p>\n\n\n\n<div class=\"wp-block-buttons is-layout-flex wp-block-buttons-is-layout-flex\">\n<div class=\"wp-block-button\"><a class=\"wp-block-button__link wp-element-button\" href=\"http:\/\/zko-litomerice.cz\/wp-content\/uploads\/2023\/04\/jarni_bonitace2016.jpg\">V\u00fdsledky bonitace<\/a><\/div>\n<\/div>\n\n\n\n<p><\/p>\n\n\n\n<p><strong>Dne 26. 6. 2016 prob\u011bhla na na\u0161em cvi\u010di\u0161ti Krajsk\u00e1 v\u00fdstava n\u011bmeck\u00fdch ov\u010d\u00e1k\u016f.\u00a0<\/strong><\/p>\n\n\n\n<p>V\u00fdstavy se v leto\u0161n\u00edm roce z\u00fa\u010dastnilo 72 jedinc\u016f tohoto velmi obl\u00edben\u00e9ho plemene. Rozr\u016fstaj\u00ed se t\u00e9\u017e \u0159ady dlouhosrst\u00e9 variety, kter\u00fdch bylo na v\u00fdstav\u011b posouzeno v leto\u0161n\u00edm roce ji\u017e 17.V\u0161echny t\u0159\u00eddy ps\u016f a fen posuzoval rozhod\u010d\u00ed pan Ji\u0159\u00ed \u0160i\u0161ka. Hlavn\u00edm sponzorem akce byla op\u011bt firma Euroben, v\u00fdhradn\u00ed dovozce krmiva Happy dog, kter\u00e1 na akci dodala mnoho p\u011bkn\u00fdch cen. V\u0161ichni nejl\u00e9pe ohodnocen\u00ed jedinci na prvn\u00edch t\u0159ech m\u00edstech tak obdr\u017eeli poh\u00e1r a krmivo pro psy. Na konci v\u00fdstavy byla vyhl\u00e1\u0161ena bohat\u00e1 tombola, ve kter\u00e9 bylo v leto\u0161n\u00edm roce 70 cen kr\u00e1sn\u00fdch cen v\u010detn\u011b hlavn\u00ed ceny \u2013 boudy pro psa. T\u00e9m\u011b\u0159 v\u0161ichni \u00fa\u010dastn\u00edci tak obdr\u017eeli n\u011bjakou cenu. K dobr\u00e9 pohod\u011b na akci p\u0159isp\u011bla i bohat\u011b z\u00e1soben\u00e1 kant\u00fdna a skv\u011bl\u00e9 po\u010das\u00ed bez de\u0161t\u011b.<\/p>\n\n\n\n<figure class=\"wp-block-image size-full\"><img loading=\"lazy\" decoding=\"async\" width=\"800\" height=\"303\" src=\"http:\/\/zko-litomerice.cz\/wp-content\/uploads\/2023\/04\/kv2016.jpg\" alt=\"\" class=\"wp-image-8360\" srcset=\"https:\/\/zko-litomerice.cz\/wp-content\/uploads\/2023\/04\/kv2016.jpg 800w, https:\/\/zko-litomerice.cz\/wp-content\/uploads\/2023\/04\/kv2016-300x114.jpg 300w, https:\/\/zko-litomerice.cz\/wp-content\/uploads\/2023\/04\/kv2016-768x291.jpg 768w\" sizes=\"(max-width: 767px) 89vw, (max-width: 1000px) 54vw, (max-width: 1071px) 543px, 580px\" \/><\/figure>\n\n\n\n<div class=\"wp-block-buttons is-layout-flex wp-block-buttons-is-layout-flex\">\n<div class=\"wp-block-button\"><a class=\"wp-block-button__link wp-element-button\" href=\"http:\/\/zko-litomerice.cz\/wp-content\/uploads\/2023\/04\/vysledky_vystava2016.jpg\">V\u00fdsledky v\u00fdstavy<\/a><\/div>\n<\/div>\n\n\n\n<p><\/p>\n","protected":false},"excerpt":{"rendered":"<p>Dne 14. 5. 2016 se uskute\u010dnila prvn\u00ed bonitace NO.\u00a0Byla po\u0159\u00e1d\u00e1na i p\u0159es n\u00edzk\u00fd po\u010det \u00fa\u010dastn\u00edk\u016f, kter\u00fd byl zap\u0159\u00ed\u010din\u011bn hlavn\u011b novou zm\u011bnou chovatelsk\u00fdch normativ \u010cKNO. Nov\u011b ji\u017e feny nemus\u00ed absolvovat druhou (do\u017eivotn\u00ed) bonitaci, z \u010deho\u017e vypl\u00fdv\u00e1 v\u0161eobecn\u011b ni\u017e\u0161\u00ed po\u010det \u00fa\u010dastn\u00edk\u016f na bonitac\u00edch. Bonitace se z\u00fa\u010dastnili t\u0159i jedinci, v\u0161ichni splnili podm\u00ednky pro za\u0159azen\u00ed do v\u00fdb\u011brov\u00e9ho chovu. Bonita\u010dn\u00ed &hellip; <\/p>\n<p class=\"link-more\"><a href=\"https:\/\/zko-litomerice.cz\/index.php\/1-bonitace-a-vystava-no-2016\/\" class=\"more-link\">Pokra\u010dovat ve \u010dten\u00ed<span class=\"screen-reader-text\"> &#8222;1. bonitace a v\u00fdstava NO 2016&#8220;<\/span><\/a><\/p>\n","protected":false},"author":1,"featured_media":0,"parent":0,"menu_order":0,"comment_status":"closed","ping_status":"closed","template":"","meta":{"footnotes":""},"class_list":["post-8357","page","type-page","status-publish","hentry"],"_links":{"self":[{"href":"https:\/\/zko-litomerice.cz\/index.php\/wp-json\/wp\/v2\/pages\/8357"}],"collection":[{"href":"https:\/\/zko-litomerice.cz\/index.php\/wp-json\/wp\/v2\/pages"}],"about":[{"href":"https:\/\/zko-litomerice.cz\/index.php\/wp-json\/wp\/v2\/types\/page"}],"author":[{"embeddable":true,"href":"https:\/\/zko-litomerice.cz\/index.php\/wp-json\/wp\/v2\/users\/1"}],"replies":[{"embeddable":true,"href":"https:\/\/zko-litomerice.cz\/index.php\/wp-json\/wp\/v2\/comments?post=8357"}],"version-history":[{"count":1,"href":"https:\/\/zko-litomerice.cz\/index.php\/wp-json\/wp\/v2\/pages\/8357\/revisions"}],"predecessor-version":[{"id":8361,"href":"https:\/\/zko-litomerice.cz\/index.php\/wp-json\/wp\/v2\/pages\/8357\/revisions\/8361"}],"wp:attachment":[{"href":"https:\/\/zko-litomerice.cz\/index.php\/wp-json\/wp\/v2\/media?parent=8357"}],"curies":[{"name":"wp","href":"https:\/\/api.w.org\/{rel}","templated":true}]}}