{"id":8309,"date":"2023-04-19T08:43:14","date_gmt":"2023-04-19T06:43:14","guid":{"rendered":"http:\/\/zko-litomerice.cz\/?page_id=8309"},"modified":"2023-04-19T08:46:11","modified_gmt":"2023-04-19T06:46:11","slug":"obranarsky-zavod-2018","status":"publish","type":"page","link":"https:\/\/zko-litomerice.cz\/index.php\/obranarsky-zavod-2018\/","title":{"rendered":"Obran\u00e1\u0159sk\u00fd z\u00e1vod 2018"},"content":{"rendered":"\n<p><strong>Dne 3. 3. 2018 prob\u011bhl na cvi\u010di\u0161ti ZKO Litom\u011b\u0159ice 14. ro\u010dn\u00edk obran\u00e1\u0159sk\u00e9ho z\u00e1vodu.<\/strong><\/p>\n\n\n\n<p>Z\u00e1vodn\u00edci sout\u011b\u017eili tentokr\u00e1t v kategori\u00edch dle NZ\u0158 i MZ\u0158 . N\u00e1rodn\u00ed zku\u0161ebn\u00ed \u0159\u00e1d byl zastoupen t\u011bmito kategoriemi: ZZO, ZM, ZVV1 a ZVV2. Mezin\u00e1rodn\u00ed zku\u0161ebn\u00ed \u0159\u00e1d byl zastoupen kategori\u00ed IPO1. Z\u00e1vodu se celkem z\u00fa\u010dastnilo 32 z\u00e1vodn\u00edk\u016f, kte\u0159\u00ed z\u00e1vodili ve v\u00fd\u0161e uveden\u00fdch 5 kategori\u00edch. Z\u00e1vod jako minul\u00e9 roky posuzoval rozhod\u010d\u00ed 1. t\u0159\u00eddy pan Ji\u0159\u00ed Pru\u017eina, funkce figuranta se zhostil svazov\u00fd figurant pan V\u00e1clav Kuncl, kter\u00fd figuroval v\u0161echny kategorie, ve kter\u00fdch je dle zku\u0161ebn\u00edho \u0159\u00e1du p\u0159edeps\u00e1na obrana. Akce byla op\u011bt profesion\u00e1ln\u011b ozvu\u010dena. Za nezi\u0161tn\u00e9 ozvu\u010den\u00ed akce organizace d\u011bkuje man\u017eel\u016fm Todtov\u00fdm. Ceny jako ka\u017ed\u00fd rok zajistila firma Euroben, v\u00fdhradn\u00ed dovozce krmiva Happy dog, kter\u00e1 pro \u00fa\u010dastn\u00edky p\u0159ipravila mnoho kr\u00e1sn\u00fdch cen: krmivo pro psy, barely na krmivo, masov\u00e9 konzervy a dal\u0161\u00ed ceny. V\u0161ichni z\u00fa\u010dastn\u011bn\u00ed tak byli odm\u011bn\u011bni alespo\u0148 n\u011bjakou mali\u010dkost\u00ed a diplomem. \u00da\u010dastn\u00edci na prvn\u00edch p\u011bti m\u00edstech a nejlep\u0161\u00ed obran\u00e1\u0159 z\u00e1vodu byli odm\u011bn\u011bni v\u011bcn\u00fdmi cenami, poh\u00e1ry a takt\u00e9\u017e diplomy. Akce byla ukon\u010dena kolem 16. hodiny vyhl\u00e1\u0161en\u00edm v\u00fdsledk\u016f. Nejlep\u0161\u00edm obran\u00e1\u0159em z\u00e1vodu se stala Jolana Novotn\u00e1 se psem Quintem za dosa\u017een\u00ed 100 bod\u016f na obran\u011b v kategorii ZVV1.<\/p>\n\n\n\n<div class=\"wp-block-buttons is-layout-flex wp-block-buttons-is-layout-flex\">\n<div class=\"wp-block-button\"><a class=\"wp-block-button__link wp-element-button\" href=\"http:\/\/zko-litomerice.cz\/wp-content\/uploads\/2023\/04\/vys_list-1.docx\" target=\"_blank\" rel=\"noreferrer noopener\">V\u00fdsledkov\u00e1 listina <\/a><\/div>\n<\/div>\n\n\n\n<p><\/p>\n\n\n\n<figure class=\"wp-block-gallery has-nested-images columns-default is-cropped wp-block-gallery-1 is-layout-flex wp-block-gallery-is-layout-flex\">\n<figure class=\"wp-block-image size-large\"><a href=\"http:\/\/zko-litomerice.cz\/wp-content\/uploads\/2023\/04\/1ilu_zav2018.jpg\"><img loading=\"lazy\" decoding=\"async\" width=\"600\" height=\"450\" data-id=\"8312\" src=\"http:\/\/zko-litomerice.cz\/wp-content\/uploads\/2023\/04\/1ilu_zav2018.jpg\" alt=\"\" class=\"wp-image-8312\" srcset=\"https:\/\/zko-litomerice.cz\/wp-content\/uploads\/2023\/04\/1ilu_zav2018.jpg 600w, https:\/\/zko-litomerice.cz\/wp-content\/uploads\/2023\/04\/1ilu_zav2018-300x225.jpg 300w\" sizes=\"(max-width: 600px) 100vw, 600px\" \/><\/a><\/figure>\n\n\n\n<figure class=\"wp-block-image size-large\"><a href=\"http:\/\/zko-litomerice.cz\/wp-content\/uploads\/2023\/04\/2ilu_zav2018.jpg\"><img loading=\"lazy\" decoding=\"async\" width=\"800\" height=\"533\" data-id=\"8314\" src=\"http:\/\/zko-litomerice.cz\/wp-content\/uploads\/2023\/04\/2ilu_zav2018.jpg\" alt=\"\" class=\"wp-image-8314\" srcset=\"https:\/\/zko-litomerice.cz\/wp-content\/uploads\/2023\/04\/2ilu_zav2018.jpg 800w, https:\/\/zko-litomerice.cz\/wp-content\/uploads\/2023\/04\/2ilu_zav2018-300x200.jpg 300w, https:\/\/zko-litomerice.cz\/wp-content\/uploads\/2023\/04\/2ilu_zav2018-768x512.jpg 768w\" sizes=\"(max-width: 767px) 89vw, (max-width: 1000px) 54vw, (max-width: 1071px) 543px, 580px\" \/><\/a><\/figure>\n\n\n\n<figure class=\"wp-block-image size-large\"><a href=\"http:\/\/zko-litomerice.cz\/wp-content\/uploads\/2023\/04\/3ilu_zav2018.jpg\"><img loading=\"lazy\" decoding=\"async\" width=\"800\" height=\"533\" data-id=\"8315\" src=\"http:\/\/zko-litomerice.cz\/wp-content\/uploads\/2023\/04\/3ilu_zav2018.jpg\" alt=\"\" class=\"wp-image-8315\" srcset=\"https:\/\/zko-litomerice.cz\/wp-content\/uploads\/2023\/04\/3ilu_zav2018.jpg 800w, https:\/\/zko-litomerice.cz\/wp-content\/uploads\/2023\/04\/3ilu_zav2018-300x200.jpg 300w, https:\/\/zko-litomerice.cz\/wp-content\/uploads\/2023\/04\/3ilu_zav2018-768x512.jpg 768w\" sizes=\"(max-width: 767px) 89vw, (max-width: 1000px) 54vw, (max-width: 1071px) 543px, 580px\" \/><\/a><\/figure>\n\n\n\n<figure class=\"wp-block-image size-large\"><a href=\"http:\/\/zko-litomerice.cz\/wp-content\/uploads\/2023\/04\/ilu_zav2018.jpg\"><img loading=\"lazy\" decoding=\"async\" width=\"900\" height=\"413\" data-id=\"8313\" src=\"http:\/\/zko-litomerice.cz\/wp-content\/uploads\/2023\/04\/ilu_zav2018.jpg\" alt=\"\" class=\"wp-image-8313\" srcset=\"https:\/\/zko-litomerice.cz\/wp-content\/uploads\/2023\/04\/ilu_zav2018.jpg 900w, https:\/\/zko-litomerice.cz\/wp-content\/uploads\/2023\/04\/ilu_zav2018-300x138.jpg 300w, https:\/\/zko-litomerice.cz\/wp-content\/uploads\/2023\/04\/ilu_zav2018-768x352.jpg 768w\" sizes=\"(max-width: 767px) 89vw, (max-width: 1000px) 54vw, (max-width: 1071px) 543px, 580px\" \/><\/a><\/figure>\n<\/figure>\n\n\n\n<p>V\u00edce fotografii na na\u0161em Facebooku<a rel=\"noreferrer noopener\" href=\"https:\/\/www.facebook.com\/zkolitomerice\/photos?tab=album&amp;album_id=750199811856089\" data-type=\"URL\" data-id=\"https:\/\/www.facebook.com\/zkolitomerice\/photos?tab=album&amp;album_id=750199811856089\" target=\"_blank\"> zde <\/a><\/p>\n","protected":false},"excerpt":{"rendered":"<p>Dne 3. 3. 2018 prob\u011bhl na cvi\u010di\u0161ti ZKO Litom\u011b\u0159ice 14. ro\u010dn\u00edk obran\u00e1\u0159sk\u00e9ho z\u00e1vodu. Z\u00e1vodn\u00edci sout\u011b\u017eili tentokr\u00e1t v kategori\u00edch dle NZ\u0158 i MZ\u0158 . N\u00e1rodn\u00ed zku\u0161ebn\u00ed \u0159\u00e1d byl zastoupen t\u011bmito kategoriemi: ZZO, ZM, ZVV1 a ZVV2. Mezin\u00e1rodn\u00ed zku\u0161ebn\u00ed \u0159\u00e1d byl zastoupen kategori\u00ed IPO1. Z\u00e1vodu se celkem z\u00fa\u010dastnilo 32 z\u00e1vodn\u00edk\u016f, kte\u0159\u00ed z\u00e1vodili ve v\u00fd\u0161e uveden\u00fdch 5 kategori\u00edch. &hellip; <\/p>\n<p class=\"link-more\"><a href=\"https:\/\/zko-litomerice.cz\/index.php\/obranarsky-zavod-2018\/\" class=\"more-link\">Pokra\u010dovat ve \u010dten\u00ed<span class=\"screen-reader-text\"> &#8222;Obran\u00e1\u0159sk\u00fd z\u00e1vod 2018&#8220;<\/span><\/a><\/p>\n","protected":false},"author":1,"featured_media":0,"parent":0,"menu_order":0,"comment_status":"closed","ping_status":"closed","template":"","meta":{"footnotes":""},"class_list":["post-8309","page","type-page","status-publish","hentry"],"_links":{"self":[{"href":"https:\/\/zko-litomerice.cz\/index.php\/wp-json\/wp\/v2\/pages\/8309"}],"collection":[{"href":"https:\/\/zko-litomerice.cz\/index.php\/wp-json\/wp\/v2\/pages"}],"about":[{"href":"https:\/\/zko-litomerice.cz\/index.php\/wp-json\/wp\/v2\/types\/page"}],"author":[{"embeddable":true,"href":"https:\/\/zko-litomerice.cz\/index.php\/wp-json\/wp\/v2\/users\/1"}],"replies":[{"embeddable":true,"href":"https:\/\/zko-litomerice.cz\/index.php\/wp-json\/wp\/v2\/comments?post=8309"}],"version-history":[{"count":2,"href":"https:\/\/zko-litomerice.cz\/index.php\/wp-json\/wp\/v2\/pages\/8309\/revisions"}],"predecessor-version":[{"id":8318,"href":"https:\/\/zko-litomerice.cz\/index.php\/wp-json\/wp\/v2\/pages\/8309\/revisions\/8318"}],"wp:attachment":[{"href":"https:\/\/zko-litomerice.cz\/index.php\/wp-json\/wp\/v2\/media?parent=8309"}],"curies":[{"name":"wp","href":"https:\/\/api.w.org\/{rel}","templated":true}]}}