{"id":8304,"date":"2023-04-19T08:31:35","date_gmt":"2023-04-19T06:31:35","guid":{"rendered":"http:\/\/zko-litomerice.cz\/?page_id=8304"},"modified":"2023-04-19T08:31:35","modified_gmt":"2023-04-19T06:31:35","slug":"jarni-bonitace-2018","status":"publish","type":"page","link":"https:\/\/zko-litomerice.cz\/index.php\/jarni-bonitace-2018\/","title":{"rendered":"Jarn\u00ed bonitace 2018"},"content":{"rendered":"\n<p>Dne 20. 5. 2018 prob\u011bhla leto\u0161n\u00ed prvn\u00ed bonitace n\u011bmeck\u00fdch ov\u010d\u00e1k\u016f.\u00a0 Bonita\u010dn\u00ed komise pracovala ve slo\u017een\u00ed:\u00a0 rozhod\u010d\u00ed Ji\u0159\u00ed \u0160i\u0161ka, poradce chovu Josef Pr\u00e1\u0161il a figurant Ivo Valach.<\/p>\n\n\n\n<p><strong>V\u00fdsledky:<\/strong><\/p>\n\n\n\n<figure class=\"wp-block-gallery has-nested-images columns-default is-cropped wp-block-gallery-1 is-layout-flex wp-block-gallery-is-layout-flex\">\n<figure class=\"wp-block-image size-large\"><a href=\"http:\/\/zko-litomerice.cz\/wp-content\/uploads\/2023\/04\/bonitace2018_1a.jpg\"><img loading=\"lazy\" decoding=\"async\" width=\"1024\" height=\"724\" data-id=\"8306\" src=\"http:\/\/zko-litomerice.cz\/wp-content\/uploads\/2023\/04\/bonitace2018_1a-1024x724.jpg\" alt=\"\" class=\"wp-image-8306\" srcset=\"https:\/\/zko-litomerice.cz\/wp-content\/uploads\/2023\/04\/bonitace2018_1a-1024x724.jpg 1024w, https:\/\/zko-litomerice.cz\/wp-content\/uploads\/2023\/04\/bonitace2018_1a-300x212.jpg 300w, https:\/\/zko-litomerice.cz\/wp-content\/uploads\/2023\/04\/bonitace2018_1a-768x543.jpg 768w, https:\/\/zko-litomerice.cz\/wp-content\/uploads\/2023\/04\/bonitace2018_1a.jpg 1200w\" sizes=\"(max-width: 767px) 89vw, (max-width: 1000px) 54vw, (max-width: 1071px) 543px, 580px\" \/><\/a><\/figure>\n\n\n\n<figure class=\"wp-block-image size-large\"><a href=\"http:\/\/zko-litomerice.cz\/wp-content\/uploads\/2023\/04\/bonitace2018_1b.jpg\"><img loading=\"lazy\" decoding=\"async\" width=\"1024\" height=\"724\" data-id=\"8305\" src=\"http:\/\/zko-litomerice.cz\/wp-content\/uploads\/2023\/04\/bonitace2018_1b-1024x724.jpg\" alt=\"\" class=\"wp-image-8305\" srcset=\"https:\/\/zko-litomerice.cz\/wp-content\/uploads\/2023\/04\/bonitace2018_1b-1024x724.jpg 1024w, https:\/\/zko-litomerice.cz\/wp-content\/uploads\/2023\/04\/bonitace2018_1b-300x212.jpg 300w, https:\/\/zko-litomerice.cz\/wp-content\/uploads\/2023\/04\/bonitace2018_1b-768x543.jpg 768w, https:\/\/zko-litomerice.cz\/wp-content\/uploads\/2023\/04\/bonitace2018_1b.jpg 1200w\" sizes=\"(max-width: 767px) 89vw, (max-width: 1000px) 54vw, (max-width: 1071px) 543px, 580px\" \/><\/a><\/figure>\n<\/figure>\n","protected":false},"excerpt":{"rendered":"<p>Dne 20. 5. 2018 prob\u011bhla leto\u0161n\u00ed prvn\u00ed bonitace n\u011bmeck\u00fdch ov\u010d\u00e1k\u016f.\u00a0 Bonita\u010dn\u00ed komise pracovala ve slo\u017een\u00ed:\u00a0 rozhod\u010d\u00ed Ji\u0159\u00ed \u0160i\u0161ka, poradce chovu Josef Pr\u00e1\u0161il a figurant Ivo Valach. V\u00fdsledky:<\/p>\n","protected":false},"author":1,"featured_media":0,"parent":0,"menu_order":0,"comment_status":"closed","ping_status":"closed","template":"","meta":{"footnotes":""},"class_list":["post-8304","page","type-page","status-publish","hentry"],"_links":{"self":[{"href":"https:\/\/zko-litomerice.cz\/index.php\/wp-json\/wp\/v2\/pages\/8304"}],"collection":[{"href":"https:\/\/zko-litomerice.cz\/index.php\/wp-json\/wp\/v2\/pages"}],"about":[{"href":"https:\/\/zko-litomerice.cz\/index.php\/wp-json\/wp\/v2\/types\/page"}],"author":[{"embeddable":true,"href":"https:\/\/zko-litomerice.cz\/index.php\/wp-json\/wp\/v2\/users\/1"}],"replies":[{"embeddable":true,"href":"https:\/\/zko-litomerice.cz\/index.php\/wp-json\/wp\/v2\/comments?post=8304"}],"version-history":[{"count":1,"href":"https:\/\/zko-litomerice.cz\/index.php\/wp-json\/wp\/v2\/pages\/8304\/revisions"}],"predecessor-version":[{"id":8307,"href":"https:\/\/zko-litomerice.cz\/index.php\/wp-json\/wp\/v2\/pages\/8304\/revisions\/8307"}],"wp:attachment":[{"href":"https:\/\/zko-litomerice.cz\/index.php\/wp-json\/wp\/v2\/media?parent=8304"}],"curies":[{"name":"wp","href":"https:\/\/api.w.org\/{rel}","templated":true}]}}