{"id":8296,"date":"2023-04-19T08:25:22","date_gmt":"2023-04-19T06:25:22","guid":{"rendered":"http:\/\/zko-litomerice.cz\/?page_id=8296"},"modified":"2023-04-19T08:25:22","modified_gmt":"2023-04-19T06:25:22","slug":"obranarsky-zavod-2019","status":"publish","type":"page","link":"https:\/\/zko-litomerice.cz\/index.php\/obranarsky-zavod-2019\/","title":{"rendered":"Obran\u00e1\u0159sk\u00fd z\u00e1vod 2019"},"content":{"rendered":"\n<p><strong>Dne 3. 3. 2019 prob\u011bhl na cvi\u010di\u0161ti ji\u017e 15. ro\u010dn\u00edk obran\u00e1\u0159sk\u00e9ho z\u00e1vodu<\/strong>.<br>Z\u00e1vod je ji\u017e po dlouh\u00e9 roky velmi obl\u00edben\u00fd mezi kynology a ani v leto\u0161n\u00edm roce tomu nebylo jinak. Z\u00fa\u010dastnilo se 35 z\u00e1vodn\u00edk\u016f, kte\u0159\u00ed si zm\u011b\u0159ili sv\u00e9 s\u00edly v p\u011bti kategori\u00edch dle NZ\u0158 i MZ\u0158: ZZO,ZM,ZVV1,ZVV2 a IGP1 beze stop a speci\u00e1ln\u00edch discipl\u00edn. Z\u00e1vod posuzovala v leto\u0161n\u00edm roce rozhod\u010d\u00ed 1. t\u0159\u00eddy pan\u00ed Eva Karv\u00e1nkov\u00e1, kter\u00e1 se sv\u00e9ho \u00fakolu zhostila velmi zodpov\u011bdn\u011b a po cel\u00fd den jen s jedinou malou p\u0159est\u00e1vkou ne\u00fanavn\u011b posuzovala z\u00e1vodn\u00edky, kte\u0159\u00ed nastupovali dle vylosovan\u00fdch \u010d\u00edsel k jednotliv\u00fdm cvik\u016fm poslu\u0161nosti i obran. Figuroval svazov\u00fd figurant pan V\u00e1clav Kuncl.<\/p>\n\n\n\n<p>Hlavn\u00edm sponzorem cel\u00e9 akce byla firma Euroben, v\u00fdhradn\u00ed dovozce krmiva Happy dog, kter\u00e1 p\u0159ipravila pro z\u00e1vodn\u00edky velk\u00e9 mno\u017estv\u00ed kr\u00e1sn\u00fdch a hodnotn\u00fdch cen. Dal\u0161\u00edm sponzorem byl pan V\u00e1clav Kuncl, kter\u00fd dodal na akci kynologick\u00e9 p\u0159edm\u011bty od firmy Gappay. Od po\u0159adatele ZKO Litom\u011b\u0159ice obdr\u017eel ka\u017ed\u00fd ze z\u00e1vodn\u00edk\u016f upom\u00ednkov\u00fd p\u0159edm\u011bt -kr\u00e1sn\u00fd hrn\u00ed\u010dek s datem a m\u00edstem kon\u00e1n\u00ed z\u00e1vodu. V\u0161ichni z\u00e1vodn\u00edci obdr\u017eeli diplom a malou pozornost od firmy Euroben. Z\u00e1vodn\u00edci do \u0161est\u00e9ho m\u00edsta pak byli odm\u011bn\u011bni v\u011bcn\u00fdmi cenami a z\u00e1vodn\u00edci na prvn\u00edch t\u0159ech m\u00edstech i kr\u00e1sn\u00fdmi poh\u00e1ry. Poh\u00e1rem a v\u011bcnou cenou byl odm\u011bn\u011bn t\u00e9\u017e nejlep\u0161\u00ed obran\u00e1\u0159 z\u00e1vodu. Ve\u010der kolem 18. hodiny pak byly vyhl\u00e1\u0161eny v\u00fdsledky cel\u00e9 akce, v\u010detn\u011b vyhl\u00e1\u0161en\u00ed nejlep\u0161\u00edho obran\u00e1\u0159e z\u00e1vodu roku 2019, j\u00edm\u017e se stal Petr St\u00e1\u0148a se psem Eddiem ze ZKO Lovosice.<\/p>\n\n\n\n<figure class=\"wp-block-gallery has-nested-images columns-default is-cropped wp-block-gallery-1 is-layout-flex wp-block-gallery-is-layout-flex\">\n<figure class=\"wp-block-image size-large\"><a href=\"http:\/\/zko-litomerice.cz\/wp-content\/uploads\/2023\/04\/zavod2019_ilu1.jpg\"><img loading=\"lazy\" decoding=\"async\" width=\"1024\" height=\"375\" data-id=\"8298\" src=\"http:\/\/zko-litomerice.cz\/wp-content\/uploads\/2023\/04\/zavod2019_ilu1-1024x375.jpg\" alt=\"\" class=\"wp-image-8298\" srcset=\"https:\/\/zko-litomerice.cz\/wp-content\/uploads\/2023\/04\/zavod2019_ilu1-1024x375.jpg 1024w, https:\/\/zko-litomerice.cz\/wp-content\/uploads\/2023\/04\/zavod2019_ilu1-300x110.jpg 300w, https:\/\/zko-litomerice.cz\/wp-content\/uploads\/2023\/04\/zavod2019_ilu1-768x282.jpg 768w, https:\/\/zko-litomerice.cz\/wp-content\/uploads\/2023\/04\/zavod2019_ilu1.jpg 1200w\" sizes=\"(max-width: 767px) 89vw, (max-width: 1000px) 54vw, (max-width: 1071px) 543px, 580px\" \/><\/a><\/figure>\n\n\n\n<figure class=\"wp-block-image size-large\"><a href=\"http:\/\/zko-litomerice.cz\/wp-content\/uploads\/2023\/04\/zavod2019_ilu3.jpg\"><img loading=\"lazy\" decoding=\"async\" width=\"900\" height=\"675\" data-id=\"8299\" src=\"http:\/\/zko-litomerice.cz\/wp-content\/uploads\/2023\/04\/zavod2019_ilu3.jpg\" alt=\"\" class=\"wp-image-8299\" srcset=\"https:\/\/zko-litomerice.cz\/wp-content\/uploads\/2023\/04\/zavod2019_ilu3.jpg 900w, https:\/\/zko-litomerice.cz\/wp-content\/uploads\/2023\/04\/zavod2019_ilu3-300x225.jpg 300w, https:\/\/zko-litomerice.cz\/wp-content\/uploads\/2023\/04\/zavod2019_ilu3-768x576.jpg 768w\" sizes=\"(max-width: 767px) 89vw, (max-width: 1000px) 54vw, (max-width: 1071px) 543px, 580px\" \/><\/a><\/figure>\n\n\n\n<figure class=\"wp-block-image size-large\"><a href=\"http:\/\/zko-litomerice.cz\/wp-content\/uploads\/2023\/04\/zavod2019_ilu2.jpg\"><img loading=\"lazy\" decoding=\"async\" width=\"960\" height=\"720\" data-id=\"8297\" src=\"http:\/\/zko-litomerice.cz\/wp-content\/uploads\/2023\/04\/zavod2019_ilu2.jpg\" alt=\"\" class=\"wp-image-8297\" srcset=\"https:\/\/zko-litomerice.cz\/wp-content\/uploads\/2023\/04\/zavod2019_ilu2.jpg 960w, https:\/\/zko-litomerice.cz\/wp-content\/uploads\/2023\/04\/zavod2019_ilu2-300x225.jpg 300w, https:\/\/zko-litomerice.cz\/wp-content\/uploads\/2023\/04\/zavod2019_ilu2-768x576.jpg 768w\" sizes=\"(max-width: 767px) 89vw, (max-width: 1000px) 54vw, (max-width: 1071px) 543px, 580px\" \/><\/a><\/figure>\n<\/figure>\n\n\n\n<div class=\"wp-block-buttons is-layout-flex wp-block-buttons-is-layout-flex\">\n<div class=\"wp-block-button\"><a class=\"wp-block-button__link wp-element-button\" href=\"http:\/\/zko-litomerice.cz\/wp-content\/uploads\/2023\/04\/obran_zavod_2019_vysledky.docx\" target=\"_blank\" rel=\"noreferrer noopener\">V\u00fdsledkov\u00e1 listina<\/a><\/div>\n<\/div>\n","protected":false},"excerpt":{"rendered":"<p>Dne 3. 3. 2019 prob\u011bhl na cvi\u010di\u0161ti ji\u017e 15. ro\u010dn\u00edk obran\u00e1\u0159sk\u00e9ho z\u00e1vodu.Z\u00e1vod je ji\u017e po dlouh\u00e9 roky velmi obl\u00edben\u00fd mezi kynology a ani v leto\u0161n\u00edm roce tomu nebylo jinak. Z\u00fa\u010dastnilo se 35 z\u00e1vodn\u00edk\u016f, kte\u0159\u00ed si zm\u011b\u0159ili sv\u00e9 s\u00edly v p\u011bti kategori\u00edch dle NZ\u0158 i MZ\u0158: ZZO,ZM,ZVV1,ZVV2 a IGP1 beze stop a speci\u00e1ln\u00edch discipl\u00edn. Z\u00e1vod posuzovala &hellip; <\/p>\n<p class=\"link-more\"><a href=\"https:\/\/zko-litomerice.cz\/index.php\/obranarsky-zavod-2019\/\" class=\"more-link\">Pokra\u010dovat ve \u010dten\u00ed<span class=\"screen-reader-text\"> &#8222;Obran\u00e1\u0159sk\u00fd z\u00e1vod 2019&#8220;<\/span><\/a><\/p>\n","protected":false},"author":1,"featured_media":0,"parent":0,"menu_order":0,"comment_status":"closed","ping_status":"closed","template":"","meta":{"footnotes":""},"class_list":["post-8296","page","type-page","status-publish","hentry"],"_links":{"self":[{"href":"https:\/\/zko-litomerice.cz\/index.php\/wp-json\/wp\/v2\/pages\/8296"}],"collection":[{"href":"https:\/\/zko-litomerice.cz\/index.php\/wp-json\/wp\/v2\/pages"}],"about":[{"href":"https:\/\/zko-litomerice.cz\/index.php\/wp-json\/wp\/v2\/types\/page"}],"author":[{"embeddable":true,"href":"https:\/\/zko-litomerice.cz\/index.php\/wp-json\/wp\/v2\/users\/1"}],"replies":[{"embeddable":true,"href":"https:\/\/zko-litomerice.cz\/index.php\/wp-json\/wp\/v2\/comments?post=8296"}],"version-history":[{"count":1,"href":"https:\/\/zko-litomerice.cz\/index.php\/wp-json\/wp\/v2\/pages\/8296\/revisions"}],"predecessor-version":[{"id":8301,"href":"https:\/\/zko-litomerice.cz\/index.php\/wp-json\/wp\/v2\/pages\/8296\/revisions\/8301"}],"wp:attachment":[{"href":"https:\/\/zko-litomerice.cz\/index.php\/wp-json\/wp\/v2\/media?parent=8296"}],"curies":[{"name":"wp","href":"https:\/\/api.w.org\/{rel}","templated":true}]}}