{"id":8285,"date":"2023-04-19T08:20:53","date_gmt":"2023-04-19T06:20:53","guid":{"rendered":"http:\/\/zko-litomerice.cz\/?page_id=8285"},"modified":"2023-04-19T08:20:53","modified_gmt":"2023-04-19T06:20:53","slug":"ostatni-akce-2018","status":"publish","type":"page","link":"https:\/\/zko-litomerice.cz\/index.php\/ostatni-akce-2018\/","title":{"rendered":"Ostatn\u00ed akce 2018"},"content":{"rendered":"\n<p><strong>Dne 16. 6. 2018 prob\u011bhla v na\u0161em are\u00e1lu cvi\u010di\u0161t\u011b Oblastn\u00ed v\u00fdstava NO<\/strong>.<br>Z\u00fa\u010dastnilo se 60 jedinc\u016f tohoto velmi obl\u00edben\u00e9ho plemene z 68 p\u0159ihl\u00e1\u0161en\u00fdch.<br><strong>V\u00fdstavu v tomto roce posuzoval rozhod\u010d\u00ed exteri\u00e9ru pan Ji\u0159\u00ed Zavadil\u00edk.<\/strong><br>Hlavn\u00edm sponzorem akce byla ji\u017e tradi\u010dn\u011b\u00a0<strong>firma Euroben<\/strong>, s.r.o., kter\u00e1 dodala pro v\u00edt\u011bze \u00a0ve v\u0161ech t\u0159\u00edd\u00e1ch \u00a0na prvn\u00edch t\u0159ech m\u00edstech \u00a0kvalitn\u00ed krmivo\u00a0<strong>Happy dog<\/strong>. Na\u0161e organizace zajistila op\u011bt bohatou tombolu, kter\u00e1 byla losov\u00e1na pro v\u0161echny \u00fa\u010dastn\u00edky akce po skon\u010den\u00ed v\u00fdstavy. Hlavn\u00ed cenou byla zateplen\u00e1 bouda pro psy a v tombole bylo losov\u00e1no\u00a0 mnoho dal\u0161\u00edch p\u011bkn\u00fdch cen. Po\u010das\u00ed bylo p\u0159\u00edzniv\u00e9, a tak cel\u00e1 akce byla hodnocena \u00fa\u010dastn\u00edky v\u00fdstavy jako velmi \u00fasp\u011b\u0161n\u00e1, co\u017e je pro n\u00e1s jako pro po\u0159adatele tou nejv\u011bt\u0161\u00ed odm\u011bnou.<\/p>\n\n\n\n<div class=\"wp-block-buttons is-layout-flex wp-block-buttons-is-layout-flex\">\n<div class=\"wp-block-button\"><a class=\"wp-block-button__link wp-element-button\" href=\"http:\/\/zko-litomerice.cz\/wp-content\/uploads\/2023\/04\/vystava_ltm_2018.pdf\" target=\"_blank\" rel=\"noreferrer noopener\">V\u00fdsledky<\/a><\/div>\n<\/div>\n\n\n\n<figure class=\"wp-block-gallery has-nested-images columns-default is-cropped wp-block-gallery-1 is-layout-flex wp-block-gallery-is-layout-flex\">\n<figure class=\"wp-block-image size-large\"><img loading=\"lazy\" decoding=\"async\" width=\"800\" height=\"534\" data-id=\"8287\" src=\"http:\/\/zko-litomerice.cz\/wp-content\/uploads\/2023\/04\/ilu_2018_3.jpg\" alt=\"\" class=\"wp-image-8287\" srcset=\"https:\/\/zko-litomerice.cz\/wp-content\/uploads\/2023\/04\/ilu_2018_3.jpg 800w, https:\/\/zko-litomerice.cz\/wp-content\/uploads\/2023\/04\/ilu_2018_3-300x200.jpg 300w, https:\/\/zko-litomerice.cz\/wp-content\/uploads\/2023\/04\/ilu_2018_3-768x513.jpg 768w\" sizes=\"(max-width: 767px) 89vw, (max-width: 1000px) 54vw, (max-width: 1071px) 543px, 580px\" \/><\/figure>\n\n\n\n<figure class=\"wp-block-image size-large\"><img loading=\"lazy\" decoding=\"async\" width=\"800\" height=\"534\" data-id=\"8288\" src=\"http:\/\/zko-litomerice.cz\/wp-content\/uploads\/2023\/04\/ilu_2018_4.jpg\" alt=\"\" class=\"wp-image-8288\" srcset=\"https:\/\/zko-litomerice.cz\/wp-content\/uploads\/2023\/04\/ilu_2018_4.jpg 800w, https:\/\/zko-litomerice.cz\/wp-content\/uploads\/2023\/04\/ilu_2018_4-300x200.jpg 300w, https:\/\/zko-litomerice.cz\/wp-content\/uploads\/2023\/04\/ilu_2018_4-768x513.jpg 768w\" sizes=\"(max-width: 767px) 89vw, (max-width: 1000px) 54vw, (max-width: 1071px) 543px, 580px\" \/><\/figure>\n\n\n\n<figure class=\"wp-block-image size-large\"><img loading=\"lazy\" decoding=\"async\" width=\"800\" height=\"535\" data-id=\"8291\" src=\"http:\/\/zko-litomerice.cz\/wp-content\/uploads\/2023\/04\/ilu_2018_5.jpg\" alt=\"\" class=\"wp-image-8291\" srcset=\"https:\/\/zko-litomerice.cz\/wp-content\/uploads\/2023\/04\/ilu_2018_5.jpg 800w, https:\/\/zko-litomerice.cz\/wp-content\/uploads\/2023\/04\/ilu_2018_5-300x201.jpg 300w, https:\/\/zko-litomerice.cz\/wp-content\/uploads\/2023\/04\/ilu_2018_5-768x514.jpg 768w\" sizes=\"(max-width: 767px) 89vw, (max-width: 1000px) 54vw, (max-width: 1071px) 543px, 580px\" \/><\/figure>\n\n\n\n<figure class=\"wp-block-image size-large\"><img loading=\"lazy\" decoding=\"async\" width=\"800\" height=\"534\" data-id=\"8290\" src=\"http:\/\/zko-litomerice.cz\/wp-content\/uploads\/2023\/04\/ilu_2018_2.jpg\" alt=\"\" class=\"wp-image-8290\" srcset=\"https:\/\/zko-litomerice.cz\/wp-content\/uploads\/2023\/04\/ilu_2018_2.jpg 800w, https:\/\/zko-litomerice.cz\/wp-content\/uploads\/2023\/04\/ilu_2018_2-300x200.jpg 300w, https:\/\/zko-litomerice.cz\/wp-content\/uploads\/2023\/04\/ilu_2018_2-768x513.jpg 768w\" sizes=\"(max-width: 767px) 89vw, (max-width: 1000px) 54vw, (max-width: 1071px) 543px, 580px\" \/><\/figure>\n\n\n\n<figure class=\"wp-block-image size-large\"><img loading=\"lazy\" decoding=\"async\" width=\"800\" height=\"534\" data-id=\"8289\" src=\"http:\/\/zko-litomerice.cz\/wp-content\/uploads\/2023\/04\/ilu_2018_1.jpg\" alt=\"\" class=\"wp-image-8289\" srcset=\"https:\/\/zko-litomerice.cz\/wp-content\/uploads\/2023\/04\/ilu_2018_1.jpg 800w, https:\/\/zko-litomerice.cz\/wp-content\/uploads\/2023\/04\/ilu_2018_1-300x200.jpg 300w, https:\/\/zko-litomerice.cz\/wp-content\/uploads\/2023\/04\/ilu_2018_1-768x513.jpg 768w\" sizes=\"(max-width: 767px) 89vw, (max-width: 1000px) 54vw, (max-width: 1071px) 543px, 580px\" \/><\/figure>\n<\/figure>\n\n\n\n<p><strong>V m\u011bs\u00edci \u010dervenci prob\u011bhlo na na\u0161em cvi\u010di\u0161ti letn\u00ed soust\u0159ed\u011bn\u00ed s mo\u017enost\u00ed slo\u017een\u00ed zkou\u0161ky z v\u00fdkonu.<\/strong>&nbsp;Soust\u0159ed\u011bn\u00ed prob\u011bhlo ve dvou term\u00ednech, prvn\u00ed term\u00edn byl 14-ti denn\u00ed, druh\u00fd ji\u017e jen t\u00fddenn\u00ed. V dob\u011b soust\u0159ed\u011bn\u00ed si mohli \u00fa\u010dastn\u00edci slo\u017eit se sv\u00fdm pejskem ve t\u0159ech objednan\u00fdch term\u00ednech zkou\u0161ku jak\u00e9hokoliv stupn\u011b dle MZ\u0158 nebo NZ\u0158. \u00da\u010dastn\u00edk\u016fm soust\u0159ed\u011bn\u00ed se v\u011bnoval po celou dobu hlavn\u00ed v\u00fdcvik\u00e1\u0159 Ivo Valach. Na zkou\u0161ky, kter\u00e9 prob\u011bhly v term\u00ednech 14. 7., 15. 7. a 29. 7 2018, tak nastoupilo celkem 27 \u00fa\u010dastn\u00edk\u016f. Soust\u0159ed\u011bn\u00ed tak jist\u011b splnilo \u00fa\u010del, pro kter\u00fd bylo po\u0159\u00e1d\u00e1no.<\/p>\n\n\n\n<p><strong>Dne 18. 11. 2018 prob\u011bhla druh\u00e1 pl\u00e1novan\u00e1 bonitace n\u011bmeck\u00fdch ov\u010d\u00e1k\u016f.<\/strong><\/p>\n\n\n\n<p>P\u016fvodn\u00ed pl\u00e1novan\u00fd term\u00edn 17.11.2018 musel b\u00fdt zru\u0161en z d\u016fvodu zdravotn\u00ed indispozice delegovan\u00e9ho rozhod\u010d\u00edho pana Ji\u0159\u00edho \u0160i\u0161ky. Byl zaji\u0161t\u011bn narychlo n\u00e1hradn\u00ed rozhod\u010d\u00ed ing. Ji\u0159\u00ed Novotn\u00fd, kter\u00fd ochotn\u011b nahradil p\u016fvodn\u011b delegovan\u00e9ho a s jednodenn\u00edm posunem bonitaci posoudil.<br><strong>Bonita\u010dn\u00ed komise tak pracovala ve slo\u017een\u00ed Ji\u0159\u00ed Novotn\u00fd, Josef Pr\u00e1\u0161il, V\u00e1clav Kuncl.<\/strong><br>V\u0161ichni p\u0159ihl\u00e1\u0161en\u00ed \u00fa\u010dastn\u00edci s posunem bonitace o jeden den souhlasili a tak\u00e9 se na akci dostavili. Posouzeno tak bylo 15 jedinc\u016f NO, v\u0161ichni splnili podm\u00ednky pro za\u0159azen\u00ed do v\u00fdb\u011brov\u00e9ho chovu.<\/p>\n\n\n\n<figure class=\"wp-block-gallery has-nested-images columns-default is-cropped wp-block-gallery-2 is-layout-flex wp-block-gallery-is-layout-flex\">\n<figure class=\"wp-block-image size-large\"><a href=\"http:\/\/zko-litomerice.cz\/wp-content\/uploads\/2023\/04\/podz_bon2018_2.jpg\"><img loading=\"lazy\" decoding=\"async\" width=\"1000\" height=\"707\" data-id=\"8293\" src=\"http:\/\/zko-litomerice.cz\/wp-content\/uploads\/2023\/04\/podz_bon2018_2.jpg\" alt=\"\" class=\"wp-image-8293\" srcset=\"https:\/\/zko-litomerice.cz\/wp-content\/uploads\/2023\/04\/podz_bon2018_2.jpg 1000w, https:\/\/zko-litomerice.cz\/wp-content\/uploads\/2023\/04\/podz_bon2018_2-300x212.jpg 300w, https:\/\/zko-litomerice.cz\/wp-content\/uploads\/2023\/04\/podz_bon2018_2-768x543.jpg 768w\" sizes=\"(max-width: 767px) 89vw, (max-width: 1000px) 54vw, (max-width: 1071px) 543px, 580px\" \/><\/a><\/figure>\n\n\n\n<figure class=\"wp-block-image size-large\"><a href=\"http:\/\/zko-litomerice.cz\/wp-content\/uploads\/2023\/04\/podz_bon2018_1.jpg\"><img loading=\"lazy\" decoding=\"async\" width=\"1000\" height=\"707\" data-id=\"8292\" src=\"http:\/\/zko-litomerice.cz\/wp-content\/uploads\/2023\/04\/podz_bon2018_1.jpg\" alt=\"\" class=\"wp-image-8292\" srcset=\"https:\/\/zko-litomerice.cz\/wp-content\/uploads\/2023\/04\/podz_bon2018_1.jpg 1000w, https:\/\/zko-litomerice.cz\/wp-content\/uploads\/2023\/04\/podz_bon2018_1-300x212.jpg 300w, https:\/\/zko-litomerice.cz\/wp-content\/uploads\/2023\/04\/podz_bon2018_1-768x543.jpg 768w\" sizes=\"(max-width: 767px) 89vw, (max-width: 1000px) 54vw, (max-width: 1071px) 543px, 580px\" \/><\/a><\/figure>\n<\/figure>\n","protected":false},"excerpt":{"rendered":"<p>Dne 16. 6. 2018 prob\u011bhla v na\u0161em are\u00e1lu cvi\u010di\u0161t\u011b Oblastn\u00ed v\u00fdstava NO.Z\u00fa\u010dastnilo se 60 jedinc\u016f tohoto velmi obl\u00edben\u00e9ho plemene z 68 p\u0159ihl\u00e1\u0161en\u00fdch.V\u00fdstavu v tomto roce posuzoval rozhod\u010d\u00ed exteri\u00e9ru pan Ji\u0159\u00ed Zavadil\u00edk.Hlavn\u00edm sponzorem akce byla ji\u017e tradi\u010dn\u011b\u00a0firma Euroben, s.r.o., kter\u00e1 dodala pro v\u00edt\u011bze \u00a0ve v\u0161ech t\u0159\u00edd\u00e1ch \u00a0na prvn\u00edch t\u0159ech m\u00edstech \u00a0kvalitn\u00ed krmivo\u00a0Happy dog. Na\u0161e organizace zajistila &hellip; <\/p>\n<p class=\"link-more\"><a href=\"https:\/\/zko-litomerice.cz\/index.php\/ostatni-akce-2018\/\" class=\"more-link\">Pokra\u010dovat ve \u010dten\u00ed<span class=\"screen-reader-text\"> &#8222;Ostatn\u00ed akce 2018&#8220;<\/span><\/a><\/p>\n","protected":false},"author":1,"featured_media":0,"parent":0,"menu_order":0,"comment_status":"closed","ping_status":"closed","template":"","meta":{"footnotes":""},"class_list":["post-8285","page","type-page","status-publish","hentry"],"_links":{"self":[{"href":"https:\/\/zko-litomerice.cz\/index.php\/wp-json\/wp\/v2\/pages\/8285"}],"collection":[{"href":"https:\/\/zko-litomerice.cz\/index.php\/wp-json\/wp\/v2\/pages"}],"about":[{"href":"https:\/\/zko-litomerice.cz\/index.php\/wp-json\/wp\/v2\/types\/page"}],"author":[{"embeddable":true,"href":"https:\/\/zko-litomerice.cz\/index.php\/wp-json\/wp\/v2\/users\/1"}],"replies":[{"embeddable":true,"href":"https:\/\/zko-litomerice.cz\/index.php\/wp-json\/wp\/v2\/comments?post=8285"}],"version-history":[{"count":1,"href":"https:\/\/zko-litomerice.cz\/index.php\/wp-json\/wp\/v2\/pages\/8285\/revisions"}],"predecessor-version":[{"id":8294,"href":"https:\/\/zko-litomerice.cz\/index.php\/wp-json\/wp\/v2\/pages\/8285\/revisions\/8294"}],"wp:attachment":[{"href":"https:\/\/zko-litomerice.cz\/index.php\/wp-json\/wp\/v2\/media?parent=8285"}],"curies":[{"name":"wp","href":"https:\/\/api.w.org\/{rel}","templated":true}]}}