{"id":8280,"date":"2023-04-19T08:13:19","date_gmt":"2023-04-19T06:13:19","guid":{"rendered":"http:\/\/zko-litomerice.cz\/?page_id=8280"},"modified":"2023-04-19T08:13:19","modified_gmt":"2023-04-19T06:13:19","slug":"jarni-bonitace-2019","status":"publish","type":"page","link":"https:\/\/zko-litomerice.cz\/index.php\/jarni-bonitace-2019\/","title":{"rendered":"Jarn\u00ed bonitace 2019"},"content":{"rendered":"\n<p><strong>Dne 18. 5. 2019 prob\u011bhla na cvi\u010di\u0161ti prvn\u00ed leto\u0161n\u00ed bonitace NO.<\/strong><\/p>\n\n\n\n<p>Akce se z\u00fa\u010dastnilo 6 ps\u016f a v\u0161ichni jedinci splnili podm\u00ednky pro za\u0159azeni do v\u00fdb\u011brov\u00e9ho chovu. Bonita\u010dn\u00ed komise pracovala ve slo\u017een\u00ed: rozhod\u010d\u00ed Ji\u0159\u00ed \u0160i\u0161ka, okresn\u00ed poradce chovu Pavel V\u00e1pen\u00edk a figurant V\u00e1clav Kuncl.<\/p>\n\n\n\n<div class=\"wp-block-buttons is-layout-flex wp-block-buttons-is-layout-flex\">\n<div class=\"wp-block-button\"><a class=\"wp-block-button__link wp-element-button\" href=\"http:\/\/zko-litomerice.cz\/wp-content\/uploads\/2023\/04\/jarni_bonitace2019-scaled.jpg\" target=\"_blank\" rel=\"noreferrer noopener\">V\u00fdsledky bonitace<\/a><\/div>\n<\/div>\n","protected":false},"excerpt":{"rendered":"<p>Dne 18. 5. 2019 prob\u011bhla na cvi\u010di\u0161ti prvn\u00ed leto\u0161n\u00ed bonitace NO. Akce se z\u00fa\u010dastnilo 6 ps\u016f a v\u0161ichni jedinci splnili podm\u00ednky pro za\u0159azeni do v\u00fdb\u011brov\u00e9ho chovu. Bonita\u010dn\u00ed komise pracovala ve slo\u017een\u00ed: rozhod\u010d\u00ed Ji\u0159\u00ed \u0160i\u0161ka, okresn\u00ed poradce chovu Pavel V\u00e1pen\u00edk a figurant V\u00e1clav Kuncl.<\/p>\n","protected":false},"author":1,"featured_media":0,"parent":0,"menu_order":0,"comment_status":"closed","ping_status":"closed","template":"","meta":{"footnotes":""},"class_list":["post-8280","page","type-page","status-publish","hentry"],"_links":{"self":[{"href":"https:\/\/zko-litomerice.cz\/index.php\/wp-json\/wp\/v2\/pages\/8280"}],"collection":[{"href":"https:\/\/zko-litomerice.cz\/index.php\/wp-json\/wp\/v2\/pages"}],"about":[{"href":"https:\/\/zko-litomerice.cz\/index.php\/wp-json\/wp\/v2\/types\/page"}],"author":[{"embeddable":true,"href":"https:\/\/zko-litomerice.cz\/index.php\/wp-json\/wp\/v2\/users\/1"}],"replies":[{"embeddable":true,"href":"https:\/\/zko-litomerice.cz\/index.php\/wp-json\/wp\/v2\/comments?post=8280"}],"version-history":[{"count":1,"href":"https:\/\/zko-litomerice.cz\/index.php\/wp-json\/wp\/v2\/pages\/8280\/revisions"}],"predecessor-version":[{"id":8283,"href":"https:\/\/zko-litomerice.cz\/index.php\/wp-json\/wp\/v2\/pages\/8280\/revisions\/8283"}],"wp:attachment":[{"href":"https:\/\/zko-litomerice.cz\/index.php\/wp-json\/wp\/v2\/media?parent=8280"}],"curies":[{"name":"wp","href":"https:\/\/api.w.org\/{rel}","templated":true}]}}