{"id":8269,"date":"2023-04-19T08:04:59","date_gmt":"2023-04-19T06:04:59","guid":{"rendered":"http:\/\/zko-litomerice.cz\/?page_id=8269"},"modified":"2023-04-19T08:09:35","modified_gmt":"2023-04-19T06:09:35","slug":"ostatni-akce-2019","status":"publish","type":"page","link":"https:\/\/zko-litomerice.cz\/index.php\/ostatni-akce-2019\/","title":{"rendered":"Ostatni akce 2019"},"content":{"rendered":"\n<p><strong>Dne 16.11.2019 prob\u011bhla na na\u0161em cvi\u010di\u0161ti druh\u00e1 bonitace NO.<\/strong><\/p>\n\n\n\n<p>Bonitace se z\u00fa\u010dastnilo 16 n\u011bmeck\u00fdch ov\u010d\u00e1k\u016f. Podm\u00ednky za\u0159azen\u00ed do v\u00fdb\u011brov\u00e9ho chovu splnilo 15 jedinc\u016f. Jeden pes byl za\u0159azen do kontrolovan\u00e9ho chovu z d\u016fvodu nem\u011b\u0159itelnosti. Bonita\u010dn\u00ed komisi tvo\u0159ili: hlavn\u00ed rozhod\u010d\u00ed Ji\u0159\u00ed \u0160i\u0161ka, okresn\u00ed poradce chovu pan\u00ed Ji\u0159ina Vorlov\u00e1 a figurant V\u00e1clav Kuncl.<\/p>\n\n\n\n<figure class=\"wp-block-gallery has-nested-images columns-default is-cropped wp-block-gallery-1 is-layout-flex wp-block-gallery-is-layout-flex\">\n<figure class=\"wp-block-image size-large\"><a href=\"http:\/\/zko-litomerice.cz\/wp-content\/uploads\/2023\/04\/bon_list2019_2.jpg\"><img loading=\"lazy\" decoding=\"async\" width=\"1024\" height=\"707\" data-id=\"8270\" src=\"http:\/\/zko-litomerice.cz\/wp-content\/uploads\/2023\/04\/bon_list2019_2-1024x707.jpg\" alt=\"\" class=\"wp-image-8270\" srcset=\"https:\/\/zko-litomerice.cz\/wp-content\/uploads\/2023\/04\/bon_list2019_2-1024x707.jpg 1024w, https:\/\/zko-litomerice.cz\/wp-content\/uploads\/2023\/04\/bon_list2019_2-300x207.jpg 300w, https:\/\/zko-litomerice.cz\/wp-content\/uploads\/2023\/04\/bon_list2019_2-768x530.jpg 768w, https:\/\/zko-litomerice.cz\/wp-content\/uploads\/2023\/04\/bon_list2019_2.jpg 1200w\" sizes=\"(max-width: 767px) 89vw, (max-width: 1000px) 54vw, (max-width: 1071px) 543px, 580px\" \/><\/a><\/figure>\n\n\n\n<figure class=\"wp-block-image size-large\"><a href=\"http:\/\/zko-litomerice.cz\/wp-content\/uploads\/2023\/04\/bon_list2019_1.jpg\"><img loading=\"lazy\" decoding=\"async\" width=\"1024\" height=\"659\" data-id=\"8271\" src=\"http:\/\/zko-litomerice.cz\/wp-content\/uploads\/2023\/04\/bon_list2019_1-1024x659.jpg\" alt=\"\" class=\"wp-image-8271\" srcset=\"https:\/\/zko-litomerice.cz\/wp-content\/uploads\/2023\/04\/bon_list2019_1-1024x659.jpg 1024w, https:\/\/zko-litomerice.cz\/wp-content\/uploads\/2023\/04\/bon_list2019_1-300x193.jpg 300w, https:\/\/zko-litomerice.cz\/wp-content\/uploads\/2023\/04\/bon_list2019_1-768x494.jpg 768w, https:\/\/zko-litomerice.cz\/wp-content\/uploads\/2023\/04\/bon_list2019_1.jpg 1200w\" sizes=\"(max-width: 767px) 89vw, (max-width: 1000px) 54vw, (max-width: 1071px) 543px, 580px\" \/><\/a><\/figure>\n<\/figure>\n\n\n\n<p><strong>V m\u011bs\u00edci \u010dervenci 2019 prob\u011bhlo na cvi\u010di\u0161ti letn\u00ed soust\u0159ed\u011bn\u00ed s mo\u017enost\u00ed slo\u017een\u00ed zkou\u0161ek z v\u00fdkonu<\/strong>.<\/p>\n\n\n\n<p>Prvn\u00ed term\u00edn soust\u0159ed\u011bn\u00ed prob\u011bhl v d\u00e9lce 14-ti dn\u00ed, druh\u00fd term\u00edn prob\u011bhl ji\u017e jen sedmidenn\u00ed. Po celou dobu se z\u00fa\u010dastn\u011bn\u00fdm v\u011bnoval a s p\u0159\u00edpravou ps\u016f na zkou\u0161ky pom\u00e1hal hlavn\u00ed v\u00fdcvik\u00e1\u0159 pan Ivo Valach, kter\u00fd t\u00e9\u017e na v\u0161ech zkou\u0161k\u00e1ch v r\u00e1mci letn\u00edho soust\u0159ed\u011bn\u00ed prov\u00e1d\u011bl i funkci figuranta. V r\u00e1mci soust\u0159ed\u011bn\u00ed tak prob\u011bhly troje sm\u00ed\u0161en\u00e9 zkou\u0161ky z v\u00fdkonu dle MZ\u0158+NZ\u0158. Akc\u00ed se z\u00fa\u010dastnil maxim\u00e1ln\u00ed mo\u017en\u00fd po\u010det \u00fa\u010dastn\u00edk\u016f 30, kapacita zkou\u0161ek tak byla napln\u011bna na 100 procent a soust\u0159ed\u011bn\u00ed tak jist\u011b splnilo sv\u016fj \u00fa\u010del.<\/p>\n\n\n\n<div class=\"wp-block-buttons is-layout-flex wp-block-buttons-is-layout-flex\">\n<div class=\"wp-block-button\"><a class=\"wp-block-button__link wp-element-button\" href=\"http:\/\/zko-litomerice.cz\/wp-content\/uploads\/2023\/04\/povystavni2019.pdf\" target=\"_blank\" rel=\"noreferrer noopener\">Pov\u00fdstavn\u00ed katalog<\/a><\/div>\n<\/div>\n\n\n\n<p>v\u00edce fotografii na na\u0161em Facebooku <a href=\"https:\/\/www.facebook.com\/zkolitomerice\/photos?tab=album&amp;album_id=1044578932418174\" data-type=\"URL\" data-id=\"https:\/\/www.facebook.com\/zkolitomerice\/photos?tab=album&amp;album_id=1044578932418174\" target=\"_blank\" rel=\"noreferrer noopener\">zde<\/a><\/p>\n\n\n\n<figure class=\"wp-block-gallery has-nested-images columns-default is-cropped wp-block-gallery-2 is-layout-flex wp-block-gallery-is-layout-flex\">\n<figure class=\"wp-block-image size-large\"><img loading=\"lazy\" decoding=\"async\" width=\"800\" height=\"534\" data-id=\"8277\" src=\"http:\/\/zko-litomerice.cz\/wp-content\/uploads\/2023\/04\/vystava_ilustracni3.jpg\" alt=\"\" class=\"wp-image-8277\" srcset=\"https:\/\/zko-litomerice.cz\/wp-content\/uploads\/2023\/04\/vystava_ilustracni3.jpg 800w, https:\/\/zko-litomerice.cz\/wp-content\/uploads\/2023\/04\/vystava_ilustracni3-300x200.jpg 300w, https:\/\/zko-litomerice.cz\/wp-content\/uploads\/2023\/04\/vystava_ilustracni3-768x513.jpg 768w\" sizes=\"(max-width: 767px) 89vw, (max-width: 1000px) 54vw, (max-width: 1071px) 543px, 580px\" \/><\/figure>\n\n\n\n<figure class=\"wp-block-image size-large\"><img loading=\"lazy\" decoding=\"async\" width=\"800\" height=\"534\" data-id=\"8275\" src=\"http:\/\/zko-litomerice.cz\/wp-content\/uploads\/2023\/04\/vystava_ilustracni2.jpg\" alt=\"\" class=\"wp-image-8275\" srcset=\"https:\/\/zko-litomerice.cz\/wp-content\/uploads\/2023\/04\/vystava_ilustracni2.jpg 800w, https:\/\/zko-litomerice.cz\/wp-content\/uploads\/2023\/04\/vystava_ilustracni2-300x200.jpg 300w, https:\/\/zko-litomerice.cz\/wp-content\/uploads\/2023\/04\/vystava_ilustracni2-768x513.jpg 768w\" sizes=\"(max-width: 767px) 89vw, (max-width: 1000px) 54vw, (max-width: 1071px) 543px, 580px\" \/><\/figure>\n\n\n\n<figure class=\"wp-block-image size-large\"><img loading=\"lazy\" decoding=\"async\" width=\"800\" height=\"534\" data-id=\"8276\" src=\"http:\/\/zko-litomerice.cz\/wp-content\/uploads\/2023\/04\/vystava_ilustracni1.jpg\" alt=\"\" class=\"wp-image-8276\" srcset=\"https:\/\/zko-litomerice.cz\/wp-content\/uploads\/2023\/04\/vystava_ilustracni1.jpg 800w, https:\/\/zko-litomerice.cz\/wp-content\/uploads\/2023\/04\/vystava_ilustracni1-300x200.jpg 300w, https:\/\/zko-litomerice.cz\/wp-content\/uploads\/2023\/04\/vystava_ilustracni1-768x513.jpg 768w\" sizes=\"(max-width: 767px) 89vw, (max-width: 1000px) 54vw, (max-width: 1071px) 543px, 580px\" \/><\/figure>\n<\/figure>\n","protected":false},"excerpt":{"rendered":"<p>Dne 16.11.2019 prob\u011bhla na na\u0161em cvi\u010di\u0161ti druh\u00e1 bonitace NO. Bonitace se z\u00fa\u010dastnilo 16 n\u011bmeck\u00fdch ov\u010d\u00e1k\u016f. Podm\u00ednky za\u0159azen\u00ed do v\u00fdb\u011brov\u00e9ho chovu splnilo 15 jedinc\u016f. Jeden pes byl za\u0159azen do kontrolovan\u00e9ho chovu z d\u016fvodu nem\u011b\u0159itelnosti. Bonita\u010dn\u00ed komisi tvo\u0159ili: hlavn\u00ed rozhod\u010d\u00ed Ji\u0159\u00ed \u0160i\u0161ka, okresn\u00ed poradce chovu pan\u00ed Ji\u0159ina Vorlov\u00e1 a figurant V\u00e1clav Kuncl. V m\u011bs\u00edci \u010dervenci 2019 prob\u011bhlo &hellip; <\/p>\n<p class=\"link-more\"><a href=\"https:\/\/zko-litomerice.cz\/index.php\/ostatni-akce-2019\/\" class=\"more-link\">Pokra\u010dovat ve \u010dten\u00ed<span class=\"screen-reader-text\"> &#8222;Ostatni akce 2019&#8220;<\/span><\/a><\/p>\n","protected":false},"author":1,"featured_media":0,"parent":0,"menu_order":0,"comment_status":"closed","ping_status":"closed","template":"","meta":{"footnotes":""},"class_list":["post-8269","page","type-page","status-publish","hentry"],"_links":{"self":[{"href":"https:\/\/zko-litomerice.cz\/index.php\/wp-json\/wp\/v2\/pages\/8269"}],"collection":[{"href":"https:\/\/zko-litomerice.cz\/index.php\/wp-json\/wp\/v2\/pages"}],"about":[{"href":"https:\/\/zko-litomerice.cz\/index.php\/wp-json\/wp\/v2\/types\/page"}],"author":[{"embeddable":true,"href":"https:\/\/zko-litomerice.cz\/index.php\/wp-json\/wp\/v2\/users\/1"}],"replies":[{"embeddable":true,"href":"https:\/\/zko-litomerice.cz\/index.php\/wp-json\/wp\/v2\/comments?post=8269"}],"version-history":[{"count":3,"href":"https:\/\/zko-litomerice.cz\/index.php\/wp-json\/wp\/v2\/pages\/8269\/revisions"}],"predecessor-version":[{"id":8278,"href":"https:\/\/zko-litomerice.cz\/index.php\/wp-json\/wp\/v2\/pages\/8269\/revisions\/8278"}],"wp:attachment":[{"href":"https:\/\/zko-litomerice.cz\/index.php\/wp-json\/wp\/v2\/media?parent=8269"}],"curies":[{"name":"wp","href":"https:\/\/api.w.org\/{rel}","templated":true}]}}