{"id":8263,"date":"2023-04-19T07:32:08","date_gmt":"2023-04-19T05:32:08","guid":{"rendered":"http:\/\/zko-litomerice.cz\/?page_id=8263"},"modified":"2023-04-19T07:33:25","modified_gmt":"2023-04-19T05:33:25","slug":"obranarsky-zavod-2020","status":"publish","type":"page","link":"https:\/\/zko-litomerice.cz\/index.php\/obranarsky-zavod-2020\/","title":{"rendered":"Obran\u00e1\u0159sk\u00fd z\u00e1vod 2020"},"content":{"rendered":"\n<p><strong>Dne 7. 3. 2020 prob\u011bhl 16. ro\u010dn\u00edk Obran\u00e1\u0159sk\u00e9ho z\u00e1vodu<\/strong>.<\/p>\n\n\n\n<p>Sout\u011b\u017eilo se v p\u011bti kategori\u00edch dle MZ\u0158 i NZ\u0158 beze stop a speci\u00e1ln\u00edch discipl\u00edn: ZZO, ZM, ZVV1, ZVV2 a IGP1. Z\u00e1vodu se z\u00fa\u010dastnilo 36 z\u00e1vodn\u00edk\u016f.<br>Cel\u00fd z\u00e1vod posuzovala rozhod\u010d\u00ed 1. t\u0159\u00eddy pan\u00ed Eva Karv\u00e1nkov\u00e1, funkce figuranta se zhostil svazov\u00fd figurant pan V\u00e1clav Kuncl.<\/p>\n\n\n\n<p><br>Hlavn\u00edm sponzorem z\u00e1vodu byla&nbsp;<strong>firma Euroben,<\/strong>&nbsp;kter\u00e1 dodala do v\u0161ech kategori\u00ed a\u017e do p\u00e1t\u00e9ho m\u00edsta krmivo pro psy Happy dog a pro v\u0161echny z\u00e1vodn\u00edky d\u00e1rkov\u00e9 ta\u0161ky. Hodnotnou cenu t\u00e9\u017e firma p\u0159ipravila pro nejlep\u0161\u00edho obran\u00e1\u0159e z\u00e1vodu. Dal\u0161\u00edmi sponzory byly firma Ataner a pan\u00ed Lenka Kaplanov\u00e1. ZKO Litom\u011b\u0159ice t\u00e9\u017e zajistila kr\u00e1sn\u00e9 poh\u00e1ry pro prvn\u00ed t\u0159i v\u00edt\u011bze v ka\u017ed\u00e9 kategorii a t\u00e9\u017e pro nejlep\u0161\u00edho obran\u00e1\u0159e.<\/p>\n\n\n\n<p><br>V chladn\u00e9m po\u010das\u00ed pan\u00ed rozhod\u010d\u00ed cel\u00fd den jen s jednou malou p\u0159est\u00e1vkou posuzovala z\u00e1vodn\u00edky, p\u0159esto do\u0161lo k vyhl\u00e1\u0161en\u00ed v\u00fdsledk\u016f a\u017e kolem 18. hodiny ve\u010dern\u00ed d\u00edky velk\u00e9mu po\u010dtu z\u00e1vodn\u00edk\u016f. \u00da\u010dastn\u00edc\u00ed z\u00e1vodu mohli v chladn\u00e9m po\u010das\u00ed vyu\u017e\u00edt p\u0159\u00edjemn\u00e9ho z\u00e1zem\u00ed ve vytopen\u00e9 klubovn\u011b a z\u00e1rove\u0148 vyu\u017e\u00edt dob\u0159e z\u00e1sobenou kant\u00fdnu ke sv\u00e9mu ob\u010derstven\u00ed.<br>Nejlep\u0161\u00edm obran\u00e1\u0159em leto\u0161n\u00edho ro\u010dn\u00edku se stala Arnoldov\u00e1 Ji\u0159ina s Caty.<\/p>\n\n\n\n<div class=\"wp-block-buttons is-layout-flex wp-block-buttons-is-layout-flex\">\n<div class=\"wp-block-button\"><a class=\"wp-block-button__link wp-element-button\" href=\"http:\/\/zko-litomerice.cz\/wp-content\/uploads\/2023\/04\/vysled_listina_zavod2020.docx\" target=\"_blank\" rel=\"noreferrer noopener\">V\u00fdsledkov\u00e1 listina<\/a><\/div>\n<\/div>\n\n\n\n<p><\/p>\n\n\n\n<figure class=\"wp-block-image size-large\"><img loading=\"lazy\" decoding=\"async\" width=\"1024\" height=\"367\" src=\"http:\/\/zko-litomerice.cz\/wp-content\/uploads\/2023\/04\/zavod_2020-1024x367.jpg\" alt=\"\" class=\"wp-image-8264\" srcset=\"https:\/\/zko-litomerice.cz\/wp-content\/uploads\/2023\/04\/zavod_2020-1024x367.jpg 1024w, https:\/\/zko-litomerice.cz\/wp-content\/uploads\/2023\/04\/zavod_2020-300x107.jpg 300w, https:\/\/zko-litomerice.cz\/wp-content\/uploads\/2023\/04\/zavod_2020-768x275.jpg 768w, https:\/\/zko-litomerice.cz\/wp-content\/uploads\/2023\/04\/zavod_2020-1536x550.jpg 1536w, https:\/\/zko-litomerice.cz\/wp-content\/uploads\/2023\/04\/zavod_2020.jpg 2048w\" sizes=\"(max-width: 767px) 89vw, (max-width: 1000px) 54vw, (max-width: 1071px) 543px, 580px\" \/><\/figure>\n\n\n\n<p><\/p>\n","protected":false},"excerpt":{"rendered":"<p>Dne 7. 3. 2020 prob\u011bhl 16. ro\u010dn\u00edk Obran\u00e1\u0159sk\u00e9ho z\u00e1vodu. Sout\u011b\u017eilo se v p\u011bti kategori\u00edch dle MZ\u0158 i NZ\u0158 beze stop a speci\u00e1ln\u00edch discipl\u00edn: ZZO, ZM, ZVV1, ZVV2 a IGP1. Z\u00e1vodu se z\u00fa\u010dastnilo 36 z\u00e1vodn\u00edk\u016f.Cel\u00fd z\u00e1vod posuzovala rozhod\u010d\u00ed 1. t\u0159\u00eddy pan\u00ed Eva Karv\u00e1nkov\u00e1, funkce figuranta se zhostil svazov\u00fd figurant pan V\u00e1clav Kuncl. Hlavn\u00edm sponzorem z\u00e1vodu byla&nbsp;firma &hellip; <\/p>\n<p class=\"link-more\"><a href=\"https:\/\/zko-litomerice.cz\/index.php\/obranarsky-zavod-2020\/\" class=\"more-link\">Pokra\u010dovat ve \u010dten\u00ed<span class=\"screen-reader-text\"> &#8222;Obran\u00e1\u0159sk\u00fd z\u00e1vod 2020&#8220;<\/span><\/a><\/p>\n","protected":false},"author":1,"featured_media":0,"parent":0,"menu_order":0,"comment_status":"closed","ping_status":"closed","template":"","meta":{"footnotes":""},"class_list":["post-8263","page","type-page","status-publish","hentry"],"_links":{"self":[{"href":"https:\/\/zko-litomerice.cz\/index.php\/wp-json\/wp\/v2\/pages\/8263"}],"collection":[{"href":"https:\/\/zko-litomerice.cz\/index.php\/wp-json\/wp\/v2\/pages"}],"about":[{"href":"https:\/\/zko-litomerice.cz\/index.php\/wp-json\/wp\/v2\/types\/page"}],"author":[{"embeddable":true,"href":"https:\/\/zko-litomerice.cz\/index.php\/wp-json\/wp\/v2\/users\/1"}],"replies":[{"embeddable":true,"href":"https:\/\/zko-litomerice.cz\/index.php\/wp-json\/wp\/v2\/comments?post=8263"}],"version-history":[{"count":2,"href":"https:\/\/zko-litomerice.cz\/index.php\/wp-json\/wp\/v2\/pages\/8263\/revisions"}],"predecessor-version":[{"id":8268,"href":"https:\/\/zko-litomerice.cz\/index.php\/wp-json\/wp\/v2\/pages\/8263\/revisions\/8268"}],"wp:attachment":[{"href":"https:\/\/zko-litomerice.cz\/index.php\/wp-json\/wp\/v2\/media?parent=8263"}],"curies":[{"name":"wp","href":"https:\/\/api.w.org\/{rel}","templated":true}]}}