{"id":8249,"date":"2023-04-19T07:24:34","date_gmt":"2023-04-19T05:24:34","guid":{"rendered":"http:\/\/zko-litomerice.cz\/?page_id=8249"},"modified":"2023-04-19T07:28:45","modified_gmt":"2023-04-19T05:28:45","slug":"ostatni-akce-2020","status":"publish","type":"page","link":"https:\/\/zko-litomerice.cz\/index.php\/ostatni-akce-2020\/","title":{"rendered":"Ostatn\u00ed akce 2020"},"content":{"rendered":"\n<p><strong>Dne 21. 6. 2020 byla uskute\u010dn\u011bna na na\u0161em cvi\u010di\u0161ti v\u00fdstava n\u011bmeck\u00fdch ov\u010d\u00e1k\u016f<\/strong>.<\/p>\n\n\n\n<p>V\u00fdstavu posuzoval rozhod\u010d\u00ed z exteri\u00e9ru pan Ji\u0159\u00ed \u0160i\u0161ka.<\/p>\n\n\n\n<p>Akce se z\u00fa\u010dastnilo rekordn\u00edch 86 jedinc\u016f toho velmi obl\u00edben\u00e9ho plemene.<\/p>\n\n\n\n<p>Zv\u00fd\u0161en\u00e1 \u00fa\u010dast na t\u00e9to akci byla tak\u00e9 zp\u016fsobena faktem, \u017ee se v jarn\u00edch m\u011bs\u00edc\u00edch, d\u00edky opat\u0159en\u00edm vl\u00e1dy kv\u016fli koronaviru, \u017e\u00e1dn\u00e9 v\u00fdstavy ani jin\u00e9 akce nemohly konat a v\u0161echny sportovn\u00ed are\u00e1ly musely b\u00fdt uzav\u0159eny. Hlavn\u00edm sponzorem akce byla firma Euroben, dovozce krmiva Happy dog, kter\u00e1 na akci zajistila ceny pro prvn\u00ed t\u0159i v\u00fdherce v ka\u017ed\u00e9 t\u0159\u00edd\u011b ps\u016f i fen.<\/p>\n\n\n\n<p>Na\u0161e organizace t\u00e9\u017e zajistila pro jedince um\u00edst\u011bn\u00e9 na prvn\u00edch t\u0159ech m\u00edstech ve v\u0161ech t\u0159\u00edd\u00e1ch kr\u00e1sn\u00e9 poh\u00e1ry. Na\u0161e ZKO jako ka\u017edoro\u010dn\u011b zajistila pro \u00fa\u010dastn\u00edky v\u00fdstavy bohatou tombolu, v\u010detn\u011b hlavn\u00ed ceny, kterou byla ji\u017e tradi\u010dn\u011b bouda pro psy.<\/p>\n\n\n\n<p>Tombola byla losov\u00e1na na konci akce ze v\u0161ech vystavovatel\u016f, kte\u0159\u00ed se akce z\u00fa\u010dastnili. V\u00fdstava prob\u011bhla za p\u0159\u00edzniv\u00e9ho po\u010das\u00ed, k pohod\u011b v\u0161ech \u00fa\u010dastn\u00edk\u016f jist\u011b p\u0159isp\u011bla i dob\u0159e z\u00e1soben\u00e1 kant\u00fdna.<\/p>\n\n\n\n<div class=\"wp-block-buttons is-layout-flex wp-block-buttons-is-layout-flex\">\n<div class=\"wp-block-button\"><a class=\"wp-block-button__link wp-element-button\" href=\"http:\/\/zko-litomerice.cz\/wp-content\/uploads\/2023\/04\/povystavni_katalog2020.pdf\" target=\"_blank\" rel=\"noreferrer noopener\">Pov\u00fdstavn\u00ed katalog<\/a><\/div>\n<\/div>\n\n\n\n<figure class=\"wp-block-gallery has-nested-images columns-default is-cropped wp-block-gallery-1 is-layout-flex wp-block-gallery-is-layout-flex\">\n<figure class=\"wp-block-image size-large\"><img loading=\"lazy\" decoding=\"async\" width=\"900\" height=\"598\" data-id=\"8254\" src=\"http:\/\/zko-litomerice.cz\/wp-content\/uploads\/2023\/04\/vystava2020_1.jpg\" alt=\"\" class=\"wp-image-8254\" srcset=\"https:\/\/zko-litomerice.cz\/wp-content\/uploads\/2023\/04\/vystava2020_1.jpg 900w, https:\/\/zko-litomerice.cz\/wp-content\/uploads\/2023\/04\/vystava2020_1-300x199.jpg 300w, https:\/\/zko-litomerice.cz\/wp-content\/uploads\/2023\/04\/vystava2020_1-768x510.jpg 768w\" sizes=\"(max-width: 767px) 89vw, (max-width: 1000px) 54vw, (max-width: 1071px) 543px, 580px\" \/><\/figure>\n\n\n\n<figure class=\"wp-block-image size-large\"><img loading=\"lazy\" decoding=\"async\" width=\"900\" height=\"598\" data-id=\"8253\" src=\"http:\/\/zko-litomerice.cz\/wp-content\/uploads\/2023\/04\/vystava2020_2.jpg\" alt=\"\" class=\"wp-image-8253\" srcset=\"https:\/\/zko-litomerice.cz\/wp-content\/uploads\/2023\/04\/vystava2020_2.jpg 900w, https:\/\/zko-litomerice.cz\/wp-content\/uploads\/2023\/04\/vystava2020_2-300x199.jpg 300w, https:\/\/zko-litomerice.cz\/wp-content\/uploads\/2023\/04\/vystava2020_2-768x510.jpg 768w\" sizes=\"(max-width: 767px) 89vw, (max-width: 1000px) 54vw, (max-width: 1071px) 543px, 580px\" \/><\/figure>\n\n\n\n<figure class=\"wp-block-image size-large\"><img loading=\"lazy\" decoding=\"async\" width=\"900\" height=\"600\" data-id=\"8252\" src=\"http:\/\/zko-litomerice.cz\/wp-content\/uploads\/2023\/04\/vystava200.jpg\" alt=\"\" class=\"wp-image-8252\" srcset=\"https:\/\/zko-litomerice.cz\/wp-content\/uploads\/2023\/04\/vystava200.jpg 900w, https:\/\/zko-litomerice.cz\/wp-content\/uploads\/2023\/04\/vystava200-300x200.jpg 300w, https:\/\/zko-litomerice.cz\/wp-content\/uploads\/2023\/04\/vystava200-768x512.jpg 768w\" sizes=\"(max-width: 767px) 89vw, (max-width: 1000px) 54vw, (max-width: 1071px) 543px, 580px\" \/><\/figure>\n<\/figure>\n\n\n\n<p><\/p>\n\n\n\n<p><strong>Dne 26. 7. 2020 se uskute\u010dnila prvn\u00ed bonitace n\u011bmeck\u00fdch ov\u010d\u00e1k\u016f.<\/strong>\u00a0<\/p>\n\n\n\n<p>Bonitace m\u011bla prob\u011bhnout ji\u017e m\u011bs\u00edci kv\u011btnu 2020, ale kv\u016fli opat\u0159en\u00edm vl\u00e1dy a uzav\u0159en\u00ed sportovn\u00edch are\u00e1l\u016f byla bonitace p\u0159esunuta a\u017e na m\u011bs\u00edc \u010dervenec. Bonita\u010dn\u00ed komise pracovala ve slo\u017een\u00ed: hlavn\u00ed rozhod\u010d\u00ed pan Ji\u0159\u00ed Novotn\u00fd, krajsk\u00fd poradce chovu pan Josef Pr\u00e1\u0161il a figurant pan V\u00e1clav Kuncl. Akce se z\u00fa\u010dastnilo 26 jedinc\u016f plemene n\u011bmeck\u00fd ov\u010d\u00e1k. Podm\u00ednky pro za\u0159azen\u00ed do v\u00fdb\u011brov\u00e9ho chovu splnilo 25 jedinc\u016f, jedna fena nebyla za\u0159azena do v\u00fdb\u011brov\u00e9ho chovu z d\u016fvodu nespln\u011bn\u00ed zkou\u0161ky povahy.<\/p>\n\n\n\n<div class=\"wp-block-buttons is-layout-flex wp-block-buttons-is-layout-flex\">\n<div class=\"wp-block-button\"><a class=\"wp-block-button__link wp-element-button\" href=\"http:\/\/zko-litomerice.cz\/wp-content\/uploads\/2023\/04\/1bon2020.pdf\" target=\"_blank\" rel=\"noreferrer noopener\">V\u00fdsledky 1. bonitace<\/a><\/div>\n<\/div>\n\n\n\n<p><\/p>\n\n\n\n<p><strong>Dne 13. 12. 2020 byla uspo\u0159\u00e1d\u00e1na druh\u00e1 bonitace n\u011bmeck\u00fdch ov\u010d\u00e1k\u016f<\/strong>.<\/p>\n\n\n\n<p>I tato akce, kter\u00e1 m\u011bla b\u00fdt uskute\u010dn\u011bna v m\u011bs\u00edci listopadu, musela b\u00fdt d\u00edky vl\u00e1dn\u00edm opat\u0159en\u00edm proti koronaviru p\u0159esunuta a\u017e na m\u011bs\u00edc prosinec. Bonita\u010dn\u00ed komise pracovala ve slo\u017een\u00ed: hlavn\u00ed rozhod\u010d\u00ed pan Ji\u0159\u00ed \u0160i\u0161ka, krajsk\u00fd poradce chovu pan Josef Pr\u00e1\u0161il, figurant pan V\u00e1clav Kuncl. Na akci bylo hl\u00e1\u0161eno 6 jedinc\u016f, z\u00fa\u010dastnilo se pouze&nbsp; p\u011bt. Jedna p\u0159ihl\u00e1\u0161en\u00e1&nbsp; fena se akce nez\u00fa\u010dastnila. Zbyl\u00fdch p\u011bt jedinc\u016f splnilo podm\u00ednky pro za\u0159azen\u00ed do v\u00fdb\u011brov\u00e9ho chovu.<\/p>\n\n\n\n<div class=\"wp-block-buttons is-layout-flex wp-block-buttons-is-layout-flex\">\n<div class=\"wp-block-button\"><a class=\"wp-block-button__link wp-element-button\" href=\"http:\/\/zko-litomerice.cz\/wp-content\/uploads\/2023\/04\/2bon2020-scaled.jpg\" target=\"_blank\" rel=\"noreferrer noopener\">V\u00fdsledky 2. bonitace<\/a><\/div>\n<\/div>\n","protected":false},"excerpt":{"rendered":"<p>Dne 21. 6. 2020 byla uskute\u010dn\u011bna na na\u0161em cvi\u010di\u0161ti v\u00fdstava n\u011bmeck\u00fdch ov\u010d\u00e1k\u016f. V\u00fdstavu posuzoval rozhod\u010d\u00ed z exteri\u00e9ru pan Ji\u0159\u00ed \u0160i\u0161ka. Akce se z\u00fa\u010dastnilo rekordn\u00edch 86 jedinc\u016f toho velmi obl\u00edben\u00e9ho plemene. Zv\u00fd\u0161en\u00e1 \u00fa\u010dast na t\u00e9to akci byla tak\u00e9 zp\u016fsobena faktem, \u017ee se v jarn\u00edch m\u011bs\u00edc\u00edch, d\u00edky opat\u0159en\u00edm vl\u00e1dy kv\u016fli koronaviru, \u017e\u00e1dn\u00e9 v\u00fdstavy ani jin\u00e9 akce nemohly &hellip; <\/p>\n<p class=\"link-more\"><a href=\"https:\/\/zko-litomerice.cz\/index.php\/ostatni-akce-2020\/\" class=\"more-link\">Pokra\u010dovat ve \u010dten\u00ed<span class=\"screen-reader-text\"> &#8222;Ostatn\u00ed akce 2020&#8220;<\/span><\/a><\/p>\n","protected":false},"author":1,"featured_media":0,"parent":0,"menu_order":0,"comment_status":"closed","ping_status":"closed","template":"","meta":{"footnotes":""},"class_list":["post-8249","page","type-page","status-publish","hentry"],"_links":{"self":[{"href":"https:\/\/zko-litomerice.cz\/index.php\/wp-json\/wp\/v2\/pages\/8249"}],"collection":[{"href":"https:\/\/zko-litomerice.cz\/index.php\/wp-json\/wp\/v2\/pages"}],"about":[{"href":"https:\/\/zko-litomerice.cz\/index.php\/wp-json\/wp\/v2\/types\/page"}],"author":[{"embeddable":true,"href":"https:\/\/zko-litomerice.cz\/index.php\/wp-json\/wp\/v2\/users\/1"}],"replies":[{"embeddable":true,"href":"https:\/\/zko-litomerice.cz\/index.php\/wp-json\/wp\/v2\/comments?post=8249"}],"version-history":[{"count":5,"href":"https:\/\/zko-litomerice.cz\/index.php\/wp-json\/wp\/v2\/pages\/8249\/revisions"}],"predecessor-version":[{"id":8262,"href":"https:\/\/zko-litomerice.cz\/index.php\/wp-json\/wp\/v2\/pages\/8249\/revisions\/8262"}],"wp:attachment":[{"href":"https:\/\/zko-litomerice.cz\/index.php\/wp-json\/wp\/v2\/media?parent=8249"}],"curies":[{"name":"wp","href":"https:\/\/api.w.org\/{rel}","templated":true}]}}