{"id":8242,"date":"2023-04-19T07:17:17","date_gmt":"2023-04-19T05:17:17","guid":{"rendered":"http:\/\/zko-litomerice.cz\/?page_id=8242"},"modified":"2023-04-19T07:17:17","modified_gmt":"2023-04-19T05:17:17","slug":"vystava-2021","status":"publish","type":"page","link":"https:\/\/zko-litomerice.cz\/index.php\/vystava-2021\/","title":{"rendered":"V\u00fdstava 2021"},"content":{"rendered":"\n<p><strong>Dne 19. 06. 2021 prob\u011bhla na cvi\u010di\u0161ti Oblastn\u00ed speci\u00e1ln\u00ed v\u00fdstava n\u011bmeck\u00fdch ov\u010d\u00e1k\u016f,<\/strong><\/p>\n\n\n\n<p>tentokr\u00e1t s rekordn\u00edm po\u010dtem 101 p\u0159ihl\u00e1\u0161en\u00fdch jedinc\u016f. Z p\u0159ihl\u00e1\u0161en\u00fdch se k posouzen\u00ed nedostavilo pouze 7 jedinc\u016f, na v\u00fdstav\u011b tak bylo posouzeno 94 ps\u016f i fen.<\/p>\n\n\n\n<p>V\u0161echny t\u0159\u00eddy ps\u016f a fen posuzoval&nbsp;<strong>rozhod\u010d\u00ed z exteri\u00e9ru pan Ji\u0159\u00ed \u0160i\u0161ka<\/strong>, kter\u00fd v \u00famorn\u00e9m tropick\u00e9m vedru pouze s jedinou 30 minutovou p\u0159est\u00e1vkou posuzoval a\u017e do 16.00 hodin odpoledne.<\/p>\n\n\n\n<p>V\u00fdstava tak d\u00edky po\u010das\u00ed byla n\u00e1ro\u010dn\u00e1 nejen pro rozhod\u010d\u00edho, ale i pro vystavovatele a hlavn\u011b jejich psy.<\/p>\n\n\n\n<p>Na cvi\u010di\u0161ti byla po celou dobu kon\u00e1n\u00ed akce pu\u0161t\u011bna z\u00e1vlaha, ve kter\u00e9 mnoz\u00ed ze z\u00fa\u010dastn\u011bn\u00fdch na\u0161li \u00falevu od \u00famorn\u00e9ho vedra kter\u00e1 tak alespo\u0148 tro\u0161ku p\u0159isp\u011bla ke zp\u0159\u00edjemn\u011bn\u00ed pobytu pro vystavovatele a jejich psy. Po ukon\u010den\u00ed posuzov\u00e1n\u00ed jednotliv\u00fdch t\u0159\u00edd byla ji\u017e tradi\u010dn\u011b losov\u00e1na bohat\u00e1 tombola v\u010detn\u011b hlavn\u00ed ceny-boudy pro psa.<\/p>\n\n\n\n<p>Prvn\u00ed t\u0159i jedinci v ka\u017ed\u00e9 ze t\u0159\u00edd byli odm\u011bn\u011bni poh\u00e1ry a v\u011bcn\u00fdmi cenami. Po celou dobu kon\u00e1n\u00ed akce byla v\u0161em z\u00fa\u010dastn\u011bn\u00fdm t\u00e9\u017e k dispozici bohat\u011b z\u00e1soben\u00e1 kant\u00fdna.<\/p>\n\n\n\n<p><strong>Hlavn\u00edmi sponzory v\u00fdstavy byly firma Happy dog, dovozce krmiva pro psy a firma SEBA man\u017eel\u016f Baborovsk\u00fdch.<\/strong><\/p>\n\n\n\n<div class=\"wp-block-buttons is-layout-flex wp-block-buttons-is-layout-flex\">\n<div class=\"wp-block-button\"><a class=\"wp-block-button__link wp-element-button\" href=\"http:\/\/zko-litomerice.cz\/wp-content\/uploads\/2023\/04\/povystavni_2021.pdf\" target=\"_blank\" rel=\"noreferrer noopener\">Pov\u00fdstavn\u00ed katalog<\/a><\/div>\n<\/div>\n\n\n\n<figure class=\"wp-block-gallery has-nested-images columns-default is-cropped wp-block-gallery-1 is-layout-flex wp-block-gallery-is-layout-flex\">\n<figure class=\"wp-block-image size-large\"><img loading=\"lazy\" decoding=\"async\" width=\"700\" height=\"456\" data-id=\"8243\" src=\"http:\/\/zko-litomerice.cz\/wp-content\/uploads\/2023\/04\/vyst2021_3.jpg\" alt=\"\" class=\"wp-image-8243\" srcset=\"https:\/\/zko-litomerice.cz\/wp-content\/uploads\/2023\/04\/vyst2021_3.jpg 700w, https:\/\/zko-litomerice.cz\/wp-content\/uploads\/2023\/04\/vyst2021_3-300x195.jpg 300w\" sizes=\"(max-width: 700px) 100vw, 700px\" \/><\/figure>\n\n\n\n<figure class=\"wp-block-image size-large\"><img loading=\"lazy\" decoding=\"async\" width=\"700\" height=\"525\" data-id=\"8244\" src=\"http:\/\/zko-litomerice.cz\/wp-content\/uploads\/2023\/04\/vyst2021_2.jpg\" alt=\"\" class=\"wp-image-8244\" srcset=\"https:\/\/zko-litomerice.cz\/wp-content\/uploads\/2023\/04\/vyst2021_2.jpg 700w, https:\/\/zko-litomerice.cz\/wp-content\/uploads\/2023\/04\/vyst2021_2-300x225.jpg 300w\" sizes=\"(max-width: 700px) 100vw, 700px\" \/><\/figure>\n\n\n\n<figure class=\"wp-block-image size-large\"><img loading=\"lazy\" decoding=\"async\" width=\"700\" height=\"525\" data-id=\"8245\" src=\"http:\/\/zko-litomerice.cz\/wp-content\/uploads\/2023\/04\/vyst2021_1.jpg\" alt=\"\" class=\"wp-image-8245\" srcset=\"https:\/\/zko-litomerice.cz\/wp-content\/uploads\/2023\/04\/vyst2021_1.jpg 700w, https:\/\/zko-litomerice.cz\/wp-content\/uploads\/2023\/04\/vyst2021_1-300x225.jpg 300w\" sizes=\"(max-width: 700px) 100vw, 700px\" \/><\/figure>\n<\/figure>\n","protected":false},"excerpt":{"rendered":"<p>Dne 19. 06. 2021 prob\u011bhla na cvi\u010di\u0161ti Oblastn\u00ed speci\u00e1ln\u00ed v\u00fdstava n\u011bmeck\u00fdch ov\u010d\u00e1k\u016f, tentokr\u00e1t s rekordn\u00edm po\u010dtem 101 p\u0159ihl\u00e1\u0161en\u00fdch jedinc\u016f. Z p\u0159ihl\u00e1\u0161en\u00fdch se k posouzen\u00ed nedostavilo pouze 7 jedinc\u016f, na v\u00fdstav\u011b tak bylo posouzeno 94 ps\u016f i fen. V\u0161echny t\u0159\u00eddy ps\u016f a fen posuzoval&nbsp;rozhod\u010d\u00ed z exteri\u00e9ru pan Ji\u0159\u00ed \u0160i\u0161ka, kter\u00fd v \u00famorn\u00e9m tropick\u00e9m vedru pouze s &hellip; <\/p>\n<p class=\"link-more\"><a href=\"https:\/\/zko-litomerice.cz\/index.php\/vystava-2021\/\" class=\"more-link\">Pokra\u010dovat ve \u010dten\u00ed<span class=\"screen-reader-text\"> &#8222;V\u00fdstava 2021&#8220;<\/span><\/a><\/p>\n","protected":false},"author":1,"featured_media":0,"parent":0,"menu_order":0,"comment_status":"closed","ping_status":"closed","template":"","meta":{"footnotes":""},"class_list":["post-8242","page","type-page","status-publish","hentry"],"_links":{"self":[{"href":"https:\/\/zko-litomerice.cz\/index.php\/wp-json\/wp\/v2\/pages\/8242"}],"collection":[{"href":"https:\/\/zko-litomerice.cz\/index.php\/wp-json\/wp\/v2\/pages"}],"about":[{"href":"https:\/\/zko-litomerice.cz\/index.php\/wp-json\/wp\/v2\/types\/page"}],"author":[{"embeddable":true,"href":"https:\/\/zko-litomerice.cz\/index.php\/wp-json\/wp\/v2\/users\/1"}],"replies":[{"embeddable":true,"href":"https:\/\/zko-litomerice.cz\/index.php\/wp-json\/wp\/v2\/comments?post=8242"}],"version-history":[{"count":1,"href":"https:\/\/zko-litomerice.cz\/index.php\/wp-json\/wp\/v2\/pages\/8242\/revisions"}],"predecessor-version":[{"id":8247,"href":"https:\/\/zko-litomerice.cz\/index.php\/wp-json\/wp\/v2\/pages\/8242\/revisions\/8247"}],"wp:attachment":[{"href":"https:\/\/zko-litomerice.cz\/index.php\/wp-json\/wp\/v2\/media?parent=8242"}],"curies":[{"name":"wp","href":"https:\/\/api.w.org\/{rel}","templated":true}]}}