{"id":8236,"date":"2023-04-19T07:10:41","date_gmt":"2023-04-19T05:10:41","guid":{"rendered":"http:\/\/zko-litomerice.cz\/?page_id=8236"},"modified":"2023-04-19T07:12:42","modified_gmt":"2023-04-19T05:12:42","slug":"bonitace-2021","status":"publish","type":"page","link":"https:\/\/zko-litomerice.cz\/index.php\/bonitace-2021\/","title":{"rendered":"Bonitace 2021"},"content":{"rendered":"\n<p><strong>Dne 31. 7. 2021 prob\u011bhla na na\u0161em cvi\u010di\u0161ti prvn\u00ed bonitace NO.<\/strong><\/p>\n\n\n\n<p>P\u016fvodn\u00ed term\u00edn v m\u011bs\u00edci kv\u011btnu nebyl mo\u017en\u00fd zrealizovat kv\u016fli vl\u00e1dn\u00edm na\u0159\u00edzen\u00edm ohledn\u011b pandemie koronaviru. Akce se z\u00fa\u010dastnilo 29 ps\u016f i fen plemene n\u011bmeck\u00fd ov\u010d\u00e1k a v\u0161ichni jedinci splnili podm\u00ednky pro za\u0159azen\u00ed do v\u00fdb\u011brov\u00e9ho chovu. Bonita\u010dn\u00ed komisi tvo\u0159ili: rozhod\u010d\u00ed z exteri\u00e9ru pan Ji\u0159\u00ed \u0160i\u0161ka, krajsk\u00fd poradce chovu pan Josef Pr\u00e1\u0161il a figurant V\u00e1clav Kuncl.<\/p>\n\n\n\n<div class=\"wp-block-buttons is-layout-flex wp-block-buttons-is-layout-flex\">\n<div class=\"wp-block-button\"><a class=\"wp-block-button__link wp-element-button\" href=\"http:\/\/zko-litomerice.cz\/wp-content\/uploads\/2023\/04\/bonitace2021_1_vysledky.pdf\" target=\"_blank\" rel=\"noreferrer noopener\">V\u00fdsledky bonitace<\/a><\/div>\n<\/div>\n\n\n\n<p><\/p>\n\n\n\n<p><strong>Dne 20. 11. 2021 prob\u011bhla v pl\u00e1novan\u00e9m term\u00ednu druh\u00e1 bonitace NO.<\/strong><\/p>\n\n\n\n<p>Na akci bylo hl\u00e1\u0161eno 25 \u00fa\u010dastn\u00edk\u016f, z\u00fa\u010dastnilo se 24 a z toho jedna fena nebyla za\u0159azena do v\u00fdb\u011brov\u00e9ho chovu z d\u016fvodu nespln\u011bn\u00ed zkou\u0161ky povahy. Bonita\u010dn\u00ed komisi tvo\u0159ili: rozhod\u010d\u00ed z exteri\u00e9ru pan Ji\u0159\u00ed Ku\u010dera, krajsk\u00fd poradce chovu pan Josef Pr\u00e1\u0161il a figurant V\u00e1clav Kuncl.<\/p>\n\n\n\n<div class=\"wp-block-buttons is-layout-flex wp-block-buttons-is-layout-flex\">\n<div class=\"wp-block-button\"><a class=\"wp-block-button__link wp-element-button\" href=\"http:\/\/zko-litomerice.cz\/wp-content\/uploads\/2023\/04\/bonitace2021_2_vysledky.pdf\" target=\"_blank\" rel=\"noreferrer noopener\">V\u00fdsledky bonitace<\/a><\/div>\n<\/div>\n","protected":false},"excerpt":{"rendered":"<p>Dne 31. 7. 2021 prob\u011bhla na na\u0161em cvi\u010di\u0161ti prvn\u00ed bonitace NO. P\u016fvodn\u00ed term\u00edn v m\u011bs\u00edci kv\u011btnu nebyl mo\u017en\u00fd zrealizovat kv\u016fli vl\u00e1dn\u00edm na\u0159\u00edzen\u00edm ohledn\u011b pandemie koronaviru. Akce se z\u00fa\u010dastnilo 29 ps\u016f i fen plemene n\u011bmeck\u00fd ov\u010d\u00e1k a v\u0161ichni jedinci splnili podm\u00ednky pro za\u0159azen\u00ed do v\u00fdb\u011brov\u00e9ho chovu. Bonita\u010dn\u00ed komisi tvo\u0159ili: rozhod\u010d\u00ed z exteri\u00e9ru pan Ji\u0159\u00ed \u0160i\u0161ka, krajsk\u00fd &hellip; <\/p>\n<p class=\"link-more\"><a href=\"https:\/\/zko-litomerice.cz\/index.php\/bonitace-2021\/\" class=\"more-link\">Pokra\u010dovat ve \u010dten\u00ed<span class=\"screen-reader-text\"> &#8222;Bonitace 2021&#8220;<\/span><\/a><\/p>\n","protected":false},"author":1,"featured_media":0,"parent":0,"menu_order":0,"comment_status":"closed","ping_status":"closed","template":"","meta":{"footnotes":""},"class_list":["post-8236","page","type-page","status-publish","hentry"],"_links":{"self":[{"href":"https:\/\/zko-litomerice.cz\/index.php\/wp-json\/wp\/v2\/pages\/8236"}],"collection":[{"href":"https:\/\/zko-litomerice.cz\/index.php\/wp-json\/wp\/v2\/pages"}],"about":[{"href":"https:\/\/zko-litomerice.cz\/index.php\/wp-json\/wp\/v2\/types\/page"}],"author":[{"embeddable":true,"href":"https:\/\/zko-litomerice.cz\/index.php\/wp-json\/wp\/v2\/users\/1"}],"replies":[{"embeddable":true,"href":"https:\/\/zko-litomerice.cz\/index.php\/wp-json\/wp\/v2\/comments?post=8236"}],"version-history":[{"count":2,"href":"https:\/\/zko-litomerice.cz\/index.php\/wp-json\/wp\/v2\/pages\/8236\/revisions"}],"predecessor-version":[{"id":8241,"href":"https:\/\/zko-litomerice.cz\/index.php\/wp-json\/wp\/v2\/pages\/8236\/revisions\/8241"}],"wp:attachment":[{"href":"https:\/\/zko-litomerice.cz\/index.php\/wp-json\/wp\/v2\/media?parent=8236"}],"curies":[{"name":"wp","href":"https:\/\/api.w.org\/{rel}","templated":true}]}}