{"id":8225,"date":"2023-04-19T07:04:29","date_gmt":"2023-04-19T05:04:29","guid":{"rendered":"http:\/\/zko-litomerice.cz\/?page_id=8225"},"modified":"2023-04-19T07:04:29","modified_gmt":"2023-04-19T05:04:29","slug":"obranarsky-zavod-2022","status":"publish","type":"page","link":"https:\/\/zko-litomerice.cz\/index.php\/obranarsky-zavod-2022\/","title":{"rendered":"Obran\u00e1\u0159sk\u00fd z\u00e1vod 2022"},"content":{"rendered":"\n<p><strong>Dne 5.3.2022 prob\u011bhl na na\u0161em cvi\u010di\u0161ti, po ro\u010dn\u00ed pauze zp\u016fsoben\u00e9 opat\u0159en\u00edmi proti koronaviru, 17. ro\u010dn\u00edk obran\u00e1\u0159sk\u00e9ho z\u00e1vodu.<\/strong><\/p>\n\n\n\n<p>Akce se z\u00fa\u010dastnilo celkem 25 z\u00e1vodn\u00edk\u016f z m\u00edstn\u00edho i jin\u00fdch klub\u016f za\u010dlen\u011bn\u00fdch v \u010cKS, kte\u0159\u00ed si se sv\u00fdmi ps\u00edmi par\u0165\u00e1ky zm\u011b\u0159ili sv\u00e9 s\u00edly v p\u011bti kategori\u00edch dle mezin\u00e1rodn\u00edho i n\u00e1rodn\u00edho zku\u0161ebn\u00edho \u0159\u00e1du: ZZO, ZM, ZVV1,IPG1 a IGP3.<br>Funkce rozhod\u010d\u00edho se zhostila rozhod\u010d\u00ed prvn\u00ed t\u0159\u00eddy pan\u00ed Eva Karv\u00e1nkov\u00e1, kter\u00e1 velmi korektn\u011b posoudila v\u0161echny z\u00e1vodn\u00edky. Funkci figuranta vykon\u00e1val ji\u017e tradi\u010dn\u011b svazov\u00fd figurant pan V\u00e1clav Kuncl.<br>Hlavn\u00ed sponzorem akce byla firma Euroben, kter\u00e1 dodala na z\u00e1vod ceny pro prvn\u00edch p\u011bt \u00fa\u010dastn\u00edk\u016f v ka\u017ed\u00e9 kategorii a pro ka\u017ed\u00e9ho z\u00e1vodn\u00edka dodala firma t\u00e9\u017e malou pozornost. Na\u0161e organizace zajistila pro v\u0161echny z\u00e1vodn\u00edky diplomy a pro prvn\u00ed t\u0159i z\u00e1vodn\u00edky v ka\u017ed\u00e9 kategorii kr\u00e1sn\u00e9 poh\u00e1ry. Poh\u00e1rem, diplomem a cenou byl t\u00e9\u017e odm\u011bn\u011bn nejlep\u0161\u00ed obran\u00e1\u0159 z\u00e1vodu, j\u00edm\u017e se stala pan\u00ed Dau\u0161ov\u00e1 se psem Scarem.<br>Z\u00e1vod prob\u011bhl za chladn\u00e9ho po\u010das\u00ed, a tak z\u00e1vodn\u00edci vyu\u017e\u00edvali z\u00e1zem\u00ed v teple klubovny a t\u00e9\u017e hojn\u011b vyu\u017e\u00edvali dob\u0159e z\u00e1sobenou kant\u00fdnu, kter\u00e1 je nem\u00e9n\u011b d\u016fle\u017eitou sou\u010d\u00e1st\u00ed ka\u017ed\u00e9 dob\u0159e zorganizovan\u00e9 akce.<br>Z\u00e1vod byl ukon\u010den kolem 17.00 hodiny nastoupen\u00edm v\u0161ech z\u00e1vodn\u00edk\u016f, vyhl\u00e1\u0161en\u00edm v\u00fdsledk\u016f z\u00e1vodu a rozd\u00e1n\u00edm cen. Velk\u00e1 fotogalerie z akce je um\u00edst\u011bna na str\u00e1nk\u00e1ch ZKO Litom\u011b\u0159ice z\u0159\u00edzen\u00fdch na soci\u00e1ln\u00ed s\u00edti facebook.<\/p>\n\n\n\n<div class=\"wp-block-buttons is-layout-flex wp-block-buttons-is-layout-flex\">\n<div class=\"wp-block-button\"><a class=\"wp-block-button__link wp-element-button\" href=\"http:\/\/zko-litomerice.cz\/wp-content\/uploads\/2023\/04\/vyslist1-1.docx\">V\u00fdsledkov\u00e1 listina<\/a><\/div>\n<\/div>\n\n\n\n<figure class=\"wp-block-gallery has-nested-images columns-default is-cropped wp-block-gallery-1 is-layout-flex wp-block-gallery-is-layout-flex\">\n<figure class=\"wp-block-image size-large\"><img loading=\"lazy\" decoding=\"async\" width=\"750\" height=\"500\" data-id=\"8226\" src=\"http:\/\/zko-litomerice.cz\/wp-content\/uploads\/2023\/04\/obz22_6.jpg\" alt=\"\" class=\"wp-image-8226\" srcset=\"https:\/\/zko-litomerice.cz\/wp-content\/uploads\/2023\/04\/obz22_6.jpg 750w, https:\/\/zko-litomerice.cz\/wp-content\/uploads\/2023\/04\/obz22_6-300x200.jpg 300w\" sizes=\"(max-width: 706px) 89vw, (max-width: 767px) 82vw, 740px\" \/><\/figure>\n\n\n\n<figure class=\"wp-block-image size-large\"><img loading=\"lazy\" decoding=\"async\" width=\"750\" height=\"500\" data-id=\"8227\" src=\"http:\/\/zko-litomerice.cz\/wp-content\/uploads\/2023\/04\/obz22_5.jpg\" alt=\"\" class=\"wp-image-8227\" srcset=\"https:\/\/zko-litomerice.cz\/wp-content\/uploads\/2023\/04\/obz22_5.jpg 750w, https:\/\/zko-litomerice.cz\/wp-content\/uploads\/2023\/04\/obz22_5-300x200.jpg 300w\" sizes=\"(max-width: 706px) 89vw, (max-width: 767px) 82vw, 740px\" \/><\/figure>\n\n\n\n<figure class=\"wp-block-image size-large\"><img loading=\"lazy\" decoding=\"async\" width=\"750\" height=\"500\" data-id=\"8228\" src=\"http:\/\/zko-litomerice.cz\/wp-content\/uploads\/2023\/04\/obz22_3.jpg\" alt=\"\" class=\"wp-image-8228\" srcset=\"https:\/\/zko-litomerice.cz\/wp-content\/uploads\/2023\/04\/obz22_3.jpg 750w, https:\/\/zko-litomerice.cz\/wp-content\/uploads\/2023\/04\/obz22_3-300x200.jpg 300w\" sizes=\"(max-width: 706px) 89vw, (max-width: 767px) 82vw, 740px\" \/><\/figure>\n\n\n\n<figure class=\"wp-block-image size-large\"><img loading=\"lazy\" decoding=\"async\" width=\"750\" height=\"500\" data-id=\"8229\" src=\"http:\/\/zko-litomerice.cz\/wp-content\/uploads\/2023\/04\/obz22_2.jpg\" alt=\"\" class=\"wp-image-8229\" srcset=\"https:\/\/zko-litomerice.cz\/wp-content\/uploads\/2023\/04\/obz22_2.jpg 750w, https:\/\/zko-litomerice.cz\/wp-content\/uploads\/2023\/04\/obz22_2-300x200.jpg 300w\" sizes=\"(max-width: 706px) 89vw, (max-width: 767px) 82vw, 740px\" \/><\/figure>\n\n\n\n<figure class=\"wp-block-image size-large\"><img loading=\"lazy\" decoding=\"async\" width=\"750\" height=\"500\" data-id=\"8230\" src=\"http:\/\/zko-litomerice.cz\/wp-content\/uploads\/2023\/04\/obz22_1.jpg\" alt=\"\" class=\"wp-image-8230\" srcset=\"https:\/\/zko-litomerice.cz\/wp-content\/uploads\/2023\/04\/obz22_1.jpg 750w, https:\/\/zko-litomerice.cz\/wp-content\/uploads\/2023\/04\/obz22_1-300x200.jpg 300w\" sizes=\"(max-width: 706px) 89vw, (max-width: 767px) 82vw, 740px\" \/><\/figure>\n\n\n\n<figure class=\"wp-block-image size-large\"><img loading=\"lazy\" decoding=\"async\" width=\"750\" height=\"500\" data-id=\"8231\" src=\"http:\/\/zko-litomerice.cz\/wp-content\/uploads\/2023\/04\/obz22_4.jpg\" alt=\"\" class=\"wp-image-8231\" srcset=\"https:\/\/zko-litomerice.cz\/wp-content\/uploads\/2023\/04\/obz22_4.jpg 750w, https:\/\/zko-litomerice.cz\/wp-content\/uploads\/2023\/04\/obz22_4-300x200.jpg 300w\" sizes=\"(max-width: 706px) 89vw, (max-width: 767px) 82vw, 740px\" \/><\/figure>\n<\/figure>\n","protected":false},"excerpt":{"rendered":"<p>Dne 5.3.2022 prob\u011bhl na na\u0161em cvi\u010di\u0161ti, po ro\u010dn\u00ed pauze zp\u016fsoben\u00e9 opat\u0159en\u00edmi proti koronaviru, 17. ro\u010dn\u00edk obran\u00e1\u0159sk\u00e9ho z\u00e1vodu. Akce se z\u00fa\u010dastnilo celkem 25 z\u00e1vodn\u00edk\u016f z m\u00edstn\u00edho i jin\u00fdch klub\u016f za\u010dlen\u011bn\u00fdch v \u010cKS, kte\u0159\u00ed si se sv\u00fdmi ps\u00edmi par\u0165\u00e1ky zm\u011b\u0159ili sv\u00e9 s\u00edly v p\u011bti kategori\u00edch dle mezin\u00e1rodn\u00edho i n\u00e1rodn\u00edho zku\u0161ebn\u00edho \u0159\u00e1du: ZZO, ZM, ZVV1,IPG1 a IGP3.Funkce rozhod\u010d\u00edho &hellip; <\/p>\n<p class=\"link-more\"><a href=\"https:\/\/zko-litomerice.cz\/index.php\/obranarsky-zavod-2022\/\" class=\"more-link\">Pokra\u010dovat ve \u010dten\u00ed<span class=\"screen-reader-text\"> &#8222;Obran\u00e1\u0159sk\u00fd z\u00e1vod 2022&#8220;<\/span><\/a><\/p>\n","protected":false},"author":1,"featured_media":0,"parent":0,"menu_order":0,"comment_status":"closed","ping_status":"closed","template":"","meta":{"footnotes":""},"class_list":["post-8225","page","type-page","status-publish","hentry"],"_links":{"self":[{"href":"https:\/\/zko-litomerice.cz\/index.php\/wp-json\/wp\/v2\/pages\/8225"}],"collection":[{"href":"https:\/\/zko-litomerice.cz\/index.php\/wp-json\/wp\/v2\/pages"}],"about":[{"href":"https:\/\/zko-litomerice.cz\/index.php\/wp-json\/wp\/v2\/types\/page"}],"author":[{"embeddable":true,"href":"https:\/\/zko-litomerice.cz\/index.php\/wp-json\/wp\/v2\/users\/1"}],"replies":[{"embeddable":true,"href":"https:\/\/zko-litomerice.cz\/index.php\/wp-json\/wp\/v2\/comments?post=8225"}],"version-history":[{"count":2,"href":"https:\/\/zko-litomerice.cz\/index.php\/wp-json\/wp\/v2\/pages\/8225\/revisions"}],"predecessor-version":[{"id":8234,"href":"https:\/\/zko-litomerice.cz\/index.php\/wp-json\/wp\/v2\/pages\/8225\/revisions\/8234"}],"wp:attachment":[{"href":"https:\/\/zko-litomerice.cz\/index.php\/wp-json\/wp\/v2\/media?parent=8225"}],"curies":[{"name":"wp","href":"https:\/\/api.w.org\/{rel}","templated":true}]}}