{"id":8213,"date":"2023-04-18T19:50:48","date_gmt":"2023-04-18T17:50:48","guid":{"rendered":"http:\/\/zko-litomerice.cz\/?page_id=8213"},"modified":"2023-04-18T19:50:48","modified_gmt":"2023-04-18T17:50:48","slug":"bonitace-vystava-2022","status":"publish","type":"page","link":"https:\/\/zko-litomerice.cz\/index.php\/bonitace-vystava-2022\/","title":{"rendered":"Bonitace &#8211; v\u00fdstava 2022"},"content":{"rendered":"\n<p><strong>Dne14.5.2022 prob\u011bhla prvn\u00ed leto\u0161n\u00ed bonitace NO.<\/strong><\/p>\n\n\n\n<p>Bonita\u010dn\u00ed komisi tvod\u0159ili: hlavn\u00ed rozhod\u010d\u00ed Franti\u0161ek Matou\u0161, poradce chovu pan Pavel Skrbek<br>&nbsp;a figurant pan V\u00e1clav Kuncl.<\/p>\n\n\n\n<p>Bonitace se z\u00fa\u010dastnilo 17 nem\u011bck\u00fdch ov\u010d\u00e1k\u016f, z nich 16 splnilo podm\u00ednky pro za\u0159azen\u00ed do v\u00fdb\u011brov\u00e9ho chovu, jeden jedinec bohu\u017eel podm\u00ednky nesplnil z d\u016fvodu nedostate\u010dn\u00e9ho v\u00fdkonu v obran\u011b.<\/p>\n\n\n\n<p><strong>Dne 18.06.2022 prob\u011bhla na cvi\u010di\u0161ti ZKO Litom\u011b\u0159ice Krajsk\u00e1 speci\u00e1ln\u00ed v\u00fdstava se zad\u00e1n\u00edm titulu CAC.<\/strong><\/p>\n\n\n\n<p>V\u0161echny t\u0159\u00eddy ps\u016f i fen posuzoval rozhod\u010d\u00ed z exteri\u00e9ru pan Franti\u0161ek Matou\u0161. Na v\u00fdstavu bylo p\u0159ihl\u00e1\u0161eno 87 nem\u011bck\u00fdch ov\u010d\u00e1k\u016f, dostavilo se a posouzeno bylo 80 jedinc\u016f tohoto plemene.<\/p>\n\n\n\n<p>V\u0161ichni jedinci na prvn\u00edch t\u0159ech m\u00edstech byli odm\u011bn\u011bni poh\u00e1ry a v\u011bcn\u00fdmi cenami.<\/p>\n\n\n\n<p>Ji\u017e tradi\u010dn\u011b po ukon\u010den\u00ed v\u00fdstavy byla losov\u00e1na bohat\u00e1 tombola, ve kter\u00e9 hlavn\u00ed cenou byla zateplen\u00e1 bouda pro psy.<\/p>\n\n\n\n<p>Sponzory akce byly firma Euroben-dovozce krmiva Happy Dog, CHs Sinensis Bohemia, Sempra Litom\u011b\u0159ice s.r.o., Vratislav Huml-velkoobchod s n\u00e1poji.<\/p>\n\n\n\n<figure class=\"wp-block-table\"><table><tbody><tr><td><a href=\"http:\/\/zko-litomerice.cz\/wp-content\/uploads\/2023\/04\/cenytombola_2022.jpg\" data-type=\"attachment\" data-id=\"8214\" target=\"_blank\" rel=\"noreferrer noopener\"><img loading=\"lazy\" decoding=\"async\" width=\"150\" height=\"113\" class=\"wp-image-8214\" style=\"width: 150px;\" src=\"http:\/\/zko-litomerice.cz\/wp-content\/uploads\/2023\/04\/cenytombola_2022.jpg\" alt=\"\" srcset=\"https:\/\/zko-litomerice.cz\/wp-content\/uploads\/2023\/04\/cenytombola_2022.jpg 1728w, https:\/\/zko-litomerice.cz\/wp-content\/uploads\/2023\/04\/cenytombola_2022-300x225.jpg 300w, https:\/\/zko-litomerice.cz\/wp-content\/uploads\/2023\/04\/cenytombola_2022-1024x768.jpg 1024w, https:\/\/zko-litomerice.cz\/wp-content\/uploads\/2023\/04\/cenytombola_2022-768x576.jpg 768w, https:\/\/zko-litomerice.cz\/wp-content\/uploads\/2023\/04\/cenytombola_2022-1536x1152.jpg 1536w\" sizes=\"(max-width: 150px) 100vw, 150px\" \/><\/a><\/td><td><a href=\"http:\/\/zko-litomerice.cz\/wp-content\/uploads\/2023\/04\/vystava_2022.jpg\" data-type=\"attachment\" data-id=\"8215\" target=\"_blank\" rel=\"noreferrer noopener\"><img loading=\"lazy\" decoding=\"async\" width=\"150\" height=\"113\" class=\"wp-image-8215\" style=\"width: 150px;\" src=\"http:\/\/zko-litomerice.cz\/wp-content\/uploads\/2023\/04\/vystava_2022.jpg\" alt=\"\" srcset=\"https:\/\/zko-litomerice.cz\/wp-content\/uploads\/2023\/04\/vystava_2022.jpg 2016w, https:\/\/zko-litomerice.cz\/wp-content\/uploads\/2023\/04\/vystava_2022-300x225.jpg 300w, https:\/\/zko-litomerice.cz\/wp-content\/uploads\/2023\/04\/vystava_2022-1024x768.jpg 1024w, https:\/\/zko-litomerice.cz\/wp-content\/uploads\/2023\/04\/vystava_2022-768x576.jpg 768w, https:\/\/zko-litomerice.cz\/wp-content\/uploads\/2023\/04\/vystava_2022-1536x1152.jpg 1536w\" sizes=\"(max-width: 150px) 100vw, 150px\" \/><\/a><\/td><td><a href=\"http:\/\/zko-litomerice.cz\/wp-content\/uploads\/2023\/04\/tombola_2022.jpg\" data-type=\"attachment\" data-id=\"8216\" target=\"_blank\" rel=\"noreferrer noopener\"><img loading=\"lazy\" decoding=\"async\" width=\"150\" height=\"113\" class=\"wp-image-8216\" style=\"width: 150px;\" src=\"http:\/\/zko-litomerice.cz\/wp-content\/uploads\/2023\/04\/tombola_2022.jpg\" alt=\"\" srcset=\"https:\/\/zko-litomerice.cz\/wp-content\/uploads\/2023\/04\/tombola_2022.jpg 2016w, https:\/\/zko-litomerice.cz\/wp-content\/uploads\/2023\/04\/tombola_2022-300x225.jpg 300w, https:\/\/zko-litomerice.cz\/wp-content\/uploads\/2023\/04\/tombola_2022-1024x768.jpg 1024w, https:\/\/zko-litomerice.cz\/wp-content\/uploads\/2023\/04\/tombola_2022-768x576.jpg 768w, https:\/\/zko-litomerice.cz\/wp-content\/uploads\/2023\/04\/tombola_2022-1536x1152.jpg 1536w\" sizes=\"(max-width: 150px) 100vw, 150px\" \/><\/a><\/td><\/tr><tr><td><a href=\"http:\/\/zko-litomerice.cz\/wp-content\/uploads\/2023\/04\/SKM_C257i22051713070_0001-scaled.jpg\" data-type=\"attachment\" data-id=\"8219\" target=\"_blank\" rel=\"noreferrer noopener\"><img loading=\"lazy\" decoding=\"async\" width=\"150\" height=\"106\" class=\"wp-image-8219\" style=\"width: 150px;\" src=\"http:\/\/zko-litomerice.cz\/wp-content\/uploads\/2023\/04\/SKM_C257i22051713070_0001-scaled.jpg\" alt=\"\" srcset=\"https:\/\/zko-litomerice.cz\/wp-content\/uploads\/2023\/04\/SKM_C257i22051713070_0001-scaled.jpg 2560w, https:\/\/zko-litomerice.cz\/wp-content\/uploads\/2023\/04\/SKM_C257i22051713070_0001-300x212.jpg 300w, https:\/\/zko-litomerice.cz\/wp-content\/uploads\/2023\/04\/SKM_C257i22051713070_0001-1024x724.jpg 1024w, https:\/\/zko-litomerice.cz\/wp-content\/uploads\/2023\/04\/SKM_C257i22051713070_0001-768x543.jpg 768w, https:\/\/zko-litomerice.cz\/wp-content\/uploads\/2023\/04\/SKM_C257i22051713070_0001-1536x1086.jpg 1536w, https:\/\/zko-litomerice.cz\/wp-content\/uploads\/2023\/04\/SKM_C257i22051713070_0001-2048x1448.jpg 2048w\" sizes=\"(max-width: 150px) 100vw, 150px\" \/><\/a><\/td><td><a href=\"http:\/\/zko-litomerice.cz\/wp-content\/uploads\/2023\/04\/SKM_C257i22051713070_0002-scaled.jpg\" data-type=\"attachment\" data-id=\"8218\" target=\"_blank\" rel=\"noreferrer noopener\"><img loading=\"lazy\" decoding=\"async\" width=\"150\" height=\"106\" class=\"wp-image-8218\" style=\"width: 150px;\" src=\"http:\/\/zko-litomerice.cz\/wp-content\/uploads\/2023\/04\/SKM_C257i22051713070_0002-scaled.jpg\" alt=\"\" srcset=\"https:\/\/zko-litomerice.cz\/wp-content\/uploads\/2023\/04\/SKM_C257i22051713070_0002-scaled.jpg 2560w, https:\/\/zko-litomerice.cz\/wp-content\/uploads\/2023\/04\/SKM_C257i22051713070_0002-300x212.jpg 300w, https:\/\/zko-litomerice.cz\/wp-content\/uploads\/2023\/04\/SKM_C257i22051713070_0002-1024x724.jpg 1024w, https:\/\/zko-litomerice.cz\/wp-content\/uploads\/2023\/04\/SKM_C257i22051713070_0002-768x543.jpg 768w, https:\/\/zko-litomerice.cz\/wp-content\/uploads\/2023\/04\/SKM_C257i22051713070_0002-1536x1086.jpg 1536w, https:\/\/zko-litomerice.cz\/wp-content\/uploads\/2023\/04\/SKM_C257i22051713070_0002-2048x1448.jpg 2048w\" sizes=\"(max-width: 150px) 100vw, 150px\" \/><\/a><\/td><td><a href=\"http:\/\/zko-litomerice.cz\/wp-content\/uploads\/2023\/04\/SKM_C257i22051713070_0003-scaled.jpg\" data-type=\"attachment\" data-id=\"8217\" target=\"_blank\" rel=\"noreferrer noopener\"><img loading=\"lazy\" decoding=\"async\" width=\"150\" height=\"106\" class=\"wp-image-8217\" style=\"width: 150px;\" src=\"http:\/\/zko-litomerice.cz\/wp-content\/uploads\/2023\/04\/SKM_C257i22051713070_0003-scaled.jpg\" alt=\"\" srcset=\"https:\/\/zko-litomerice.cz\/wp-content\/uploads\/2023\/04\/SKM_C257i22051713070_0003-scaled.jpg 2560w, https:\/\/zko-litomerice.cz\/wp-content\/uploads\/2023\/04\/SKM_C257i22051713070_0003-300x212.jpg 300w, https:\/\/zko-litomerice.cz\/wp-content\/uploads\/2023\/04\/SKM_C257i22051713070_0003-1024x724.jpg 1024w, https:\/\/zko-litomerice.cz\/wp-content\/uploads\/2023\/04\/SKM_C257i22051713070_0003-768x543.jpg 768w, https:\/\/zko-litomerice.cz\/wp-content\/uploads\/2023\/04\/SKM_C257i22051713070_0003-1536x1086.jpg 1536w, https:\/\/zko-litomerice.cz\/wp-content\/uploads\/2023\/04\/SKM_C257i22051713070_0003-2048x1448.jpg 2048w\" sizes=\"(max-width: 150px) 100vw, 150px\" \/><\/a><\/td><\/tr><\/tbody><\/table><\/figure>\n","protected":false},"excerpt":{"rendered":"<p>Dne14.5.2022 prob\u011bhla prvn\u00ed leto\u0161n\u00ed bonitace NO. Bonita\u010dn\u00ed komisi tvod\u0159ili: hlavn\u00ed rozhod\u010d\u00ed Franti\u0161ek Matou\u0161, poradce chovu pan Pavel Skrbek&nbsp;a figurant pan V\u00e1clav Kuncl. Bonitace se z\u00fa\u010dastnilo 17 nem\u011bck\u00fdch ov\u010d\u00e1k\u016f, z nich 16 splnilo podm\u00ednky pro za\u0159azen\u00ed do v\u00fdb\u011brov\u00e9ho chovu, jeden jedinec bohu\u017eel podm\u00ednky nesplnil z d\u016fvodu nedostate\u010dn\u00e9ho v\u00fdkonu v obran\u011b. Dne 18.06.2022 prob\u011bhla na cvi\u010di\u0161ti ZKO &hellip; <\/p>\n<p class=\"link-more\"><a href=\"https:\/\/zko-litomerice.cz\/index.php\/bonitace-vystava-2022\/\" class=\"more-link\">Pokra\u010dovat ve \u010dten\u00ed<span class=\"screen-reader-text\"> &#8222;Bonitace &#8211; v\u00fdstava 2022&#8220;<\/span><\/a><\/p>\n","protected":false},"author":1,"featured_media":0,"parent":0,"menu_order":0,"comment_status":"closed","ping_status":"closed","template":"","meta":{"footnotes":""},"class_list":["post-8213","page","type-page","status-publish","hentry"],"_links":{"self":[{"href":"https:\/\/zko-litomerice.cz\/index.php\/wp-json\/wp\/v2\/pages\/8213"}],"collection":[{"href":"https:\/\/zko-litomerice.cz\/index.php\/wp-json\/wp\/v2\/pages"}],"about":[{"href":"https:\/\/zko-litomerice.cz\/index.php\/wp-json\/wp\/v2\/types\/page"}],"author":[{"embeddable":true,"href":"https:\/\/zko-litomerice.cz\/index.php\/wp-json\/wp\/v2\/users\/1"}],"replies":[{"embeddable":true,"href":"https:\/\/zko-litomerice.cz\/index.php\/wp-json\/wp\/v2\/comments?post=8213"}],"version-history":[{"count":1,"href":"https:\/\/zko-litomerice.cz\/index.php\/wp-json\/wp\/v2\/pages\/8213\/revisions"}],"predecessor-version":[{"id":8220,"href":"https:\/\/zko-litomerice.cz\/index.php\/wp-json\/wp\/v2\/pages\/8213\/revisions\/8220"}],"wp:attachment":[{"href":"https:\/\/zko-litomerice.cz\/index.php\/wp-json\/wp\/v2\/media?parent=8213"}],"curies":[{"name":"wp","href":"https:\/\/api.w.org\/{rel}","templated":true}]}}