{"id":8196,"date":"2023-04-18T19:13:03","date_gmt":"2023-04-18T17:13:03","guid":{"rendered":"http:\/\/zko-litomerice.cz\/?page_id=8196"},"modified":"2023-04-19T18:42:42","modified_gmt":"2023-04-19T16:42:42","slug":"letni-tabory","status":"publish","type":"page","link":"https:\/\/zko-litomerice.cz\/index.php\/letni-tabory\/","title":{"rendered":"Letn\u00ed t\u00e1bory"},"content":{"rendered":"\n<div class=\"wp-block-columns is-layout-flex wp-container-core-columns-is-layout-1 wp-block-columns-is-layout-flex\">\n<div class=\"wp-block-column is-layout-flow wp-block-column-is-layout-flow\">\n<ul class=\"wp-block-list\">\n<li><a href=\"http:\/\/zko-litomerice.cz\/index.php\/letni-vycvikovy-tabor-2015\/\">Letn\u00ed v\u00fdcvikov\u00fd t\u00e1bor 2015<\/a><\/li>\n\n\n\n<li><a href=\"http:\/\/zko-litomerice.cz\/index.php\/letni-vycvikovy-tabor-2012\/\">Letn\u00ed v\u00fdcvikov\u00fd t\u00e1bor 2012<\/a><\/li>\n\n\n\n<li><a href=\"http:\/\/zko-litomerice.cz\/index.php\/letni-vycvikovy-tabor-2011\/\">Letn\u00ed v\u00fdcvikov\u00fd t\u00e1bor 2011<\/a><\/li>\n\n\n\n<li><a href=\"http:\/\/zko-litomerice.cz\/index.php\/letni-vycvikovy-tabor-2010\/\">Letn\u00ed v\u00fdcvikov\u00fd t\u00e1bor 2010<\/a><\/li>\n\n\n\n<li><a href=\"http:\/\/zko-litomerice.cz\/index.php\/letni-vycvikovy-tabor-2009\/\">Letn\u00ed v\u00fdcvikov\u00fd t\u00e1bor 2009<\/a><\/li>\n\n\n\n<li><a href=\"http:\/\/zko-litomerice.cz\/index.php\/letni-vycvikovy-tabor-2008\/\">Letn\u00ed v\u00fdcvikov\u00fd t\u00e1bor 2008<\/a><\/li>\n\n\n\n<li><a href=\"http:\/\/zko-litomerice.cz\/index.php\/letni-vycvikovy-tabor2007\/\">Letn\u00ed v\u00fdcvikov\u00fd t\u00e1bor 2007<\/a><\/li>\n\n\n\n<li><a href=\"http:\/\/zko-litomerice.cz\/index.php\/letni-vycvikovy-tabor-2005\/\">Letn\u00ed v\u00fdcvikov\u00fd t\u00e1bor 2005<\/a><\/li>\n\n\n\n<li><a href=\"http:\/\/zko-litomerice.cz\/index.php\/letni-vycvikovy-tabor-2004\/\">Letn\u00ed v\u00fdcvikov\u00fd t\u00e1bor 2004<\/a><\/li>\n\n\n\n<li><a href=\"http:\/\/zko-litomerice.cz\/index.php\/letni-vycvikovy-tabor-2003\/\">Letn\u00ed v\u00fdcvikov\u00fd t\u00e1bor 2003<\/a><\/li>\n<\/ul>\n<\/div>\n\n\n\n<div class=\"wp-block-column is-layout-flow wp-block-column-is-layout-flow\">\n<figure class=\"wp-block-image size-full is-resized\"><img loading=\"lazy\" decoding=\"async\" src=\"http:\/\/zko-litomerice.cz\/wp-content\/uploads\/2023\/04\/LVT18.jpg\" alt=\"\" class=\"wp-image-7890\" width=\"336\" height=\"223\" srcset=\"https:\/\/zko-litomerice.cz\/wp-content\/uploads\/2023\/04\/LVT18.jpg 1024w, https:\/\/zko-litomerice.cz\/wp-content\/uploads\/2023\/04\/LVT18-300x200.jpg 300w, https:\/\/zko-litomerice.cz\/wp-content\/uploads\/2023\/04\/LVT18-768x511.jpg 768w\" sizes=\"(max-width: 336px) 100vw, 336px\" \/><\/figure>\n<\/div>\n<\/div>\n","protected":false},"excerpt":{"rendered":"","protected":false},"author":1,"featured_media":0,"parent":0,"menu_order":0,"comment_status":"closed","ping_status":"closed","template":"","meta":{"footnotes":""},"class_list":["post-8196","page","type-page","status-publish","hentry"],"_links":{"self":[{"href":"https:\/\/zko-litomerice.cz\/index.php\/wp-json\/wp\/v2\/pages\/8196"}],"collection":[{"href":"https:\/\/zko-litomerice.cz\/index.php\/wp-json\/wp\/v2\/pages"}],"about":[{"href":"https:\/\/zko-litomerice.cz\/index.php\/wp-json\/wp\/v2\/types\/page"}],"author":[{"embeddable":true,"href":"https:\/\/zko-litomerice.cz\/index.php\/wp-json\/wp\/v2\/users\/1"}],"replies":[{"embeddable":true,"href":"https:\/\/zko-litomerice.cz\/index.php\/wp-json\/wp\/v2\/comments?post=8196"}],"version-history":[{"count":2,"href":"https:\/\/zko-litomerice.cz\/index.php\/wp-json\/wp\/v2\/pages\/8196\/revisions"}],"predecessor-version":[{"id":8413,"href":"https:\/\/zko-litomerice.cz\/index.php\/wp-json\/wp\/v2\/pages\/8196\/revisions\/8413"}],"wp:attachment":[{"href":"https:\/\/zko-litomerice.cz\/index.php\/wp-json\/wp\/v2\/media?parent=8196"}],"curies":[{"name":"wp","href":"https:\/\/api.w.org\/{rel}","templated":true}]}}