{"id":8076,"date":"2023-04-18T19:07:13","date_gmt":"2023-04-18T17:07:13","guid":{"rendered":"http:\/\/zko-litomerice.cz\/?page_id=8076"},"modified":"2023-04-19T18:39:52","modified_gmt":"2023-04-19T16:39:52","slug":"zavody","status":"publish","type":"page","link":"https:\/\/zko-litomerice.cz\/index.php\/zavody\/","title":{"rendered":"Z\u00e1vody"},"content":{"rendered":"\n<div class=\"wp-block-columns is-layout-flex wp-container-core-columns-is-layout-1 wp-block-columns-is-layout-flex\">\n<div class=\"wp-block-column is-layout-flow wp-block-column-is-layout-flow\">\n<ul class=\"wp-block-list\">\n<li><a href=\"https:\/\/www.facebook.com\/zkolitomerice\/photos\" data-type=\"URL\" data-id=\"https:\/\/www.facebook.com\/zkolitomerice\/photos\" target=\"_blank\" rel=\"noreferrer noopener\">Nejnov\u011bj\u0161\u00ed foto na na\u0161em Facebooku<\/a><\/li>\n\n\n\n<li><a href=\"http:\/\/zko-litomerice.cz\/index.php\/obranarsky-zavod-2015\/\">Obran\u00e1\u0159sk\u00fd z\u00e1vod 2015<\/a><\/li>\n\n\n\n<li><a href=\"http:\/\/zko-litomerice.cz\/index.php\/obranarsky-zavod-2014\/\">Obran\u00e1\u0159sk\u00fd z\u00e1vod 2014<\/a><\/li>\n\n\n\n<li><a href=\"http:\/\/zko-litomerice.cz\/index.php\/obranarsky-zavod-2013\/\">Obran\u00e1\u0159sk\u00fd z\u00e1vod 2013<\/a><\/li>\n\n\n\n<li><a href=\"http:\/\/zko-litomerice.cz\/index.php\/obranarsky-zavod-2012\/\">Obran\u00e1\u0159sk\u00fd z\u00e1vod 2012<\/a><\/li>\n\n\n\n<li><a href=\"http:\/\/zko-litomerice.cz\/index.php\/obranarsky-zavod-2011\/\">Obran\u00e1\u0159sk\u00fd z\u00e1vod 2011<\/a><\/li>\n\n\n\n<li><a href=\"http:\/\/zko-litomerice.cz\/index.php\/obranarsky-zavod-2009\/\">Obran\u00e1\u0159sk\u00fd z\u00e1vod 2009<\/a><\/li>\n\n\n\n<li><a href=\"http:\/\/zko-litomerice.cz\/index.php\/obranarsky-zavod-2008\/\">Obran\u00e1\u0159sk\u00fd z\u00e1vod 2008<\/a><\/li>\n\n\n\n<li><a href=\"http:\/\/zko-litomerice.cz\/index.php\/obranarsky-zavod-2006\/\">Obran\u00e1\u0159sk\u00fd z\u00e1vod 2006<\/a><\/li>\n<\/ul>\n<\/div>\n\n\n\n<div class=\"wp-block-column is-layout-flow wp-block-column-is-layout-flow\">\n<figure class=\"wp-block-image size-large is-resized\"><img loading=\"lazy\" decoding=\"async\" src=\"http:\/\/zko-litomerice.cz\/wp-content\/uploads\/2023\/04\/zavod_2023-1-1024x577.jpg\" alt=\"\" class=\"wp-image-8173\" width=\"366\" height=\"205\" srcset=\"https:\/\/zko-litomerice.cz\/wp-content\/uploads\/2023\/04\/zavod_2023-1-1024x577.jpg 1024w, https:\/\/zko-litomerice.cz\/wp-content\/uploads\/2023\/04\/zavod_2023-1-300x169.jpg 300w, https:\/\/zko-litomerice.cz\/wp-content\/uploads\/2023\/04\/zavod_2023-1-768x432.jpg 768w, https:\/\/zko-litomerice.cz\/wp-content\/uploads\/2023\/04\/zavod_2023-1-1536x865.jpg 1536w, https:\/\/zko-litomerice.cz\/wp-content\/uploads\/2023\/04\/zavod_2023-1.jpg 2048w\" sizes=\"(max-width: 366px) 100vw, 366px\" \/><\/figure>\n<\/div>\n<\/div>\n","protected":false},"excerpt":{"rendered":"","protected":false},"author":1,"featured_media":0,"parent":0,"menu_order":0,"comment_status":"closed","ping_status":"closed","template":"","meta":{"footnotes":""},"class_list":["post-8076","page","type-page","status-publish","hentry"],"_links":{"self":[{"href":"https:\/\/zko-litomerice.cz\/index.php\/wp-json\/wp\/v2\/pages\/8076"}],"collection":[{"href":"https:\/\/zko-litomerice.cz\/index.php\/wp-json\/wp\/v2\/pages"}],"about":[{"href":"https:\/\/zko-litomerice.cz\/index.php\/wp-json\/wp\/v2\/types\/page"}],"author":[{"embeddable":true,"href":"https:\/\/zko-litomerice.cz\/index.php\/wp-json\/wp\/v2\/users\/1"}],"replies":[{"embeddable":true,"href":"https:\/\/zko-litomerice.cz\/index.php\/wp-json\/wp\/v2\/comments?post=8076"}],"version-history":[{"count":2,"href":"https:\/\/zko-litomerice.cz\/index.php\/wp-json\/wp\/v2\/pages\/8076\/revisions"}],"predecessor-version":[{"id":8411,"href":"https:\/\/zko-litomerice.cz\/index.php\/wp-json\/wp\/v2\/pages\/8076\/revisions\/8411"}],"wp:attachment":[{"href":"https:\/\/zko-litomerice.cz\/index.php\/wp-json\/wp\/v2\/media?parent=8076"}],"curies":[{"name":"wp","href":"https:\/\/api.w.org\/{rel}","templated":true}]}}