{"id":7801,"date":"2023-04-18T18:53:38","date_gmt":"2023-04-18T16:53:38","guid":{"rendered":"http:\/\/zko-litomerice.cz\/?page_id=7801"},"modified":"2023-04-19T18:41:17","modified_gmt":"2023-04-19T16:41:17","slug":"fotogalerie-vystavy","status":"publish","type":"page","link":"https:\/\/zko-litomerice.cz\/index.php\/fotogalerie-vystavy\/","title":{"rendered":"Fotogalerie v\u00fdstavy"},"content":{"rendered":"\n<div class=\"wp-block-columns is-layout-flex wp-container-core-columns-is-layout-1 wp-block-columns-is-layout-flex\">\n<div class=\"wp-block-column is-layout-flow wp-block-column-is-layout-flow\">\n<ul class=\"wp-block-list\">\n<li><a rel=\"noreferrer noopener\" href=\"https:\/\/www.facebook.com\/zkolitomerice\/photos\" target=\"_blank\">Nejnov\u011bj\u0161\u00ed foto na na\u0161em Facebooku<\/a><\/li>\n\n\n\n<li> <a href=\"http:\/\/zko-litomerice.cz\/index.php\/krajska-vystava-2015\/\">Krajsk\u00e1 v\u00fdstava 2015<\/a><\/li>\n\n\n\n<li><a href=\"http:\/\/zko-litomerice.cz\/index.php\/krajska-vystava-2014\/\">Krajsk\u00e1 v\u00fdstava 2014<\/a><\/li>\n\n\n\n<li><a href=\"http:\/\/zko-litomerice.cz\/index.php\/krajska-vystava-2013\/\">Krajsk\u00e1 v\u00fdstava 2013<\/a><\/li>\n\n\n\n<li><a href=\"http:\/\/zko-litomerice.cz\/index.php\/oblastni-vystava-2012\/\">Oblastn\u00ed v\u00fdstava 2012<\/a><\/li>\n\n\n\n<li><a href=\"http:\/\/zko-litomerice.cz\/index.php\/oblastni-vystava-2011\/\">Oblastn\u00ed v\u00fdstava 2011<\/a><\/li>\n\n\n\n<li><a href=\"http:\/\/zko-litomerice.cz\/index.php\/specialka-no-2009\/\">Speci\u00e1lka NO 2009<\/a><\/li>\n\n\n\n<li><a rel=\"noreferrer noopener\" href=\"http:\/\/zko-litomerice.cz\/index.php\/vystava-2008\/\" target=\"_blank\">V\u00fdstava<\/a> <a href=\"http:\/\/zko-litomerice.cz\/index.php\/vystava-2008\/\">2008<\/a><\/li>\n\n\n\n<li><a href=\"http:\/\/zko-litomerice.cz\/index.php\/vystava-2007\/\">V\u00fdstava<\/a> <a rel=\"noreferrer noopener\" href=\"http:\/\/zko-litomerice.cz\/index.php\/vystava-2007\/\" target=\"_blank\">2007<\/a><\/li>\n<\/ul>\n<\/div>\n\n\n\n<div class=\"wp-block-column is-layout-flow wp-block-column-is-layout-flow\">\n<figure class=\"wp-block-image size-full\"><img loading=\"lazy\" decoding=\"async\" width=\"700\" height=\"470\" src=\"http:\/\/zko-litomerice.cz\/wp-content\/uploads\/2023\/04\/1vystava_ltm_2011.jpg\" alt=\"\" class=\"wp-image-7749\" srcset=\"https:\/\/zko-litomerice.cz\/wp-content\/uploads\/2023\/04\/1vystava_ltm_2011.jpg 700w, https:\/\/zko-litomerice.cz\/wp-content\/uploads\/2023\/04\/1vystava_ltm_2011-300x201.jpg 300w\" sizes=\"(max-width: 700px) 100vw, 700px\" \/><\/figure>\n<\/div>\n<\/div>\n","protected":false},"excerpt":{"rendered":"","protected":false},"author":1,"featured_media":0,"parent":0,"menu_order":0,"comment_status":"closed","ping_status":"closed","template":"","meta":{"footnotes":""},"class_list":["post-7801","page","type-page","status-publish","hentry"],"_links":{"self":[{"href":"https:\/\/zko-litomerice.cz\/index.php\/wp-json\/wp\/v2\/pages\/7801"}],"collection":[{"href":"https:\/\/zko-litomerice.cz\/index.php\/wp-json\/wp\/v2\/pages"}],"about":[{"href":"https:\/\/zko-litomerice.cz\/index.php\/wp-json\/wp\/v2\/types\/page"}],"author":[{"embeddable":true,"href":"https:\/\/zko-litomerice.cz\/index.php\/wp-json\/wp\/v2\/users\/1"}],"replies":[{"embeddable":true,"href":"https:\/\/zko-litomerice.cz\/index.php\/wp-json\/wp\/v2\/comments?post=7801"}],"version-history":[{"count":3,"href":"https:\/\/zko-litomerice.cz\/index.php\/wp-json\/wp\/v2\/pages\/7801\/revisions"}],"predecessor-version":[{"id":8412,"href":"https:\/\/zko-litomerice.cz\/index.php\/wp-json\/wp\/v2\/pages\/7801\/revisions\/8412"}],"wp:attachment":[{"href":"https:\/\/zko-litomerice.cz\/index.php\/wp-json\/wp\/v2\/media?parent=7801"}],"curies":[{"name":"wp","href":"https:\/\/api.w.org\/{rel}","templated":true}]}}