{"id":7543,"date":"2023-04-18T18:41:17","date_gmt":"2023-04-18T16:41:17","guid":{"rendered":"http:\/\/zko-litomerice.cz\/?page_id=7543"},"modified":"2023-04-18T19:32:14","modified_gmt":"2023-04-18T17:32:14","slug":"fotky","status":"publish","type":"page","link":"https:\/\/zko-litomerice.cz\/index.php\/fotky\/","title":{"rendered":"Fotogalerie"},"content":{"rendered":"\n<div class=\"wp-block-columns is-layout-flex wp-container-core-columns-is-layout-1 wp-block-columns-is-layout-flex\">\n<div class=\"wp-block-column is-layout-flow wp-block-column-is-layout-flow\">\n<div class=\"wp-block-media-text alignwide is-stacked-on-mobile\"><figure class=\"wp-block-media-text__media\"><img loading=\"lazy\" decoding=\"async\" width=\"700\" height=\"470\" src=\"http:\/\/zko-litomerice.cz\/wp-content\/uploads\/2023\/04\/1vystava_ltm_2011.jpg\" alt=\"\" class=\"wp-image-7749 size-full\" srcset=\"https:\/\/zko-litomerice.cz\/wp-content\/uploads\/2023\/04\/1vystava_ltm_2011.jpg 700w, https:\/\/zko-litomerice.cz\/wp-content\/uploads\/2023\/04\/1vystava_ltm_2011-300x201.jpg 300w\" sizes=\"(max-width: 700px) 100vw, 700px\" \/><\/figure><div class=\"wp-block-media-text__content\">\n<p class=\"has-medium-font-size\"><strong><a href=\"http:\/\/zko-litomerice.cz\/index.php\/fotogalerie-vystavy\/\">V\u00fdstavy<\/a><\/strong><\/p>\n<\/div><\/div>\n\n\n\n<div class=\"wp-block-media-text alignwide is-stacked-on-mobile\" style=\"grid-template-columns:51% auto\"><figure class=\"wp-block-media-text__media\"><img loading=\"lazy\" decoding=\"async\" width=\"1024\" height=\"681\" src=\"http:\/\/zko-litomerice.cz\/wp-content\/uploads\/2023\/04\/LVT58.jpg\" alt=\"\" class=\"wp-image-7930 size-full\" srcset=\"https:\/\/zko-litomerice.cz\/wp-content\/uploads\/2023\/04\/LVT58.jpg 1024w, https:\/\/zko-litomerice.cz\/wp-content\/uploads\/2023\/04\/LVT58-300x200.jpg 300w, https:\/\/zko-litomerice.cz\/wp-content\/uploads\/2023\/04\/LVT58-768x511.jpg 768w\" sizes=\"(max-width: 767px) 89vw, (max-width: 1000px) 54vw, (max-width: 1071px) 543px, 580px\" \/><\/figure><div class=\"wp-block-media-text__content\">\n<p class=\"has-medium-font-size\"><strong><a rel=\"noreferrer noopener\" href=\"http:\/\/zko-litomerice.cz\/index.php\/letni-tabory\/\" data-type=\"URL\" data-id=\"http:\/\/zko-litomerice.cz\/index.php\/letni-tabory\/\" target=\"_blank\">Letn\u00ed t\u00e1bory<\/a><\/strong><\/p>\n<\/div><\/div>\n<\/div>\n\n\n\n<div class=\"wp-block-column is-layout-flow wp-block-column-is-layout-flow\">\n<div class=\"wp-block-media-text alignwide is-stacked-on-mobile\"><figure class=\"wp-block-media-text__media\"><img loading=\"lazy\" decoding=\"async\" width=\"1024\" height=\"683\" src=\"http:\/\/zko-litomerice.cz\/wp-content\/uploads\/2023\/04\/zavod_2023-4-2-1024x683.jpg\" alt=\"\" class=\"wp-image-8205 size-full\" srcset=\"https:\/\/zko-litomerice.cz\/wp-content\/uploads\/2023\/04\/zavod_2023-4-2-1024x683.jpg 1024w, https:\/\/zko-litomerice.cz\/wp-content\/uploads\/2023\/04\/zavod_2023-4-2-300x200.jpg 300w, https:\/\/zko-litomerice.cz\/wp-content\/uploads\/2023\/04\/zavod_2023-4-2-768x512.jpg 768w, https:\/\/zko-litomerice.cz\/wp-content\/uploads\/2023\/04\/zavod_2023-4-2-1536x1024.jpg 1536w, https:\/\/zko-litomerice.cz\/wp-content\/uploads\/2023\/04\/zavod_2023-4-2.jpg 2048w\" sizes=\"(max-width: 767px) 89vw, (max-width: 1000px) 54vw, (max-width: 1071px) 543px, 580px\" \/><\/figure><div class=\"wp-block-media-text__content\">\n<p class=\"has-medium-font-size\"><strong><a rel=\"noreferrer noopener\" href=\"http:\/\/zko-litomerice.cz\/index.php\/zavody\/\" data-type=\"URL\" data-id=\"http:\/\/zko-litomerice.cz\/index.php\/zavody\/\" target=\"_blank\">Z\u00e1vody<\/a><\/strong><\/p>\n<\/div><\/div>\n\n\n\n<div class=\"wp-block-media-text alignwide is-stacked-on-mobile\"><figure class=\"wp-block-media-text__media\"><img loading=\"lazy\" decoding=\"async\" width=\"800\" height=\"600\" src=\"http:\/\/zko-litomerice.cz\/wp-content\/uploads\/2023\/04\/zaplavy_2006_56.jpg\" alt=\"\" class=\"wp-image-8112 size-full\" srcset=\"https:\/\/zko-litomerice.cz\/wp-content\/uploads\/2023\/04\/zaplavy_2006_56.jpg 800w, https:\/\/zko-litomerice.cz\/wp-content\/uploads\/2023\/04\/zaplavy_2006_56-300x225.jpg 300w, https:\/\/zko-litomerice.cz\/wp-content\/uploads\/2023\/04\/zaplavy_2006_56-768x576.jpg 768w\" sizes=\"(max-width: 767px) 89vw, (max-width: 1000px) 54vw, (max-width: 1071px) 543px, 580px\" \/><\/figure><div class=\"wp-block-media-text__content\">\n<p class=\"has-medium-font-size\"><strong><a rel=\"noreferrer noopener\" href=\"http:\/\/zko-litomerice.cz\/index.php\/zaplavy-na-jare-2006\/\" target=\"_blank\">Z\u00e1plavy na ja\u0159e 2006<\/a><\/strong><\/p>\n<\/div><\/div>\n<\/div>\n<\/div>\n","protected":false},"excerpt":{"rendered":"<p>V\u00fdstavy Letn\u00ed t\u00e1bory Z\u00e1vody Z\u00e1plavy na ja\u0159e 2006<\/p>\n","protected":false},"author":1,"featured_media":0,"parent":0,"menu_order":0,"comment_status":"closed","ping_status":"closed","template":"","meta":{"footnotes":""},"class_list":["post-7543","page","type-page","status-publish","hentry"],"_links":{"self":[{"href":"https:\/\/zko-litomerice.cz\/index.php\/wp-json\/wp\/v2\/pages\/7543"}],"collection":[{"href":"https:\/\/zko-litomerice.cz\/index.php\/wp-json\/wp\/v2\/pages"}],"about":[{"href":"https:\/\/zko-litomerice.cz\/index.php\/wp-json\/wp\/v2\/types\/page"}],"author":[{"embeddable":true,"href":"https:\/\/zko-litomerice.cz\/index.php\/wp-json\/wp\/v2\/users\/1"}],"replies":[{"embeddable":true,"href":"https:\/\/zko-litomerice.cz\/index.php\/wp-json\/wp\/v2\/comments?post=7543"}],"version-history":[{"count":5,"href":"https:\/\/zko-litomerice.cz\/index.php\/wp-json\/wp\/v2\/pages\/7543\/revisions"}],"predecessor-version":[{"id":8210,"href":"https:\/\/zko-litomerice.cz\/index.php\/wp-json\/wp\/v2\/pages\/7543\/revisions\/8210"}],"wp:attachment":[{"href":"https:\/\/zko-litomerice.cz\/index.php\/wp-json\/wp\/v2\/media?parent=7543"}],"curies":[{"name":"wp","href":"https:\/\/api.w.org\/{rel}","templated":true}]}}