{"id":71,"date":"2023-04-18T12:12:35","date_gmt":"2023-04-18T10:12:35","guid":{"rendered":"http:\/\/zko-litomerice.cz\/?page_id=71"},"modified":"2025-01-28T20:19:24","modified_gmt":"2025-01-28T19:19:24","slug":"archiv","status":"publish","type":"page","link":"https:\/\/zko-litomerice.cz\/index.php\/archiv\/","title":{"rendered":"Archiv"},"content":{"rendered":"\n<ul class=\"wp-block-list\">\n<li><a href=\"http:\/\/zko-litomerice.cz\/index.php\/aktuality-4\/\" data-type=\"page\" data-id=\"8692\">Obran\u00e1\u0159sk\u00fd z\u00e1vod a 1. Bonitace 2024<\/a><\/li>\n\n\n\n<li><a href=\"http:\/\/zko-litomerice.cz\/index.php\/aktuality-3\/\" data-type=\"page\" data-id=\"8666\">2 Bonitace NO 2023<\/a><\/li>\n\n\n\n<li><a href=\"http:\/\/zko-litomerice.cz\/index.php\/aktuality-2\/\" data-type=\"page\" data-id=\"8621\">1 Bonitace NO 2023<\/a><\/li>\n\n\n\n<li><a href=\"http:\/\/zko-litomerice.cz\/index.php\/aktuality\/\" data-type=\"page\" data-id=\"60\">Bonitace2022\/Obran\u00e1\u0159sk\u00fd z\u00e1vod 2023<\/a><\/li>\n\n\n\n<li><a href=\"http:\/\/zko-litomerice.cz\/index.php\/bonitace-vystava-2022\/\" data-type=\"URL\" data-id=\"http:\/\/zko-litomerice.cz\/index.php\/bonitace-vystava-2022\/\">Bonitace\/V\u00fdstava 2022<\/a><\/li>\n\n\n\n<li><a href=\"http:\/\/zko-litomerice.cz\/index.php\/obranarsky-zavod-2022\/\" data-type=\"URL\" data-id=\"http:\/\/zko-litomerice.cz\/index.php\/obranarsky-zavod-2022\/\">Obran\u00e1\u0159sk\u00fd z\u00e1vod 2022<\/a><\/li>\n\n\n\n<li><a href=\"http:\/\/zko-litomerice.cz\/index.php\/bonitace-2021\/\" data-type=\"URL\" data-id=\"http:\/\/zko-litomerice.cz\/index.php\/bonitace-2021\/\">Bonitace 2021<\/a><\/li>\n\n\n\n<li><a href=\"http:\/\/zko-litomerice.cz\/index.php\/vystava-2021\/\" data-type=\"URL\" data-id=\"http:\/\/zko-litomerice.cz\/index.php\/vystava-2021\/\">V\u00fdstava 2021<\/a><\/li>\n\n\n\n<li><a href=\"http:\/\/zko-litomerice.cz\/index.php\/ostatni-akce-2020\/\" data-type=\"page\" data-id=\"8249\">Ostatn\u00ed akce 2020<\/a><\/li>\n\n\n\n<li><a href=\"http:\/\/zko-litomerice.cz\/index.php\/obranarsky-zavod-2020\/\" data-type=\"URL\" data-id=\"http:\/\/zko-litomerice.cz\/index.php\/obranarsky-zavod-2020\/\">Obran\u00e1\u0159sk\u00fd z\u00e1vod 2020<\/a><\/li>\n\n\n\n<li><a href=\"http:\/\/zko-litomerice.cz\/index.php\/ostatni-akce-2019\/\" data-type=\"page\" data-id=\"8269\">Ostatn\u00ed akce 2019<\/a><\/li>\n\n\n\n<li><a href=\"http:\/\/zko-litomerice.cz\/index.php\/jarni-bonitace-2019\/\" data-type=\"URL\" data-id=\"http:\/\/zko-litomerice.cz\/index.php\/jarni-bonitace-2019\/\">Jarn\u00ed bonitace 2019<\/a><\/li>\n\n\n\n<li><a href=\"http:\/\/zko-litomerice.cz\/index.php\/obranarsky-zavod-2019\/\" data-type=\"URL\" data-id=\"http:\/\/zko-litomerice.cz\/index.php\/obranarsky-zavod-2019\/\">Obran\u00e1\u0159sk\u00fd z\u00e1vod 2019<\/a><\/li>\n\n\n\n<li><a href=\"http:\/\/zko-litomerice.cz\/index.php\/ostatni-akce-2018\/\" data-type=\"URL\" data-id=\"http:\/\/zko-litomerice.cz\/index.php\/ostatni-akce-2018\/\">Ostatn\u00ed akce 2018<\/a><\/li>\n\n\n\n<li><a href=\"http:\/\/zko-litomerice.cz\/index.php\/jarni-bonitace-2018\/\" data-type=\"URL\" data-id=\"http:\/\/zko-litomerice.cz\/index.php\/jarni-bonitace-2018\/\">Jarn\u00ed bonitace 2018<\/a><\/li>\n\n\n\n<li><a href=\"http:\/\/zko-litomerice.cz\/index.php\/obranarsky-zavod-2018\/\" data-type=\"URL\" data-id=\"http:\/\/zko-litomerice.cz\/index.php\/obranarsky-zavod-2018\/\">Obran\u00e1\u0159sk\u00fd z\u00e1vod 2018<\/a><\/li>\n\n\n\n<li><a href=\"http:\/\/zko-litomerice.cz\/index.php\/ostatni-akce-roku-2017\/\" data-type=\"URL\" data-id=\"http:\/\/zko-litomerice.cz\/index.php\/ostatni-akce-roku-2017\/\">Ostatn\u00ed akce roku 2017<\/a><\/li>\n\n\n\n<li><a href=\"http:\/\/zko-litomerice.cz\/index.php\/obranarsky-zavod-2017\/\" data-type=\"URL\" data-id=\"http:\/\/zko-litomerice.cz\/index.php\/obranarsky-zavod-2017\/\">Obran\u00e1\u0159sk\u00fd z\u00e1vod 2017<\/a><\/li>\n\n\n\n<li><a href=\"http:\/\/zko-litomerice.cz\/index.php\/2-bonitace-no-2016\/\" data-type=\"URL\" data-id=\"http:\/\/zko-litomerice.cz\/index.php\/2-bonitace-no-2016\/\">2. bonitace NO 2016<\/a><\/li>\n\n\n\n<li><a href=\"http:\/\/zko-litomerice.cz\/index.php\/1-bonitace-a-vystava-no-2016\/\" data-type=\"URL\" data-id=\"http:\/\/zko-litomerice.cz\/index.php\/1-bonitace-a-vystava-no-2016\/\">1. bonitace a v\u00fdstava NO 2016<\/a><\/li>\n\n\n\n<li><a href=\"http:\/\/zko-litomerice.cz\/index.php\/obranarsky-zavod-2016\/\" data-type=\"URL\" data-id=\"http:\/\/zko-litomerice.cz\/index.php\/obranarsky-zavod-2016\/\">Obran\u00e1\u0159sk\u00fd z\u00e1vod 2016<\/a><\/li>\n\n\n\n<li><a href=\"http:\/\/zko-litomerice.cz\/index.php\/letni-vycvikovy-tabor-2015-a-podzimni-bonitace-no\/\" data-type=\"URL\" data-id=\"http:\/\/zko-litomerice.cz\/index.php\/letni-vycvikovy-tabor-2015-a-podzimni-bonitace-no\/\">LVT 2015 a podzimn\u00ed bonitace NO<\/a><\/li>\n\n\n\n<li><a href=\"http:\/\/zko-litomerice.cz\/index.php\/krajska-vystava-2015-2\/\" data-type=\"URL\" data-id=\"http:\/\/zko-litomerice.cz\/index.php\/krajska-vystava-2015-2\/\">Krajsk\u00e1 v\u00fdstava 2015<\/a><\/li>\n\n\n\n<li><a href=\"http:\/\/zko-litomerice.cz\/index.php\/jarni-bonitace-2015\/\" data-type=\"URL\" data-id=\"http:\/\/zko-litomerice.cz\/index.php\/jarni-bonitace-2015\/\">Jarn\u00ed bonitace 2015<\/a><\/li>\n\n\n\n<li><a href=\"http:\/\/zko-litomerice.cz\/index.php\/obranarsky-zavod-2015-2\/\" data-type=\"URL\" data-id=\"http:\/\/zko-litomerice.cz\/index.php\/obranarsky-zavod-2015-2\/\">Obran\u00e1\u0159sk\u00fd z\u00e1vod 2015<\/a><\/li>\n\n\n\n<li><a href=\"http:\/\/zko-litomerice.cz\/index.php\/lvt-2014-a-2-bonitace-no\/\" data-type=\"URL\" data-id=\"http:\/\/zko-litomerice.cz\/index.php\/lvt-2014-a-2-bonitace-no\/\">LVT 2014 a 2. bonitace NO<\/a><\/li>\n\n\n\n<li><a href=\"http:\/\/zko-litomerice.cz\/index.php\/bonitace-2014-a-krajska-specialni-vystava-no\/\" data-type=\"URL\" data-id=\"http:\/\/zko-litomerice.cz\/index.php\/bonitace-2014-a-krajska-specialni-vystava-no\/\">1. bonitace 2014 a KS NO<\/a><\/li>\n\n\n\n<li><a href=\"http:\/\/zko-litomerice.cz\/index.php\/obranarsky-zavod-2014-2\/\" data-type=\"URL\" data-id=\"http:\/\/zko-litomerice.cz\/index.php\/obranarsky-zavod-2014-2\/\">Obran\u00e1\u0159sk\u00fd z\u00e1vod 2014<\/a><\/li>\n\n\n\n<li><a href=\"http:\/\/zko-litomerice.cz\/index.php\/2-bonitace-2013\/\" data-type=\"URL\" data-id=\"http:\/\/zko-litomerice.cz\/index.php\/2-bonitace-2013\/\">2. bonitace 2013<\/a><\/li>\n\n\n\n<li><a href=\"http:\/\/zko-litomerice.cz\/index.php\/letni-vycvikovy-tabor-2013\/\" data-type=\"URL\" data-id=\"http:\/\/zko-litomerice.cz\/index.php\/letni-vycvikovy-tabor-2013\/\">Letn\u00ed v\u00fdcvikov\u00fd t\u00e1bor 2013<\/a><\/li>\n\n\n\n<li><a href=\"http:\/\/zko-litomerice.cz\/index.php\/krajska-specialni-vystava-no-2013\/\" data-type=\"URL\" data-id=\"http:\/\/zko-litomerice.cz\/index.php\/krajska-specialni-vystava-no-2013\/\">KS v\u00fdstava 2013<\/a><\/li>\n\n\n\n<li><a href=\"http:\/\/zko-litomerice.cz\/index.php\/bonitace-2013\/\" data-type=\"URL\" data-id=\"http:\/\/zko-litomerice.cz\/index.php\/bonitace-2013\/\">Bonitace 2013<\/a><\/li>\n\n\n\n<li><a href=\"http:\/\/zko-litomerice.cz\/index.php\/obranarsky-zavod-2013-2\/\" data-type=\"URL\" data-id=\"http:\/\/zko-litomerice.cz\/index.php\/obranarsky-zavod-2013-2\/\">Obran\u00e1\u0159sk\u00fd z\u00e1vod 2013<\/a><\/li>\n\n\n\n<li><a href=\"http:\/\/zko-litomerice.cz\/index.php\/2-bonitace-2012\/\" data-type=\"URL\" data-id=\"http:\/\/zko-litomerice.cz\/index.php\/2-bonitace-2012\/\">2. bonitace 2012<\/a><\/li>\n\n\n\n<li><a href=\"http:\/\/zko-litomerice.cz\/index.php\/letni-vycvikovy-tabor-2012-2\/\" data-type=\"URL\" data-id=\"http:\/\/zko-litomerice.cz\/index.php\/letni-vycvikovy-tabor-2012-2\/\">Letn\u00ed v\u00fdcvikov\u00fd t\u00e1bor 2012<\/a><\/li>\n\n\n\n<li><a href=\"http:\/\/zko-litomerice.cz\/index.php\/vystava-2012\/\" data-type=\"URL\" data-id=\"http:\/\/zko-litomerice.cz\/index.php\/vystava-2012\/\">V\u00fdstava 2012<\/a><\/li>\n\n\n\n<li><a href=\"http:\/\/zko-litomerice.cz\/index.php\/obranarsky-zavod-2012-2\/\" data-type=\"URL\" data-id=\"http:\/\/zko-litomerice.cz\/index.php\/obranarsky-zavod-2012-2\/\">Obran\u00e1\u0159sk\u00fd z\u00e1vod 2012<\/a><\/li>\n\n\n\n<li><a href=\"http:\/\/zko-litomerice.cz\/index.php\/letni-vycvikovy-tabor-2011-2\/\" data-type=\"URL\" data-id=\"http:\/\/zko-litomerice.cz\/index.php\/letni-vycvikovy-tabor-2011-2\/\">Letn\u00ed v\u00fdcvikov\u00fd t\u00e1bor 2011<\/a><\/li>\n\n\n\n<li><a href=\"http:\/\/zko-litomerice.cz\/index.php\/bonitace-nemeckych-ovcaku-2011\/\" data-type=\"URL\" data-id=\"http:\/\/zko-litomerice.cz\/index.php\/bonitace-nemeckych-ovcaku-2011\/\">Bonitace n\u011bmeck\u00fdch ov\u010d\u00e1k\u016f 2011<\/a><\/li>\n\n\n\n<li><a href=\"http:\/\/zko-litomerice.cz\/index.php\/obranarsky-zavod-2011-2\/\" data-type=\"URL\" data-id=\"http:\/\/zko-litomerice.cz\/index.php\/obranarsky-zavod-2011-2\/\">Obran\u00e1\u0159sk\u00fd z\u00e1vod 2011<\/a><\/li>\n\n\n\n<li><a href=\"http:\/\/zko-litomerice.cz\/index.php\/vystava-2011\/\" data-type=\"URL\" data-id=\"http:\/\/zko-litomerice.cz\/index.php\/vystava-2011\/\">V\u00fdstava 2011<\/a><\/li>\n\n\n\n<li><a href=\"http:\/\/zko-litomerice.cz\/index.php\/2-bonitace-nemeckych-ovcaku-2010\/\" data-type=\"URL\" data-id=\"http:\/\/zko-litomerice.cz\/index.php\/2-bonitace-nemeckych-ovcaku-2010\/\">2. bonitace n\u011bmeck\u00fdch ov\u010d\u00e1k\u016f 2010<\/a><\/li>\n\n\n\n<li><a href=\"http:\/\/zko-litomerice.cz\/index.php\/letni-vycvikovy-tabor-2010-2\/\" data-type=\"URL\" data-id=\"http:\/\/zko-litomerice.cz\/index.php\/letni-vycvikovy-tabor-2010-2\/\">Letn\u00ed v\u00fdcvikov\u00fd t\u00e1bor 2010<\/a><\/li>\n\n\n\n<li><a href=\"http:\/\/zko-litomerice.cz\/index.php\/specialni-oblastni-vystava-nemeckych-ovcaku-2010\/\" data-type=\"URL\" data-id=\"http:\/\/zko-litomerice.cz\/index.php\/specialni-oblastni-vystava-nemeckych-ovcaku-2010\/\">Speci\u00e1ln\u00ed oblastn\u00ed v\u00fdstava n\u011bmeck\u00fdch ov\u010d\u00e1k\u016f 2010<\/a><\/li>\n\n\n\n<li><a href=\"http:\/\/zko-litomerice.cz\/index.php\/bonitace-nemeckych-ovcaku-2010\/\" data-type=\"URL\" data-id=\"http:\/\/zko-litomerice.cz\/index.php\/bonitace-nemeckych-ovcaku-2010\/\">Bonitace n\u011bmeck\u00fdch ov\u010d\u00e1k\u016f 2010<\/a><\/li>\n\n\n\n<li><a href=\"http:\/\/zko-litomerice.cz\/index.php\/6-rocnik-obranarskeho-zavodu-2010\/\" data-type=\"URL\" data-id=\"http:\/\/zko-litomerice.cz\/index.php\/6-rocnik-obranarskeho-zavodu-2010\/\">6. ro\u010dn\u00edk obran\u00e1\u0159sk\u00e9ho z\u00e1vodu 2010<\/a><\/li>\n<\/ul>\n","protected":false},"excerpt":{"rendered":"","protected":false},"author":1,"featured_media":0,"parent":0,"menu_order":0,"comment_status":"closed","ping_status":"closed","template":"","meta":{"footnotes":""},"class_list":["post-71","page","type-page","status-publish","hentry"],"_links":{"self":[{"href":"https:\/\/zko-litomerice.cz\/index.php\/wp-json\/wp\/v2\/pages\/71"}],"collection":[{"href":"https:\/\/zko-litomerice.cz\/index.php\/wp-json\/wp\/v2\/pages"}],"about":[{"href":"https:\/\/zko-litomerice.cz\/index.php\/wp-json\/wp\/v2\/types\/page"}],"author":[{"embeddable":true,"href":"https:\/\/zko-litomerice.cz\/index.php\/wp-json\/wp\/v2\/users\/1"}],"replies":[{"embeddable":true,"href":"https:\/\/zko-litomerice.cz\/index.php\/wp-json\/wp\/v2\/comments?post=71"}],"version-history":[{"count":39,"href":"https:\/\/zko-litomerice.cz\/index.php\/wp-json\/wp\/v2\/pages\/71\/revisions"}],"predecessor-version":[{"id":8738,"href":"https:\/\/zko-litomerice.cz\/index.php\/wp-json\/wp\/v2\/pages\/71\/revisions\/8738"}],"wp:attachment":[{"href":"https:\/\/zko-litomerice.cz\/index.php\/wp-json\/wp\/v2\/media?parent=71"}],"curies":[{"name":"wp","href":"https:\/\/api.w.org\/{rel}","templated":true}]}}