{"id":68,"date":"2023-04-18T12:10:04","date_gmt":"2023-04-18T10:10:04","guid":{"rendered":"http:\/\/zko-litomerice.cz\/?page_id=68"},"modified":"2025-06-27T18:30:57","modified_gmt":"2025-06-27T16:30:57","slug":"kontakty","status":"publish","type":"page","link":"https:\/\/zko-litomerice.cz\/index.php\/kontakty\/","title":{"rendered":"Kontakty"},"content":{"rendered":"\n<p><strong>V\u00fdbor ZKO:<\/strong><\/p>\n\n\n\n<figure class=\"wp-block-table\"><table><tbody><tr><td>P\u0159edseda<\/td><td>Ing. Iva Valachov\u00e1<\/td><td>tel. 602 402 974<\/td><td>mail: valachltm@iex.cz<\/td><\/tr><tr><td>M\u00edstop\u0159edseda<\/td><td>Stanislava Balogov\u00e1<\/td><td>tel. 777 270 168<\/td><td>mail: lusikastana@seznam.cz<\/td><\/tr><tr><td>Jednatel<\/td><td>V\u011bra Satranov\u00e1<\/td><td>tel. 603 195 600<\/td><td>mail: satranovavera@centrum.cz<\/td><\/tr><tr><td>Pokladn\u00ed<\/td><td>Jaroslava Jerychov\u00e1<\/td><td>tel. 602 702 061<\/td><td>mail: jerychova@raz-dva.cz<\/td><\/tr><tr><td>V\u00fdcvik\u00e1\u0159<\/td><td>Ivo Valach<\/td><td>tel. 721 464 969<\/td><td>mail: valachltm@iex.cz<\/td><\/tr><\/tbody><\/table><\/figure>\n\n\n\n<p><strong>Revizn\u00ed komise:<\/strong><\/p>\n\n\n\n<figure class=\"wp-block-table\"><table><tbody><tr><td>P\u0159edseda<\/td><td>Ing. Martina Kurkov\u00e1<\/td><td>tel. 602 119 472<\/td><td>mail: Kaiserova.Martina@seznam.cz<\/td><\/tr><tr><td>\u010clen<\/td><td>Renata Vackov\u00e1<\/td><td>tel. 734 453 783<\/td><td>mail: vackova.rena@seznam.cz<\/td><\/tr><tr><td>\u010clen<\/td><td>Pavel P\u0159ibyl<\/td><td>tel. 775 631 040<\/td><td>mail: 2400pavel@seznam.cz<\/td><\/tr><\/tbody><\/table><\/figure>\n\n\n\n<p><strong>\u010d. \u00fa\u010dtu klubu: 27-3778630277\/0100<\/strong><\/p>\n","protected":false},"excerpt":{"rendered":"<p>V\u00fdbor ZKO: P\u0159edseda Ing. Iva Valachov\u00e1 tel. 602 402 974 mail: valachltm@iex.cz M\u00edstop\u0159edseda Stanislava Balogov\u00e1 tel. 777 270 168 mail: lusikastana@seznam.cz Jednatel V\u011bra Satranov\u00e1 tel. 603 195 600 mail: satranovavera@centrum.cz Pokladn\u00ed Jaroslava Jerychov\u00e1 tel. 602 702 061 mail: jerychova@raz-dva.cz V\u00fdcvik\u00e1\u0159 Ivo Valach tel. 721 464 969 mail: valachltm@iex.cz Revizn\u00ed komise: P\u0159edseda Ing. Martina Kurkov\u00e1 tel. &hellip; <\/p>\n<p class=\"link-more\"><a href=\"https:\/\/zko-litomerice.cz\/index.php\/kontakty\/\" class=\"more-link\">Pokra\u010dovat ve \u010dten\u00ed<span class=\"screen-reader-text\"> &#8222;Kontakty&#8220;<\/span><\/a><\/p>\n","protected":false},"author":1,"featured_media":0,"parent":0,"menu_order":0,"comment_status":"closed","ping_status":"closed","template":"","meta":{"footnotes":""},"class_list":["post-68","page","type-page","status-publish","hentry"],"_links":{"self":[{"href":"https:\/\/zko-litomerice.cz\/index.php\/wp-json\/wp\/v2\/pages\/68"}],"collection":[{"href":"https:\/\/zko-litomerice.cz\/index.php\/wp-json\/wp\/v2\/pages"}],"about":[{"href":"https:\/\/zko-litomerice.cz\/index.php\/wp-json\/wp\/v2\/types\/page"}],"author":[{"embeddable":true,"href":"https:\/\/zko-litomerice.cz\/index.php\/wp-json\/wp\/v2\/users\/1"}],"replies":[{"embeddable":true,"href":"https:\/\/zko-litomerice.cz\/index.php\/wp-json\/wp\/v2\/comments?post=68"}],"version-history":[{"count":4,"href":"https:\/\/zko-litomerice.cz\/index.php\/wp-json\/wp\/v2\/pages\/68\/revisions"}],"predecessor-version":[{"id":8783,"href":"https:\/\/zko-litomerice.cz\/index.php\/wp-json\/wp\/v2\/pages\/68\/revisions\/8783"}],"wp:attachment":[{"href":"https:\/\/zko-litomerice.cz\/index.php\/wp-json\/wp\/v2\/media?parent=68"}],"curies":[{"name":"wp","href":"https:\/\/api.w.org\/{rel}","templated":true}]}}