{"id":60,"date":"2023-04-18T12:07:53","date_gmt":"2023-04-18T10:07:53","guid":{"rendered":"http:\/\/zko-litomerice.cz\/?page_id=60"},"modified":"2023-08-29T21:00:28","modified_gmt":"2023-08-29T19:00:28","slug":"aktuality","status":"publish","type":"page","link":"https:\/\/zko-litomerice.cz\/index.php\/aktuality\/","title":{"rendered":"Bonitace2022\/Obran\u00e1\u0159sk\u00fd z\u00e1vod 2023"},"content":{"rendered":"\n<p><strong>Dne 19.11.2022 prob\u011bhla prob\u011bhla na na\u0161em cvi\u010di\u0161ti bonitace NO.<\/strong><\/p>\n\n\n\n<p>Bonita\u010dn\u00ed komisi tvo\u0159ili: hlavn\u00ed rozhod\u010d\u00ed Franti\u0161ek Matou\u0161, krajsk\u00fd poradce chovu pan Josef Pr\u00e1\u0161il a figurant pan V\u00e1clav Kuncl.<br>Bonitace se z\u00fa\u010dastnilo 16 ps\u016f i fen plemene n\u011bmeck\u00fd ov\u010d\u00e1k, jeden pes nebyl p\u0159ipu\u0161t\u011bn k bonitaci z d\u016fvodu neprok\u00e1zan\u00e9 plnochruposti psa, zbyl\u00fdch 15&nbsp; splnilo podm\u00ednky pro za\u0159azen\u00ed do v\u00fdb\u011brov\u00e9ho chovu.<\/p>\n\n\n\n<div class=\"wp-block-buttons is-layout-flex wp-block-buttons-is-layout-flex\">\n<div class=\"wp-block-button\"><a class=\"wp-block-button__link wp-element-button\" href=\"http:\/\/zko-litomerice.cz\/wp-content\/uploads\/2023\/04\/soupiska_Bonitace_19.11.2022.pdf\">V\u00fdsledky bonitace<\/a><\/div>\n<\/div>\n\n\n\n<p><\/p>\n\n\n\n<p><strong>Dne 11.3.2023 prob\u011bhl na na\u0161em cvi\u010di\u0161ti ji\u017e 18. ro\u010dn\u00edk velmi obl\u00edben\u00e9ho Obran\u00e1\u0159sk\u00e9ho z\u00e1vodu.<\/strong><\/p>\n\n\n\n<p>&nbsp;&nbsp;Akce se z\u00fa\u010dastnilo v&nbsp;leto\u0161n\u00edm roce 36 z\u00e1vodn\u00edk\u016f z&nbsp;m\u00edstn\u00edho i jin\u00fdch klub\u016f za\u010dlen\u011bn\u00fdch v&nbsp;\u010cKS, kte\u0159\u00ed si se sv\u00fdmi ps\u00edmi par\u0165\u00e1ky zm\u011b\u0159ili sv\u00e9 s\u00edly tentokr\u00e1t ve \u010dty\u0159ech kategori\u00edch dle mezin\u00e1rodn\u00edho i n\u00e1rodn\u00edho zku\u0161ebn\u00edho \u0159\u00e1du: ZZO,ZVV1,IPG1 a IGP3.<br>&nbsp;&nbsp;Vzhledem k&nbsp;velk\u00e9mu po\u010dtu z\u00fa\u010dastn\u011bn\u00fdch byl na z\u00e1vod pozv\u00e1n je\u0161t\u011b jeden rozhod\u010d\u00ed. Funkce hlavn\u00edho rozhod\u010d\u00edho se zhostila rozhod\u010d\u00ed prvn\u00ed t\u0159\u00eddy pan\u00ed Eva Karv\u00e1nkov\u00e1. Na pomoc s&nbsp;tak velk\u00fdm po\u010dtem z\u00e1vodn\u00edk\u016f byl p\u0159izv\u00e1n i dal\u0161\u00ed rozhod\u010d\u00ed 1. t\u0159\u00eddy pan Karel Nedv\u011bd. Funkci figuranta vykon\u00e1val ji\u017e tradi\u010dn\u011b svazov\u00fd figurant pan V\u00e1clav Kuncl.<br>Sponzory akce byla firma Euroben, kter\u00e1 dodala na z\u00e1vod ceny pro prvn\u00ed t\u0159i v\u00edt\u011bze v&nbsp;ka\u017ed\u00e9 kategorii a pro ka\u017ed\u00e9ho z\u00e1vodn\u00edka dodala firma t\u00e9\u017e malou pozornost.<\/p>\n\n\n\n<p>Dal\u0161\u00edm sponzorem akce byla firma Od\u011bvy Hotov\u00fd, jej\u00ed\u017e majitel sv\u00e9 zbo\u017e\u00ed p\u0159ijel p\u0159edstavit z\u00fa\u010dastn\u011bn\u00fdm osobn\u011b a t\u00e9\u017e osobn\u011b se z\u00fa\u010dastnil p\u0159ed\u00e1n\u00ed d\u00e1rkov\u00fdch poukaz\u016f pro z\u00e1vodn\u00edky, kte\u0159\u00ed se um\u00edstili na v\u00edt\u011bzn\u00fdch postech ve v\u0161ech kategori\u00edch a\u017e do p\u00e1t\u00e9ho m\u00edsta. Na\u0161e organizace zajistila pro v\u0161echny z\u00e1vodn\u00edky diplomy a pro prvn\u00ed t\u0159i z\u00e1vodn\u00edky v&nbsp;ka\u017ed\u00e9 kategorii kr\u00e1sn\u00e9 poh\u00e1ry. Poh\u00e1rem, diplomem a cenou byl t\u00e9\u017e odm\u011bn\u011bn nejlep\u0161\u00ed obran\u00e1\u0159 z\u00e1vodu, j\u00edm\u017e se stal pan Pt\u00e1\u010dek Ladislav se psem Percym Best of the Gods.<br>Z\u00e1vod prob\u011bhl za velmi chladn\u00e9ho po\u010das\u00ed, a tak z\u00e1vodn\u00edci vyu\u017e\u00edvali z\u00e1zem\u00ed v&nbsp;teple klubovny a t\u00e9\u017e hojn\u011b vyu\u017e\u00edvali dob\u0159e z\u00e1sobenou kant\u00fdnu, kter\u00e1 je nem\u00e9n\u011b d\u016fle\u017eitou sou\u010d\u00e1st\u00ed ka\u017ed\u00e9 dob\u0159e zorganizovan\u00e9 akce.<br>&nbsp;&nbsp;Z\u00e1vod byl ukon\u010den d\u00edky velk\u00e9mu po\u010dtu z\u00e1vodn\u00edk\u016f a\u017e po 18. hodin\u011b nastoupen\u00edm v\u0161ech z\u00e1vodn\u00edk\u016f, vyhl\u00e1\u0161en\u00edm v\u00fdsledk\u016f z\u00e1vodu a rozd\u00e1n\u00edm cen.&nbsp;<\/p>\n\n\n\n<div class=\"wp-block-buttons is-layout-flex wp-block-buttons-is-layout-flex\">\n<div class=\"wp-block-button\"><a class=\"wp-block-button__link wp-element-button\" href=\"http:\/\/localhost\/wp-content\/uploads\/2023\/04\/Vysledkova_listina11.3.2023_Obran.zavod-2.docx\">V\u00fdsledky z\u00e1vodu<\/a><\/div>\n\n\n\n<div class=\"wp-block-button\"><a class=\"wp-block-button__link wp-element-button\" href=\"https:\/\/www.facebook.com\/media\/set\/?set=a.752564029803490&amp;type=3\">Fotogalerie <\/a><\/div>\n<\/div>\n\n\n\n<p><br><\/p>\n\n\n\n<figure class=\"wp-block-gallery has-nested-images columns-default is-cropped wp-block-gallery-1 is-layout-flex wp-block-gallery-is-layout-flex\">\n<figure class=\"wp-block-image\"><a href=\"http:\/\/zko-litomerice.cz\/wp-content\/uploads\/2023\/04\/zavod_2023.jpg\"><img loading=\"lazy\" decoding=\"async\" width=\"1024\" height=\"577\" data-id=\"63\" src=\"http:\/\/zko-litomerice.cz\/wp-content\/uploads\/2023\/04\/zavod_2023-1024x577.jpg\" alt=\"\" class=\"wp-image-63\" srcset=\"https:\/\/zko-litomerice.cz\/wp-content\/uploads\/2023\/04\/zavod_2023-1024x577.jpg 1024w, https:\/\/zko-litomerice.cz\/wp-content\/uploads\/2023\/04\/zavod_2023-300x169.jpg 300w, https:\/\/zko-litomerice.cz\/wp-content\/uploads\/2023\/04\/zavod_2023-768x432.jpg 768w, https:\/\/zko-litomerice.cz\/wp-content\/uploads\/2023\/04\/zavod_2023.jpg 2048w\" sizes=\"(max-width: 767px) 89vw, (max-width: 1000px) 54vw, (max-width: 1071px) 543px, 580px\" \/><\/a><\/figure>\n\n\n\n<figure class=\"wp-block-image\"><a href=\"http:\/\/zko-litomerice.cz\/wp-content\/uploads\/2023\/04\/zavod_2023-3.jpg\"><img loading=\"lazy\" decoding=\"async\" width=\"1024\" height=\"683\" data-id=\"64\" src=\"http:\/\/zko-litomerice.cz\/wp-content\/uploads\/2023\/04\/zavod_2023-3-1024x683.jpg\" alt=\"\" class=\"wp-image-64\" srcset=\"https:\/\/zko-litomerice.cz\/wp-content\/uploads\/2023\/04\/zavod_2023-3-1024x683.jpg 1024w, https:\/\/zko-litomerice.cz\/wp-content\/uploads\/2023\/04\/zavod_2023-3-300x200.jpg 300w, https:\/\/zko-litomerice.cz\/wp-content\/uploads\/2023\/04\/zavod_2023-3-768x512.jpg 768w, https:\/\/zko-litomerice.cz\/wp-content\/uploads\/2023\/04\/zavod_2023-3.jpg 2048w\" sizes=\"(max-width: 767px) 89vw, (max-width: 1000px) 54vw, (max-width: 1071px) 543px, 580px\" \/><\/a><\/figure>\n\n\n\n<figure class=\"wp-block-image\"><a href=\"http:\/\/zko-litomerice.cz\/wp-content\/uploads\/2023\/04\/zavod_2023-4.jpg\"><img loading=\"lazy\" decoding=\"async\" width=\"1024\" height=\"683\" data-id=\"65\" src=\"http:\/\/zko-litomerice.cz\/wp-content\/uploads\/2023\/04\/zavod_2023-4-1024x683.jpg\" alt=\"\" class=\"wp-image-65\" srcset=\"https:\/\/zko-litomerice.cz\/wp-content\/uploads\/2023\/04\/zavod_2023-4-1024x683.jpg 1024w, https:\/\/zko-litomerice.cz\/wp-content\/uploads\/2023\/04\/zavod_2023-4-300x200.jpg 300w, https:\/\/zko-litomerice.cz\/wp-content\/uploads\/2023\/04\/zavod_2023-4-768x512.jpg 768w, https:\/\/zko-litomerice.cz\/wp-content\/uploads\/2023\/04\/zavod_2023-4.jpg 2048w\" sizes=\"(max-width: 767px) 89vw, (max-width: 1000px) 54vw, (max-width: 1071px) 543px, 580px\" \/><\/a><\/figure>\n<\/figure>\n","protected":false},"excerpt":{"rendered":"<p>Dne 19.11.2022 prob\u011bhla prob\u011bhla na na\u0161em cvi\u010di\u0161ti bonitace NO. Bonita\u010dn\u00ed komisi tvo\u0159ili: hlavn\u00ed rozhod\u010d\u00ed Franti\u0161ek Matou\u0161, krajsk\u00fd poradce chovu pan Josef Pr\u00e1\u0161il a figurant pan V\u00e1clav Kuncl.Bonitace se z\u00fa\u010dastnilo 16 ps\u016f i fen plemene n\u011bmeck\u00fd ov\u010d\u00e1k, jeden pes nebyl p\u0159ipu\u0161t\u011bn k bonitaci z d\u016fvodu neprok\u00e1zan\u00e9 plnochruposti psa, zbyl\u00fdch 15&nbsp; splnilo podm\u00ednky pro za\u0159azen\u00ed do v\u00fdb\u011brov\u00e9ho &hellip; <\/p>\n<p class=\"link-more\"><a href=\"https:\/\/zko-litomerice.cz\/index.php\/aktuality\/\" class=\"more-link\">Pokra\u010dovat ve \u010dten\u00ed<span class=\"screen-reader-text\"> &#8222;Bonitace2022\/Obran\u00e1\u0159sk\u00fd z\u00e1vod 2023&#8220;<\/span><\/a><\/p>\n","protected":false},"author":1,"featured_media":0,"parent":0,"menu_order":0,"comment_status":"closed","ping_status":"closed","template":"","meta":{"footnotes":""},"class_list":["post-60","page","type-page","status-publish","hentry"],"_links":{"self":[{"href":"https:\/\/zko-litomerice.cz\/index.php\/wp-json\/wp\/v2\/pages\/60"}],"collection":[{"href":"https:\/\/zko-litomerice.cz\/index.php\/wp-json\/wp\/v2\/pages"}],"about":[{"href":"https:\/\/zko-litomerice.cz\/index.php\/wp-json\/wp\/v2\/types\/page"}],"author":[{"embeddable":true,"href":"https:\/\/zko-litomerice.cz\/index.php\/wp-json\/wp\/v2\/users\/1"}],"replies":[{"embeddable":true,"href":"https:\/\/zko-litomerice.cz\/index.php\/wp-json\/wp\/v2\/comments?post=60"}],"version-history":[{"count":8,"href":"https:\/\/zko-litomerice.cz\/index.php\/wp-json\/wp\/v2\/pages\/60\/revisions"}],"predecessor-version":[{"id":8618,"href":"https:\/\/zko-litomerice.cz\/index.php\/wp-json\/wp\/v2\/pages\/60\/revisions\/8618"}],"wp:attachment":[{"href":"https:\/\/zko-litomerice.cz\/index.php\/wp-json\/wp\/v2\/media?parent=60"}],"curies":[{"name":"wp","href":"https:\/\/api.w.org\/{rel}","templated":true}]}}