{"id":47,"date":"2023-04-18T11:41:21","date_gmt":"2023-04-18T09:41:21","guid":{"rendered":"http:\/\/zko-litomerice.cz\/?page_id=47"},"modified":"2025-02-08T19:16:29","modified_gmt":"2025-02-08T18:16:29","slug":"podminky-clenstvi","status":"publish","type":"page","link":"https:\/\/zko-litomerice.cz\/index.php\/podminky-clenstvi\/","title":{"rendered":"Podm\u00ednky \u010dlenstv\u00ed"},"content":{"rendered":"\n<p>Organizace je dobrovoln\u00fdm, sportovn\u00edm, z\u00e1jmov\u00fdm ob\u010dansk\u00fdm sdru\u017een\u00edm, za\u010dlen\u011bn\u00fdm pod \u010cesk\u00fd kynologick\u00fd svaz. \u010cinnost organizace je \u0159\u00edzena stanovami \u010cesk\u00e9ho kynologick\u00e9ho svazu. Tyto stanovy jsou dopln\u011bny vnit\u0159n\u00edmi stanovami klubu, schv\u00e1len\u00fdmi nejvy\u0161\u0161\u00edm org\u00e1nem ZKO-\u010dlenskou ch\u016fz\u00ed, kter\u00e9 v souladu se stanovami \u010cKS dopl\u0148uj\u00ed konkr\u00e9tn\u00ed povinnosti a pr\u00e1va \u010dlen\u016f klubu, podm\u00ednky \u010dlenstv\u00ed apod.&nbsp;&nbsp; \u010clenem klubu se tak m\u016f\u017ee st\u00e1t ka\u017ed\u00fd, kdo m\u00e1 z\u00e1jem nav\u0161t\u011bvovat na\u0161e cvi\u010di\u0161t\u011b a spln\u00ed podm\u00ednky p\u0159ijet\u00ed do ZKO. O p\u0159ijet\u00ed ka\u017ed\u00e9ho nov\u00e9ho \u010dlena do klubu rozhoduje v\u00fdbor ZKO dle platn\u00fdch stanov \u010cKS.&nbsp;&nbsp; Z\u00e1kladn\u00ed podm\u00ednkou p\u0159ijet\u00ed nov\u00e9ho \u010dlena je zaplacen\u00ed \u010dlensk\u00e9ho p\u0159\u00edsp\u011bvku, kter\u00fd je rozd\u00edln\u00fd pro nov\u011b p\u0159\u00edchoz\u00ed a st\u00e1vaj\u00edc\u00ed \u010dleny. Pro \u010dleny st\u00e1vaj\u00edc\u00ed je \u010dlensk\u00fd p\u0159\u00edsp\u011bvek ve v\u00fd\u0161i 1500,- K\u010d za&nbsp; ka\u017ed\u00fd kalend\u00e1\u0159n\u00ed rok. Pro nov\u00e9 z\u00e1jemce o vstup do klubu je z\u00e1kladn\u00ed p\u0159\u00edsp\u011bvek na rok nav\u00fd\u0161en o tzv. vstupn\u00ed poplatek ve v\u00fd\u0161i 1500,- K\u010d. Vstupn\u00ed poplatek byl schv\u00e1len mimo\u0159\u00e1dnou \u010dlenskou sch\u016fz\u00ed v roce 2002 z d\u016fvodu z\u00edsk\u00e1n\u00ed finan\u010dn\u00edch prost\u0159edk\u016f po ni\u010div\u00fdch povodn\u00edch, kter\u00e9 na\u0161i organizaci fat\u00e1ln\u011b zas\u00e1hly. V\u0161ichni st\u00e1vaj\u00edc\u00ed \u010dlenov\u00e9 tak doplatili ke sv\u00e9mu b\u011b\u017en\u00e9mu ro\u010dn\u00edmu p\u0159\u00edsp\u011bvku na rok 2002 v\u00fd\u0161e uvedenou \u010d\u00e1stku nav\u00edc. Tento poplatek do klubu tud\u00ed\u017e vkl\u00e1daj\u00ed i nov\u011b p\u0159\u00edchoz\u00ed \u010dlenov\u00e9 a z\u016fstane&nbsp; ponech\u00e1n i v letech n\u00e1sleduj\u00edc\u00edch, aby se tak i nov\u011b p\u0159\u00edchoz\u00ed pod\u00edleli stejnou m\u011brou na platb\u00e1ch klubu jako \u010dlenov\u00e9 st\u00e1vaj\u00edc\u00ed. Tento vstupn\u00ed poplatek byl nav\u00fd\u0161en na 1500,- K\u010d volebn\u00ed \u010dlenskou sch\u016fz\u00ed dne 12.1.2019. <\/p>\n\n\n\n<div class=\"wp-block-button\"><a class=\"wp-block-button__link wp-element-button\" href=\"https:\/\/zko-litomerice.cz\/wp-content\/uploads\/2023\/04\/informace_pro_cleny_zpracovani_os_udaju.docx\">Informace pro \u010dleny \u010cKS o zpracov\u00e1n\u00ed osobn\u00edch \u00fadaj\u016f<\/a><\/div>\n","protected":false},"excerpt":{"rendered":"<p>Organizace je dobrovoln\u00fdm, sportovn\u00edm, z\u00e1jmov\u00fdm ob\u010dansk\u00fdm sdru\u017een\u00edm, za\u010dlen\u011bn\u00fdm pod \u010cesk\u00fd kynologick\u00fd svaz. \u010cinnost organizace je \u0159\u00edzena stanovami \u010cesk\u00e9ho kynologick\u00e9ho svazu. Tyto stanovy jsou dopln\u011bny vnit\u0159n\u00edmi stanovami klubu, schv\u00e1len\u00fdmi nejvy\u0161\u0161\u00edm org\u00e1nem ZKO-\u010dlenskou ch\u016fz\u00ed, kter\u00e9 v souladu se stanovami \u010cKS dopl\u0148uj\u00ed konkr\u00e9tn\u00ed povinnosti a pr\u00e1va \u010dlen\u016f klubu, podm\u00ednky \u010dlenstv\u00ed apod.&nbsp;&nbsp; \u010clenem klubu se tak m\u016f\u017ee st\u00e1t ka\u017ed\u00fd, &hellip; <\/p>\n<p class=\"link-more\"><a href=\"https:\/\/zko-litomerice.cz\/index.php\/podminky-clenstvi\/\" class=\"more-link\">Pokra\u010dovat ve \u010dten\u00ed<span class=\"screen-reader-text\"> &#8222;Podm\u00ednky \u010dlenstv\u00ed&#8220;<\/span><\/a><\/p>\n","protected":false},"author":1,"featured_media":0,"parent":0,"menu_order":0,"comment_status":"closed","ping_status":"closed","template":"","meta":{"footnotes":""},"class_list":["post-47","page","type-page","status-publish","hentry"],"_links":{"self":[{"href":"https:\/\/zko-litomerice.cz\/index.php\/wp-json\/wp\/v2\/pages\/47"}],"collection":[{"href":"https:\/\/zko-litomerice.cz\/index.php\/wp-json\/wp\/v2\/pages"}],"about":[{"href":"https:\/\/zko-litomerice.cz\/index.php\/wp-json\/wp\/v2\/types\/page"}],"author":[{"embeddable":true,"href":"https:\/\/zko-litomerice.cz\/index.php\/wp-json\/wp\/v2\/users\/1"}],"replies":[{"embeddable":true,"href":"https:\/\/zko-litomerice.cz\/index.php\/wp-json\/wp\/v2\/comments?post=47"}],"version-history":[{"count":3,"href":"https:\/\/zko-litomerice.cz\/index.php\/wp-json\/wp\/v2\/pages\/47\/revisions"}],"predecessor-version":[{"id":8756,"href":"https:\/\/zko-litomerice.cz\/index.php\/wp-json\/wp\/v2\/pages\/47\/revisions\/8756"}],"wp:attachment":[{"href":"https:\/\/zko-litomerice.cz\/index.php\/wp-json\/wp\/v2\/media?parent=47"}],"curies":[{"name":"wp","href":"https:\/\/api.w.org\/{rel}","templated":true}]}}