{"id":39,"date":"2023-04-18T11:30:29","date_gmt":"2023-04-18T09:30:29","guid":{"rendered":"http:\/\/zko-litomerice.cz\/?page_id=39"},"modified":"2025-02-08T19:15:24","modified_gmt":"2025-02-08T18:15:24","slug":"vycvik","status":"publish","type":"page","link":"https:\/\/zko-litomerice.cz\/index.php\/vycvik\/","title":{"rendered":"V\u00fdcvik"},"content":{"rendered":"\n<p><strong>V\u00fdcvik v na\u0161\u00ed organizaci vedou zku\u0161en\u00ed v\u00fdcvik\u00e1\u0159i s mnohaletou prax\u00ed<\/strong>&nbsp;, kte\u0159\u00ed se pravideln\u011b v ur\u010den\u00e9 v\u00fdcvikov\u00e9 dny v\u011bnuj\u00ed p\u0159ihl\u00e1\u0161en\u00fdm \u010dlen\u016fm.&nbsp;&nbsp;&nbsp;&nbsp; P\u0159ihl\u00e1\u0161en\u00ed \u010dlenov\u00e9&nbsp; jsou rozd\u011bleni do dvou v\u00fdcvikov\u00fdch skupin (za\u010d\u00e1te\u010dn\u00edci a pokro\u010dil\u00ed).<\/p>\n\n\n\n<p>Do prvn\u00ed skupiny jsou za\u0159azeni majitel\u00e9 ps\u016f, kte\u0159\u00ed s v\u00fdcvikem teprve za\u010d\u00ednaj\u00ed a nemaj\u00ed s v\u00fdchovou a v\u00fdcvikem sv\u00e9ho pejska v\u016fbec \u017e\u00e1dn\u00e9 zku\u0161enosti. Tato skupina cvi\u010d\u00ed&nbsp; pod veden\u00edm v\u00fdcvik\u00e1\u0159e spole\u010dn\u011b v t\u00fdmu. Takto se pejskov\u00e9 socializuj\u00ed a majitel\u00e9 se zde u\u010d\u00ed \u00fapln\u00fdm z\u00e1klad\u016fm v\u00fdchovy psa a pozd\u011bji t\u00e9\u017e metod\u00e1m z\u00e1kladn\u00edho v\u00fdcviku.&nbsp;&nbsp;&nbsp;&nbsp;<\/p>\n\n\n\n<p>Do druh\u00e9 skupiny jsou za\u0159azeni ji\u017e pokro\u010dil\u00ed psovodi, kte\u0159\u00ed se pod veden\u00edm hlavn\u00edho v\u00fdcvik\u00e1\u0159e p\u0159ipravuj\u00ed na zkou\u0161ky z v\u00fdkonu dle jednotliv\u00fdch zku\u0161ebn\u00edch \u0159\u00e1d\u016f&nbsp; (NZ\u0158 a MZ\u0158-IGP)&nbsp; nebo&nbsp; zdokonaluj\u00ed vycvi\u010denost sv\u00e9ho psa za \u00fa\u010delem reprezentace na\u0161\u00ed organizace na r\u016fzn\u00fdch v\u00fdcvikov\u00fdch akc\u00edch (z\u00e1vody, v\u00fdb\u011brov\u00e9 sout\u011b\u017ee). V\u00fdcvik v t\u00e9to skupin\u011b prob\u00edh\u00e1 ji\u017e zcela individu\u00e1ln\u011b.&nbsp;&nbsp;&nbsp;&nbsp;<\/p>\n\n\n\n<p>Z prvn\u00ed skupiny jsou psovodi dle z\u00e1jmu o slo\u017een\u00ed zkou\u0161ky z v\u00fdkonu a dle vycvi\u010denosti ps\u016f&nbsp; p\u0159e\u0159azov\u00e1ni do skupiny druh\u00e9.&nbsp;&nbsp;&nbsp;&nbsp;<\/p>\n\n\n\n<p>Obrana prob\u00edh\u00e1 se skupinou za\u010d\u00e1te\u010dn\u00edk\u016f&nbsp; op\u011bt hromadn\u011b v tzv. \u201ekruhovce\u201c, kde se pejskov\u00e9 u\u010d\u00ed z\u00e1klad\u016fm rozv\u00edjen\u00ed ko\u0159istnick\u00e9ho pudu a pozd\u011bji n\u00e1cviku uloven\u00ed ko\u0159isti. Za tuto ko\u0159ist&nbsp; jsou pova\u017eov\u00e1ny v\u00fdcvikov\u00e9 pom\u016fcky (pe\u0161ek, ruk\u00e1v). Obrana ve skupin\u011b pokro\u010dil\u00fdch ji\u017e prob\u00edh\u00e1 op\u011bt individu\u00e1ln\u011b s ka\u017ed\u00fdm psovodem a jeho psem&nbsp; samostatn\u011b. P\u0159ipom\u00edn\u00e1me, \u017ee se jedn\u00e1 o kynologii sportovn\u00ed a tud\u00ed\u017e&nbsp; db\u00e1me na to, aby ko\u0159ist\u00ed pro psa nebyl nikdy \u010dlov\u011bk, n\u00fdbr\u017e jen v\u00fd\u0161e uveden\u00e9&nbsp; v\u00fdcvikov\u00e9 pom\u016fcky. T\u00edmto v\u00fdcvikem jen rozv\u00edj\u00edme&nbsp; p\u0159irozen\u00e9 vlastnosti psa za \u00fa\u010delem z\u00e1bavy a sportu, nikoli za \u00fa\u010delem sm\u011b\u0159ov\u00e1n\u00ed agrese psa proti \u010dlov\u011bku.<\/p>\n\n\n\n<div class=\"wp-block-columns has-2-columns is-layout-flex wp-container-core-columns-is-layout-1 wp-block-columns-is-layout-flex\">\n<div class=\"wp-block-column is-layout-flow wp-block-column-is-layout-flow\">\n<p><strong><mark style=\"background-color:rgba(0, 0, 0, 0)\" class=\"has-inline-color has-vivid-red-color\">Letn\u00ed obdob\u00ed:<\/mark><\/strong><\/p>\n\n\n\n<ul class=\"wp-block-list\">\n<li>\u00dater\u00fd &#8211; 17:00<\/li>\n\n\n\n<li>P\u00e1tek &#8211; 17:00<\/li>\n\n\n\n<li>Ned\u011ble &#8211; 09:00<\/li>\n<\/ul>\n<\/div>\n\n\n\n<div class=\"wp-block-column is-layout-flow wp-block-column-is-layout-flow\">\n<p><strong><mark style=\"background-color:rgba(0, 0, 0, 0)\" class=\"has-inline-color has-vivid-red-color\">Zimn\u00ed obdob\u00ed:<\/mark><\/strong><\/p>\n\n\n\n<ul class=\"wp-block-list\">\n<li>Sobota &#8211; 14:00<\/li>\n\n\n\n<li>Ned\u011ble &#8211; 09:00<\/li>\n<\/ul>\n<\/div>\n<\/div>\n\n\n\n<div class=\"wp-block-button is-style-default alignleft\"><a class=\"wp-block-button__link wp-element-button\" href=\"https:\/\/zko-litomerice.cz\/index.php\/podminky-clenstvi\/\"><em>Podm\u00ednky \u010dlenstv\u00ed<\/em><\/a><\/div>\n\n\n\n<div class=\"wp-block-button is-style-default alignleft\"><a class=\"wp-block-button__link wp-element-button\" href=\"https:\/\/zko-litomerice.cz\/index.php\/vnitrni-organizacni-rad-zko-litomerice\/\"><em>Organiza\u010dn\u00ed \u0159\u00e1d<\/em><\/a><\/div>\n\n\n\n<div class=\"wp-block-button is-style-default alignleft\"><a class=\"wp-block-button__link wp-element-button\" href=\"https:\/\/zko-litomerice.cz\/wp-content\/uploads\/2023\/04\/prihlaska_zko_clen-3.doc\">P\u0159ihl\u00e1\u0161ka za \u010dlena<\/a><\/div>\n","protected":false},"excerpt":{"rendered":"<p>V\u00fdcvik v na\u0161\u00ed organizaci vedou zku\u0161en\u00ed v\u00fdcvik\u00e1\u0159i s mnohaletou prax\u00ed&nbsp;, kte\u0159\u00ed se pravideln\u011b v ur\u010den\u00e9 v\u00fdcvikov\u00e9 dny v\u011bnuj\u00ed p\u0159ihl\u00e1\u0161en\u00fdm \u010dlen\u016fm.&nbsp;&nbsp;&nbsp;&nbsp; P\u0159ihl\u00e1\u0161en\u00ed \u010dlenov\u00e9&nbsp; jsou rozd\u011bleni do dvou v\u00fdcvikov\u00fdch skupin (za\u010d\u00e1te\u010dn\u00edci a pokro\u010dil\u00ed). Do prvn\u00ed skupiny jsou za\u0159azeni majitel\u00e9 ps\u016f, kte\u0159\u00ed s v\u00fdcvikem teprve za\u010d\u00ednaj\u00ed a nemaj\u00ed s v\u00fdchovou a v\u00fdcvikem sv\u00e9ho pejska v\u016fbec \u017e\u00e1dn\u00e9 zku\u0161enosti. Tato &hellip; <\/p>\n<p class=\"link-more\"><a href=\"https:\/\/zko-litomerice.cz\/index.php\/vycvik\/\" class=\"more-link\">Pokra\u010dovat ve \u010dten\u00ed<span class=\"screen-reader-text\"> &#8222;V\u00fdcvik&#8220;<\/span><\/a><\/p>\n","protected":false},"author":1,"featured_media":0,"parent":0,"menu_order":0,"comment_status":"closed","ping_status":"closed","template":"","meta":{"footnotes":""},"class_list":["post-39","page","type-page","status-publish","hentry"],"_links":{"self":[{"href":"https:\/\/zko-litomerice.cz\/index.php\/wp-json\/wp\/v2\/pages\/39"}],"collection":[{"href":"https:\/\/zko-litomerice.cz\/index.php\/wp-json\/wp\/v2\/pages"}],"about":[{"href":"https:\/\/zko-litomerice.cz\/index.php\/wp-json\/wp\/v2\/types\/page"}],"author":[{"embeddable":true,"href":"https:\/\/zko-litomerice.cz\/index.php\/wp-json\/wp\/v2\/users\/1"}],"replies":[{"embeddable":true,"href":"https:\/\/zko-litomerice.cz\/index.php\/wp-json\/wp\/v2\/comments?post=39"}],"version-history":[{"count":8,"href":"https:\/\/zko-litomerice.cz\/index.php\/wp-json\/wp\/v2\/pages\/39\/revisions"}],"predecessor-version":[{"id":8757,"href":"https:\/\/zko-litomerice.cz\/index.php\/wp-json\/wp\/v2\/pages\/39\/revisions\/8757"}],"wp:attachment":[{"href":"https:\/\/zko-litomerice.cz\/index.php\/wp-json\/wp\/v2\/media?parent=39"}],"curies":[{"name":"wp","href":"https:\/\/api.w.org\/{rel}","templated":true}]}}