{"id":17,"date":"2023-04-18T11:12:07","date_gmt":"2023-04-18T09:12:07","guid":{"rendered":"http:\/\/zko-litomerice.cz\/?page_id=17"},"modified":"2025-04-27T09:49:11","modified_gmt":"2025-04-27T07:49:11","slug":"zakladni-kynologicka-organizace","status":"publish","type":"page","link":"https:\/\/zko-litomerice.cz\/","title":{"rendered":"Z\u00c1KLADN\u00cd KYNOLOGICK\u00c1 ORGANIZACE"},"content":{"rendered":"\n<p>je otev\u0159ena \u0161irok\u00e9 ve\u0159ejnosti a zab\u00fdv\u00e1 se v\u00fdcvikem p\u0159edev\u0161\u00edm sportovn\u00ed kynologie, ale t\u00e9\u017e z\u00e1kladn\u00ed v\u00fdchovou ps\u016f, co\u017e znamen\u00e1 spr\u00e1vn\u011b psa socializovat a nau\u010dit dobr\u00e9 ovladatelnosti, &nbsp; aby se stal bezprobl\u00e9mov\u00fdm v jak\u00e9koliv situaci.<\/p>\n\n\n\n<p>Z\u00e1kladn\u00ed v\u00fdchovu sv\u00e9ho pejska by jist\u011b nem\u011bl zanedbat&nbsp; ani podcenit \u017e\u00e1dn\u00fd majitel.&nbsp;&nbsp;&nbsp;&nbsp;&nbsp;<\/p>\n\n\n\n<p>Jedn\u00e1 se o organizaci p\u0159\u00edsp\u011bvkovou, jej\u00edm\u017e \u010dlenem se m\u016f\u017ee st\u00e1t ka\u017ed\u00fd ob\u010dan, kter\u00fd plat\u00ed ve stanoven\u00e9 lh\u016ft\u011b \u0159\u00e1dn\u011b \u010dlensk\u00e9 p\u0159\u00edsp\u011bvky.&nbsp;&nbsp;&nbsp;&nbsp;&nbsp;<\/p>\n\n\n\n<p>Na\u0161e ZKO je vlastn\u00edkem kr\u00e1sn\u00e9ho, prostorn\u00e9ho cvi\u010di\u0161t\u011b\u00a0 s velmi p\u011bkn\u00fdm technick\u00fdm vybaven\u00edm (klubovna, kant\u00fdna, WC, sprchy s teplou vodou) a d\u00edky tomuto z\u00e1zem\u00ed je organizace ka\u017edoro\u010dn\u011b po\u0159adatelem mnoha v\u00fdcvikov\u00fdch akc\u00ed.<\/p>\n\n\n\n<p>Na\u0161e ZKO v\u0161ak nen\u00ed jen organiz\u00e1torem akc\u00ed v\u00fdcvikov\u00fdch, ale t\u00e9\u017e chovatelsk\u00fdch. Pravideln\u011b &nbsp;&nbsp;se na cvi\u010di\u0161ti uskute\u010d\u0148uj\u00ed speci\u00e1ln\u00ed v\u00fdstavy a bonitace n\u011bmeck\u00fdch ov\u010d\u00e1k\u016f.<\/p>\n\n\n\n<div class=\"wp-block-columns has-2-columns is-layout-flex wp-container-core-columns-is-layout-2 wp-block-columns-is-layout-flex\">\n<div class=\"wp-block-column is-layout-flow wp-block-column-is-layout-flow\">\n<div class=\"wp-block-columns has-2-columns is-layout-flex wp-container-core-columns-is-layout-1 wp-block-columns-is-layout-flex\">\n<div class=\"wp-block-column is-layout-flow wp-block-column-is-layout-flow\">\n<figure class=\"wp-block-gallery has-nested-images columns-default is-cropped wp-block-gallery-1 is-layout-flex wp-block-gallery-is-layout-flex\">\n<figure class=\"wp-block-image\"><img loading=\"lazy\" decoding=\"async\" width=\"180\" height=\"200\" src=\"https:\/\/zko-litomerice.cz\/wp-content\/uploads\/2023\/04\/hd_banner-1.gif\" alt=\"\" class=\"wp-image-35\"\/><\/figure>\n<\/figure>\n<\/div>\n\n\n\n<div class=\"wp-block-column is-layout-flow wp-block-column-is-layout-flow\">\n<figure class=\"wp-block-image\"><img loading=\"lazy\" decoding=\"async\" width=\"502\" height=\"750\" src=\"http:\/\/zko-litomerice.cz\/wp-content\/uploads\/2023\/04\/bady03.jpg\" alt=\"\" class=\"wp-image-34\" srcset=\"https:\/\/zko-litomerice.cz\/wp-content\/uploads\/2023\/04\/bady03.jpg 502w, https:\/\/zko-litomerice.cz\/wp-content\/uploads\/2023\/04\/bady03-201x300.jpg 201w\" sizes=\"(max-width: 502px) 100vw, 502px\" \/><\/figure>\n<\/div>\n<\/div>\n<\/div>\n\n\n\n<div class=\"wp-block-column is-layout-flow wp-block-column-is-layout-flow\">\n<figure class=\"wp-block-image is-resized\"><img loading=\"lazy\" decoding=\"async\" width=\"500\" height=\"347\" src=\"http:\/\/zko-litomerice.cz\/wp-content\/uploads\/2023\/04\/Ares_trenink_bonitace_a-1.jpg\" alt=\"\" class=\"wp-image-36\" style=\"width:197px;height:136px\" srcset=\"https:\/\/zko-litomerice.cz\/wp-content\/uploads\/2023\/04\/Ares_trenink_bonitace_a-1.jpg 500w, https:\/\/zko-litomerice.cz\/wp-content\/uploads\/2023\/04\/Ares_trenink_bonitace_a-1-300x208.jpg 300w\" sizes=\"(max-width: 500px) 100vw, 500px\" \/><\/figure>\n<\/div>\n<\/div>\n\n\n\n<div class=\"wp-block-columns has-2-columns is-layout-flex wp-container-core-columns-is-layout-3 wp-block-columns-is-layout-flex\"><\/div>\n","protected":false},"excerpt":{"rendered":"<p>je otev\u0159ena \u0161irok\u00e9 ve\u0159ejnosti a zab\u00fdv\u00e1 se v\u00fdcvikem p\u0159edev\u0161\u00edm sportovn\u00ed kynologie, ale t\u00e9\u017e z\u00e1kladn\u00ed v\u00fdchovou ps\u016f, co\u017e znamen\u00e1 spr\u00e1vn\u011b psa socializovat a nau\u010dit dobr\u00e9 ovladatelnosti, &nbsp; aby se stal bezprobl\u00e9mov\u00fdm v jak\u00e9koliv situaci. Z\u00e1kladn\u00ed v\u00fdchovu sv\u00e9ho pejska by jist\u011b nem\u011bl zanedbat&nbsp; ani podcenit \u017e\u00e1dn\u00fd majitel.&nbsp;&nbsp;&nbsp;&nbsp;&nbsp; Jedn\u00e1 se o organizaci p\u0159\u00edsp\u011bvkovou, jej\u00edm\u017e \u010dlenem se m\u016f\u017ee st\u00e1t &hellip; <\/p>\n<p class=\"link-more\"><a href=\"https:\/\/zko-litomerice.cz\/\" class=\"more-link\">Pokra\u010dovat ve \u010dten\u00ed<span class=\"screen-reader-text\"> &#8222;Z\u00c1KLADN\u00cd KYNOLOGICK\u00c1 ORGANIZACE&#8220;<\/span><\/a><\/p>\n","protected":false},"author":1,"featured_media":0,"parent":0,"menu_order":0,"comment_status":"closed","ping_status":"closed","template":"","meta":{"footnotes":""},"class_list":["post-17","page","type-page","status-publish","hentry"],"_links":{"self":[{"href":"https:\/\/zko-litomerice.cz\/index.php\/wp-json\/wp\/v2\/pages\/17"}],"collection":[{"href":"https:\/\/zko-litomerice.cz\/index.php\/wp-json\/wp\/v2\/pages"}],"about":[{"href":"https:\/\/zko-litomerice.cz\/index.php\/wp-json\/wp\/v2\/types\/page"}],"author":[{"embeddable":true,"href":"https:\/\/zko-litomerice.cz\/index.php\/wp-json\/wp\/v2\/users\/1"}],"replies":[{"embeddable":true,"href":"https:\/\/zko-litomerice.cz\/index.php\/wp-json\/wp\/v2\/comments?post=17"}],"version-history":[{"count":4,"href":"https:\/\/zko-litomerice.cz\/index.php\/wp-json\/wp\/v2\/pages\/17\/revisions"}],"predecessor-version":[{"id":8771,"href":"https:\/\/zko-litomerice.cz\/index.php\/wp-json\/wp\/v2\/pages\/17\/revisions\/8771"}],"wp:attachment":[{"href":"https:\/\/zko-litomerice.cz\/index.php\/wp-json\/wp\/v2\/media?parent=17"}],"curies":[{"name":"wp","href":"https:\/\/api.w.org\/{rel}","templated":true}]}}